{"id":12881,"date":"2025-07-07T12:05:38","date_gmt":"2025-07-07T05:05:38","guid":{"rendered":"https:\/\/bynature.vn\/product\/hop-qua-tang-golden-vietnam\/"},"modified":"2025-07-07T12:05:38","modified_gmt":"2025-07-07T05:05:38","slug":"hop-qua-tang-golden-vietnam","status":"publish","type":"product","link":"https:\/\/bynature.vn\/vi\/product\/hop-qua-tang-golden-vietnam\/","title":{"rendered":"H\u1ed9p qu\u00e0 t\u1eb7ng Golden Vietnam"},"content":{"rendered":"<hr data-sourcepos=\"1:1-1:3\">\n<p data-sourcepos=\"2:1-2:56\">H\u1ed9p Qu\u00e0 Golden Vietnam: H\u01b0\u01a1ng V\u1ecb Kho B\u00e1u Vi\u1ec7t<\/p>\n<p data-sourcepos=\"4:1-5:3\">Chia s\u1ebb v\u1ebb \u1ea5m \u00e1p r\u1ef1c r\u1ee1 c\u1ee7a Vi\u1ec7t Nam! H\u1ed9p qu\u00e0 Golden Vietnam l\u00e0 b\u1ed9 s\u01b0u t\u1eadp s\u1ed1ng \u0111\u1ed9ng, ch\u1ee9a \u0111\u1ea7y nh\u1eefng s\u1ea3n ph\u1ea9m \u0111\u1eb7c tr\u01b0ng, tinh t\u00fay \u0111\u1ecba ph\u01b0\u01a1ng. M\u1ed7i m\u00f3n qu\u00e0 \u0111\u01b0\u1ee3c ch\u1ecdn l\u1ef1a t\u1ec9 m\u1ec9, k\u1ec3 c\u00e2u chuy\u1ec7n v\u1ec1 ngh\u1ec7 thu\u1eadt th\u1ee7 c\u00f4ng v\u00e0 h\u01b0\u01a1ng th\u01a1m \u0111\u1eadm ch\u1ea5t Vi\u1ec7t. \u0110\u00e2y l\u00e0 m\u00f3n qu\u00e0 ho\u00e0n h\u1ea3o \u0111\u1ec3 t\u1eb7ng ng\u01b0\u1eddi th\u00e2n y\u00eau ho\u1eb7c t\u1ef1 th\u01b0\u1edfng cho b\u1ea3n th\u00e2n, m\u1edf ra tr\u1ea3i nghi\u1ec7m v\u1ec1 v\u0103n h\u00f3a v\u00e0 h\u01b0\u01a1ng v\u1ecb phong ph\u00fa c\u1ee7a Vi\u1ec7t Nam.   <\/p>\n","protected":false},"excerpt":{"rendered":"<p>Chia s\u1ebb v\u1ebb \u1ea5m \u00e1p r\u1ef1c r\u1ee1 c\u1ee7a Vi\u1ec7t Nam! \ud83d\udc9b H\u1ed9p Qu\u00e0 Golden Vietnam \u0111\u1ea7y \u1eafp nh\u1eefng tinh hoa \u0111\u1ecba ph\u01b0\u01a1ng. M\u1ed7i m\u00f3n qu\u00e0 k\u1ec3 c\u00e2u chuy\u1ec7n v\u1ec1 ngh\u1ec7 thu\u1eadt v\u00e0 h\u01b0\u01a1ng v\u1ecb Vi\u1ec7t. Ho\u00e0n h\u1ea3o \u0111\u1ec3 t\u1eb7ng ng\u01b0\u1eddi th\u00e2n ho\u1eb7c t\u1ef1 th\u01b0\u1edfng cho ch\u00ednh m\u00ecnh!   <\/p>\n","protected":false},"featured_media":11732,"template":"","meta":[],"pwb-brand":[],"product_cat":[410,244,242],"product_tag":[],"class_list":{"0":"post-12881","1":"product","2":"type-product","3":"status-publish","4":"has-post-thumbnail","6":"product_cat-1-000-000d","7":"product_cat-hop-qua","8":"product_cat-qua-tang-hoa","10":"first","11":"instock","12":"shipping-taxable","13":"purchasable","14":"product-type-simple"},"acf":[],"brands":[],"_links":{"self":[{"href":"https:\/\/bynature.vn\/vi\/wp-json\/wp\/v2\/product\/12881","targetHints":{"allow":["GET"]}}],"collection":[{"href":"https:\/\/bynature.vn\/vi\/wp-json\/wp\/v2\/product"}],"about":[{"href":"https:\/\/bynature.vn\/vi\/wp-json\/wp\/v2\/types\/product"}],"wp:featuredmedia":[{"embeddable":true,"href":"https:\/\/bynature.vn\/vi\/wp-json\/wp\/v2\/media\/11732"}],"wp:attachment":[{"href":"https:\/\/bynature.vn\/vi\/wp-json\/wp\/v2\/media?parent=12881"}],"wp:term":[{"taxonomy":"pwb-brand","embeddable":true,"href":"https:\/\/bynature.vn\/vi\/wp-json\/wp\/v2\/pwb-brand?post=12881"},{"taxonomy":"product_cat","embeddable":true,"href":"https:\/\/bynature.vn\/vi\/wp-json\/wp\/v2\/product_cat?post=12881"},{"taxonomy":"product_tag","embeddable":true,"href":"https:\/\/bynature.vn\/vi\/wp-json\/wp\/v2\/product_tag?post=12881"}],"curies":[{"name":"wp","href":"https:\/\/api.w.org\/{rel}","templated":true}]}}