{"id":12879,"date":"2025-07-07T17:48:08","date_gmt":"2025-07-07T10:48:08","guid":{"rendered":"https:\/\/bynature.vn\/product\/hop-qua-tra-viet\/"},"modified":"2025-07-07T17:48:08","modified_gmt":"2025-07-07T10:48:08","slug":"hop-qua-tra-viet","status":"publish","type":"product","link":"https:\/\/bynature.vn\/vi\/product\/hop-qua-tra-viet\/","title":{"rendered":"H\u1ed9p Qu\u00e0 Tr\u00e0 Vi\u1ec7t"},"content":{"rendered":"<p data-sourcepos=\"2:1-2:62\">H\u1ed9p Qu\u00e0 Tr\u00e0 Vi\u1ec7t: Kho\u1ea3nh kh\u1eafc Th\u01b0 Gi\u00e3n \u0110\u1eadm Ch\u1ea5t \u0110\u1ecba Ph\u01b0\u01a1ng<\/p>\n<p data-sourcepos=\"4:1-4:269\">Th\u01b0\u1edfng th\u1ee9c kho\u1ea3nh kh\u1eafc an y\u00ean c\u00f9ng H\u1ed9p qu\u00e0 Tr\u00e0 Vi\u1ec7t, \u0111\u01b0\u1ee3c tuy\u1ec3n ch\u1ecdn tinh t\u1ebf \u0111\u1ec3 mang \u0111\u1ebfn tr\u1ea3i nghi\u1ec7m th\u01b0\u1edfng tr\u00e0 tr\u1ecdn v\u1eb9n. M\u1ed7i s\u1ea3n ph\u1ea9m trong chi\u1ebfc h\u1ed9p xinh x\u1eafn n\u00e0y \u0111\u1ec1u \u0111\u01b0\u1ee3c s\u1ea3n xu\u1ea5t t\u1ea1i Vi\u1ec7t Nam, th\u1ec3 hi\u1ec7n h\u01b0\u01a1ng v\u1ecb truy\u1ec1n th\u1ed1ng v\u00e0 tay ngh\u1ec1 kh\u00e9o l\u00e9o c\u1ee7a c\u00e1c ngh\u1ec7 nh\u00e2n \u0111\u1ecba ph\u01b0\u01a1ng. <\/p>\n<p data-sourcepos=\"6:1-7:3\">B\u00ean trong h\u1ed9p qu\u00e0 l\u00e0 tr\u00e0 atiso cao c\u1ea5p v\u1edbi h\u01b0\u01a1ng v\u1ecb thanh nh\u1eb9 v\u00e0 c\u00f4ng d\u1ee5ng th\u01b0 gi\u00e3n. M\u1ed9t \u0111\u1eb7c s\u1ea3n Vi\u1ec7t Nam \u0111\u1ed9c \u0111\u00e1o, mang \u0111\u1ebfn c\u1ea3m gi\u00e1c d\u1ecbu \u00eam v\u00e0 d\u1ec5 ch\u1ecbu. H\u1ed9p qu\u00e0 kh\u00f4ng ch\u1ec9 l\u00e0 s\u1ea3n ph\u1ea9m, m\u00e0 c\u00f2n l\u00e0 l\u1eddi m\u1eddi ch\u1eadm l\u1ea1i, nh\u00e2m nhi v\u00e0 t\u1eadn h\u01b0\u1edfng tr\u1ecdn v\u1eb9n h\u01b0\u01a1ng v\u1ecb thu\u1ea7n Vi\u1ec7t. \u0110\u00e2y l\u00e0 m\u00f3n qu\u00e0 l\u00fd t\u01b0\u1edfng d\u00e0nh cho ng\u01b0\u1eddi y\u00eau tr\u00e0 ho\u1eb7c b\u1ea5t k\u1ef3 ai \u0111ang t\u00ecm ki\u1ebfm m\u1ed9t ph\u00fat gi\u00e2y b\u00ecnh y\u00ean gi\u1eefa nh\u1ecbp s\u1ed1ng b\u1eadn r\u1ed9n.   <\/p>\n","protected":false},"excerpt":{"rendered":"<p data-sourcepos=\"2:1-2:35\">Kh\u00e1m ph\u00e1 kho\u1ea3nh kh\u1eafc an y\u00ean \u0111\u1eadm ch\u1ea5t \u0111\u1ecba ph\u01b0\u01a1ng v\u1edbi H\u1ed9p qu\u00e0 Tr\u00e0 Vi\u1ec7t. M\u1ed7i th\u00e0nh ph\u1ea7n tinh t\u1ebf, trong \u0111\u00f3 c\u00f3 tr\u00e0 atiso \u0111\u1ed9c \u0111\u00e1o, \u0111\u1ec1u \u0111\u01b0\u1ee3c s\u1ea3n xu\u1ea5t t\u1ea1i Vi\u1ec7t Nam, t\u00f4n vinh h\u01b0\u01a1ng v\u1ecb thu\u1ea7n khi\u1ebft v\u00e0 tay ngh\u1ec1 th\u1ee7 c\u00f4ng b\u1ea3n \u0111\u1ecba. \u0110\u00e2y l\u00e0 m\u00f3n qu\u00e0 l\u00fd t\u01b0\u1edfng cho ng\u01b0\u1eddi y\u00eau tr\u00e0, mang \u0111\u1ebfn gi\u00e2y ph\u00fat th\u01b0 gi\u00e3n v\u00e0 h\u01b0\u01a1ng v\u1ecb Vi\u1ec7t Nam tr\u1ecdn v\u1eb9n.  <\/p>\n","protected":false},"featured_media":11736,"template":"","meta":[],"pwb-brand":[],"product_cat":[409,244,242],"product_tag":[],"class_list":{"0":"post-12879","1":"product","2":"type-product","3":"status-publish","4":"has-post-thumbnail","6":"product_cat-500-000d-1-000-000d","7":"product_cat-hop-qua","8":"product_cat-qua-tang-hoa","10":"first","11":"instock","12":"shipping-taxable","13":"purchasable","14":"product-type-simple"},"acf":[],"brands":[],"_links":{"self":[{"href":"https:\/\/bynature.vn\/vi\/wp-json\/wp\/v2\/product\/12879","targetHints":{"allow":["GET"]}}],"collection":[{"href":"https:\/\/bynature.vn\/vi\/wp-json\/wp\/v2\/product"}],"about":[{"href":"https:\/\/bynature.vn\/vi\/wp-json\/wp\/v2\/types\/product"}],"wp:featuredmedia":[{"embeddable":true,"href":"https:\/\/bynature.vn\/vi\/wp-json\/wp\/v2\/media\/11736"}],"wp:attachment":[{"href":"https:\/\/bynature.vn\/vi\/wp-json\/wp\/v2\/media?parent=12879"}],"wp:term":[{"taxonomy":"pwb-brand","embeddable":true,"href":"https:\/\/bynature.vn\/vi\/wp-json\/wp\/v2\/pwb-brand?post=12879"},{"taxonomy":"product_cat","embeddable":true,"href":"https:\/\/bynature.vn\/vi\/wp-json\/wp\/v2\/product_cat?post=12879"},{"taxonomy":"product_tag","embeddable":true,"href":"https:\/\/bynature.vn\/vi\/wp-json\/wp\/v2\/product_tag?post=12879"}],"curies":[{"name":"wp","href":"https:\/\/api.w.org\/{rel}","templated":true}]}}