{"id":12878,"date":"2025-08-26T12:54:56","date_gmt":"2025-08-26T05:54:56","guid":{"rendered":"https:\/\/bynature.vn\/product\/nuoc-rua-kinh-50ml\/"},"modified":"2025-08-26T12:54:56","modified_gmt":"2025-08-26T05:54:56","slug":"nuoc-rua-kinh-50ml","status":"publish","type":"product","link":"https:\/\/bynature.vn\/vi\/product\/nuoc-rua-kinh-50ml\/","title":{"rendered":"N\u01b0\u1edbc R\u1eeda K\u00ednh 50ml"},"content":{"rendered":"<p><b>N\u01b0\u1edbc R\u1eeda K\u00ednh<\/b><\/p>\n<p><b>T\u1ea7m nh\u00ecn trong su\u1ed1t. S\u00e1ng b\u00f3ng kh\u00f4ng v\u1ec7t. Ch\u0103m s\u00f3c d\u1ecbu nh\u1eb9.   <\/b><span style=\"font-weight: 400;\">L\u00e0m s\u1ea1ch m\u1edbi cho m\u1ecdi lo\u1ea1i k\u00ednh!<\/span><\/p>\n<p><span style=\"font-weight: 400;\">Gi\u1eef cho k\u00ednh m\u1eaft, \u1ed1ng k\u00ednh m\u00e1y \u1ea3nh v\u00e0 m\u00e0n h\u00ecnh lu\u00f4n s\u1ea1ch s\u1ebd v\u1edbi N\u01b0\u1edbc R\u1eeda K\u00ednh DR.WELL. C\u00f4ng th\u1ee9c g\u1ed3m 60% ethanol t\u1eeb m\u00eda gi\u00fap lo\u1ea1i b\u1ecf v\u1ebft m\u1edd v\u00e0 d\u1ea5u v\u00e2n tay, n\u01b0\u1edbc tinh khi\u1ebft t\u1ea1o c\u1ea3m gi\u00e1c nh\u1eb9 nh\u00e0ng, v\u00e0 cocamidopropyl betaine gi\u00fap l\u1ea5y \u0111i b\u1ee5i b\u1ea9n m\u00e0 kh\u00f4ng \u0111\u1ec3 l\u1ea1i v\u1ebft hay c\u1eb7n. An to\u00e0n cho k\u00ednh m\u1eaft, k\u00ednh r\u00e2m, \u1ed1ng k\u00ednh m\u00e1y \u1ea3nh, m\u00e0n h\u00ecnh \u0111i\u1ec7n tho\u1ea1i v\u00e0 nhi\u1ec1u b\u1ec1 m\u1eb7t kh\u00e1c. S\u1ea3n ph\u1ea9m kh\u00f4 nhanh, mang l\u1ea1i t\u1ea7m nh\u00ecn r\u00f5 r\u00e0ng m\u1ecdi l\u00fac, m\u1ecdi n\u01a1i.  <\/span><\/p>\n<p><b>V\u00ec Sao B\u1ea1n S\u1ebd Th\u00edch S\u1ea3n Ph\u1ea9m N\u00e0y:<\/b><\/p>\n<p><span style=\"font-weight: 400;\">\u2714 C\u00f4ng th\u1ee9c kh\u00f4ng v\u1ec7t \u2013 Kh\u00f4ng \u0111\u1ec3 l\u1ea1i d\u1ea5u hay c\u1eb7n.<\/span><\/p>\n<p><span style=\"font-weight: 400;\">\u2714 Kh\u00f4 nhanh \u2013 Lau s\u1ea1ch trong v\u00e0i gi\u00e2y.<\/span><\/p>\n<p><span style=\"font-weight: 400;\">\u2714 An to\u00e0n cho m\u1ecdi lo\u1ea1i k\u00ednh \u2013 K\u00ednh m\u1eaft, m\u00e0n h\u00ecnh, \u1ed1ng k\u00ednh.<\/span><\/p>\n<p><span style=\"font-weight: 400;\">\u2714 Nh\u1ecf g\u1ecdn &amp; ti\u1ec7n mang theo \u2013 Lu\u00f4n s\u1eb5n s\u00e0ng cho t\u1ea7m nh\u00ecn r\u00f5 r\u00e0ng.<\/span><\/p>\n<p>Th\u00e0nh Ph\u1ea7n Ch\u00ednh: <span style=\"font-weight: 400;\">60% ethanol t\u1eeb m\u00eda \u2013 L\u00e0m s\u1ea1ch hi\u1ec7u qu\u1ea3 nh\u1eb9 nh\u00e0ng<\/span>. N<span style=\"font-weight: 400;\">\u01b0\u1edbc tinh khi\u1ebft \u2013 Kh\u00f4ng \u0111\u1ec3 l\u1ea1i c\u1eb7n b\u1ea9n<\/span>.<span style=\"font-weight: 400;\"> Cocamidopropyl Betaine \u2013 Lo\u1ea1i b\u1ecf b\u1ee5i b\u1ea9n v\u00e0 d\u1ea7u, an to\u00e0n cho l\u1edbp ph\u1ee7 k\u00ednh<\/span>.<\/p>\n<p><span style=\"font-weight: 400;\">\u0110\u01b0\u1ee3c l\u00e0m b\u1eb1ng nh\u1eefng th\u00e0nh ph\u1ea7n ch\u1ea5t l\u01b0\u1ee3ng cao &#8211; v\u00ec tr\u00f2ng k\u00ednh c\u1ee7a b\u1ea1n x\u1ee9ng \u0111\u00e1ng \u0111\u01b0\u1ee3c ch\u0103m s\u00f3c t\u1ed1t nh\u1ea5t.<\/span><\/p>\n<p><b>H\u01b0\u1edbng d\u1eabn s\u1eed d\u1ee5ng<\/b><\/p>\n<p><span style=\"font-weight: 400;\">X\u1ecbt tr\u1ef1c ti\u1ebfp l\u00ean m\u1eb7t tr\u01b0\u1edbc v\u00e0 sau k\u00ednh ho\u1eb7c b\u1ec1 m\u1eb7t c\u1ea7n l\u00e0m s\u1ea1ch, lau kh\u00f4 b\u1eb1ng kh\u0103n m\u1ec1m s\u1ea1ch.<\/span><\/p>\n<p><b>Dung T\u00edch<\/b><\/p>\n<p><span style=\"font-weight: 400;\">50ml \/ 1.69oz X\u1ecbt Phun<\/span><\/p>\n","protected":false},"excerpt":{"rendered":"<p>DR.WELL<br \/>\nN\u01b0\u1edbc R\u1eeda K\u00ednh &#8211; Kh\u00f4ng v\u1ec7t &amp; Nh\u00f2e<br \/>50ml X\u1ecbt B\u1ecf T\u00fai<br \/>(Th\u00e0nh Ph\u1ea7n Ho\u00e0n To\u00e0n T\u1ef1 nhi\u00ean)<\/p>\n","protected":false},"featured_media":11929,"template":"","meta":[],"pwb-brand":[298],"product_cat":[202,185,204],"product_tag":[],"class_list":{"0":"post-12878","1":"product","2":"type-product","3":"status-publish","4":"has-post-thumbnail","6":"pwb-brand-insula-vi","7":"product_cat-lieu-phap-tinh-dau","8":"product_cat-suc-khoe-lam-dep","9":"product_cat-xit-thom","11":"first","12":"instock","13":"shipping-taxable","14":"purchasable","15":"product-type-simple"},"acf":[],"brands":[{"id":298,"name":"Insula","slug":"insula-vi"}],"_links":{"self":[{"href":"https:\/\/bynature.vn\/vi\/wp-json\/wp\/v2\/product\/12878","targetHints":{"allow":["GET"]}}],"collection":[{"href":"https:\/\/bynature.vn\/vi\/wp-json\/wp\/v2\/product"}],"about":[{"href":"https:\/\/bynature.vn\/vi\/wp-json\/wp\/v2\/types\/product"}],"wp:featuredmedia":[{"embeddable":true,"href":"https:\/\/bynature.vn\/vi\/wp-json\/wp\/v2\/media\/11929"}],"wp:attachment":[{"href":"https:\/\/bynature.vn\/vi\/wp-json\/wp\/v2\/media?parent=12878"}],"wp:term":[{"taxonomy":"pwb-brand","embeddable":true,"href":"https:\/\/bynature.vn\/vi\/wp-json\/wp\/v2\/pwb-brand?post=12878"},{"taxonomy":"product_cat","embeddable":true,"href":"https:\/\/bynature.vn\/vi\/wp-json\/wp\/v2\/product_cat?post=12878"},{"taxonomy":"product_tag","embeddable":true,"href":"https:\/\/bynature.vn\/vi\/wp-json\/wp\/v2\/product_tag?post=12878"}],"curies":[{"name":"wp","href":"https:\/\/api.w.org\/{rel}","templated":true}]}}