{"id":12877,"date":"2025-08-26T13:12:12","date_gmt":"2025-08-26T06:12:12","guid":{"rendered":"https:\/\/bynature.vn\/product\/xit-lam-sach-tham-yoga-zen-garden-50ml\/"},"modified":"2025-08-26T13:12:12","modified_gmt":"2025-08-26T06:12:12","slug":"xit-lam-sach-tham-yoga-zen-garden-50ml","status":"publish","type":"product","link":"https:\/\/bynature.vn\/vi\/product\/xit-lam-sach-tham-yoga-zen-garden-50ml\/","title":{"rendered":"X\u1ecbt L\u00e0m S\u1ea1ch Th\u1ea3m Yoga \u2013 Zen Garden 50ml"},"content":{"rendered":"<h3><b>L\u00e0m M\u1edbi Th\u1ea3m Yoga<\/b><b><br \/>\n<\/b><b>L\u00e0m S\u1ea1ch. T\u01b0\u01a1i M\u1edbi. Th\u01b0 Th\u00e1i.  <\/b><\/h3>\n<p><span style=\"font-weight: 400;\">Gi\u1eef cho bu\u1ed5i t\u1eadp yoga c\u1ee7a b\u1ea1n lu\u00f4n t\u01b0\u01a1i m\u1edbi v\u00e0 th\u01b0 gi\u00e3n v\u1edbi X\u1ecbt Th\u1ea3m Yoga DR.WELL. \u0110\u01b0\u1ee3c l\u00e0m t\u1eeb h\u1ed7n h\u1ee3p tinh d\u1ea7u t\u1ef1 nhi\u00ean, s\u1ea3n ph\u1ea9m gi\u00fap l\u00e0m s\u1ea1ch v\u00e0 l\u00e0m m\u1edbi th\u1ea3m m\u00e0 kh\u00f4ng ch\u1ee9a h\u01b0\u01a1ng li\u1ec7u t\u1ed5ng h\u1ee3p hay h\u00f3a ch\u1ea5t m\u1ea1nh. <\/span><\/p>\n<p><span style=\"font-weight: 400;\">Ho\u00e0n h\u1ea3o \u0111\u1ec3 chu\u1ea9n b\u1ecb th\u1ea3m tr\u01b0\u1edbc bu\u1ed5i t\u1eadp ho\u1eb7c l\u00e0m s\u1ea1ch sau khi t\u1eadp, \u0111\u1ec3 l\u1ea1i m\u00f9i h\u01b0\u01a1ng nh\u1eb9 nh\u00e0ng, t\u01b0\u01a1i m\u00e1t, tr\u00e0n \u0111\u1ea7y n\u0103ng l\u01b0\u1ee3ng t\u1eeb thi\u00ean nhi\u00ean. <\/span><\/p>\n<h3><b>V\u00ec Sao B\u1ea1n S\u1ebd Th\u00edch S\u1ea3n Ph\u1ea9m N\u00e0y:<\/b><\/h3>\n<p><span style=\"font-weight: 400;\">\u2714 100% tinh d\u1ea7u thi\u00ean nhi\u00ean \u2013 kh\u00f4ng h\u01b0\u01a1ng li\u1ec7u nh\u00e2n t\u1ea1o, ch\u1ec9 tinh t\u00fay t\u1eeb thi\u00ean nhi\u00ean.<\/span><span style=\"font-weight: 400;\"><br \/>\n<\/span><span style=\"font-weight: 400;\">\u2714 L\u00e0m s\u1ea1ch &amp; l\u00e0m m\u1edbi \u2013 l\u00fd t\u01b0\u1edfng cho th\u1ea3m, ph\u1ee5 ki\u1ec7n v\u00e0 d\u1ee5ng c\u1ee5 t\u1eadp. <\/span><span style=\"font-weight: 400;\"><br \/>\n<\/span><span style=\"font-weight: 400;\">\u2714 H\u01b0\u01a1ng th\u01a1m s\u1ea3ng kho\u00e1i \u2013 k\u1ebft h\u1ee3p chanh, cam v\u00e0 g\u1eebng \u1ea5m \u00e1p.<\/span><span style=\"font-weight: 400;\"><br \/>\n<\/span><span style=\"font-weight: 400;\">\u2714 Nh\u1ecf g\u1ecdn &amp; ti\u1ec7n mang theo \u2013 \u0111\u1ec3 trong t\u00fai yoga, d\u00f9ng t\u1ea1i studio ho\u1eb7c t\u1ea1i nh\u00e0.<\/span><\/p>\n<h3><b>Th\u00e0nh ph\u1ea7n ch\u00ednh:<\/b> <span style=\"font-weight: 400;\">Tinh d\u1ea7u s\u1ea3 \u2013 Kh\u1eed m\u00f9i t\u1ef1 nhi\u00ean, mang h\u01b0\u01a1ng chanh t\u01b0\u01a1i m\u00e1t<\/span>. <span style=\"font-weight: 400;\">Tinh d\u1ea7u v\u1ecf cam \u2013 T\u01b0\u01a1i s\u00e1ng, t\u1ea1o c\u1ea3m gi\u00e1c vui t\u01b0\u01a1i, d\u1ec5 ch\u1ecbu<\/span>. <span style=\"font-weight: 400;\">Tinh d\u1ea7u g\u1eebng \u2013 \u1ea4m \u00e1p, c\u00e2n b\u1eb1ng v\u00e0 th\u01b0 gi\u00e3n<\/span>.<\/h3>\n<p><b>H\u01b0\u1edbng d\u1eabn s\u1eed d\u1ee5ng<\/b><b><br \/>\n<\/b><span style=\"font-weight: 400;\">X\u1ecbt \u0111\u1ec1u l\u00ean th\u1ea3m yoga ho\u1eb7c d\u1ee5ng c\u1ee5 t\u1eadp. Lau s\u1ea1ch b\u1eb1ng kh\u0103n m\u1ec1m v\u00e0 \u0111\u1ec3 kh\u00f4 t\u1ef1 nhi\u00ean. <\/span><\/p>\n","protected":false},"excerpt":{"rendered":"<p>DR.WELL<br \/>\nX\u1ecbt L\u00e0m S\u1ea1ch Th\u1ea3m Yoga &#8211; Zen Garden<br \/>\n50ml X\u1ecbt Phun<br \/>\n(Th\u00e0nh Ph\u1ea7n Ho\u00e0n To\u00e0n Thi\u00ean Nhi\u00ean)<\/p>\n","protected":false},"featured_media":11932,"template":"","meta":[],"pwb-brand":[298],"product_cat":[202,185,204],"product_tag":[],"class_list":{"0":"post-12877","1":"product","2":"type-product","3":"status-publish","4":"has-post-thumbnail","6":"pwb-brand-insula-vi","7":"product_cat-lieu-phap-tinh-dau","8":"product_cat-suc-khoe-lam-dep","9":"product_cat-xit-thom","11":"first","12":"instock","13":"shipping-taxable","14":"purchasable","15":"product-type-simple"},"acf":[],"brands":[{"id":298,"name":"Insula","slug":"insula-vi"}],"_links":{"self":[{"href":"https:\/\/bynature.vn\/vi\/wp-json\/wp\/v2\/product\/12877","targetHints":{"allow":["GET"]}}],"collection":[{"href":"https:\/\/bynature.vn\/vi\/wp-json\/wp\/v2\/product"}],"about":[{"href":"https:\/\/bynature.vn\/vi\/wp-json\/wp\/v2\/types\/product"}],"wp:featuredmedia":[{"embeddable":true,"href":"https:\/\/bynature.vn\/vi\/wp-json\/wp\/v2\/media\/11932"}],"wp:attachment":[{"href":"https:\/\/bynature.vn\/vi\/wp-json\/wp\/v2\/media?parent=12877"}],"wp:term":[{"taxonomy":"pwb-brand","embeddable":true,"href":"https:\/\/bynature.vn\/vi\/wp-json\/wp\/v2\/pwb-brand?post=12877"},{"taxonomy":"product_cat","embeddable":true,"href":"https:\/\/bynature.vn\/vi\/wp-json\/wp\/v2\/product_cat?post=12877"},{"taxonomy":"product_tag","embeddable":true,"href":"https:\/\/bynature.vn\/vi\/wp-json\/wp\/v2\/product_tag?post=12877"}],"curies":[{"name":"wp","href":"https:\/\/api.w.org\/{rel}","templated":true}]}}