{"id":12875,"date":"2025-08-26T13:17:09","date_gmt":"2025-08-26T06:17:09","guid":{"rendered":"https:\/\/bynature.vn\/product\/xit-thom-vai-huong-lavender-breeze-50ml\/"},"modified":"2025-08-26T13:17:09","modified_gmt":"2025-08-26T06:17:09","slug":"xit-thom-vai-huong-lavender-breeze-50ml","status":"publish","type":"product","link":"https:\/\/bynature.vn\/vi\/product\/xit-thom-vai-huong-lavender-breeze-50ml\/","title":{"rendered":"X\u1ecbt th\u01a1m v\u1ea3i \u2013 H\u01b0\u01a1ng Lavender Breeze 50ml"},"content":{"rendered":"<p><b>X\u1ecbt th\u01a1m v\u1ea3i \u2013 H\u01b0\u01a1ng Lavender Breeze &#8211; <\/b><b>T\u01b0\u01a1i M\u1edbi. Th\u01b0 Gi\u00e3n. T\u01b0\u01a1i Tr\u1ebb.  <\/b><\/p>\n<p><span style=\"font-weight: 400;\">Mang \u0111\u1ebfn h\u01b0\u01a1ng th\u01a1m d\u1ecbu nh\u1eb9 cho ng\u00f4i nh\u00e0 c\u1ee7a b\u1ea1n!<\/span><\/p>\n<p><span style=\"font-weight: 400;\">H\u00e3y l\u00e0m m\u1edbi qu\u1ea7n \u00e1o, ga g\u1ed1i v\u00e0 \u0111\u1ed3 n\u1ed9i th\u1ea5t v\u1edbi X\u1ecbt th\u01a1m v\u1ea3i Dr. Well \u2013 Lavender &amp; Vani. C\u00f4ng th\u1ee9c nh\u1eb9 nh\u00e0ng, b\u1ed5 sung d\u1ea7u th\u1ea7u d\u1ea7u gi\u00fap gi\u1eef h\u01b0\u01a1ng l\u00e2u, lo\u1ea1i b\u1ecf m\u00f9i h\u00f4i v\u00e0 lan t\u1ecfa h\u01b0\u01a1ng lavender th\u01b0 gi\u00e3n k\u1ebft h\u1ee3p v\u1edbi vanilla \u1ea5m \u00e1p, d\u1ec5 ch\u1ecbu. Ph\u00f9 h\u1ee3p v\u1edbi qu\u1ea7n \u00e1o, ga g\u1ed1i, sofa v\u00e0 nhi\u1ec1u b\u1ec1 m\u1eb7t kh\u00e1c, mang \u0111\u1ebfn ng\u00f4i nh\u00e0 lu\u00f4n t\u01b0\u01a1i m\u1edbi v\u00e0 d\u1ec5 ch\u1ecbu.  <\/span><\/p>\n<p><b>V\u00ec Sao B\u1ea1n S\u1ebd Th\u00edch S\u1ea3n Ph\u1ea9m N\u00e0y:<\/b><\/p>\n<p><span style=\"font-weight: 400;\">\u2714 Lo\u1ea1i b\u1ecf m\u00f9i h\u00f4i \u2013 L\u00e0m th\u01a1m v\u1ea3i m\u00e0 kh\u00f4ng d\u00f9ng h\u00f3a ch\u1ea5t n\u1eb7ng.<\/span><\/p>\n<p><span style=\"font-weight: 400;\">\u2714 H\u01b0\u01a1ng th\u01a1m th\u01b0 gi\u00e3n \u2013 S\u1ef1 k\u1ebft h\u1ee3p d\u1ecbu nh\u1eb9 c\u1ee7a lavender v\u00e0 vani.<\/span><\/p>\n<p><span style=\"font-weight: 400;\">\u2714 An to\u00e0n v\u1edbi h\u1ea7u h\u1ebft c\u00e1c lo\u1ea1i v\u1ea3i \u2013 D\u1ecbu nh\u1eb9, kh\u00f4ng g\u00e2y \u1ed1 m\u00e0u.<\/span><\/p>\n<p><span style=\"font-weight: 400;\">\u2714 Nh\u1ecf g\u1ecdn &amp; Ti\u1ec7n L\u1ee3i \u2013 T\u01b0\u01a1i m\u1edbi b\u1ea5t c\u1ee9 l\u00fac n\u00e0o, b\u1ea5t c\u1ee9 n\u01a1i \u0111\u00e2u.<\/span><\/p>\n<p><b>Th\u00e0nh Ph\u1ea7n Ch\u00ednh:<\/b> <span style=\"font-weight: 400;\">D\u1ea7u Th\u1ea7u D\u1ea7u \u2013 Gi\u00fap h\u01b0\u01a1ng th\u01a1m l\u01b0u l\u1ea1i l\u00e2u h\u01a1n<\/span>.<span style=\"font-weight: 400;\"> Tinh d\u1ea7u Lavender \u2013 Gi\u00fap th\u01b0 gi\u00e3n, gi\u1ea3m c\u0103ng th\u1eb3ng<\/span>. <span style=\"font-weight: 400;\">H\u01b0\u01a1ng Vani \u2013 Mang \u0111\u1ebfn c\u1ea3m gi\u00e1c \u1ea5m \u00e1p, d\u1ec5 ch\u1ecbu<\/span>.<\/p>\n<p><span style=\"font-weight: 400;\">\u0110\u01b0\u1ee3c l\u00e0m b\u1eb1ng c\u00e1c th\u00e0nh ph\u1ea7n c\u00f3 ngu\u1ed3n g\u1ed1c t\u1ef1 nhi\u00ean &#8211; cho c\u1ea3m gi\u00e1c s\u1ea3ng kho\u00e1i b\u1ea5t c\u1ee9 l\u00fac n\u00e0o b\u1ea1n mu\u1ed1n.<br \/><\/span><span style=\"font-weight: 400;\"><br \/>\n<\/span><span style=\"font-weight: 400;\"><br \/>\n<\/span><b>H\u01b0\u1edbng d\u1eabn s\u1eed d\u1ee5ng<\/b><\/p>\n<p><span style=\"font-weight: 400;\">X\u1ecbt 3\u20135 l\u1ea7n \u0111\u1ec1u l\u00ean v\u1ea3i ho\u1eb7c theo m\u1ee9c h\u01b0\u01a1ng mong mu\u1ed1n.<\/span><\/p>\n<p><b>Dung T\u00edch<\/b><\/p>\n<p><span style=\"font-weight: 400;\">50ml \/ 1.69oz X\u1ecbt Phun<\/span><\/p>\n","protected":false},"excerpt":{"rendered":"<p>DR.WELL<br \/>X\u1ecbt Th\u01a1m V\u1ea3i &#8211; Lavender Breeze<br \/>50ml D\u1ea1ng X\u1ecbt<br \/>(Th\u00e0nh Ph\u1ea7n Ho\u00e0n To\u00e0n T\u1ef1 Nhi\u00ean)<\/p>\n","protected":false},"featured_media":11935,"template":"","meta":[],"pwb-brand":[298],"product_cat":[202,185,204],"product_tag":[],"class_list":{"0":"post-12875","1":"product","2":"type-product","3":"status-publish","4":"has-post-thumbnail","6":"pwb-brand-insula-vi","7":"product_cat-lieu-phap-tinh-dau","8":"product_cat-suc-khoe-lam-dep","9":"product_cat-xit-thom","11":"first","12":"instock","13":"shipping-taxable","14":"purchasable","15":"product-type-simple"},"acf":[],"brands":[{"id":298,"name":"Insula","slug":"insula-vi"}],"_links":{"self":[{"href":"https:\/\/bynature.vn\/vi\/wp-json\/wp\/v2\/product\/12875","targetHints":{"allow":["GET"]}}],"collection":[{"href":"https:\/\/bynature.vn\/vi\/wp-json\/wp\/v2\/product"}],"about":[{"href":"https:\/\/bynature.vn\/vi\/wp-json\/wp\/v2\/types\/product"}],"wp:featuredmedia":[{"embeddable":true,"href":"https:\/\/bynature.vn\/vi\/wp-json\/wp\/v2\/media\/11935"}],"wp:attachment":[{"href":"https:\/\/bynature.vn\/vi\/wp-json\/wp\/v2\/media?parent=12875"}],"wp:term":[{"taxonomy":"pwb-brand","embeddable":true,"href":"https:\/\/bynature.vn\/vi\/wp-json\/wp\/v2\/pwb-brand?post=12875"},{"taxonomy":"product_cat","embeddable":true,"href":"https:\/\/bynature.vn\/vi\/wp-json\/wp\/v2\/product_cat?post=12875"},{"taxonomy":"product_tag","embeddable":true,"href":"https:\/\/bynature.vn\/vi\/wp-json\/wp\/v2\/product_tag?post=12875"}],"curies":[{"name":"wp","href":"https:\/\/api.w.org\/{rel}","templated":true}]}}