{"id":12874,"date":"2025-09-08T16:19:18","date_gmt":"2025-09-08T09:19:18","guid":{"rendered":"https:\/\/bynature.vn\/product\/bot-tam-thao-moc-500g\/"},"modified":"2025-09-08T16:19:18","modified_gmt":"2025-09-08T09:19:18","slug":"bot-tam-thao-moc-500g","status":"publish","type":"product","link":"https:\/\/bynature.vn\/vi\/product\/bot-tam-thao-moc-500g\/","title":{"rendered":"B\u1ed9t T\u1eafm Th\u1ea3o M\u1ed9c 500g"},"content":{"rendered":"<p>S\u1eefa t\u1eafm tr\u1ecb li\u1ec7u bao g\u1ed3m c\u00e1c h\u1ea1t th\u1ea3o m\u1ed9c, d\u1ea7u th\u1ef1c v\u1eadt v\u00e0 tinh d\u1ea7u nguy\u00ean ch\u1ea5t. Nu\u00f4i d\u01b0\u1ee1ng l\u00e0n da, mang l\u1ea1i c\u1ea3m gi\u00e1c m\u1ec1m m\u01b0\u1ee3t v\u00e0 r\u1ea1ng r\u1ee1 t\u1ef1 nhi\u00ean. S\u1ea3n ph\u1ea9m ho\u00e0n to\u00e0n kh\u00f4ng ch\u1ee9a ch\u1ea5t t\u1ea9y hay h\u01b0\u01a1ng li\u1ec7u h\u00f3a h\u1ecdc.<\/p>\n<p>Pha b\u1ed9t v\u1edbi n\u01b0\u1edbc ho\u1eb7c s\u1eefa chua, l\u00e0m \u01b0\u1edbt c\u01a1 th\u1ec3 v\u00e0 thoa nh\u1eb9 nh\u00e0ng k\u1ebft h\u1ee3p massage 10\u201320 ph\u00fat. R\u1eeda s\u1ea1ch b\u1eb1ng n\u01b0\u1edbc m\u00e1t v\u00e0 thoa kem d\u01b0\u1ee1ng \u1ea9m. S\u1eed d\u1ee5ng 3\u20134 l\u1ea7n\/tu\u1ea7n. Tr\u00e1nh ti\u1ebfp x\u00fac v\u1edbi m\u1eaft v\u00e0 v\u1ebft th\u01b0\u01a1ng h\u1edf.<\/p>\n<p>Th\u00e0nh ph\u1ea7n: Th\u1ea3o m\u1ed9c, m\u1ea7m g\u1ea1o, b\u1ed9t c\u00e0 ph\u00ea, qu\u1ea3 soapberry, h\u1ea1t y\u1ebfn m\u1ea1ch, d\u1ea7u \u00f4 liu, chi\u1ebft xu\u1ea5t d\u1eeba, vitamin E v\u00e0 B5.<\/p>\n","protected":false},"excerpt":{"rendered":"<p>T\u1eadn h\u01b0\u1edfng nghi th\u1ee9c ch\u0103m s\u00f3c c\u01a1 th\u1ec3 \u0111\u1ea7y d\u01b0\u1ee1ng ch\u1ea5t v\u1edbi <b>b\u1ed9t t\u1eafm th\u1ea3o m\u1ed9c t\u1ef1 nhi\u00ean<\/b> c\u1ee7a ch\u00fang t\u00f4i. \u0110\u01b0\u1ee3c pha tr\u1ed9n t\u1eeb h\u1ea1t th\u1ea3o m\u1ed9c, d\u1ea7u th\u1ef1c v\u1eadt v\u00e0 tinh d\u1ea7u nguy\u00ean ch\u1ea5t, s\u1ea3n ph\u1ea9m nh\u1eb9 nh\u00e0ng l\u00e0m s\u1ea1ch v\u00e0 t\u1ea9y t\u1ebf b\u00e0o ch\u1ebft, mang l\u1ea1i l\u00e0n da m\u1ec1m m\u01b0\u1ee3t v\u00e0 r\u1ea1ng r\u1ee1 t\u1ef1 nhi\u00ean. V\u1edbi c\u00e1c th\u00e0nh ph\u1ea7n tinh khi\u1ebft nh\u1ea5t, \u0111\u00e2y l\u00e0 c\u00e1ch \u0111\u01a1n gi\u1ea3n, th\u01b0 gi\u00e3n v\u00e0 tr\u1ecb li\u1ec7u \u0111\u1ec3 nu\u00f4i d\u01b0\u1ee1ng c\u1ea3 c\u01a1 th\u1ec3 l\u1eabn tinh th\u1ea7n.<\/p>\n","protected":false},"featured_media":12002,"template":"","meta":[],"pwb-brand":[412],"product_cat":[397,399,185,400],"product_tag":[],"class_list":{"0":"post-12874","1":"product","2":"type-product","3":"status-publish","4":"has-post-thumbnail","6":"pwb-brand-gaia-guy-vi","7":"product_cat-cham-soc-co-the","8":"product_cat-sua-tam","9":"product_cat-suc-khoe-lam-dep","10":"product_cat-tay-te-bao-chet","12":"first","13":"instock","14":"shipping-taxable","15":"purchasable","16":"product-type-simple"},"acf":[],"brands":[{"id":412,"name":"Gaia Guy","slug":"gaia-guy-vi"}],"_links":{"self":[{"href":"https:\/\/bynature.vn\/vi\/wp-json\/wp\/v2\/product\/12874","targetHints":{"allow":["GET"]}}],"collection":[{"href":"https:\/\/bynature.vn\/vi\/wp-json\/wp\/v2\/product"}],"about":[{"href":"https:\/\/bynature.vn\/vi\/wp-json\/wp\/v2\/types\/product"}],"wp:featuredmedia":[{"embeddable":true,"href":"https:\/\/bynature.vn\/vi\/wp-json\/wp\/v2\/media\/12002"}],"wp:attachment":[{"href":"https:\/\/bynature.vn\/vi\/wp-json\/wp\/v2\/media?parent=12874"}],"wp:term":[{"taxonomy":"pwb-brand","embeddable":true,"href":"https:\/\/bynature.vn\/vi\/wp-json\/wp\/v2\/pwb-brand?post=12874"},{"taxonomy":"product_cat","embeddable":true,"href":"https:\/\/bynature.vn\/vi\/wp-json\/wp\/v2\/product_cat?post=12874"},{"taxonomy":"product_tag","embeddable":true,"href":"https:\/\/bynature.vn\/vi\/wp-json\/wp\/v2\/product_tag?post=12874"}],"curies":[{"name":"wp","href":"https:\/\/api.w.org\/{rel}","templated":true}]}}