{"id":12872,"date":"2025-09-08T17:03:07","date_gmt":"2025-09-08T10:03:07","guid":{"rendered":"https:\/\/bynature.vn\/product\/dau-goi-huong-lavender-bac-ha-300ml\/"},"modified":"2025-09-08T17:03:07","modified_gmt":"2025-09-08T10:03:07","slug":"dau-goi-huong-lavender-bac-ha-300ml","status":"publish","type":"product","link":"https:\/\/bynature.vn\/vi\/product\/dau-goi-huong-lavender-bac-ha-300ml\/","title":{"rendered":"D\u1ea7u G\u1ed9i H\u01b0\u01a1ng Lavender &amp; B\u1ea1c h\u00e0 300ml"},"content":{"rendered":"<div id=\"model-response-message-contentr_8b40e1cf99524538\" class=\"markdown markdown-main-panel enable-updated-hr-color\" dir=\"ltr\">\n<p>Ch\u0103m s\u00f3c t\u00f3c c\u1ee7a b\u1ea1n v\u1edbi <b>D\u1ea7u G\u1ed9i Th\u1ea3o M\u1ed9c<\/b> gi\u00e0u d\u01b0\u1ee1ng ch\u1ea5t. C\u00f4ng th\u1ee9c nu\u00f4i d\u01b0\u1ee1ng n\u00e0y k\u1ebft h\u1ee3p c\u00e1c chi\u1ebft xu\u1ea5t th\u1ef1c v\u1eadt t\u1ef1 nhi\u00ean v\u00e0 tinh d\u1ea7u nguy\u00ean ch\u1ea5t, t\u1ea1o b\u1ecdt m\u1ecbn m\u00e0ng gi\u00fap l\u00e0m s\u1ea1ch s\u00e2u v\u00e0 ph\u1ee5c h\u1ed3i da \u0111\u1ea7u. \u0110\u01b0\u1ee3c thi\u1ebft k\u1ebf \u0111\u1ec3 t\u0103ng c\u01b0\u1eddng s\u1ee9c m\u1ea1nh cho s\u1ee3i t\u00f3c, ng\u0103n g\u00e3y r\u1ee5ng, \u0111\u1ed3ng th\u1eddi k\u00edch th\u00edch t\u00f3c m\u1ecdc kh\u1ecfe, mang \u0111\u1ebfn m\u00e1i t\u00f3c m\u01b0\u1ee3t m\u00e0, s\u1ea1ch s\u1ebd v\u00e0 tr\u00e0n \u0111\u1ea7y s\u1ee9c s\u1ed1ng t\u1ef1 nhi\u00ean.  <\/p>\n<\/div>\n<p>Th\u00e0nh ph\u1ea7n: H\u01b0\u01a1ng th\u1ea3o, v\u1ecf chanh, hydrosol, h\u00fang qu\u1ebf, l\u00faa m\u00ec Eleusine Indica, decyl glucoside, dipotassium glycyrrhizate, cocamide, h\u1ea1t c\u00e0 ph\u00ea, d\u1ea7u argan, vitamin B5 v\u00e0 c\u00e1c tinh d\u1ea7u nguy\u00ean ch\u1ea5t.<\/p>\n","protected":false},"excerpt":{"rendered":"<div id=\"model-response-message-contentr_0f30a0d874f0bdd6\" class=\"markdown markdown-main-panel enable-updated-hr-color\" dir=\"ltr\">\n<p>Nu\u00f4i d\u01b0\u1ee1ng t\u00f3c v\u1edbi d\u1ea7u g\u1ed9i th\u1ea3o m\u1ed9c gi\u00e0u chi\u1ebft xu\u1ea5t th\u1ef1c v\u1eadt v\u00e0 tinh d\u1ea7u nguy\u00ean ch\u1ea5t, nh\u1eb9 nh\u00e0ng l\u00e0m s\u1ea1ch da \u0111\u1ea7u \u0111\u1ed3ng th\u1eddi t\u0103ng c\u01b0\u1eddng s\u1ee9c m\u1ea1nh cho t\u1eebng s\u1ee3i t\u00f3c. K\u1ebft qu\u1ea3 l\u00e0 m\u00e1i t\u00f3c kh\u1ecfe h\u01a1n, b\u1ec1n h\u01a1n, m\u1ec1m m\u01b0\u1ee3t v\u00e0 m\u1ecbn m\u00e0ng t\u1ef1 nhi\u00ean.  <\/p>\n<\/div>\n","protected":false},"featured_media":12010,"template":"","meta":[],"pwb-brand":[412],"product_cat":[278,200,185],"product_tag":[],"class_list":{"0":"post-12872","1":"product","2":"type-product","3":"status-publish","4":"has-post-thumbnail","6":"pwb-brand-gaia-guy-vi","7":"product_cat-cham-soc-toc-vi","8":"product_cat-dau-goi","9":"product_cat-suc-khoe-lam-dep","11":"first","12":"instock","13":"shipping-taxable","14":"purchasable","15":"product-type-simple"},"acf":[],"brands":[{"id":412,"name":"Gaia Guy","slug":"gaia-guy-vi"}],"_links":{"self":[{"href":"https:\/\/bynature.vn\/vi\/wp-json\/wp\/v2\/product\/12872","targetHints":{"allow":["GET"]}}],"collection":[{"href":"https:\/\/bynature.vn\/vi\/wp-json\/wp\/v2\/product"}],"about":[{"href":"https:\/\/bynature.vn\/vi\/wp-json\/wp\/v2\/types\/product"}],"wp:featuredmedia":[{"embeddable":true,"href":"https:\/\/bynature.vn\/vi\/wp-json\/wp\/v2\/media\/12010"}],"wp:attachment":[{"href":"https:\/\/bynature.vn\/vi\/wp-json\/wp\/v2\/media?parent=12872"}],"wp:term":[{"taxonomy":"pwb-brand","embeddable":true,"href":"https:\/\/bynature.vn\/vi\/wp-json\/wp\/v2\/pwb-brand?post=12872"},{"taxonomy":"product_cat","embeddable":true,"href":"https:\/\/bynature.vn\/vi\/wp-json\/wp\/v2\/product_cat?post=12872"},{"taxonomy":"product_tag","embeddable":true,"href":"https:\/\/bynature.vn\/vi\/wp-json\/wp\/v2\/product_tag?post=12872"}],"curies":[{"name":"wp","href":"https:\/\/api.w.org\/{rel}","templated":true}]}}