{"id":12870,"date":"2025-09-09T16:25:47","date_gmt":"2025-09-09T09:25:47","guid":{"rendered":"https:\/\/bynature.vn\/product\/mieng-burger-bo-black-angus-175g\/"},"modified":"2025-09-09T16:25:47","modified_gmt":"2025-09-09T09:25:47","slug":"mieng-burger-bo-black-angus-175g","status":"publish","type":"product","link":"https:\/\/bynature.vn\/vi\/product\/mieng-burger-bo-black-angus-175g\/","title":{"rendered":"Mi\u1ebfng Burger B\u00f2 Black Angus 175g"},"content":{"rendered":"<div id=\"model-response-message-contentr_c389a88e8e9c3e8e\" class=\"markdown markdown-main-panel enable-updated-hr-color\" dir=\"ltr\">\n<p><b>Mi\u1ebfng burger b\u00f2 Black Angus nguy\u00ean ch\u1ea5t th\u1ea3 v\u01b0\u1eddn<\/b> t\u1eeb \u00dac s\u1ebd mang \u0111\u1ebfn tr\u1ea3i nghi\u1ec7m th\u01b0\u1edfng th\u1ee9c burger tuy\u1ec7t h\u1ea3o. \u0110\u01b0\u1ee3c tuy\u1ec3n ch\u1ecdn t\u1eeb nh\u1eefng con b\u00f2 ch\u1ea5t l\u01b0\u1ee3ng cao nu\u00f4i th\u1ea3 t\u1ef1 do tr\u00ean \u0111\u1ed3ng c\u1ecf, c\u00e1c mi\u1ebfng pattie n\u00e0y m\u1ec1m m\u1ecdng, \u0111\u1eadm \u0111\u00e0 h\u01b0\u01a1ng v\u1ecb v\u00e0 c\u1ef1c k\u1ef3 th\u01a1m ngon. Ho\u00e0n h\u1ea3o cho b\u1eefa ti\u1ec7c n\u01b0\u1edbng BBQ ti\u1ebfp theo, mang \u0111\u1ebfn m\u1ed9t b\u1eefa \u0103n ngon mi\u1ec7ng, b\u1ed5 d\u01b0\u1ee1ng v\u00e0 an t\u00e2m cho s\u1ee9c kh\u1ecfe.  <\/p>\n<\/div>\n","protected":false},"excerpt":{"rendered":"<div id=\"model-response-message-contentr_0c00cb7e24e8c36c\" class=\"markdown markdown-main-panel enable-updated-hr-color\" dir=\"ltr\">\n<p>C\u00f3 ngu\u1ed3n g\u1ed1c t\u1eeb b\u00f2 nu\u00f4i th\u1ea3, \u0103n c\u1ecf \u1edf \u00dac, <b>mi\u1ebfng th\u1ecbt b\u00f2 Black Angus<\/b> c\u1ee7a ch\u00fang t\u00f4i mang \u0111\u1ebfn mi\u1ebfng th\u1ecbt m\u1ec1m v\u00e0 ngon ng\u1ecdt. Ch\u00fang l\u00e0 s\u1ef1 l\u1ef1a ch\u1ecdn t\u1ed1i \u01b0u cho m\u1ed9t chi\u1ebfc burger th\u1ef1c s\u1ef1 c\u00f3 h\u01b0\u01a1ng v\u1ecb v\u00e0 th\u1ecfa m\u00e3n. <\/p>\n<\/div>\n","protected":false},"featured_media":12020,"template":"","meta":[],"pwb-brand":[],"product_cat":[415,247,248],"product_tag":[],"class_list":{"0":"post-12870","1":"product","2":"type-product","3":"status-publish","4":"has-post-thumbnail","6":"product_cat-san-pham-khuyen-mai-hang-tuan","7":"product_cat-cac-loai-thit","8":"product_cat-thit-bo","10":"first","11":"instock","12":"sale","13":"shipping-taxable","14":"purchasable","15":"product-type-simple"},"acf":[],"brands":[],"_links":{"self":[{"href":"https:\/\/bynature.vn\/vi\/wp-json\/wp\/v2\/product\/12870","targetHints":{"allow":["GET"]}}],"collection":[{"href":"https:\/\/bynature.vn\/vi\/wp-json\/wp\/v2\/product"}],"about":[{"href":"https:\/\/bynature.vn\/vi\/wp-json\/wp\/v2\/types\/product"}],"wp:featuredmedia":[{"embeddable":true,"href":"https:\/\/bynature.vn\/vi\/wp-json\/wp\/v2\/media\/12020"}],"wp:attachment":[{"href":"https:\/\/bynature.vn\/vi\/wp-json\/wp\/v2\/media?parent=12870"}],"wp:term":[{"taxonomy":"pwb-brand","embeddable":true,"href":"https:\/\/bynature.vn\/vi\/wp-json\/wp\/v2\/pwb-brand?post=12870"},{"taxonomy":"product_cat","embeddable":true,"href":"https:\/\/bynature.vn\/vi\/wp-json\/wp\/v2\/product_cat?post=12870"},{"taxonomy":"product_tag","embeddable":true,"href":"https:\/\/bynature.vn\/vi\/wp-json\/wp\/v2\/product_tag?post=12870"}],"curies":[{"name":"wp","href":"https:\/\/api.w.org\/{rel}","templated":true}]}}