{"id":12869,"date":"2025-09-10T15:19:41","date_gmt":"2025-09-10T08:19:41","guid":{"rendered":"https:\/\/bynature.vn\/product\/dui-vit-300g\/"},"modified":"2025-09-10T15:19:41","modified_gmt":"2025-09-10T08:19:41","slug":"dui-vit-300g","status":"publish","type":"product","link":"https:\/\/bynature.vn\/vi\/product\/dui-vit-300g\/","title":{"rendered":"\u0110\u00f9i V\u1ecbt 300g"},"content":{"rendered":"<div id=\"model-response-message-contentr_9da327cc019fc93f\" class=\"markdown markdown-main-panel enable-updated-hr-color\" dir=\"ltr\">\n<p><b>\u0110\u00f9i v\u1ecbt th\u1ea3 v\u01b0\u1eddn t\u1ef1 nhi\u00ean<\/b> (~300g\/\u0111\u00f9i) l\u00e0 minh ch\u1ee9ng cho ch\u1ea5t l\u01b0\u1ee3ng v\u00e0 h\u01b0\u01a1ng v\u1ecb tuy\u1ec7t h\u1ea3o. \u0110\u01b0\u1ee3c tuy\u1ec3n ch\u1ecdn t\u1eeb nh\u1eefng con v\u1ecbt \u0111\u01b0\u1ee3c nu\u00f4i th\u1ea3 t\u1ef1 do, ph\u1ea7n \u0111\u00f9i th\u1ecbt m\u1ec1m, b\u00e9o ng\u1eady, \u0111\u1eadm \u0111\u00e0 v\u00e0 m\u1ecdng n\u01b0\u1edbc. Th\u00edch h\u1ee3p \u0111\u1ec3 n\u01b0\u1edbng gi\u00f2n da ho\u1eb7c n\u1ea5u ch\u1eadm theo phong c\u00e1ch confit c\u1ed5 \u0111i\u1ec3n, mang \u0111\u1ebfn m\u1ed9t b\u1eefa \u0103n th\u01a1m ngon, b\u1ed5 d\u01b0\u1ee1ng v\u00e0 an t\u00e2m cho s\u1ee9c kh\u1ecfe.  <\/p>\n<\/div>\n<div class=\"xdj266r x14z9mp xat24cr x1lziwak x1vvkbs x126k92a\"><\/div>\n<div class=\"x14z9mp xat24cr x1lziwak x1vvkbs xtlvy1s x126k92a\">\n<div dir=\"auto\"><\/div>\n<div dir=\"auto\">&#8211; V\u1ecbt nu\u00f4i t\u1ef1 nhi\u00ean t\u1ea1i mi\u1ec1n B\u1eafc Vi\u1ec7t Nam<\/div>\n<div dir=\"auto\">&#8211; Kh\u00f4ng hormone t\u0103ng tr\u01b0\u1edfng, kh\u00f4ng kh\u00e1ng sinh<\/div>\n<div dir=\"auto\">&#8211; H\u01b0\u01a1ng v\u1ecb s\u1ea1ch, b\u00e9o ng\u1eady v\u1edbi t\u1ef7 l\u1ec7 m\u1ee1 \u2013 n\u1ea1c c\u00e2n \u0111\u1ed1i<\/div>\n<div dir=\"auto\">&#8211; Ph\u00f9 h\u1ee3p cho c\u00e1c b\u1eefa \u0103n ngon, n\u01b0\u1edbng, \u00e1p ch\u1ea3o ho\u1eb7c quay<\/div>\n<\/div>\n","protected":false},"excerpt":{"rendered":"<div id=\"model-response-message-contentr_b0630c2266033527\" class=\"markdown markdown-main-panel enable-updated-hr-color\" dir=\"ltr\">\n<p>\u0110\u01b0\u1ee3c tuy\u1ec3n ch\u1ecdn t\u1eeb nh\u1eefng con v\u1ecbt nu\u00f4i th\u1ea3, <b>\u0111\u00f9i v\u1ecbt t\u1ef1 nhi\u00ean<\/b> c\u1ee7a ch\u00fang t\u00f4i mang h\u01b0\u01a1ng v\u1ecb \u0111\u1eadm \u0111\u00e0, m\u1ec1m m\u1ecdng \u0111\u1eb7c tr\u01b0ng. Ho\u00e0n h\u1ea3o cho m\u00f3n confit \u0111\u1eadm v\u1ecb ho\u1eb7c quay gi\u00f2n da, mang \u0111\u1ebfn m\u1ed9t b\u1eefa \u0103n th\u1ef1c s\u1ef1 th\u01a1m ngon v\u00e0 tr\u1ecdn v\u1eb9n. <\/p>\n<\/div>\n","protected":false},"featured_media":12028,"template":"","meta":[],"pwb-brand":[],"product_cat":[415,247,251],"product_tag":[],"class_list":{"0":"post-12869","1":"product","2":"type-product","3":"status-publish","4":"has-post-thumbnail","6":"product_cat-san-pham-khuyen-mai-hang-tuan","7":"product_cat-cac-loai-thit","8":"product_cat-thit-ga-vit","10":"first","11":"instock","12":"sale","13":"shipping-taxable","14":"purchasable","15":"product-type-simple"},"acf":[],"brands":[],"_links":{"self":[{"href":"https:\/\/bynature.vn\/vi\/wp-json\/wp\/v2\/product\/12869","targetHints":{"allow":["GET"]}}],"collection":[{"href":"https:\/\/bynature.vn\/vi\/wp-json\/wp\/v2\/product"}],"about":[{"href":"https:\/\/bynature.vn\/vi\/wp-json\/wp\/v2\/types\/product"}],"wp:featuredmedia":[{"embeddable":true,"href":"https:\/\/bynature.vn\/vi\/wp-json\/wp\/v2\/media\/12028"}],"wp:attachment":[{"href":"https:\/\/bynature.vn\/vi\/wp-json\/wp\/v2\/media?parent=12869"}],"wp:term":[{"taxonomy":"pwb-brand","embeddable":true,"href":"https:\/\/bynature.vn\/vi\/wp-json\/wp\/v2\/pwb-brand?post=12869"},{"taxonomy":"product_cat","embeddable":true,"href":"https:\/\/bynature.vn\/vi\/wp-json\/wp\/v2\/product_cat?post=12869"},{"taxonomy":"product_tag","embeddable":true,"href":"https:\/\/bynature.vn\/vi\/wp-json\/wp\/v2\/product_tag?post=12869"}],"curies":[{"name":"wp","href":"https:\/\/api.w.org\/{rel}","templated":true}]}}