{"id":12867,"date":"2025-09-16T16:34:13","date_gmt":"2025-09-16T09:34:13","guid":{"rendered":"https:\/\/bynature.vn\/product\/tinh-dau-thu-gian-3-100ml\/"},"modified":"2025-09-16T16:34:13","modified_gmt":"2025-09-16T09:34:13","slug":"tinh-dau-thu-gian-3-100ml","status":"publish","type":"product","link":"https:\/\/bynature.vn\/vi\/product\/tinh-dau-thu-gian-3-100ml\/","title":{"rendered":"Tinh D\u1ea7u Th\u01b0 Gi\u00e3n #3 \u2013 100ml"},"content":{"rendered":"<div id=\"model-response-message-contentr_e39b3e7edc939d0e\" class=\"markdown markdown-main-panel enable-updated-hr-color\" dir=\"ltr\">\n<p>Bi\u1ebfn ng\u00f4i nh\u00e0 c\u1ee7a b\u1ea1n th\u00e0nh n\u01a1i th\u01b0 gi\u00e3n tuy\u1ec7t \u0111\u1ed1i v\u1edbi<b> Tinh D\u1ea7u Th\u01b0 Gi\u00e3n Ph\u00f2ng &amp; V\u1ea3i<\/b> c\u1ee7a ch\u00fang t\u00f4i. S\u01b0\u01a1ng m\u1ecfng nh\u1eb9 \u0111\u01b0\u1ee3c pha ch\u1ebf t\u1eeb tinh d\u1ea7u nguy\u00ean ch\u1ea5t gi\u00fap mang \u0111\u1ebfn c\u1ea3m gi\u00e1c b\u00ecnh y\u00ean v\u00e0 th\u01b0 th\u00e1i cho b\u1ea5t k\u1ef3 kh\u00f4ng gian n\u00e0o. Ch\u1ec9 c\u1ea7n x\u1ecbt nh\u1eb9 l\u00ean g\u1ed1i, r\u00e8m ho\u1eb7c kh\u1eafp ph\u00f2ng \u0111\u1ec3 ngay l\u1eadp t\u1ee9c l\u00e0m m\u1edbi kh\u00f4ng gian v\u00e0 t\u1eadn h\u01b0\u1edfng kho\u1ea3nh kh\u1eafc y\u00ean b\u00ecnh.  <\/p>\n<p>Th\u00e0nh ph\u1ea7n: n\u01b0\u1edbc, c\u1ed3n, propylene glycol, tinh d\u1ea7u nguy\u00ean ch\u1ea5t.<\/p>\n<\/div>\n<p>H\u01b0\u1edbng d\u1eabn s\u1eed d\u1ee5ng:<\/p>\n<ul>\n<li>L\u1eafc \u0111\u1ec1u tr\u01b0\u1edbc khi d\u00f9ng<\/li>\n<li>Tr\u00e1nh ti\u1ebfp x\u00fac tr\u1ef1c ti\u1ebfp v\u1edbi m\u1eaft<\/li>\n<\/ul>\n","protected":false},"excerpt":{"rendered":"<p>Mang \u0111\u1ebfn b\u1ea7u kh\u00f4ng kh\u00ed b\u00ecnh y\u00ean cho kh\u00f4ng gian c\u1ee7a b\u1ea1n. Ch\u1ec9 m\u1ed9t l\u1ea7n x\u1ecbt nh\u1eb9, s\u01b0\u01a1ng th\u01a1m s\u1ebd ngay l\u1eadp t\u1ee9c l\u00e0m m\u1edbi ph\u00f2ng v\u00e0 \u0111\u1ed3 v\u1ea3i v\u1edbi h\u01b0\u01a1ng t\u1ef1 nhi\u00ean, d\u1ecbu nh\u1eb9. <\/p>\n","protected":false},"featured_media":12063,"template":"","meta":[],"pwb-brand":[412],"product_cat":[202,185,204],"product_tag":[],"class_list":{"0":"post-12867","1":"product","2":"type-product","3":"status-publish","4":"has-post-thumbnail","6":"pwb-brand-gaia-guy-vi","7":"product_cat-lieu-phap-tinh-dau","8":"product_cat-suc-khoe-lam-dep","9":"product_cat-xit-thom","11":"first","12":"instock","13":"shipping-taxable","14":"purchasable","15":"product-type-simple"},"acf":[],"brands":[{"id":412,"name":"Gaia Guy","slug":"gaia-guy-vi"}],"_links":{"self":[{"href":"https:\/\/bynature.vn\/vi\/wp-json\/wp\/v2\/product\/12867","targetHints":{"allow":["GET"]}}],"collection":[{"href":"https:\/\/bynature.vn\/vi\/wp-json\/wp\/v2\/product"}],"about":[{"href":"https:\/\/bynature.vn\/vi\/wp-json\/wp\/v2\/types\/product"}],"wp:featuredmedia":[{"embeddable":true,"href":"https:\/\/bynature.vn\/vi\/wp-json\/wp\/v2\/media\/12063"}],"wp:attachment":[{"href":"https:\/\/bynature.vn\/vi\/wp-json\/wp\/v2\/media?parent=12867"}],"wp:term":[{"taxonomy":"pwb-brand","embeddable":true,"href":"https:\/\/bynature.vn\/vi\/wp-json\/wp\/v2\/pwb-brand?post=12867"},{"taxonomy":"product_cat","embeddable":true,"href":"https:\/\/bynature.vn\/vi\/wp-json\/wp\/v2\/product_cat?post=12867"},{"taxonomy":"product_tag","embeddable":true,"href":"https:\/\/bynature.vn\/vi\/wp-json\/wp\/v2\/product_tag?post=12867"}],"curies":[{"name":"wp","href":"https:\/\/api.w.org\/{rel}","templated":true}]}}