{"id":12863,"date":"2025-09-19T15:46:54","date_gmt":"2025-09-19T08:46:54","guid":{"rendered":"https:\/\/bynature.vn\/product\/500g-ot-chuong-nhieu-mau\/"},"modified":"2025-09-19T15:46:54","modified_gmt":"2025-09-19T08:46:54","slug":"500g-ot-chuong-nhieu-mau","status":"publish","type":"product","link":"https:\/\/bynature.vn\/vi\/product\/500g-ot-chuong-nhieu-mau\/","title":{"rendered":"500g \u1edat Chu\u00f4ng (nhi\u1ec1u m\u00e0u)"},"content":{"rendered":"<div id=\"model-response-message-contentr_7a464fa17dfd39c4\" class=\"markdown markdown-main-panel enable-updated-hr-color\" dir=\"ltr\">\n<p>S\u1eafc m\u00e0u r\u1ef1c r\u1ee1, ho\u00e0n to\u00e0n t\u1ef1 nhi\u00ean v\u00e0 ngay t\u1eeb n\u00f4ng tr\u1ea1i! Nh\u1eefng qu\u1ea3 \u1edbt ng\u1ecdt t\u01b0\u01a1i ngon n\u00e0y l\u00e0 c\u00e1ch ho\u00e0n h\u1ea3o \u0111\u1ec3 th\u00eam m\u00e0u s\u1eafc v\u00e0 h\u01b0\u01a1ng v\u1ecb cho b\u1eefa \u0103n c\u1ee7a b\u1ea1n. Nh\u1eefng qu\u1ea3 \u1edbt \u0111\u1ecf, v\u00e0ng v\u00e0 cam n\u00e0y \u0111\u1ea7y dinh d\u01b0\u1ee1ng t\u1ef1 nhi\u00ean, l\u00e0 ngu\u1ed3n cung c\u1ea5p <b>Vitamin A<\/b> v\u00e0 <b>Vitamin C<\/b>, c\u1ea7n thi\u1ebft cho h\u1ec7 mi\u1ec5n d\u1ecbch kh\u1ecfe m\u1ea1nh v\u00e0 l\u00e0n da r\u1ea1ng r\u1ee1. Th\u01b0\u1edfng th\u1ee9c \u0111\u1ed9 gi\u00f2n v\u00e0 v\u1ecb ng\u1ecdt t\u1ef1 nhi\u00ean c\u1ee7a ch\u00fang trong m\u1ecdi m\u00f3n \u0103n.   <\/p>\n<\/div>\n","protected":false},"excerpt":{"rendered":"<div id=\"model-response-message-contentr_b6d15d2e876f47b3\" class=\"markdown markdown-main-panel enable-updated-hr-color\" dir=\"ltr\">\n<p>Nh\u1eefng qu\u1ea3 \u1edbt ng\u1ecdt t\u01b0\u01a1i ngon, ho\u00e0n to\u00e0n t\u1ef1 nhi\u00ean t\u1eeb n\u00f4ng tr\u1ea1i l\u00e0 ngu\u1ed3n d\u1ed3i d\u00e0o <b>Vitamin A &amp; C<\/b>. Th\u01b0\u1edfng th\u1ee9c m\u00e0u s\u1eafc r\u1ef1c r\u1ee1 v\u00e0 v\u1ecb gi\u00f2n t\u01b0\u01a1i trong t\u1eebng mi\u1ebfng. <\/p>\n<\/div>\n","protected":false},"featured_media":12087,"template":"","meta":[],"pwb-brand":[],"product_cat":[374,384,241,233],"product_tag":[],"class_list":{"0":"post-12863","1":"product","2":"type-product","3":"status-publish","4":"has-post-thumbnail","6":"product_cat-ca-ot","7":"product_cat-ot","8":"product_cat-rau-cu-qua","9":"product_cat-rau-cu-qua-trai-cay","11":"first","12":"instock","13":"shipping-taxable","14":"purchasable","15":"product-type-simple"},"acf":[],"brands":[],"_links":{"self":[{"href":"https:\/\/bynature.vn\/vi\/wp-json\/wp\/v2\/product\/12863","targetHints":{"allow":["GET"]}}],"collection":[{"href":"https:\/\/bynature.vn\/vi\/wp-json\/wp\/v2\/product"}],"about":[{"href":"https:\/\/bynature.vn\/vi\/wp-json\/wp\/v2\/types\/product"}],"wp:featuredmedia":[{"embeddable":true,"href":"https:\/\/bynature.vn\/vi\/wp-json\/wp\/v2\/media\/12087"}],"wp:attachment":[{"href":"https:\/\/bynature.vn\/vi\/wp-json\/wp\/v2\/media?parent=12863"}],"wp:term":[{"taxonomy":"pwb-brand","embeddable":true,"href":"https:\/\/bynature.vn\/vi\/wp-json\/wp\/v2\/pwb-brand?post=12863"},{"taxonomy":"product_cat","embeddable":true,"href":"https:\/\/bynature.vn\/vi\/wp-json\/wp\/v2\/product_cat?post=12863"},{"taxonomy":"product_tag","embeddable":true,"href":"https:\/\/bynature.vn\/vi\/wp-json\/wp\/v2\/product_tag?post=12863"}],"curies":[{"name":"wp","href":"https:\/\/api.w.org\/{rel}","templated":true}]}}