{"id":12862,"date":"2025-09-21T12:03:19","date_gmt":"2025-09-21T05:03:19","guid":{"rendered":"https:\/\/bynature.vn\/product\/500g-ca-chua-bi-xanh\/"},"modified":"2025-09-21T12:03:19","modified_gmt":"2025-09-21T05:03:19","slug":"500g-ca-chua-bi-xanh","status":"publish","type":"product","link":"https:\/\/bynature.vn\/vi\/product\/500g-ca-chua-bi-xanh\/","title":{"rendered":"500g C\u00e0 Chua Bi Xanh"},"content":{"rendered":"<h3>C\u00e0 Chua Bi Xanh T\u1ef1 Nhi\u00ean<\/h3>\n<p>\u0110\u1eebng \u0111\u1ec3 m\u00e0u s\u1eafc c\u1ee7a ch\u00fang \u0111\u00e1nh l\u1eeba b\u1ea1n \u2013 nh\u1eefng \u201cvi\u00ean ng\u1ecdc nh\u1ecf\u201d n\u00e0y l\u00e0 lo\u1ea1i c\u00e0 chua t\u1ef1 nhi\u00ean v\u1eeba ng\u1ecdt v\u1eeba chua nh\u1eb9, kh\u00f4ng ph\u1ea3i c\u00e0 chua ch\u01b0a ch\u00edn! <b>C\u00e0 chua bi xanh t\u01b0\u01a1i t\u1eeb n\u00f4ng tr\u1ea1i<\/b> c\u1ee7a ch\u00fang t\u00f4i \u0111\u01b0\u1ee3c tr\u1ed3ng kh\u00f4ng s\u1eed d\u1ee5ng thu\u1ed1c tr\u1eeb s\u00e2u, \u0111\u1ea3m b\u1ea3o m\u1ed7i mi\u1ebfng \u0103n \u0111\u1ec1u mang \u0111\u1ebfn h\u01b0\u01a1ng v\u1ecb t\u01b0\u01a1i s\u1ea1ch, s\u1ed1ng \u0111\u1ed9ng. V\u1edbi k\u1ebft c\u1ea5u ch\u1eafc v\u00e0 v\u1ecb chua ng\u1ecdt \u0111\u1eb7c tr\u01b0ng, ch\u00fang l\u00e0 s\u1ef1 b\u1ed5 sung ho\u00e0n h\u1ea3o cho salad, xi\u00ean que, ho\u1eb7c \u0103n tr\u1ef1c ti\u1ebfp nh\u01b0 m\u1ed9t m\u00f3n \u0103n nh\u1eb9 l\u00e0nh m\u1ea1nh.  <\/p>\n<p><b>L\u1ee3i \u00cdch Dinh D\u01b0\u1ee1ng<\/b><\/p>\n<p>Kh\u00f4ng ch\u1ec9 l\u00e0 m\u1ed9t nguy\u00ean li\u1ec7u \u0111\u1eb9p m\u1eaft, nh\u1eefng qu\u1ea3 c\u00e0 chua nh\u1ecf n\u00e0y c\u00f2n \u0111\u1ea7y dinh d\u01b0\u1ee1ng. <span class=\"citation-16\">Ch\u00fang l\u00e0 ngu\u1ed3n cung c\u1ea5p<\/span> <b>Vitamin C<\/b> tuy\u1ec7t v\u1eddi, <span class=\"citation-16\">gi\u00fap t\u0103ng c\u01b0\u1eddng h\u1ec7 mi\u1ec5n d\u1ecbch, \u0111\u1ed3ng th\u1eddi gi\u00e0u<\/span> <b>Vitamin A<\/b> <span class=\"citation-16 citation-end-16\">v\u00e0 ch\u1ea5t ch\u1ed1ng oxy h\u00f3a, h\u1ed7 tr\u1ee3 th\u1ecb l\u1ef1c v\u00e0 s\u1ee9c kh\u1ecfe t\u1ebf b\u00e0o t\u1ed5ng th\u1ec3<\/span>. H\u00e3y t\u1eadn h\u01b0\u1edfng h\u01b0\u01a1ng v\u1ecb \u0111\u1ed9c \u0111\u00e1o trong khi nu\u00f4i d\u01b0\u1ee1ng c\u01a1 th\u1ec3.<\/p>\n","protected":false},"excerpt":{"rendered":"<div id=\"model-response-message-contentr_eda55236f7cedba9\" class=\"markdown markdown-main-panel enable-updated-hr-color\" dir=\"ltr\">\n<h3>Kh\u00e1m Ph\u00e1 M\u1ed9t Lo\u1ea1i C\u00e0 Chua M\u1edbi<\/h3>\n<p><b>C\u00e0 chua bi xanh ho\u00e0n to\u00e0n t\u1ef1 nhi\u00ean <\/b>\u2013 lo\u1ea1i nh\u1ecf xinh, t\u01b0\u01a1i s\u1ed1ng v\u00e0 \u0111\u1ea7y v\u1ecb chua ng\u1ecdt, ch\u1ee9ng minh r\u1eb1ng nh\u1eefng \u0111i\u1ec1u tuy\u1ec7t v\u1eddi \u0111\u00f4i khi l\u1ea1i \u0111\u1ebfn t\u1eeb nh\u1eefng th\u1ee9 nh\u1ecf b\u00e9. \u0110\u01b0\u1ee3c tr\u1ed3ng t\u1ea1i n\u00f4ng tr\u1ea1i kh\u00f4ng s\u1eed d\u1ee5ng thu\u1ed1c tr\u1eeb s\u00e2u, nh\u1eefng qu\u1ea3 c\u00e0 chua nh\u1ecf nh\u01b0 ng\u1ecdc n\u00e0y mang \u0111\u1ebfn h\u01b0\u01a1ng v\u1ecb t\u01b0\u01a1i m\u00e1t \u0111\u1ed9c \u0111\u00e1o. Th\u01b0\u1edfng th\u1ee9c nguy\u00ean qu\u1ea3 trong salad, l\u00e0m m\u00f3n \u0103n nh\u1eb9 gi\u00f2n, ho\u1eb7c n\u1ea5u trong c\u00e1c m\u00f3n \u0103n y\u00eau th\u00edch.  <\/p>\n<\/div>\n","protected":false},"featured_media":12097,"template":"","meta":[],"pwb-brand":[],"product_cat":[374,383,241,233],"product_tag":[595,594,590,589],"class_list":{"0":"post-12862","1":"product","2":"type-product","3":"status-publish","4":"has-post-thumbnail","6":"product_cat-ca-ot","7":"product_cat-ca-chua","8":"product_cat-rau-cu-qua","9":"product_cat-rau-cu-qua-trai-cay","10":"product_tag-ca-chua-bi-xanh","11":"product_tag-hoan-toan-thien-nhien","12":"product_tag-khong-thuoc-tru-sau","13":"product_tag-tuoi-moi-tu-trang-trai","15":"first","16":"instock","17":"shipping-taxable","18":"purchasable","19":"product-type-simple"},"acf":[],"brands":[],"_links":{"self":[{"href":"https:\/\/bynature.vn\/vi\/wp-json\/wp\/v2\/product\/12862","targetHints":{"allow":["GET"]}}],"collection":[{"href":"https:\/\/bynature.vn\/vi\/wp-json\/wp\/v2\/product"}],"about":[{"href":"https:\/\/bynature.vn\/vi\/wp-json\/wp\/v2\/types\/product"}],"wp:featuredmedia":[{"embeddable":true,"href":"https:\/\/bynature.vn\/vi\/wp-json\/wp\/v2\/media\/12097"}],"wp:attachment":[{"href":"https:\/\/bynature.vn\/vi\/wp-json\/wp\/v2\/media?parent=12862"}],"wp:term":[{"taxonomy":"pwb-brand","embeddable":true,"href":"https:\/\/bynature.vn\/vi\/wp-json\/wp\/v2\/pwb-brand?post=12862"},{"taxonomy":"product_cat","embeddable":true,"href":"https:\/\/bynature.vn\/vi\/wp-json\/wp\/v2\/product_cat?post=12862"},{"taxonomy":"product_tag","embeddable":true,"href":"https:\/\/bynature.vn\/vi\/wp-json\/wp\/v2\/product_tag?post=12862"}],"curies":[{"name":"wp","href":"https:\/\/api.w.org\/{rel}","templated":true}]}}