{"id":12861,"date":"2025-09-21T12:35:10","date_gmt":"2025-09-21T05:35:10","guid":{"rendered":"https:\/\/bynature.vn\/product\/500g-dua-chuot-mini\/"},"modified":"2025-09-21T12:35:10","modified_gmt":"2025-09-21T05:35:10","slug":"500g-dua-chuot-mini","status":"publish","type":"product","link":"https:\/\/bynature.vn\/vi\/product\/500g-dua-chuot-mini\/","title":{"rendered":"500g D\u01b0a Chu\u1ed9t Mini"},"content":{"rendered":"<div id=\"model-response-message-contentr_019c27fc8600a3bc\" class=\"markdown markdown-main-panel enable-updated-hr-color\" dir=\"ltr\">\n<h3>Nh\u1eefng Qu\u1ea3 D\u01b0a Chu\u1ed9t Mini Gi\u00f2n &amp; T\u01b0\u01a1i M\u1edbi<\/h3>\n<p>Nh\u1eefng qu\u1ea3 d\u01b0a chu\u1ed9t mini n\u00e0y l\u00e0 m\u1ed9t m\u00f3n \u0103n v\u1eb7t y\u00eau th\u00edch! <b>D\u01b0a chu\u1ed9t mini<\/b> c\u1ee7a ch\u00fang t\u00f4i \u0111\u01b0\u1ee3c chia ph\u1ea7n v\u1eeba ph\u1ea3i v\u00e0 mang h\u01b0\u01a1ng v\u1ecb t\u01b0\u01a1i gi\u00f2n tuy\u1ec7t v\u1eddi. \u0110\u1ed9 gi\u00f2n s\u1ea3ng kho\u00e1i v\u00e0 v\u1ecb m\u00e1t t\u1ef1 nhi\u00ean khi\u1ebfn ch\u00fang tr\u1edf th\u00e0nh m\u00f3n \u0103n nhanh l\u00fd t\u01b0\u1edfng, h\u1ed9p c\u01a1m tr\u01b0a, ho\u1eb7c m\u00f3n th\u00eam h\u1ea5p d\u1eabn cho c\u00e1c m\u00f3n salad.  <\/p>\n<p><b>L\u1ee3i \u00cdch Dinh D\u01b0\u1ee1ng<\/b><\/p>\n<p><span class=\"citation-4 citation-end-4\">Kh\u00f4ng ch\u1ec9 l\u00e0 m\u00f3n \u0103n ngon, d\u01b0a chu\u1ed9t mini c\u00f2n gi\u00fap b\u1ed5 sung n\u01b0\u1edbc cho c\u01a1 th\u1ec3 nh\u1edd h\u00e0m l\u01b0\u1ee3ng n\u01b0\u1edbc cao<\/span>. <span class=\"citation-3\">Ch\u00fang c\u0169ng l\u00e0 ngu\u1ed3n<\/span> <b>Vitamin K<\/b> <span class=\"citation-3 citation-end-3\">v\u00e0 ch\u1ea5t ch\u1ed1ng oxy h\u00f3a phong ph\u00fa, h\u1ed7 tr\u1ee3 b\u1ea3o v\u1ec7 c\u00e1c t\u1ebf b\u00e0o c\u01a1 th\u1ec3<\/span>. Th\u01b0\u1edfng th\u1ee9c ch\u00fang nh\u01b0 m\u1ed9t th\u00eam v\u00e0o b\u1eefa \u0103n \u00edt calo, gi\u00e0u dinh d\u01b0\u1ee1ng.<\/p>\n<div class=\"source-inline-chip-container ng-star-inserted\"><\/div>\n<p>&nbsp;<\/p>\n<\/div>\n","protected":false},"excerpt":{"rendered":"<div id=\"model-response-message-contentr_10cc6a114f57697a\" class=\"markdown markdown-main-panel enable-updated-hr-color\" dir=\"ltr\">\n<h3>C\u00e2n B\u1eb1ng Ho\u00e0n H\u1ea3o cho S\u1ef1 T\u01b0\u01a1i M\u00e1t<\/h3>\n<p>Kh\u00e1m ph\u00e1 h\u01b0\u01a1ng v\u1ecb tinh khi\u1ebft, gi\u00f2n m\u00e1t c\u1ee7a nh\u1eefng qu\u1ea3 <b>d\u01b0a chu\u1ed9t mini<\/b>. Nh\u1eefng qu\u1ea3 d\u01b0a nh\u1ecf xinh n\u00e0y l\u00e0 ngu\u1ed3n t\u1ef1 nhi\u00ean c\u1ee7a <b>Vitamin K<\/b> v\u00e0 ch\u1ea5t ch\u1ed1ng oxy h\u00f3a, gi\u00fap ch\u00fang tr\u1edf th\u00e0nh m\u00f3n b\u1ed5 sung l\u00e0nh m\u1ea1nh cho b\u1ea5t k\u1ef3 b\u1eefa \u0103n n\u00e0o. \u0110\u01b0\u1ee3c tr\u1ed3ng \u0111\u1ec3 gi\u1eef v\u1ecb t\u01b0\u01a1i m\u00e1t v\u00e0 \u0111\u1ed9 gi\u00f2n th\u1ecfa m\u00e3n, ch\u00fang l\u00fd t\u01b0\u1edfng \u0111\u1ec3 d\u00f9ng trong salad ho\u1eb7c nh\u01b0 m\u1ed9t m\u00f3n \u0103n nh\u1eb9 gi\u1ea3i kh\u00e1t t\u1ef1 nhi\u00ean.  <\/p>\n<\/div>\n","protected":false},"featured_media":12100,"template":"","meta":[],"pwb-brand":[],"product_cat":[376,389,241,233],"product_tag":[592,593,591,590,589],"class_list":{"0":"post-12861","1":"product","2":"type-product","3":"status-publish","4":"has-post-thumbnail","6":"product_cat-bau-bi-muop","7":"product_cat-dua-leo-dua-chuot","8":"product_cat-rau-cu-qua","9":"product_cat-rau-cu-qua-trai-cay","10":"product_tag-dua-chuot","11":"product_tag-dua-chuot-vi","12":"product_tag-dua-leo-nho","13":"product_tag-khong-thuoc-tru-sau","14":"product_tag-tuoi-moi-tu-trang-trai","16":"first","17":"instock","18":"shipping-taxable","19":"purchasable","20":"product-type-simple"},"acf":[],"brands":[],"_links":{"self":[{"href":"https:\/\/bynature.vn\/vi\/wp-json\/wp\/v2\/product\/12861","targetHints":{"allow":["GET"]}}],"collection":[{"href":"https:\/\/bynature.vn\/vi\/wp-json\/wp\/v2\/product"}],"about":[{"href":"https:\/\/bynature.vn\/vi\/wp-json\/wp\/v2\/types\/product"}],"wp:featuredmedia":[{"embeddable":true,"href":"https:\/\/bynature.vn\/vi\/wp-json\/wp\/v2\/media\/12100"}],"wp:attachment":[{"href":"https:\/\/bynature.vn\/vi\/wp-json\/wp\/v2\/media?parent=12861"}],"wp:term":[{"taxonomy":"pwb-brand","embeddable":true,"href":"https:\/\/bynature.vn\/vi\/wp-json\/wp\/v2\/pwb-brand?post=12861"},{"taxonomy":"product_cat","embeddable":true,"href":"https:\/\/bynature.vn\/vi\/wp-json\/wp\/v2\/product_cat?post=12861"},{"taxonomy":"product_tag","embeddable":true,"href":"https:\/\/bynature.vn\/vi\/wp-json\/wp\/v2\/product_tag?post=12861"}],"curies":[{"name":"wp","href":"https:\/\/api.w.org\/{rel}","templated":true}]}}