{"id":12860,"date":"2025-09-23T10:06:52","date_gmt":"2025-09-23T03:06:52","guid":{"rendered":"https:\/\/bynature.vn\/product\/dua-luoi-vang-15-25kg-gia-theo-kg\/"},"modified":"2026-01-03T05:14:44","modified_gmt":"2026-01-02T22:14:44","slug":"dua-luoi-vang-15-25kg-gia-theo-kg","status":"publish","type":"product","link":"https:\/\/bynature.vn\/vi\/product\/dua-luoi-vang-15-25kg-gia-theo-kg\/","title":{"rendered":"D\u01b0a L\u01b0\u1edbi V\u00e0ng ~1,5\u20132,5kg (gi\u00e1 theo kg)"},"content":{"rendered":"<div id=\"model-response-message-contentr_d9cdf634cddccbe9\" class=\"markdown markdown-main-panel enable-updated-hr-color\" dir=\"ltr\">\n<p>C\u1eafn m\u1ed9t mi\u1ebfng c\u1ee7a \u00e1nh n\u1eafng thu\u1ea7n khi\u1ebft \u2013 <b>nh\u1eefng qu\u1ea3 d\u01b0a l\u01b0\u1edbi v\u00e0ng tr\u1ed3ng h\u1eefu c\u01a1<\/b> c\u1ee7a ch\u00fang t\u00f4i \u0111ang ch\u00edn m\u1ecdng v\u00e0 tr\u00e0n ng\u1eadp h\u01b0\u01a1ng v\u1ecb ng\u1ecdt thanh, m\u1ecdng n\u01b0\u1edbc. Thu ho\u1ea1ch \u0111\u00fang m\u00f9a ch\u00edn, m\u1ed7i qu\u1ea3 l\u00e0 minh ch\u1ee9ng cho ch\u1ea5t l\u01b0\u1ee3ng t\u01b0\u01a1i ngon t\u1eeb n\u00f4ng tr\u1ea1i, mang \u0111\u1ebfn v\u1ecb ng\u1ecdt m\u00e1t, s\u1ea3ng kho\u00e1i, l\u00fd t\u01b0\u1edfng \u0111\u1ec3 th\u01b0\u1edfng th\u1ee9c v\u00e0o b\u1eefa s\u00e1ng, tr\u00e1ng mi\u1ec7ng nh\u1eb9 nh\u00e0ng ho\u1eb7c \u0103n v\u1eb7t l\u00e0nh m\u1ea1nh. <\/p>\n<p><span class=\"citation-8 citation-end-8\">Kh\u00f4ng ch\u1ec9 l\u00e0 m\u00f3n \u0103n ngon, d\u01b0a l\u01b0\u1edbi v\u00e0ng c\u00f2n l\u00e0 kho dinh d\u01b0\u1ee1ng tuy\u1ec7t v\u1eddi<\/span>. <span class=\"citation-7\">\u0110\u00e2y l\u00e0 ngu\u1ed3n cung c\u1ea5p tuy\u1ec7t v\u1eddi<\/span> c\u1ee7a <b>Vitamin A<\/b> <span class=\"citation-7\">v\u00e0<\/span> <b>Vitamin C<\/b>, <span class=\"citation-7 citation-end-7\">c\u1ea7n thi\u1ebft cho h\u1ec7 mi\u1ec5n d\u1ecbch kh\u1ecfe m\u1ea1nh v\u00e0 l\u00e0n da r\u1ea1ng r\u1ee1<\/span>. Th\u00eam v\u00e0o \u0111\u00f3, h\u00e0m l\u01b0\u1ee3ng n\u01b0\u1edbc cao gi\u00fap c\u01a1 th\u1ec3 d\u01b0\u1ee1ng \u1ea9m v\u00e0 m\u00e1t m\u1ebb v\u00e0o nh\u1eefng ng\u00e0y n\u00f3ng b\u1ee9c.<\/p>\n<div class=\"source-inline-chip-container ng-star-inserted\"><\/div>\n<p>&nbsp;<\/p>\n<\/div>\n","protected":false},"excerpt":{"rendered":"<div id=\"model-response-message-contentr_8efb3363c1adc737\" class=\"markdown markdown-main-panel enable-updated-hr-color\" dir=\"ltr\">\n<p>Tr\u1ea3i nghi\u1ec7m h\u01b0\u01a1ng v\u1ecb tinh t\u00fay c\u1ee7a d\u01b0a v\u00e0ng v\u1edbi <b>nh\u1eefng qu\u1ea3 d\u01b0a l\u01b0\u1edbi \u0111\u01b0\u1ee3c tr\u1ed3ng h\u1eefu c\u01a1. \u0110<\/b>\u01b0\u1ee3c thu ho\u1ea1ch th\u1ee7 c\u00f4ng khi ch\u00edn m\u1ecdng d\u01b0\u1edbi \u00e1nh n\u1eafng. M\u1ed7i mi\u1ebfng \u0111\u1ec1u ng\u1ecdt thanh, m\u1ecdng n\u01b0\u1edbc ho\u00e0n h\u1ea3o, mang \u0111\u1ebfn tr\u1ea3i nghi\u1ec7m t\u01b0\u01a1i ngon t\u1eeb n\u00f4ng tr\u1ea1i. Th\u01b0\u1edfng th\u1ee9c m\u00f3n \u0103n n\u00e0y nh\u01b0 m\u1ed9t b\u1eefa \u0103n nh\u1eb9 gi\u1ea3i kh\u00e1t \u0111\u1ea7y s\u1ea3ng kho\u00e1i v\u00e0 ngon mi\u1ec7ng.  <\/p>\n<\/div>\n","protected":false},"featured_media":12117,"template":"","meta":[],"pwb-brand":[],"product_cat":[233,239],"product_tag":[],"class_list":{"0":"post-12860","1":"product","2":"type-product","3":"status-publish","4":"has-post-thumbnail","6":"product_cat-rau-cu-qua-trai-cay","7":"product_cat-trai-cay","9":"first","10":"instock","11":"shipping-taxable","12":"purchasable","13":"product-type-simple"},"acf":[],"brands":[],"_links":{"self":[{"href":"https:\/\/bynature.vn\/vi\/wp-json\/wp\/v2\/product\/12860","targetHints":{"allow":["GET"]}}],"collection":[{"href":"https:\/\/bynature.vn\/vi\/wp-json\/wp\/v2\/product"}],"about":[{"href":"https:\/\/bynature.vn\/vi\/wp-json\/wp\/v2\/types\/product"}],"wp:featuredmedia":[{"embeddable":true,"href":"https:\/\/bynature.vn\/vi\/wp-json\/wp\/v2\/media\/12117"}],"wp:attachment":[{"href":"https:\/\/bynature.vn\/vi\/wp-json\/wp\/v2\/media?parent=12860"}],"wp:term":[{"taxonomy":"pwb-brand","embeddable":true,"href":"https:\/\/bynature.vn\/vi\/wp-json\/wp\/v2\/pwb-brand?post=12860"},{"taxonomy":"product_cat","embeddable":true,"href":"https:\/\/bynature.vn\/vi\/wp-json\/wp\/v2\/product_cat?post=12860"},{"taxonomy":"product_tag","embeddable":true,"href":"https:\/\/bynature.vn\/vi\/wp-json\/wp\/v2\/product_tag?post=12860"}],"curies":[{"name":"wp","href":"https:\/\/api.w.org\/{rel}","templated":true}]}}