{"id":12859,"date":"2025-10-02T14:23:24","date_gmt":"2025-10-02T07:23:24","guid":{"rendered":"https:\/\/bynature.vn\/product\/vit-nguyen-con-18kg-gia-theo-kg\/"},"modified":"2025-10-02T14:23:24","modified_gmt":"2025-10-02T07:23:24","slug":"vit-nguyen-con-18kg-gia-theo-kg","status":"publish","type":"product","link":"https:\/\/bynature.vn\/vi\/product\/vit-nguyen-con-18kg-gia-theo-kg\/","title":{"rendered":"V\u1ecbt Nguy\u00ean Con ~1,8kg (gi\u00e1 theo kg)"},"content":{"rendered":"<div id=\"model-response-message-contentr_36d5eb1793e6f7dc\" class=\"markdown markdown-main-panel enable-updated-hr-color\" dir=\"ltr\">\n<h3>V\u1ecbt Nguy\u00ean Con Cao C\u1ea5p Nu\u00f4i Th\u1ea3 T\u1ef1 Nhi\u00ean<\/h3>\n<p>Th\u01b0\u1edfng th\u1ee9c h\u01b0\u01a1ng v\u1ecb \u0111\u1eadm \u0111\u00e0, truy\u1ec1n th\u1ed1ng c\u1ee7a <b>V\u1ecbt t\u1eeb Trang Tr\u1ea1i<\/b> c\u1ee7a ch\u00fang t\u00f4i. L\u1ea5y t\u1eeb ngu\u1ed3n v\u1ecbt \u0111\u1ecba ph\u01b0\u01a1ng <b>nu\u00f4i th\u1ea3 t\u1ef1 nhi\u00ean<\/b>, ch\u00fang \u0111\u01b0\u1ee3c th\u1ea3 r\u00f4ng \u0111\u1ec3 ph\u00e1t tri\u1ec3n t\u1ef1 nhi\u00ean. Mang \u0111\u1ebfn th\u1ecbt s\u0103n ch\u1eafc, ngon ng\u1ecdt v\u00e0 m\u1ed9t l\u1edbp m\u1ee1 d\u00e0y v\u1eeba ph\u1ea3i, l\u00fd t\u01b0\u1edfng \u0111\u1ec3 l\u00e0m gi\u00f2n da L\u00e0 s\u1ea3n ph\u1ea9m <b>ho\u00e0n to\u00e0n t\u1ef1 nhi\u00ean<\/b> v\u00e0 <b>nu\u00f4i t\u1ea1i \u0111\u1ecba ph\u01b0\u01a1ng<\/b>, \u0111\u00e2y l\u00e0 l\u1ef1a ch\u1ecdn ho\u00e0n h\u1ea3o \u0111\u1ec3 ch\u1ebf bi\u1ebfn nh\u1eefng b\u1eefa \u0103n \u0111\u1ee7 \u0111\u1ea7y, b\u1ed5 d\u01b0\u1ee1ng cho gia \u0111\u00ecnh.<\/p>\n<\/div>\n","protected":false},"excerpt":{"rendered":"<div id=\"model-response-message-contentr_803d6b2aa612d4a3\" class=\"markdown markdown-main-panel enable-updated-hr-color\" dir=\"ltr\">\n<p>Th\u01b0\u1edfng th\u1ee9c <b>v\u1ecbt t\u01b0\u01a1i, t\u1ef1 nhi\u00ean t\u1eeb n\u00f4ng tr\u1ea1i,<\/b> \u0111\u01b0\u1ee3c <b>nu\u00f4i th\u1ea3<\/b> v\u00e0 c\u00f3 ngu\u1ed3n g\u1ed1c \u0111\u1ecba ph\u01b0\u01a1ng. Ph\u01b0\u01a1ng ph\u00e1p nu\u00f4i d\u01b0\u1ee1ng <b>t\u1ef1 nhi\u00ean<\/b> n\u00e0y \u0111\u1ea3m b\u1ea3o h\u01b0\u01a1ng v\u1ecb v\u00e0 k\u1ebft c\u1ea5u cao c\u1ea5p, mang \u0111\u1ebfn m\u00f3n v\u1ecbt th\u01a1m ngon, m\u1ecdng n\u01b0\u1edbc, l\u00fd t\u01b0\u1edfng cho b\u1eefa t\u1ed1i gia \u0111\u00ecnh ti\u1ebfp theo.<\/p>\n<\/div>\n","protected":false},"featured_media":12160,"template":"","meta":[],"pwb-brand":[],"product_cat":[247,251],"product_tag":[586,588,587],"class_list":{"0":"post-12859","1":"product","2":"type-product","3":"status-publish","4":"has-post-thumbnail","6":"product_cat-cac-loai-thit","7":"product_cat-thit-ga-vit","8":"product_tag-vit-nguyen-con","9":"product_tag-vit-nuoi-tha-vi","10":"product_tag-vit-tu-trang-trai","12":"first","13":"instock","14":"shipping-taxable","15":"purchasable","16":"product-type-simple"},"acf":[],"brands":[],"_links":{"self":[{"href":"https:\/\/bynature.vn\/vi\/wp-json\/wp\/v2\/product\/12859","targetHints":{"allow":["GET"]}}],"collection":[{"href":"https:\/\/bynature.vn\/vi\/wp-json\/wp\/v2\/product"}],"about":[{"href":"https:\/\/bynature.vn\/vi\/wp-json\/wp\/v2\/types\/product"}],"wp:featuredmedia":[{"embeddable":true,"href":"https:\/\/bynature.vn\/vi\/wp-json\/wp\/v2\/media\/12160"}],"wp:attachment":[{"href":"https:\/\/bynature.vn\/vi\/wp-json\/wp\/v2\/media?parent=12859"}],"wp:term":[{"taxonomy":"pwb-brand","embeddable":true,"href":"https:\/\/bynature.vn\/vi\/wp-json\/wp\/v2\/pwb-brand?post=12859"},{"taxonomy":"product_cat","embeddable":true,"href":"https:\/\/bynature.vn\/vi\/wp-json\/wp\/v2\/product_cat?post=12859"},{"taxonomy":"product_tag","embeddable":true,"href":"https:\/\/bynature.vn\/vi\/wp-json\/wp\/v2\/product_tag?post=12859"}],"curies":[{"name":"wp","href":"https:\/\/api.w.org\/{rel}","templated":true}]}}