{"id":12858,"date":"2025-10-02T15:00:56","date_gmt":"2025-10-02T08:00:56","guid":{"rendered":"https:\/\/bynature.vn\/product\/500g-gan-vit\/"},"modified":"2025-10-02T15:00:56","modified_gmt":"2025-10-02T08:00:56","slug":"500g-gan-vit","status":"publish","type":"product","link":"https:\/\/bynature.vn\/vi\/product\/500g-gan-vit\/","title":{"rendered":"500g Gan V\u1ecbt"},"content":{"rendered":"<div id=\"model-response-message-contentr_438dbea7a614ed06\" class=\"markdown markdown-main-panel enable-updated-hr-color\" dir=\"ltr\">\n<h3>Gan V\u1ecbt T\u01b0\u01a1i, Ho\u00e0n To\u00e0n T\u1ef1 Nhi\u00ean<\/h3>\n<p>Tr\u1ea3i nghi\u1ec7m h\u01b0\u01a1ng v\u1ecb \u0111\u1eadm \u0111\u00e0, m\u1ecbn m\u00e0ng c\u1ee7a <b>Gan V\u1ecbt<\/b>, \u0111\u01b0\u1ee3c l\u1ea5y t\u1eeb nh\u1eefng con v\u1ecbt cao c\u1ea5p, <b>nu\u00f4i th\u1ea3 t\u1ef1 nhi\u00ean t\u1ea1i \u0111\u1ecba ph\u01b0\u01a1ng<\/b>. Nh\u1edd v\u1ecbt \u0111\u01b0\u1ee3c nu\u00f4i th\u1ea3 t\u1ef1 nhi\u00ean, gan c\u00f3 k\u1ebft c\u1ea5u tuy\u1ec7t h\u1ea3o v\u00e0 h\u01b0\u01a1ng v\u1ecb tinh khi\u1ebft, s\u00e2u s\u1eafc. S\u1ea3n ph\u1ea9m \u0111\u00e3 \u0111\u01b0\u1ee3c l\u00e0m s\u1ea1ch s\u1eb5n, s\u1eb5n s\u00e0ng \u0111\u1ec3 b\u1ea1n ch\u1ebf bi\u1ebfn trong b\u1ebfp.  <\/p>\n<p>Gan v\u1ecbt ch\u1ea5t l\u01b0\u1ee3ng cao n\u00e0y c\u1ef1c k\u1ef3 \u0111a n\u0103ng v\u00e0 l\u00fd t\u01b0\u1edfng \u0111\u1ec3 n\u1ea5u cho ng\u01b0\u1eddi s\u00e0nh \u0103n. D\u00f9ng \u0111\u1ec3 l\u00e0m <b>pate<\/b> c\u1ed5 \u0111i\u1ec3n, sang tr\u1ecdng, ho\u1eb7c \u00e1p ch\u1ea3o nhanh v\u00e0i ph\u00fat m\u1ed7i m\u1eb7t v\u00e0 th\u01b0\u1edfng th\u1ee9c c\u00f9ng h\u00e0nh caramel v\u00e0 n\u01b0\u1edbc s\u1ed1t gi\u1ea5m \u0111\u01a1n gi\u1ea3n. <\/p>\n<\/div>\n","protected":false},"excerpt":{"rendered":"<div id=\"model-response-message-contentr_1149b51de18423a8\" class=\"markdown markdown-main-panel enable-updated-hr-color\" dir=\"ltr\">\n<p>&nbsp;<\/p>\n<div id=\"model-response-message-contentr_1149b51de18423a8\" class=\"markdown markdown-main-panel enable-updated-hr-color\" dir=\"ltr\">\n<h3>Gan V\u1ecbt Cao C\u1ea5p, Ngu\u1ed3n G\u1ed1c \u0110\u1ecba Ph\u01b0\u01a1ng<\/h3>\n<p>Th\u01b0\u1edfng th\u1ee9c h\u01b0\u01a1ng v\u1ecb tinh khi\u1ebft, \u0111\u1eadm \u0111\u00e0 c\u1ee7a<b> Gan V\u1ecbt<\/b>, \u0111\u1ea3m b\u1ea3o t\u01b0\u01a1i ngon v\u00e0 l\u1ea5y t\u1eeb <b>ngu\u1ed3n \u0111\u1ecba ph\u01b0\u01a1ng<\/b>. Gan ch\u1ea5t l\u01b0\u1ee3ng cao n\u00e0y \u0111\u1ebfn t\u1eeb <b>nh\u1eefng con v\u1ecbt nu\u00f4i th\u1ea3 t\u1ef1 nhi\u00ean<\/b>, mang l\u1ea1i k\u1ebft c\u1ea5u m\u1ecbn m\u00e0ng v\u00e0 h\u01b0\u01a1ng v\u1ecb \u0111\u1eadm \u0111\u00e0, ch\u00e2n th\u1ef1c, n\u00e2ng t\u1ea7m m\u1ecdi m\u00f3n \u0103n. <\/p>\n<p data-start=\"157\" data-end=\"414\">\n<\/div>\n<\/div>\n","protected":false},"featured_media":12163,"template":"","meta":[],"pwb-brand":[],"product_cat":[247,251],"product_tag":[],"class_list":{"0":"post-12858","1":"product","2":"type-product","3":"status-publish","4":"has-post-thumbnail","6":"product_cat-cac-loai-thit","7":"product_cat-thit-ga-vit","9":"first","10":"instock","11":"shipping-taxable","12":"purchasable","13":"product-type-simple"},"acf":[],"brands":[],"_links":{"self":[{"href":"https:\/\/bynature.vn\/vi\/wp-json\/wp\/v2\/product\/12858","targetHints":{"allow":["GET"]}}],"collection":[{"href":"https:\/\/bynature.vn\/vi\/wp-json\/wp\/v2\/product"}],"about":[{"href":"https:\/\/bynature.vn\/vi\/wp-json\/wp\/v2\/types\/product"}],"wp:featuredmedia":[{"embeddable":true,"href":"https:\/\/bynature.vn\/vi\/wp-json\/wp\/v2\/media\/12163"}],"wp:attachment":[{"href":"https:\/\/bynature.vn\/vi\/wp-json\/wp\/v2\/media?parent=12858"}],"wp:term":[{"taxonomy":"pwb-brand","embeddable":true,"href":"https:\/\/bynature.vn\/vi\/wp-json\/wp\/v2\/pwb-brand?post=12858"},{"taxonomy":"product_cat","embeddable":true,"href":"https:\/\/bynature.vn\/vi\/wp-json\/wp\/v2\/product_cat?post=12858"},{"taxonomy":"product_tag","embeddable":true,"href":"https:\/\/bynature.vn\/vi\/wp-json\/wp\/v2\/product_tag?post=12858"}],"curies":[{"name":"wp","href":"https:\/\/api.w.org\/{rel}","templated":true}]}}