{"id":12857,"date":"2025-10-02T16:20:28","date_gmt":"2025-10-02T09:20:28","guid":{"rendered":"https:\/\/bynature.vn\/product\/500g-mo-vit\/"},"modified":"2025-10-02T16:20:28","modified_gmt":"2025-10-02T09:20:28","slug":"500g-mo-vit","status":"publish","type":"product","link":"https:\/\/bynature.vn\/vi\/product\/500g-mo-vit\/","title":{"rendered":"500g M\u1ee1 V\u1ecbt"},"content":{"rendered":"<div id=\"model-response-message-contentr_6b7e3d19a78d999f\" class=\"markdown markdown-main-panel enable-updated-hr-color\" dir=\"ltr\">\n<h3>M\u1ee1 V\u1ecbt Cao C\u1ea5p<\/h3>\n<p>N\u00e2ng t\u1ea7m m\u00f3n \u0103n c\u1ee7a b\u1ea1n v\u1edbi <b>M\u1ee1 V\u1ecbt<\/b> th\u01b0\u1ee3ng h\u1ea1ng, \u0111\u01b0\u1ee3c ch\u1ebf bi\u1ebfn t\u1eeb <b>nh\u1eefng con v\u1ecbt nu\u00f4i th\u1ea3 t\u1ef1 nhi\u00ean, t\u01b0\u01a1i s\u1ea1ch<\/b>. <span class=\"citation-3 citation-end-3\">\u0110\u01b0\u1ee3c bi\u1ebft \u0111\u1ebfn v\u1edbi h\u01b0\u01a1ng v\u1ecb \u0111\u1eb7c tr\u01b0ng v\u00e0 \u0111i\u1ec3m b\u1ed1c kh\u00f3i cao, m\u1ee1 v\u1ecbt l\u00e0 nguy\u00ean li\u1ec7u kh\u00f4ng th\u1ec3 thi\u1ebfu trong c\u00e1c c\u0103n b\u1ebfp c\u1ee7a ng\u01b0\u1eddi s\u00e0nh \u0103n.<\/span> N\u00f3 mang \u0111\u1ebfn v\u1ecb b\u00e9o \u0111\u1eadm \u0111\u00e0 v\u00e0 s\u00e2u s\u1eafc cho m\u1ecdi m\u00f3n \u0103n.<\/p>\n<p><b>M\u1ee5c \u0110\u00edch N\u1ea5u \u0102n: <\/b><span class=\"citation-2\">S\u1eed d\u1ee5ng n\u00f3 \u0111\u1ec3 <b>n\u01b0\u1edbng khoai t\u00e2y<\/b> gi\u00f2n nh\u1ea5t<\/span>, <span class=\"citation-2\">\u00e1p ch\u1ea3o th\u1ecbt b\u00f2, l\u00e0m c\u00e1c m\u00f3n \u0103n<\/span> <b>confit<\/b> <span class=\"citation-2 citation-end-2\">(nh\u01b0 m\u00f3n v\u1ecbt x\u00e0o) ho\u1eb7c \u0111\u01a1n gi\u1ea3n l\u00e0 x\u00e0o rau<\/span>. M\u1ed9t l\u01b0\u1ee3ng nh\u1ecf m\u1ee1 v\u1ecbt s\u1ebd bi\u1ebfn vi\u1ec7c n\u1ea5u n\u01b0\u1edbng h\u00e0ng ng\u00e0y th\u00e0nh m\u1ed9t tr\u1ea3i nghi\u1ec7m \u1ea9m th\u1ef1c \u0111\u00e1ng nh\u1edb.<\/p>\n<p>&nbsp;<\/p>\n<\/div>\n","protected":false},"excerpt":{"rendered":"<div id=\"model-response-message-contentr_c7c3be5e2f7c9145\" class=\"markdown markdown-main-panel enable-updated-hr-color\" dir=\"ltr\">\n<h3>M\u1ee1 V\u1ecbt Cao C\u1ea5p<\/h3>\n<p>N\u00e2ng t\u1ea7m b\u1eefa \u0103n c\u1ee7a b\u1ea1n v\u1edbi <b>M\u1ee1 V\u1ecbt<\/b> cao c\u1ea5p, \u0111\u01b0\u1ee3c ch\u1ebf bi\u1ebfn t\u1ef1 nhi\u00ean t\u1eeb <b>v\u1ecbt nu\u00f4i th\u1ea3, t\u01b0\u01a1i s\u1ea1ch<\/b>. V\u1edbi h\u01b0\u01a1ng v\u1ecb \u0111\u1eb7c tr\u01b0ng v\u00e0 \u0111i\u1ec3m kh\u00f3i cao, ch\u1ec9 m\u1ed9t ch\u00fat m\u1ee1 v\u1ecbt c\u0169ng \u0111\u1ee7 mang \u0111\u1ebfn v\u1ecb b\u00e9o \u0111\u1eadm \u0111\u00e0, s\u00e2u s\u1eafc cho m\u1ecdi m\u00f3n \u0103n. <\/p>\n<\/div>\n","protected":false},"featured_media":12167,"template":"","meta":[],"pwb-brand":[],"product_cat":[247,251],"product_tag":[583,584,585],"class_list":{"0":"post-12857","1":"product","2":"type-product","3":"status-publish","4":"has-post-thumbnail","6":"product_cat-cac-loai-thit","7":"product_cat-thit-ga-vit","8":"product_tag-mo-vit","9":"product_tag-vit","10":"product_tag-vit-nuoi-tha","12":"first","13":"instock","14":"shipping-taxable","15":"purchasable","16":"product-type-simple"},"acf":[],"brands":[],"_links":{"self":[{"href":"https:\/\/bynature.vn\/vi\/wp-json\/wp\/v2\/product\/12857","targetHints":{"allow":["GET"]}}],"collection":[{"href":"https:\/\/bynature.vn\/vi\/wp-json\/wp\/v2\/product"}],"about":[{"href":"https:\/\/bynature.vn\/vi\/wp-json\/wp\/v2\/types\/product"}],"wp:featuredmedia":[{"embeddable":true,"href":"https:\/\/bynature.vn\/vi\/wp-json\/wp\/v2\/media\/12167"}],"wp:attachment":[{"href":"https:\/\/bynature.vn\/vi\/wp-json\/wp\/v2\/media?parent=12857"}],"wp:term":[{"taxonomy":"pwb-brand","embeddable":true,"href":"https:\/\/bynature.vn\/vi\/wp-json\/wp\/v2\/pwb-brand?post=12857"},{"taxonomy":"product_cat","embeddable":true,"href":"https:\/\/bynature.vn\/vi\/wp-json\/wp\/v2\/product_cat?post=12857"},{"taxonomy":"product_tag","embeddable":true,"href":"https:\/\/bynature.vn\/vi\/wp-json\/wp\/v2\/product_tag?post=12857"}],"curies":[{"name":"wp","href":"https:\/\/api.w.org\/{rel}","templated":true}]}}