{"id":12856,"date":"2025-10-02T17:08:24","date_gmt":"2025-10-02T10:08:24","guid":{"rendered":"https:\/\/bynature.vn\/product\/300g-vit-confit\/"},"modified":"2025-10-02T17:08:24","modified_gmt":"2025-10-02T10:08:24","slug":"300g-vit-confit","status":"publish","type":"product","link":"https:\/\/bynature.vn\/vi\/product\/300g-vit-confit\/","title":{"rendered":"300g V\u1ecbt Confit"},"content":{"rendered":"<div id=\"model-response-message-contentr_8004d2907272f80e\" class=\"markdown markdown-main-panel enable-updated-hr-color\" dir=\"ltr\">\n<h3>\u0110\u00f9i V\u1ecbt Confit Ch\u00ednh Hi\u1ec7u<\/h3>\n<p>Th\u01b0\u1edfng th\u1ee9c <b>\u0110\u00f9i V\u1ecbt Confit<\/b> \u0103n li\u1ec1n, \u0111\u01b0\u1ee3c ch\u1ebf bi\u1ebfn t\u1eeb nh\u1eefng \u0111\u00f9i v\u1ecbt ch\u1ea5t l\u01b0\u1ee3ng cao, <b>ho\u00e0n to\u00e0n t\u1ef1 nhi\u00ean c\u00f3 ngu\u1ed3n g\u1ed1c \u0111\u1ecba ph\u01b0\u01a1ng<\/b>. M\u1ed7i \u0111\u00f9i \u0111\u01b0\u1ee3c n\u1ea5u ch\u1eadm v\u00e0 b\u1ea3o qu\u1ea3n trong ch\u00ednh m\u1ee1 c\u1ee7a n\u00f3, mang \u0111\u1ebfn th\u1ecbt m\u1ec1m m\u1ecdng, \u0111\u1eadm v\u1ecb v\u00e0 l\u1edbp da gi\u00f2n ho\u00e0n h\u1ea3o khi h\u00e2m n\u00f3ng l\u1ea1i. <\/p>\n<p><b>H\u01b0\u1edbng D\u1eabn Ch\u1ebf Bi\u1ebfn \u0110\u01a1n Gi\u1ea3n:<\/b><\/p>\n<ol start=\"1\">\n<li><b>Da Gi\u00f2n: <\/b>L\u00e0m n\u00f3ng l\u00f2 n\u01b0\u1edbng ho\u1eb7c n\u1ed3i chi\u00ean kh\u00f4ng d\u1ea7u \u1edf 200\u00b0C (400\u00b0F).<\/li>\n<li>\u0110\u1eb7t m\u1eb7t da c\u1ee7a ph\u1ea7n \u0111\u00f9i confit l\u00ean tr\u00ean khay n\u01b0\u1edbng.<\/li>\n<li>N\u01b0\u1edbng 12\u201315 ph\u00fat ho\u1eb7c \u0111\u1ebfn khi da v\u00e0ng \u00f3ng, gi\u00f2n r\u1ee5m.<\/li>\n<li>Th\u01b0\u1edfng th\u1ee9c c\u00f9ng khoai t\u00e2y n\u01b0\u1edbng (n\u1ea5u b\u1eb1ng m\u1ee1 v\u1ecbt d\u1ef1 tr\u1eef) ho\u1eb7c salad xanh t\u01b0\u01a1i.<\/li>\n<\/ol>\n<\/div>\n","protected":false},"excerpt":{"rendered":"<div id=\"model-response-message-contentr_68c104185eea0391\" class=\"markdown markdown-main-panel enable-updated-hr-color\" dir=\"ltr\">\n<p>&nbsp;<\/p>\n<h3>\u0110\u00f9i V\u1ecbt Confit S\u1eb5n S\u00e0ng H\u00e2m N\u00f3ng<\/h3>\n<p>Th\u01b0\u1edfng th\u1ee9c <b>\u0110\u00f9i V\u1ecbt Confit<\/b> ch\u00ednh hi\u1ec7u, ch\u1ebf bi\u1ebfn t\u1eeb nh\u1eefng \u0111\u00f9i v\u1ecbt t\u01b0\u01a1i s\u1ea1ch, <b>ho\u00e0n to\u00e0n t\u1ef1 nhi\u00ean c\u00f3 ngu\u1ed3n g\u1ed1c \u0111\u1ecba ph\u01b0\u01a1ng<\/b>. M\u1ed7i \u0111\u00f9i \u0111\u01b0\u1ee3c n\u1ea5u ch\u1eadm trong m\u1ee1 v\u1ecbt t\u1ef1 nhi\u00ean, mang \u0111\u1ebfn th\u1ecbt m\u1ec1m m\u1ecdng v\u00e0 \u1ea9m, v\u1edbi da gi\u00f2n ho\u00e0n h\u1ea3o khi h\u00e2m n\u00f3ng. Ph\u01b0\u01a1ng ph\u00e1p ch\u1ebf bi\u1ebfn c\u1ed5 \u0111i\u1ec3n c\u1ee7a Ph\u00e1p mang l\u1ea1i h\u01b0\u01a1ng v\u1ecb \u0111\u1eadm \u0111\u00e0, sang tr\u1ecdng cho b\u1eefa \u0103n. N\u01b0\u1edbng trong l\u00f2 kho\u1ea3ng 15 ph\u00fat tr\u01b0\u1edbc khi d\u00f9ng.   <\/p>\n<\/div>\n","protected":false},"featured_media":12172,"template":"","meta":[],"pwb-brand":[],"product_cat":[247,251],"product_tag":[],"class_list":{"0":"post-12856","1":"product","2":"type-product","3":"status-publish","4":"has-post-thumbnail","6":"product_cat-cac-loai-thit","7":"product_cat-thit-ga-vit","9":"first","10":"instock","11":"shipping-taxable","12":"purchasable","13":"product-type-simple"},"acf":[],"brands":[],"_links":{"self":[{"href":"https:\/\/bynature.vn\/vi\/wp-json\/wp\/v2\/product\/12856","targetHints":{"allow":["GET"]}}],"collection":[{"href":"https:\/\/bynature.vn\/vi\/wp-json\/wp\/v2\/product"}],"about":[{"href":"https:\/\/bynature.vn\/vi\/wp-json\/wp\/v2\/types\/product"}],"wp:featuredmedia":[{"embeddable":true,"href":"https:\/\/bynature.vn\/vi\/wp-json\/wp\/v2\/media\/12172"}],"wp:attachment":[{"href":"https:\/\/bynature.vn\/vi\/wp-json\/wp\/v2\/media?parent=12856"}],"wp:term":[{"taxonomy":"pwb-brand","embeddable":true,"href":"https:\/\/bynature.vn\/vi\/wp-json\/wp\/v2\/pwb-brand?post=12856"},{"taxonomy":"product_cat","embeddable":true,"href":"https:\/\/bynature.vn\/vi\/wp-json\/wp\/v2\/product_cat?post=12856"},{"taxonomy":"product_tag","embeddable":true,"href":"https:\/\/bynature.vn\/vi\/wp-json\/wp\/v2\/product_tag?post=12856"}],"curies":[{"name":"wp","href":"https:\/\/api.w.org\/{rel}","templated":true}]}}