{"id":12854,"date":"2025-10-10T22:55:22","date_gmt":"2025-10-10T15:55:22","guid":{"rendered":"https:\/\/bynature.vn\/product\/nuoc-rua-chen-850ml\/"},"modified":"2025-10-10T22:55:22","modified_gmt":"2025-10-10T15:55:22","slug":"nuoc-rua-chen-850ml","status":"publish","type":"product","link":"https:\/\/bynature.vn\/vi\/product\/nuoc-rua-chen-850ml\/","title":{"rendered":"N\u01b0\u1edbc R\u1eeda Ch\u00e9n 850ml"},"content":{"rendered":"<h2>X\u00e0 Ph\u00f2ng R\u1eeda Ch\u00e9n Ph\u00e2n H\u1ee7y Sinh H\u1ecdc Enzyco<\/h2>\n<p><b>N\u01b0\u1edbc R\u1eeda Ch\u00e9n Enzyco<\/b> s\u1eed d\u1ee5ng s\u1ee9c m\u1ea1nh t\u1ef1 nhi\u00ean \u0111\u1ec3 mang \u0111\u1ebfn ch\u00e9n b\u00e1t s\u00e1ng b\u00f3ng m\u00e0 kh\u00f4ng c\u1ea3m th\u1ea5y t\u1ed9i l\u1ed7i v\u1ec1 h\u00f3a ch\u1ea5t. C\u00f4ng th\u1ee9c ho\u00e0n to\u00e0n <b>ph\u00e2n h\u1ee7y sinh h\u1ecdc<\/b> v\u00e0 <b>\u0111\u01b0\u1ee3c ch\u1ee9ng nh\u1eadn th\u00e2n thi\u1ec7n m\u00f4i tr\u01b0\u1eddng<\/b>, \u0111\u1ea3m b\u1ea3o m\u1ed9t c\u00e1ch b\u1ec1n v\u1eefng cho c\u00f4ng vi\u1ec7c n\u1ed9i tr\u1ee3 h\u1eb1ng ng\u00e0y. <\/p>\n<p>S\u1ea3n ph\u1ea9m ho\u1ea1t \u0111\u1ed9ng nh\u1edd qu\u00e1 tr\u00ecnh ph\u00e2n h\u1ee7y t\u1ef1 nhi\u00ean c\u00e1c ch\u1ea5t h\u1eefu c\u01a1 b\u1edfi c\u00e1c <b>vi sinh v\u1eadt<\/b> c\u00f3 l\u1ee3i (n\u1ea5m, vi khu\u1ea9n), chuy\u1ec3n \u0111\u1ed5i d\u1ea7u m\u1ee1 v\u00e0 c\u1eb7n th\u1ee9c \u0103n th\u00e0nh c\u00e1c h\u1ee3p ch\u1ea5t v\u00f4 h\u1ea1i nh\u01b0 <b>H\u2082O, CO\u2082 v\u00e0 sinh kh\u1ed1i<\/b>. Nh\u1edd c\u01a1 ch\u1ebf sinh h\u1ecdc t\u1ef1 nhi\u00ean n\u00e0y, Enzyco g\u00f3p ph\u1ea7n <b>\u201cl\u00e0m s\u1ea1ch m\u00f4i tr\u01b0\u1eddng\u201d<\/b>, lo\u1ea1i b\u1ecf ch\u1ea5t th\u1ea3i h\u1eefu c\u01a1 m\u1ed9t c\u00e1ch ho\u00e0n to\u00e0n t\u1ef1 nhi\u00ean v\u00e0 b\u1ec1n v\u1eefng. X\u00e0 ph\u00f2ng d\u1ec5 tr\u00f4i, tr\u1edf l\u1ea1i m\u00f4i tr\u01b0\u1eddng m\u00e0 kh\u00f4ng \u0111\u1ec3 l\u1ea1i d\u01b0 l\u01b0\u1ee3ng \u0111\u1ed9c h\u1ea1i, b\u1ea3o v\u1ec7 \u0111\u1eddi s\u1ed1ng th\u1ee7y sinh v\u00e0 h\u1ec7 th\u1ed1ng \u1ed1ng n\u01b0\u1edbc.   <\/p>\n<p>Chuy\u1ec3n sang Enzyco: m\u1ea1nh m\u1ebd v\u1edbi v\u1ebft b\u1ea9n, d\u1ecbu nh\u1eb9 v\u1edbi tay v\u00e0 <b>100% cam k\u1ebft v\u00ec m\u1ed9t h\u00e0nh tinh xanh<\/b>.<\/p>\n","protected":false},"excerpt":{"rendered":"<div class=\"woocommerce-product-details__short-description\">\n<div id=\"model-response-message-contentr_92da23f12fefe2d0\" class=\"markdown markdown-main-panel tutor-markdown-rendering enable-updated-hr-color\" dir=\"ltr\">\n<div class=\"woocommerce-product-details__short-description\">\n<div id=\"model-response-message-contentr_92da23f12fefe2d0\" class=\"markdown markdown-main-panel tutor-markdown-rendering enable-updated-hr-color\" dir=\"ltr\">\n<div class=\"woocommerce-product-details__short-description\">\n<div id=\"model-response-message-contentr_92da23f12fefe2d0\" class=\"markdown markdown-main-panel tutor-markdown-rendering enable-updated-hr-color\" dir=\"ltr\">\n<div class=\"woocommerce-product-details__short-description\">\n<div id=\"model-response-message-contentr_92da23f12fefe2d0\" class=\"markdown markdown-main-panel tutor-markdown-rendering enable-updated-hr-color\" dir=\"ltr\">\n<p><b>L\u00e0m S\u1ea1ch \u0110\u01b0\u1ee3c Ch\u1ee9ng Nh\u1eadn Th\u00e2n Thi\u1ec7n M\u00f4i Tr\u01b0\u1eddng: X\u00e0 Ph\u00f2ng R\u1eeda Ch\u00e9n Ph\u00e2n H\u1ee7y Sinh H\u1ecdc Enzyco.<\/b><\/p>\n<p>R\u1eeda ch\u00e9n an t\u00e2m, s\u1ea1ch t\u1ef1 nhi\u00ean. X\u00e0 ph\u00f2ng Enzyco s\u1eed d\u1ee5ng qu\u00e1 tr\u00ecnh <b>x\u1eed l\u00fd sinh h\u1ecdc<\/b> t\u1ef1 nhi\u00ean, n\u01a1i vi khu\u1ea9n v\u00e0 n\u1ea5m c\u00f3 l\u1ee3i lo\u1ea1i b\u1ecf ch\u1ea5t th\u1ea3i h\u1eefu c\u01a1 m\u1ed9t c\u00e1ch hi\u1ec7u qu\u1ea3. S\u1ea3n ph\u1ea9m ho\u00e0n to\u00e0n ph\u00e2n h\u1ee7y sinh h\u1ecdc, kh\u00f4ng \u0111\u1ed9c h\u1ea1i, \u0111\u01b0\u1ee3c ch\u1ee9ng nh\u1eadn <b>v\u1ec7 sinh b\u1ec1n v\u1eefng<\/b>, gi\u00fap b\u1ea1n s\u1ed1ng xanh \u0111\u01a1n gi\u1ea3n h\u01a1n.  <\/p>\n<\/div>\n<\/div>\n<\/div>\n<\/div>\n<\/div>\n<\/div>\n<\/div>\n<\/div>\n","protected":false},"featured_media":12207,"template":"","meta":[],"pwb-brand":[],"product_cat":[265,271,269],"product_tag":[580,566,567,581],"class_list":{"0":"post-12854","1":"product","2":"type-product","3":"status-publish","4":"has-post-thumbnail","6":"product_cat-do-dung-nha-bep","7":"product_cat-nuoc-rua-chen","8":"product_cat-san-pham-tay-rua-ve-sinh","9":"product_tag-nuoc","10":"product_tag-phan-huy-sinh-hoc","11":"product_tag-rua-bat","12":"product_tag-xa-phong-rua-chen-vi","14":"first","15":"instock","16":"shipping-taxable","17":"purchasable","18":"product-type-simple"},"acf":[],"brands":[],"_links":{"self":[{"href":"https:\/\/bynature.vn\/vi\/wp-json\/wp\/v2\/product\/12854","targetHints":{"allow":["GET"]}}],"collection":[{"href":"https:\/\/bynature.vn\/vi\/wp-json\/wp\/v2\/product"}],"about":[{"href":"https:\/\/bynature.vn\/vi\/wp-json\/wp\/v2\/types\/product"}],"wp:featuredmedia":[{"embeddable":true,"href":"https:\/\/bynature.vn\/vi\/wp-json\/wp\/v2\/media\/12207"}],"wp:attachment":[{"href":"https:\/\/bynature.vn\/vi\/wp-json\/wp\/v2\/media?parent=12854"}],"wp:term":[{"taxonomy":"pwb-brand","embeddable":true,"href":"https:\/\/bynature.vn\/vi\/wp-json\/wp\/v2\/pwb-brand?post=12854"},{"taxonomy":"product_cat","embeddable":true,"href":"https:\/\/bynature.vn\/vi\/wp-json\/wp\/v2\/product_cat?post=12854"},{"taxonomy":"product_tag","embeddable":true,"href":"https:\/\/bynature.vn\/vi\/wp-json\/wp\/v2\/product_tag?post=12854"}],"curies":[{"name":"wp","href":"https:\/\/api.w.org\/{rel}","templated":true}]}}