{"id":12851,"date":"2025-10-15T10:03:06","date_gmt":"2025-10-15T03:03:06","guid":{"rendered":"https:\/\/bynature.vn\/product\/nuoc-tay-rua-da-nang-4l\/"},"modified":"2025-10-15T10:03:06","modified_gmt":"2025-10-15T03:03:06","slug":"nuoc-tay-rua-da-nang-4l","status":"publish","type":"product","link":"https:\/\/bynature.vn\/vi\/product\/nuoc-tay-rua-da-nang-4l\/","title":{"rendered":"N\u01b0\u1edbc T\u1ea9y R\u1eeda \u0110a N\u0103ng 4L"},"content":{"rendered":"<h2>Dung D\u1ecbch T\u1ea9y R\u1eeda \u0110a N\u0103ng Enzyco<\/h2>\n<p><b>C\u1eb7p \u0111\u00f4i m\u1ea1nh m\u1ebd: h\u1ea1t soapnut &amp; d\u1ee9a. V\u1ec7 sinh nh\u00e0 c\u1eeda m\u00e0 kh\u00f4ng d\u00f9ng h\u00f3a ch\u1ea5t! <\/b><\/p>\n<p>Tr\u1ea3i nghi\u1ec7m s\u1ef1 s\u1ea1ch s\u1ebd \u0111a n\u0103ng th\u1eadt s\u1ef1, \u0111\u01b0\u1ee3c <b>ch\u1ee9ng nh\u1eadn th\u00e2n thi\u1ec7n m\u00f4i tr\u01b0\u1eddng<\/b> v\u1edbi Enzyco. C\u00f4ng th\u1ee9c t\u1eeb th\u1ef1c v\u1eadt n\u00e0y k\u1ebft h\u1ee3p s\u1ee9c m\u1ea1nh l\u00e0m s\u1ea1ch t\u1ef1 nhi\u00ean c\u1ee7a h\u1ea1t <b>soapnut<\/b> v\u1edbi enzym t\u1eeb <b>dung d\u1ecbch d\u1ee9a l\u00ean men<\/b> \u0111\u1ec3 lo\u1ea1i b\u1ecf b\u1ee5i b\u1ea9n v\u00e0 mang l\u1ea1i b\u1ec1 m\u1eb7t s\u00e1ng b\u00f3ng. <\/p>\n<ul>\n<li><b>L\u00e0m S\u1ea1ch M\u1ecdi B\u1ec1 M\u1eb7t:<\/b> L\u00e0m s\u1ea1ch nhanh ch\u00f3ng v\u00e0 an to\u00e0n tr\u00ean <b>m\u1ecdi b\u1ec1 m\u1eb7t<\/b> \u2013 t\u1eeb k\u1ec7 b\u1ebfp, k\u00ednh, t\u1ee7 l\u1ea1nh \u0111\u1ebfn l\u00f2 vi s\u00f3ng.<\/li>\n<li><b>H\u01b0\u01a1ng Th\u01a1m T\u1ef1 Nhi\u00ean D\u1ecbu Nh\u1eb9:<\/b> Mang m\u00f9i th\u01a1m nh\u1eb9 nh\u00e0ng, d\u1ec5 ch\u1ecbu t\u1eeb tinh d\u1ea7u t\u1ef1 nhi\u00ean, bi\u1ebfn vi\u1ec7c lau d\u1ecdn th\u00e0nh m\u1ed9t tr\u1ea3i nghi\u1ec7m th\u01b0 gi\u00e3n.<\/li>\n<li><b>An T\u00e2m Kh\u00f4ng H\u00f3a Ch\u1ea5t:<\/b> \u0110\u01b0\u1ee3c ch\u1ee9ng nh\u1eadn an to\u00e0n cho gia \u0111\u00ecnh v\u00e0 m\u00f4i tr\u01b0\u1eddng. Ch\u1ecdn Enzyco \u0111\u1ec3 v\u1ec7 sinh to\u00e0n b\u1ed9 ng\u00f4i nh\u00e0 theo c\u00e1ch t\u1ef1 nhi\u00ean. <\/li>\n<\/ul>\n","protected":false},"excerpt":{"rendered":"<p><b>Dung D\u1ecbch T\u1ea9y R\u1eeda \u0110a N\u0103ng Enzyco: Lau S\u1ea1ch M\u1ecdi B\u1ec1 M\u1eb7t, Kh\u00f4ng H\u00f3a Ch\u1ea5t.<\/b><\/p>\n<p>\u0110\u01b0\u1ee3c t\u1ea1o n\u00ean t\u1eeb h\u1ed7n h\u1ee3p t\u1ef1 nhi\u00ean <b>h\u1ea1t soapnut v\u00e0 d\u1ee9a<\/b>, s\u1ea3n ph\u1ea9m <b>\u0111\u01b0\u1ee3c ch\u1ee9ng nh\u1eadn th\u00e2n thi\u1ec7n m\u00f4i tr\u01b0\u1eddng<\/b> n\u00e0y an to\u00e0n v\u00e0 hi\u1ec7u qu\u1ea3 tr\u00ean m\u1ecdi b\u1ec1 m\u1eb7t \u2013 t\u1eeb <b>k\u00ednh \u0111\u1ebfn k\u1ec7 b\u1ebfp<\/b>. \u0110\u1ec3 l\u1ea1i m\u00f9i th\u01a1m nh\u1eb9 nh\u00e0ng, d\u1ec5 ch\u1ecbu t\u1eeb tinh d\u1ea7u t\u1ef1 nhi\u00ean, mang l\u1ea1i c\u1ea3m gi\u00e1c th\u01b0 gi\u00e3n sau m\u1ed7i l\u1ea7n lau d\u1ecdn. <\/p>\n","protected":false},"featured_media":12218,"template":"","meta":[],"pwb-brand":[],"product_cat":[575,265,269],"product_tag":[576,563,577],"class_list":{"0":"post-12851","1":"product","2":"type-product","3":"status-publish","4":"has-post-thumbnail","6":"product_cat-lam-sach-da-nang","7":"product_cat-do-dung-nha-bep","8":"product_cat-san-pham-tay-rua-ve-sinh","9":"product_tag-chat-tay-rua-da-nang","10":"product_tag-chung-nhan-than-thien-moi-truong","11":"product_tag-dua","13":"first","14":"instock","15":"shipping-taxable","16":"purchasable","17":"product-type-simple"},"acf":[],"brands":[],"_links":{"self":[{"href":"https:\/\/bynature.vn\/vi\/wp-json\/wp\/v2\/product\/12851","targetHints":{"allow":["GET"]}}],"collection":[{"href":"https:\/\/bynature.vn\/vi\/wp-json\/wp\/v2\/product"}],"about":[{"href":"https:\/\/bynature.vn\/vi\/wp-json\/wp\/v2\/types\/product"}],"wp:featuredmedia":[{"embeddable":true,"href":"https:\/\/bynature.vn\/vi\/wp-json\/wp\/v2\/media\/12218"}],"wp:attachment":[{"href":"https:\/\/bynature.vn\/vi\/wp-json\/wp\/v2\/media?parent=12851"}],"wp:term":[{"taxonomy":"pwb-brand","embeddable":true,"href":"https:\/\/bynature.vn\/vi\/wp-json\/wp\/v2\/pwb-brand?post=12851"},{"taxonomy":"product_cat","embeddable":true,"href":"https:\/\/bynature.vn\/vi\/wp-json\/wp\/v2\/product_cat?post=12851"},{"taxonomy":"product_tag","embeddable":true,"href":"https:\/\/bynature.vn\/vi\/wp-json\/wp\/v2\/product_tag?post=12851"}],"curies":[{"name":"wp","href":"https:\/\/api.w.org\/{rel}","templated":true}]}}