{"id":12850,"date":"2025-10-15T10:08:20","date_gmt":"2025-10-15T03:08:20","guid":{"rendered":"https:\/\/bynature.vn\/product\/nuoc-lau-san-2l\/"},"modified":"2025-10-15T10:08:20","modified_gmt":"2025-10-15T03:08:20","slug":"nuoc-lau-san-2l","status":"publish","type":"product","link":"https:\/\/bynature.vn\/vi\/product\/nuoc-lau-san-2l\/","title":{"rendered":"N\u01b0\u1edbc Lau S\u00e0n 2L"},"content":{"rendered":"<div id=\"model-response-message-contentr_a1e95a0f4a1ba916\" class=\"markdown markdown-main-panel tutor-markdown-rendering enable-updated-hr-color\" dir=\"ltr\">\n<h2>N\u01b0\u1edbc Lau S\u00e0n Ph\u00e2n H\u1ee7y Sinh H\u1ecdc Enzyco<\/h2>\n<p><b>S\u00e1ng b\u00f3ng t\u1ef1 nhi\u00ean, kh\u00f4ng v\u1ec7t. M\u1ea1nh m\u1ebd v\u1edbi v\u1ebft b\u1ea9n, d\u1ecbu nh\u1eb9 v\u1edbi m\u00f4i tr\u01b0\u1eddng.<\/b><\/p>\n<p>Cu\u1ed1i c\u00f9ng, b\u1ea1n c\u00f3 th\u1ec3 c\u00f3 s\u00e0n nh\u00e0 s\u00e1ng b\u00f3ng m\u00e0 kh\u00f4ng c\u1ea7n h\u00f3a ch\u1ea5t m\u1ea1nh. <b>N\u01b0\u1edbc Lau S\u00e0n Ph\u00e2n H\u1ee7y Sinh H\u1ecdc Enzyco<\/b> s\u1eed d\u1ee5ng enzym t\u1eeb th\u1ef1c v\u1eadt \u0111\u1ec3 \u0111\u00e1nh bay b\u1ee5i b\u1ea9n, d\u1ea7u m\u1ee1 v\u00e0 v\u1ebft b\u00e1m kh\u00f3 ch\u1ecbu m\u1ed9t c\u00e1ch t\u1ef1 nhi\u00ean.<\/p>\n<ul>\n<li><b>Ph\u00e2n H\u1ee7y Sinh H\u1ecdc &amp; Th\u00e2n Thi\u1ec7n M\u00f4i Tr\u01b0\u1eddng:<\/b> C\u00f4ng th\u1ee9c ho\u00e0n to\u00e0n ph\u00e2n h\u1ee7y sinh h\u1ecdc, \u0111\u1ea3m b\u1ea3o an to\u00e0n cho m\u00f4i tr\u01b0\u1eddng. Gi\u1eef nh\u00e0 c\u1eeda s\u1ea1ch s\u1ebd m\u00e0 kh\u00f4ng c\u00f2n lo l\u1eafng. D\u1ecdn d\u1eb9p nh\u00e0 c\u1eeda m\u00e0 lu\u00f4n c\u1ea3m th\u1ea5y tho\u1ea3i m\u00e1i tinh th\u1ea7n.<\/li>\n<li><b>S\u00e1ng B\u00f3ng Kh\u00f4ng V\u1ec7t:<\/b> X\u1eed l\u00fd d\u1ec5 d\u00e0ng nh\u1eefng v\u1ebft b\u1ea9n c\u1ee9ng \u0111\u1ea7u tr\u00ean m\u1ecdi lo\u1ea1i s\u00e0n (g\u1ea1ch, g\u1ed7, v\u00e1n \u00e9p, \u0111\u00e1) v\u00e0 mang \u0111\u1ebfn b\u1ec1 m\u1eb7t s\u00e1ng b\u00f3ng, kh\u00f4ng v\u1ec7t.<\/li>\n<li><b>An to\u00e0n cho M\u1ecdi Ng\u01b0\u1eddi:<\/b> <span class=\"citation-9 citation-end-9\">Kh\u00f4ng \u0111\u1ed9c h\u1ea1i v\u00e0 \u0111\u1ee7 d\u1ecbu nh\u1eb9 cho nh\u00e0 c\u00f3 th\u00fa c\u01b0ng v\u00e0 tr\u1ebb nh\u1ecf<\/span>. Mang l\u1ea1i h\u01b0\u01a1ng th\u01a1m t\u1ef1 nhi\u00ean, d\u1ec5 ch\u1ecbu, kh\u00f4ng c\u00f2n m\u00f9i h\u00f3a ch\u1ea5t n\u1ed3ng n\u1eb7c.<\/li>\n<\/ul>\n<\/div>\n","protected":false},"excerpt":{"rendered":"<div id=\"model-response-message-contentr_7e95686535a67466\" class=\"markdown markdown-main-panel tutor-markdown-rendering enable-updated-hr-color\" dir=\"ltr\">\n<p>&nbsp;<\/p>\n<h2>N\u01b0\u1edbc Lau S\u00e0n Ph\u00e2n H\u1ee7y Sinh H\u1ecdc Enzyco<\/h2>\n<p>H\u00e3y mang \u0111\u1ebfn s\u1ef1 s\u1ea1ch s\u1ebd t\u1ef1 nhi\u00ean th\u1ef1c s\u1ef1 cho ng\u00f4i nh\u00e0 c\u1ee7a b\u1ea1n v\u1edbi <b>N\u01b0\u1edbc Lau S\u00e0n Ph\u00e2n H\u1ee7y Sinh H\u1ecdc Enzyco<\/b>. C\u00f4ng th\u1ee9c \u0111\u01b0\u1ee3c <b>ch\u1ee9ng nh\u1eadn th\u00e2n thi\u1ec7n m\u00f4i tr\u01b0\u1eddng<\/b> s\u1eed d\u1ee5ng s\u1ee9c m\u1ea1nh c\u1ee7a enzym t\u1ef1 nhi\u00ean \u0111\u1ec3 \u0111\u00e1nh bay b\u1ee5i v\u00e0 v\u1ebft b\u1ea9n tr\u00ean m\u1ecdi b\u1ec1 m\u1eb7t s\u00e0n c\u1ee9ng, bao g\u1ed3m g\u1ea1ch, g\u1ed7 v\u00e0 \u0111\u00e1. S\u1ea3n ph\u1ea9m lau s\u1ea1ch m\u00e0 kh\u00f4ng \u0111\u1ec3 l\u1ea1i d\u01b0 l\u01b0\u1ee3ng hay v\u1ec7t, ho\u00e0n to\u00e0n kh\u00f4ng \u0111\u1ed9c h\u1ea1i, an to\u00e0n cho gia \u0111\u00ecnh v\u00e0 th\u00fa c\u01b0ng. H\u00e3y ch\u1ecdn Enzyco \u0111\u1ec3 s\u00e0n nh\u00e0 s\u00e1ng b\u00f3ng v\u00e0 s\u1ea1ch s\u1ebd &#8211; l<b>\u00e0m s\u1ea1ch t\u1ef1 nhi\u00ean ho\u00e0n to\u00e0n kh\u00f4ng d\u00f9ng h\u00f3a ch\u1ea5t<\/b>.<\/p>\n<\/div>\n","protected":false},"featured_media":12228,"template":"","meta":[],"pwb-brand":[],"product_cat":[265,272,269],"product_tag":[574,566],"class_list":{"0":"post-12850","1":"product","2":"type-product","3":"status-publish","4":"has-post-thumbnail","6":"product_cat-do-dung-nha-bep","7":"product_cat-nuoc-lau-san","8":"product_cat-san-pham-tay-rua-ve-sinh","9":"product_tag-lam-sach-san-nha","10":"product_tag-phan-huy-sinh-hoc","12":"first","13":"instock","14":"shipping-taxable","15":"purchasable","16":"product-type-simple"},"acf":[],"brands":[],"_links":{"self":[{"href":"https:\/\/bynature.vn\/vi\/wp-json\/wp\/v2\/product\/12850","targetHints":{"allow":["GET"]}}],"collection":[{"href":"https:\/\/bynature.vn\/vi\/wp-json\/wp\/v2\/product"}],"about":[{"href":"https:\/\/bynature.vn\/vi\/wp-json\/wp\/v2\/types\/product"}],"wp:featuredmedia":[{"embeddable":true,"href":"https:\/\/bynature.vn\/vi\/wp-json\/wp\/v2\/media\/12228"}],"wp:attachment":[{"href":"https:\/\/bynature.vn\/vi\/wp-json\/wp\/v2\/media?parent=12850"}],"wp:term":[{"taxonomy":"pwb-brand","embeddable":true,"href":"https:\/\/bynature.vn\/vi\/wp-json\/wp\/v2\/pwb-brand?post=12850"},{"taxonomy":"product_cat","embeddable":true,"href":"https:\/\/bynature.vn\/vi\/wp-json\/wp\/v2\/product_cat?post=12850"},{"taxonomy":"product_tag","embeddable":true,"href":"https:\/\/bynature.vn\/vi\/wp-json\/wp\/v2\/product_tag?post=12850"}],"curies":[{"name":"wp","href":"https:\/\/api.w.org\/{rel}","templated":true}]}}