{"id":12848,"date":"2025-10-15T10:51:00","date_gmt":"2025-10-15T03:51:00","guid":{"rendered":"https:\/\/bynature.vn\/product\/nuoc-giat-850ml\/"},"modified":"2025-10-15T10:51:00","modified_gmt":"2025-10-15T03:51:00","slug":"nuoc-giat-850ml","status":"publish","type":"product","link":"https:\/\/bynature.vn\/vi\/product\/nuoc-giat-850ml\/","title":{"rendered":"N\u01b0\u1edbc Gi\u1eb7t 850ml"},"content":{"rendered":"<div id=\"model-response-message-contentr_6afd405f83d5813e\" class=\"markdown markdown-main-panel tutor-markdown-rendering enable-updated-hr-color\" dir=\"ltr\">\n<h2>N\u01b0\u1edbc Gi\u1eb7t T\u1ef1 Nhi\u00ean Enzyco (B\u1ea1c H\u00e0)<\/h2>\n<p><b>Gi\u1eb7t S\u1ea1ch M\u1ea1nh m\u1ebd, C\u1ea3m Gi\u00e1c D\u1ec5 Ch\u1ecbu T\u1ef1 Nhi\u00ean. An to\u00e0n cho Da Nh\u1ea1y C\u1ea3m. <\/b><\/p>\n<p><b>N\u01b0\u1edbc Gi\u1eb7t Enzyco <\/b>l\u00e0 c\u00e1ch t\u1ef1 nhi\u00ean \u0111\u1ec3 c\u00f3 qu\u1ea7n \u00e1o s\u1ea1ch s\u00e1ng, \u0111\u1ed3ng th\u1eddi b\u1ea3o v\u1ec7 nh\u1eefng \u0111i\u1ec1u quan tr\u1ecdng nh\u1ea5t: l\u00e0n da c\u1ee7a b\u1ea1n v\u00e0 m\u00f4i tr\u01b0\u1eddng.<\/p>\n<ul>\n<li><b>Hi\u1ec7u Qu\u1ea3 &amp; D\u1ecbu Nh\u1eb9: <\/b>C\u00f4ng th\u1ee9c ti\u00ean ti\u1ebfn <b>gi\u1eb7t s\u1ea1ch hi\u1ec7u qu\u1ea3 m\u00e0 v\u1eabn d\u1ecbu nh\u1eb9 v\u1edbi da, ngay c\u1ea3 da nh\u1ea1y c\u1ea3m<\/b>. Lo\u1ea1i b\u1ecf b\u1ee5i b\u1ea9n v\u00e0 v\u1ebft \u1ed1 kh\u00f4ng c\u1ea7n h\u00f3a ch\u1ea5t m\u1ea1nh, ch\u1ea5t t\u1ea9y hay \u0111\u1ec3 l\u1ea1i d\u01b0 l\u01b0\u1ee3ng g\u00e2y k\u00edch \u1ee9ng.<\/li>\n<li><b>H\u01b0\u01a1ng B\u1ea1c H\u00e0 T\u1ef1 Nhi\u00ean: <\/b><b>Kh\u00f4ng ch\u1ee9a h\u01b0\u01a1ng li\u1ec7u t\u1ed5ng h\u1ee3p, s\u1eed d\u1ee5ng tinh d\u1ea7u B\u1ea1c H\u00e0 nguy\u00ean ch\u1ea5t mang \u0111\u1ebfn m\u00f9i th\u01a1m t\u01b0\u01a1i m\u00e1t, d\u1ecbu nh\u1eb9 v\u00e0 an to\u00e0n.<\/b> T\u1eadn h\u01b0\u1edfng qu\u1ea7n \u00e1o c\u00f3 m\u00f9i th\u01a1m s\u1ea1ch s\u1ebd v\u00e0 t\u1ef1 nhi\u00ean, kh\u00f4ng c\u00f3 m\u00f9i th\u01a1m h\u00f3a h\u1ecdc.<\/li>\n<li><b>Th\u00e2n Thi\u1ec7n v\u1edbi M\u00f4i Tr\u01b0\u1eddng:<\/b> Gi\u1ed1ng nh\u01b0 t\u1ea5t c\u1ea3 s\u1ea3n ph\u1ea9m Enzyco, lo\u1ea1i n\u01b0\u1edbc gi\u1eb7t n\u00e0y ho\u00e0n to\u00e0n ph\u00e2n h\u1ee7y sinh h\u1ecdc, \u0111\u1ea3m b\u1ea3o n\u01b0\u1edbc gi\u1eb7t th\u1ea3i ra an to\u00e0n cho h\u1ec7 sinh th\u00e1i th\u1ee7y sinh v\u00e0 h\u00e0nh tinh.<\/li>\n<\/ul>\n<p><b>Gi\u1eb7t gi\u0169 an t\u00e2m. Tr\u1ea3i nghi\u1ec7m s\u1ef1 s\u1ea1ch s\u1ebd d\u1ecbu nh\u1eb9 t\u1eeb h\u01b0\u01a1ng B\u1ea1c H\u00e0 t\u1ef1 nhi\u00ean. <\/b><\/p>\n<\/div>\n","protected":false},"excerpt":{"rendered":"<div id=\"model-response-message-contentr_df3eeff3481c25a6\" class=\"markdown markdown-main-panel tutor-markdown-rendering enable-updated-hr-color\" dir=\"ltr\">\n<p><b>N\u01b0\u1edbc Gi\u1eb7t Enzyco<\/b> mang \u0111\u1ebfn kh\u1ea3 n\u0103ng l\u00e0m s\u1ea1ch s\u00e2u, hi\u1ec7u qu\u1ea3, \u0111\u1ed3ng th\u1eddi r\u1ea5t <b>d\u1ecbu nh\u1eb9 v\u1edbi m\u1ecdi lo\u1ea1i da, k\u1ec3 c\u1ea3 da nh\u1ea1y c\u1ea3m<\/b>. Kh\u00f4ng ch\u1ee9a h\u01b0\u01a1ng li\u1ec7u t\u1ed5ng h\u1ee3p g\u00e2y k\u00edch \u1ee9ng, ch\u1ec9 s\u1eed d\u1ee5ng <b>tinh d\u1ea7u B\u1ea1c H\u00e0<\/b> nguy\u00ean ch\u1ea5t \u0111\u1ec3 mang \u0111\u1ebfn m\u00f9i th\u01a1m an to\u00e0n, d\u1ec5 ch\u1ecbu v\u00e0 nh\u1eb9 nh\u00e0ng. C\u00f4ng th\u1ee9c ph\u00e2n h\u1ee7y sinh h\u1ecdc, kh\u00f4ng \u0111\u1ed9c h\u1ea1i c\u1ee7a Enzyco gi\u00fap lo\u1ea1i b\u1ecf b\u1ee5i b\u1ea9n v\u00e0 v\u1ebft \u1ed1 an to\u00e0n, \u0111\u1ea3m b\u1ea3o qu\u1ea7n \u00e1o s\u1ea1ch, m\u1ec1m m\u1ea1i, \u0111\u1ed3ng th\u1eddi b\u1ea3o v\u1ec7 m\u00f4i tr\u01b0\u1eddng v\u00e0 l\u00e0n da c\u1ee7a b\u1ea1n.  <\/p>\n<\/div>\n","protected":false},"featured_media":12234,"template":"","meta":[],"pwb-brand":[],"product_cat":[265,277],"product_tag":[571,572,573,566],"class_list":{"0":"post-12848","1":"product","2":"type-product","3":"status-publish","4":"has-post-thumbnail","6":"product_cat-do-dung-nha-bep","7":"product_cat-nuoc-giat","8":"product_tag-chat-tay-rua","9":"product_tag-giat","10":"product_tag-khong-huong-lieu","11":"product_tag-phan-huy-sinh-hoc","13":"first","14":"instock","15":"shipping-taxable","16":"purchasable","17":"product-type-simple"},"acf":[],"brands":[],"_links":{"self":[{"href":"https:\/\/bynature.vn\/vi\/wp-json\/wp\/v2\/product\/12848","targetHints":{"allow":["GET"]}}],"collection":[{"href":"https:\/\/bynature.vn\/vi\/wp-json\/wp\/v2\/product"}],"about":[{"href":"https:\/\/bynature.vn\/vi\/wp-json\/wp\/v2\/types\/product"}],"wp:featuredmedia":[{"embeddable":true,"href":"https:\/\/bynature.vn\/vi\/wp-json\/wp\/v2\/media\/12234"}],"wp:attachment":[{"href":"https:\/\/bynature.vn\/vi\/wp-json\/wp\/v2\/media?parent=12848"}],"wp:term":[{"taxonomy":"pwb-brand","embeddable":true,"href":"https:\/\/bynature.vn\/vi\/wp-json\/wp\/v2\/pwb-brand?post=12848"},{"taxonomy":"product_cat","embeddable":true,"href":"https:\/\/bynature.vn\/vi\/wp-json\/wp\/v2\/product_cat?post=12848"},{"taxonomy":"product_tag","embeddable":true,"href":"https:\/\/bynature.vn\/vi\/wp-json\/wp\/v2\/product_tag?post=12848"}],"curies":[{"name":"wp","href":"https:\/\/api.w.org\/{rel}","templated":true}]}}