{"id":12845,"date":"2025-10-15T15:59:57","date_gmt":"2025-10-15T08:59:57","guid":{"rendered":"https:\/\/bynature.vn\/product\/nuoc-rua-bat-may-850ml\/"},"modified":"2025-10-15T15:59:57","modified_gmt":"2025-10-15T08:59:57","slug":"nuoc-rua-bat-may-850ml","status":"publish","type":"product","link":"https:\/\/bynature.vn\/vi\/product\/nuoc-rua-bat-may-850ml\/","title":{"rendered":"N\u01b0\u1edbc R\u1eeda B\u00e1t (M\u00e1y) 850ml"},"content":{"rendered":"<div id=\"model-response-message-contentr_15b6630fe7ba5e0c\" class=\"markdown markdown-main-panel tutor-markdown-rendering enable-updated-hr-color\" dir=\"ltr\">\n<h2>N\u01b0\u1edbc R\u1eeda B\u00e1t cho M\u00e1y Enzyco Ch\u1ee9ng Nh\u1eadn Th\u00e2n Thi\u1ec7n M\u00f4i Tr\u01b0\u1eddng (G\u1eebng)<\/h2>\n<p><b>L\u00e0m S\u1ea1ch D\u1ec5 D\u00e0ng, V\u1ec7 Sinh T\u1ef1 Nhi\u00ean. Gi\u1ea3i Ph\u00e1p Th\u00e2n Thi\u1ec7n M\u00f4i Tr\u01b0\u1eddng \u0111\u1ec3 b\u00e1t \u0111\u0129a lu\u00f4n S\u00e1ng B\u00f3ng. <\/b><\/p>\n<p>Thay \u0111\u1ed5i c\u00e1ch b\u1ea1n v\u1eadn h\u00e0nh m\u00e1y r\u1eeda b\u00e1t c\u1ee7a b\u1ea1n v\u1edbi <b>N\u01b0\u1edbc R\u1eeda B\u00e1t Enzyco<\/b>. C\u00f4ng th\u1ee9c \u0111\u01b0\u1ee3c <b>ch\u1ee9ng nh\u1eadn th\u00e2n thi\u1ec7n m\u00f4i tr\u01b0\u1eddng <\/b>s\u1eed d\u1ee5ng ngu\u1ed3n n\u0103ng l\u01b0\u1ee3ng t\u1eeb th\u1ef1c v\u1eadt \u0111\u1ec3 mang l\u1ea1i k\u1ebft qu\u1ea3 ho\u00e0n h\u1ea3o m\u00e0 v\u1eabn d\u1ecbu nh\u1eb9 v\u1edbi h\u00e0nh tinh. <\/p>\n<ul>\n<li><b>L\u00e0m s\u1ea1ch t\u1ef1 nhi\u00ean, kh\u00f4ng \u0111\u1ec3 l\u1ea1i c\u1eb7n:<\/b> C\u00f4ng th\u1ee9c ti\u00ean ti\u1ebfn gi\u00fap <b>l\u00e0m s\u1ea1ch b\u00e1t \u0111\u0129a m\u1ed9t c\u00e1ch t\u1ef1 nhi\u00ean m\u00e0 kh\u00f4ng \u0111\u1ec3 l\u1ea1i c\u1eb7n<\/b>, khi\u1ebfn ly v\u00e0 \u0111\u0129a c\u1ee7a b\u1ea1n s\u00e1ng b\u00f3ng kh\u00f4ng t\u00ec v\u1ebft.<\/li>\n<li><b>Kh\u1eed tr\u00f9ng nh\u1edd g\u1eebng: <\/b>T\u1eadn h\u01b0\u1edfng nh\u1eefng l\u1ee3i \u00edch t\u1ed1t nh\u1ea5t c\u1ee7a thi\u00ean nhi\u00ean; <b>h\u01b0\u01a1ng th\u01a1m nh\u1eb9 nh\u00e0ng t\u1eeb tinh d\u1ea7u g\u1eebng t\u1ef1 nhi\u00ean, gi\u00fap v\u1ec7 sinh<\/b> b\u00e1t \u0111\u0129a mang l\u1ea1i c\u1ea3m gi\u00e1c d\u1ec5 ch\u1ecbu.<\/li>\n<li><b>Ch\u1ea5t L\u01b0\u1ee3ng Eco-Certified:<\/b> S\u1ea3n ph\u1ea9m kh\u00f4ng ch\u1ec9 m\u1ea1nh m\u1ebd \u0111\u00e1nh bay d\u1ea7u m\u1ee1 m\u00e0 c\u00f2n ph\u00e2n h\u1ee7y sinh h\u1ecdc v\u00e0 \u0111\u01b0\u1ee3c c\u00f4ng nh\u1eadn th\u00e2n thi\u1ec7n v\u1edbi m\u00f4i tr\u01b0\u1eddng.<\/li>\n<\/ul>\n<p><b>Ch\u1ecdn Enzyco \u0111\u1ec3 b\u00e1t \u0111\u0129a lu\u00f4n s\u1ea1ch b\u00f3ng, an to\u00e0n v\u00e0 th\u00e2n thi\u1ec7n v\u1edbi m\u00f4i tr\u01b0\u1eddng c\u00f9ng nh\u00e0 b\u1ebfp c\u1ee7a b\u1ea1n.<\/b><\/p>\n<\/div>\n","protected":false},"excerpt":{"rendered":"<p>N\u00e2ng c\u1ea5p th\u00f3i quen r\u1eeda b\u00e1t t\u1ef1 \u0111\u1ed9ng v\u1edbi <b>N\u01b0\u1edbc R\u1eeda B\u00e1t Enzyco Ch\u1ee9ng Nh\u1eadn Th\u00e2n Thi\u1ec7n M\u00f4i Tr\u01b0\u1eddng<\/b>, l\u00e0 gi\u1ea3i ph\u00e1p m\u1ea1nh m\u1ebd t\u1eeb th\u1ef1c v\u1eadt, gi\u00fap b\u00e1t \u0111\u0129a lu\u00f4n s\u00e1ng b\u00f3ng v\u00e0 kh\u00f4ng c\u00f2n c\u1eb7n b\u1ea9n sau m\u1ed7i l\u1ea7n r\u1eeda. C\u00f4ng th\u1ee9c ti\u00ean ti\u1ebfn t\u1eadn d\u1ee5ng kh\u1ea3 n\u0103ng kh\u1eed tr\u00f9ng c\u1ee7a <b>tinh d\u1ea7u g\u1eebng t\u1ef1 nhi\u00ean nh\u1eb9 nh\u00e0ng<\/b>, \u0111\u1ec3 b\u00e1t \u0111\u0129a lu\u00f4n s\u1ea1ch s\u1ebd, v\u1ec7 sinh v\u00e0 mang l\u1ea1i h\u01b0\u01a1ng th\u01a1m d\u1ec5 ch\u1ecbu, tho\u1ea3i m\u00e1i cho c\u0103n b\u1ebfp.  <\/p>\n","protected":false},"featured_media":12245,"template":"","meta":[],"pwb-brand":[],"product_cat":[265,271,269],"product_tag":[569,568,567],"class_list":{"0":"post-12845","1":"product","2":"type-product","3":"status-publish","4":"has-post-thumbnail","6":"product_cat-do-dung-nha-bep","7":"product_cat-nuoc-rua-chen","8":"product_cat-san-pham-tay-rua-ve-sinh","9":"product_tag-khong-can-ban","10":"product_tag-may-rua","11":"product_tag-rua-bat","13":"first","14":"instock","15":"shipping-taxable","16":"purchasable","17":"product-type-simple"},"acf":[],"brands":[],"_links":{"self":[{"href":"https:\/\/bynature.vn\/vi\/wp-json\/wp\/v2\/product\/12845","targetHints":{"allow":["GET"]}}],"collection":[{"href":"https:\/\/bynature.vn\/vi\/wp-json\/wp\/v2\/product"}],"about":[{"href":"https:\/\/bynature.vn\/vi\/wp-json\/wp\/v2\/types\/product"}],"wp:featuredmedia":[{"embeddable":true,"href":"https:\/\/bynature.vn\/vi\/wp-json\/wp\/v2\/media\/12245"}],"wp:attachment":[{"href":"https:\/\/bynature.vn\/vi\/wp-json\/wp\/v2\/media?parent=12845"}],"wp:term":[{"taxonomy":"pwb-brand","embeddable":true,"href":"https:\/\/bynature.vn\/vi\/wp-json\/wp\/v2\/pwb-brand?post=12845"},{"taxonomy":"product_cat","embeddable":true,"href":"https:\/\/bynature.vn\/vi\/wp-json\/wp\/v2\/product_cat?post=12845"},{"taxonomy":"product_tag","embeddable":true,"href":"https:\/\/bynature.vn\/vi\/wp-json\/wp\/v2\/product_tag?post=12845"}],"curies":[{"name":"wp","href":"https:\/\/api.w.org\/{rel}","templated":true}]}}