{"id":12843,"date":"2025-10-16T15:15:30","date_gmt":"2025-10-16T08:15:30","guid":{"rendered":"https:\/\/bynature.vn\/product\/nuoc-tay-bon-cau-860ml\/"},"modified":"2025-10-16T15:15:30","modified_gmt":"2025-10-16T08:15:30","slug":"nuoc-tay-bon-cau-860ml","status":"publish","type":"product","link":"https:\/\/bynature.vn\/vi\/product\/nuoc-tay-bon-cau-860ml\/","title":{"rendered":"N\u01b0\u1edbc T\u1ea9y B\u1ed3n C\u1ea7u 860ml"},"content":{"rendered":"<div id=\"model-response-message-contentr_f89e9e85f11361f8\" class=\"markdown markdown-main-panel tutor-markdown-rendering enable-updated-hr-color\" dir=\"ltr\">\n<h2>N\u01b0\u1edbc T\u1ea9y B\u1ed3n C\u1ea7u Enzyco Ch\u1ee9ng Nh\u1eadn Th\u00e2n Thi\u1ec7n M\u00f4i Tr\u01b0\u1eddng<\/h2>\n<p><b>S\u1ee9c M\u1ea1nh L\u00e0m S\u1ea1ch S\u00e2u v\u1edbi Kh\u1ea3 N\u0103ng Kh\u00e1ng Khu\u1ea9n T\u1ef1 Nhi\u00ean.<\/b><\/p>\n<p>H\u00e3y mang l\u1ea1i s\u1ef1 s\u1ea1ch s\u1ebd an to\u00e0n v\u00e0 hi\u1ec7u qu\u1ea3 cho c\u00e1c thi\u1ebft b\u1ecb v\u1ec7 sinh trong nh\u00e0 t\u1eafm c\u1ee7a b\u1ea1n v\u1edbi <b>N\u01b0\u1edbc T\u1ea9y B\u1ed3n C\u1ea7u Enzyco<\/b>. C\u00f4ng th\u1ee9c \u0111\u01b0\u1ee3c ch\u1ee9ng nh\u1eadn th\u00e2n thi\u1ec7n m\u00f4i tr\u01b0\u1eddng s\u1eed d\u1ee5ng <img width=\"0\" height=\"0\"> chi\u1ebft xu\u1ea5t t\u1ef1 nhi\u00ean v\u00e0 s\u1ee9c m\u1ea1nh th\u1ef1c v\u1eadt \u0111\u1ec3 lo\u1ea1i b\u1ecf v\u1ebft b\u1ea9n v\u00e0 kh\u1eed tr\u00f9ng m\u00e0 kh\u00f4ng c\u1ea7n h\u00f3a ch\u1ea5t m\u1ea1nh.<\/p>\n<ul>\n<li><b>Enzyme L\u00e0m S\u1ea1ch T\u1ef1 Nhi\u00ean:<\/b> \u0110\u01b0\u1ee3c b\u00e0o ch\u1ebf v\u1edbi <b>enzyme t\u1eeb d\u1ee9a<\/b> v\u00e0 <b>chi\u1ebft xu\u1ea5t t\u1eeb qu\u1ea3 soapnut<\/b>, \u0111\u1ea3m b\u1ea3o l\u00e0m s\u1ea1ch k\u1ef9 l\u01b0\u1ee1ng v\u00e0 an to\u00e0n cho b\u1ed3n c\u1ea7u, lavabo, g\u1ea1ch men v\u00e0 c\u00e1c thi\u1ebft b\u1ecb nh\u00e0 t\u1eafm kh\u00e1c.<\/li>\n<li><b>L\u1ee3i \u00cdch Kh\u00e1ng Khu\u1ea9n: <\/b><b>Tinh d\u1ea7u B\u1ea1ch \u0110\u00e0n cung c\u1ea5p kh\u1ea3 n\u0103ng kh\u00e1ng khu\u1ea9n<\/b> \u0111\u1ed3ng th\u1eddi mang l\u1ea1i h\u01b0\u01a1ng th\u01a1m d\u1ec5 ch\u1ecbu.<\/li>\n<li><b>M\u1ea1nh M\u1ebd &amp; An To\u00e0n:<\/b> C\u00e1c <img width=\"0\" height=\"0\">chi\u1ebft xu\u1ea5t t\u1ef1 nhi\u00ean \u0111\u1ea3m b\u1ea3o l\u00e0m s\u1ea1ch hi\u1ec7u qu\u1ea3, an to\u00e0n cho gia \u0111\u00ecnh v\u00e0 d\u1ecbu nh\u1eb9 v\u1edbi m\u00f4i tr\u01b0\u1eddng.<\/li>\n<\/ul>\n<p><b>Ch\u1ecdn Enzyco \u0111\u1ec3 c\u00f3 m\u1ed9t ph\u00f2ng t\u1eafm lu\u00f4n s\u1ea1ch s\u1ebd, th\u01a1m m\u00e1t t\u1ef1 nhi\u00ean v\u00e0 th\u00e2n thi\u1ec7n v\u1edbi m\u00f4i tr\u01b0\u1eddng.<\/b><\/p>\n<\/div>\n","protected":false},"excerpt":{"rendered":"<div id=\"model-response-message-contentr_06d6dadcc35c2b06\" class=\"markdown markdown-main-panel tutor-markdown-rendering enable-updated-hr-color\" dir=\"ltr\">\n<p>Mang \u0111\u1ebfn s\u1ef1 s\u1ea1ch s\u1ebd v\u00e0 v\u1ec7 sinh to\u00e0n di\u1ec7n cho ph\u00f2ng t\u1eafm v\u1edbi <b>N\u01b0\u1edbc T\u1ea9y B\u1ed3n C\u1ea7u Enzyco Ch\u1ee9ng Nh\u1eadn Th\u00e2n Thi\u1ec7n M\u00f4i Tr\u01b0\u1eddng<\/b>. C\u00f4ng th\u1ee9c s\u1eed d\u1ee5ng <b>enzyme d\u1ee9a<\/b> v\u00e0 <b>chi\u1ebft xu\u1ea5t qu\u1ea3 soapnut<\/b> \u0111\u1ec3 <img width=\"0\" height=\"0\"> l\u00e0m s\u1ea1ch t\u1ef1 nhi\u00ean. Lo\u1ea1i b\u1ecf v\u1ebft b\u1ea9n tr\u00ean b\u1ed3n c\u1ea7u, lavabo v\u00e0 g\u1ea1ch men m\u1ed9t c\u00e1ch an to\u00e0n. Tinh d\u1ea7u B\u1ea1ch \u0110\u00e0n b\u1ed5 sung kh\u1ea3 n\u0103ng kh\u00e1ng khu\u1ea9n t\u1ef1 nhi\u00ean v\u00e0 mang l\u1ea1i h\u01b0\u01a1ng th\u01a1m t\u01b0\u01a1i m\u00e1t, d\u1ec5 ch\u1ecbu.<\/p>\n<\/div>\n","protected":false},"featured_media":12256,"template":"","meta":[],"pwb-brand":[],"product_cat":[265,269,270],"product_tag":[],"class_list":{"0":"post-12843","1":"product","2":"type-product","3":"status-publish","4":"has-post-thumbnail","6":"product_cat-do-dung-nha-bep","7":"product_cat-san-pham-tay-rua-ve-sinh","8":"product_cat-ve-sinh-nha-tam-toilet","10":"first","11":"instock","12":"shipping-taxable","13":"purchasable","14":"product-type-simple"},"acf":[],"brands":[],"_links":{"self":[{"href":"https:\/\/bynature.vn\/vi\/wp-json\/wp\/v2\/product\/12843","targetHints":{"allow":["GET"]}}],"collection":[{"href":"https:\/\/bynature.vn\/vi\/wp-json\/wp\/v2\/product"}],"about":[{"href":"https:\/\/bynature.vn\/vi\/wp-json\/wp\/v2\/types\/product"}],"wp:featuredmedia":[{"embeddable":true,"href":"https:\/\/bynature.vn\/vi\/wp-json\/wp\/v2\/media\/12256"}],"wp:attachment":[{"href":"https:\/\/bynature.vn\/vi\/wp-json\/wp\/v2\/media?parent=12843"}],"wp:term":[{"taxonomy":"pwb-brand","embeddable":true,"href":"https:\/\/bynature.vn\/vi\/wp-json\/wp\/v2\/pwb-brand?post=12843"},{"taxonomy":"product_cat","embeddable":true,"href":"https:\/\/bynature.vn\/vi\/wp-json\/wp\/v2\/product_cat?post=12843"},{"taxonomy":"product_tag","embeddable":true,"href":"https:\/\/bynature.vn\/vi\/wp-json\/wp\/v2\/product_tag?post=12843"}],"curies":[{"name":"wp","href":"https:\/\/api.w.org\/{rel}","templated":true}]}}