{"id":12842,"date":"2025-10-16T15:39:30","date_gmt":"2025-10-16T08:39:30","guid":{"rendered":"https:\/\/bynature.vn\/product\/nuoc-rua-tay-tu-nhien-265ml\/"},"modified":"2025-10-16T15:39:30","modified_gmt":"2025-10-16T08:39:30","slug":"nuoc-rua-tay-tu-nhien-265ml","status":"publish","type":"product","link":"https:\/\/bynature.vn\/vi\/product\/nuoc-rua-tay-tu-nhien-265ml\/","title":{"rendered":"N\u01b0\u1edbc R\u1eeda Tay T\u1ef1 Nhi\u00ean 265ml"},"content":{"rendered":"<div id=\"model-response-message-contentr_334c0f8f7b59a675\" class=\"markdown markdown-main-panel tutor-markdown-rendering enable-updated-hr-color\" dir=\"ltr\">\n<h2>N\u01b0\u1edbc R\u1eeda Tay Enzyco<\/h2>\n<p><b>L\u00e0m S\u1ea1ch An To\u00e0n v\u00e0 D\u1ecbu Nh\u1eb9 cho M\u1ecdi Lo\u1ea1i Da.<\/b><\/p>\n<p>B\u1ea3o v\u1ec7 l\u00e0n da c\u1ee7a b\u1ea1n \u0111\u1ed3ng th\u1eddi l\u00e0m s\u1ea1ch ho\u00e0n h\u1ea3o v\u1edbi <b>N\u01b0\u1edbc R\u1eeda Tay Enzyco<\/b>. C\u00f4ng th\u1ee9c d\u1ecbu nh\u1eb9, \u0111\u01b0\u1ee3c \u0111i\u1ec1u ch\u1ebf m\u1ed9t c\u00e1ch t\u1ec9 m\u1ec9, ph\u00f9 h\u1ee3p s\u1eed d\u1ee5ng th\u01b0\u1eddng xuy\u00ean v\u00e0 l\u00fd t\u01b0\u1edfng cho c\u1ea3 gia \u0111\u00ecnh. <\/p>\n<ul>\n<li><b>D\u1ecbu Nh\u1eb9 cho Da Nh\u1ea1y C\u1ea3m:<\/b> L\u00e0m s\u1ea1ch an to\u00e0n v\u00e0 nh\u1eb9 nh\u00e0ng m\u00e0 <b>kh\u00f4ng g\u00e2y kh\u00f4 da hay k\u00edch \u1ee9ng<\/b>, th\u00edch h\u1ee3p c\u1ea3 v\u1edbi <b>da nh\u1ea1y c\u1ea3m ho\u1eb7c da d\u1ec5 b\u1ecb vi\u00eam.<\/b><\/li>\n<li><b>H\u01b0\u01a1ng Cam T\u1ef1 Nhi\u00ean: <\/b>Chi\u1ebft xu\u1ea5t <b>tinh d\u1ea7u Cam t\u1ef1 nhi\u00ean<\/b> mang \u0111\u1ebfn h\u01b0\u01a1ng th\u01a1m t\u01b0\u01a1i m\u00e1t, nh\u1eb9 nh\u00e0ng.<\/li>\n<li><b>L\u00e0nh M\u1ea1nh v\u1edbi M\u00f4i Tr\u01b0\u1eddng: <\/b>C\u1ea3m th\u1ea5y h\u00e0i l\u00f2ng v\u1ec1 nh\u1eefng g\u00ec b\u1ea1n s\u1eed d\u1ee5ng. S\u1ea3n ph\u1ea9m \u0111\u01b0\u1ee3c \u0111i\u1ec1u ch\u1ebf t\u1eeb nguy\u00ean li\u1ec7u an to\u00e0n, th\u00e2n thi\u1ec7n v\u1edbi m\u00f4i tr\u01b0\u1eddng. <\/li>\n<\/ul>\n<p><b>Gi\u1eef tay lu\u00f4n s\u1ea1ch, d\u01b0\u1ee1ng \u1ea9m m\u1ec1m m\u1ea1i v\u00e0 th\u01a1m d\u1ec5 ch\u1ecbu \u2013 theo c\u00e1ch t\u1ef1 nhi\u00ean nh\u1ea5t.<\/b><\/p>\n<\/div>\n","protected":false},"excerpt":{"rendered":"<p>Tr\u1ea3i nghi\u1ec7m l\u00e0m s\u1ea1ch d\u1ecbu nh\u1eb9 v\u1edbi <b>N\u01b0\u1edbc R\u1eeda Tay Enzyco<\/b>. C\u00f4ng th\u1ee9c sang tr\u1ecdng n\u00e0y mang \u0111\u1ebfn l\u00e0m s\u1ea1ch an to\u00e0n, d\u1ecbu nh\u1eb9, ngay c\u1ea3 v\u1edbi d<b>a nh\u1ea1y c\u1ea3m ho\u1eb7c da d\u1ec5 vi\u00eam<\/b>, v\u00ec <b>kh\u00f4ng g\u00e2y kh\u00f4 hay k\u00edch \u1ee9ng<\/b>. <b>Chi\u1ebft xu\u1ea5t tinh d\u1ea7u Cam t\u1ef1 nhi\u00ean<\/b> \u0111\u1ec3 l\u1ea1i tr\u00ean tay b\u1ea1n <b>h\u01b0\u01a1ng th\u01a1m t\u01b0\u01a1i m\u00e1t, nh\u1eb9 nh\u00e0ng<\/b> sau m\u1ed7i l\u1ea7n r\u1eeda.  <\/p>\n<p>C\u00f2n c\u00f3 phi\u00ean b\u1ea3n n\u1ea1p l\u1ea1i ti\u1ec7n l\u1ee3i.<\/p>\n","protected":false},"featured_media":12259,"template":"","meta":[],"pwb-brand":[],"product_cat":[407,185,270,398,218],"product_tag":[563,556,565,564],"class_list":{"0":"post-12842","1":"product","2":"type-product","3":"status-publish","4":"has-post-thumbnail","6":"product_cat-danh-cho-bep","7":"product_cat-suc-khoe-lam-dep","8":"product_cat-ve-sinh-nha-tam-toilet","9":"product_cat-xa-phong-vi","10":"product_cat-xa-phong-dang-nuoc","11":"product_tag-chung-nhan-than-thien-moi-truong","12":"product_tag-duong-am","13":"product_tag-nap-lai","14":"product_tag-xa-phong-rua-tay","16":"first","17":"instock","18":"shipping-taxable","19":"purchasable","20":"product-type-simple"},"acf":[],"brands":[],"_links":{"self":[{"href":"https:\/\/bynature.vn\/vi\/wp-json\/wp\/v2\/product\/12842","targetHints":{"allow":["GET"]}}],"collection":[{"href":"https:\/\/bynature.vn\/vi\/wp-json\/wp\/v2\/product"}],"about":[{"href":"https:\/\/bynature.vn\/vi\/wp-json\/wp\/v2\/types\/product"}],"wp:featuredmedia":[{"embeddable":true,"href":"https:\/\/bynature.vn\/vi\/wp-json\/wp\/v2\/media\/12259"}],"wp:attachment":[{"href":"https:\/\/bynature.vn\/vi\/wp-json\/wp\/v2\/media?parent=12842"}],"wp:term":[{"taxonomy":"pwb-brand","embeddable":true,"href":"https:\/\/bynature.vn\/vi\/wp-json\/wp\/v2\/pwb-brand?post=12842"},{"taxonomy":"product_cat","embeddable":true,"href":"https:\/\/bynature.vn\/vi\/wp-json\/wp\/v2\/product_cat?post=12842"},{"taxonomy":"product_tag","embeddable":true,"href":"https:\/\/bynature.vn\/vi\/wp-json\/wp\/v2\/product_tag?post=12842"}],"curies":[{"name":"wp","href":"https:\/\/api.w.org\/{rel}","templated":true}]}}