{"id":12840,"date":"2025-10-08T17:50:16","date_gmt":"2025-10-08T10:50:16","guid":{"rendered":"https:\/\/bynature.vn\/product\/hop-qua-trai-cay-socola\/"},"modified":"2025-10-08T17:50:16","modified_gmt":"2025-10-08T10:50:16","slug":"hop-qua-trai-cay-socola","status":"publish","type":"product","link":"https:\/\/bynature.vn\/vi\/product\/hop-qua-trai-cay-socola\/","title":{"rendered":"H\u1ed9p Qu\u00e0 Tr\u00e1i C\u00e2y &amp; Socola"},"content":{"rendered":"<div id=\"model-response-message-contentr_496ebc544967f1a7\" class=\"markdown markdown-main-panel enable-updated-hr-color\" dir=\"ltr\">\n<h2>H\u1ed9p Qu\u00e0 Tr\u00e1i C\u00e2y &amp; Socola<\/h2>\n<p>T\u1eb7ng tr\u1ecdn v\u1eb9n s\u1ef1 ng\u1ecdt ng\u00e0o t\u1ef1 nhi\u00ean v\u1edbi <b>H\u1ed9p Qu\u00e0 Tr\u00e1i C\u00e2y &amp; Socola<\/b>. B\u1ed9 s\u01b0u t\u1eadp \u0111\u01b0\u1ee3c l\u1ef1a ch\u1ecdn k\u1ef9 c\u00e0ng n\u00e0y k\u1ebft h\u1ee3p t\u01b0\u01a1i ngon t\u1eeb trang tr\u1ea1i \u0111\u1ecba ph\u01b0\u01a1ng v\u1edbi socola \u0111en th\u1ee7 c\u00f4ng phong ph\u00fa, mang \u0111\u1ebfn m\u00f3n qu\u00e0 ho\u00e0n h\u1ea3o \u0111\u1ec3 tri \u00e2n, k\u1ef7 ni\u1ec7m kho\u1ea3nh kh\u1eafc \u0111\u1eb7c bi\u1ec7t, ho\u1eb7c \u0111\u01a1n gi\u1ea3n l\u00e0 chia s\u1ebb ph\u00fat gi\u00e2y sang tr\u1ecdng, t\u1ef1 nhi\u00ean.  <\/p>\n<h3>B\u00ean Trong H\u1ed9p:<\/h3>\n<ul>\n<li><b>Tr\u00e1i C\u00e2y T\u01b0\u01a1i S\u1ea1ch T\u1eeb Trang Tr\u1ea1i:<\/b> Tuy\u1ec3n ch\u1ecdn tr\u00e1i c\u00e2y theo m\u00f9a, <b>kh\u00f4ng h\u00f3a ch\u1ea5t<\/b>, c\u00f3 ngu\u1ed3n g\u1ed1c t\u1eeb c\u00e1c trang tr\u1ea1i \u0111\u1ed1i t\u00e1c \u0111\u1ecba ph\u01b0\u01a1ng. Th\u00e0nh ph\u1ea7n c\u00f3 th\u1ec3 thay \u0111\u1ed5i theo m\u00f9a, nh\u01b0ng lu\u00f4n l\u00e0 nh\u1eefng tr\u00e1i c\u00e2y t\u01b0\u01a1i ngon, tr\u00f2n v\u1ecb nh\u1ea5t. <\/li>\n<li><b>Thanh Socola \u0110en Th\u1ee7 C\u00f4ng:<\/b> <b>Socola \u0111en th\u1ee7 c\u00f4ng \u0111\u1ed9c quy\u1ec1n t\u1eeb ngh\u1ec7 nh\u00e2n \u0111\u1ecba ph\u01b0\u01a1ng<\/b>, 100% nguy\u00ean li\u1ec7u t\u1ef1 nhi\u00ean. H\u01b0\u01a1ng v\u1ecb s\u00f4-c\u00f4-la \u0111\u1eadm \u0111\u00e0, s\u00e2u l\u1eafng v\u1edbi h\u1eadu v\u1ecb m\u01b0\u1ee3t m\u00e0 tinh t\u1ebf, ho\u00e0n h\u1ea3o c\u00e2n b\u1eb1ng c\u00f9ng v\u1ecb ng\u1ecdt t\u1ef1 nhi\u00ean c\u1ee7a tr\u00e1i c\u00e2y. <\/li>\n<\/ul>\n<p>T\u1ea5t c\u1ea3 \u0111\u01b0\u1ee3c \u0111\u00f3ng g\u00f3i tinh t\u1ebf trong h\u1ed9p c\u00f3 th\u1ec3 t\u00e1i s\u1eed d\u1ee5ng, s\u1eb5n s\u00e0ng \u0111\u1ec3 trao t\u1eb7ng.<\/p>\n<\/div>\n","protected":false},"excerpt":{"rendered":"<div id=\"model-response-message-contentr_c2624b64e1224091\" class=\"markdown markdown-main-panel enable-updated-hr-color\" dir=\"ltr\">\n<h3>H\u1ed9p Qu\u00e0 Tr\u00e1i C\u00e2y &amp; Socola<\/h3>\n<p>H\u1ed9p qu\u00e0 xinh \u0111\u1eb9p n\u00e0y k\u1ebft h\u1ee3p tinh t\u00fay t\u1eeb thi\u00ean nhi\u00ean: tuy\u1ec3n ch\u1ecdn <b>tr\u00e1i c\u00e2y theo m\u00f9a, t\u01b0\u01a1i s\u1ea1ch t\u1eeb trang tr\u1ea1i <\/b>c\u00f9ng thanh <b>socola \u0111en th\u1ee7 c\u00f4ng<\/b> \u0111\u1eadm \u0111\u00e0 t\u1eeb ngh\u1ec7 nh\u00e2n \u0111\u1ecba ph\u01b0\u01a1ng.<\/p>\n<p>M\u1ed9t c\u00e1ch tinh khi\u1ebft, l\u00e0nh m\u1ea1nh v\u00e0 ngon mi\u1ec7ng \u0111\u1ec3 g\u1eedi l\u1eddi tri \u00e2n. <b>T\u01b0\u01a1i t\u1ef1 nhi\u00ean, ng\u1ecdt ng\u00e0o t\u1ef1 nhi\u00ean.<\/b><\/p>\n<\/div>\n","protected":false},"featured_media":12193,"template":"","meta":[],"pwb-brand":[],"product_cat":[409,244,242],"product_tag":[],"class_list":{"0":"post-12840","1":"product","2":"type-product","3":"status-publish","4":"has-post-thumbnail","6":"product_cat-500-000d-1-000-000d","7":"product_cat-hop-qua","8":"product_cat-qua-tang-hoa","10":"first","11":"instock","12":"shipping-taxable","13":"purchasable","14":"product-type-simple"},"acf":[],"brands":[],"_links":{"self":[{"href":"https:\/\/bynature.vn\/vi\/wp-json\/wp\/v2\/product\/12840","targetHints":{"allow":["GET"]}}],"collection":[{"href":"https:\/\/bynature.vn\/vi\/wp-json\/wp\/v2\/product"}],"about":[{"href":"https:\/\/bynature.vn\/vi\/wp-json\/wp\/v2\/types\/product"}],"wp:featuredmedia":[{"embeddable":true,"href":"https:\/\/bynature.vn\/vi\/wp-json\/wp\/v2\/media\/12193"}],"wp:attachment":[{"href":"https:\/\/bynature.vn\/vi\/wp-json\/wp\/v2\/media?parent=12840"}],"wp:term":[{"taxonomy":"pwb-brand","embeddable":true,"href":"https:\/\/bynature.vn\/vi\/wp-json\/wp\/v2\/pwb-brand?post=12840"},{"taxonomy":"product_cat","embeddable":true,"href":"https:\/\/bynature.vn\/vi\/wp-json\/wp\/v2\/product_cat?post=12840"},{"taxonomy":"product_tag","embeddable":true,"href":"https:\/\/bynature.vn\/vi\/wp-json\/wp\/v2\/product_tag?post=12840"}],"curies":[{"name":"wp","href":"https:\/\/api.w.org\/{rel}","templated":true}]}}