{"id":12834,"date":"2025-12-22T12:20:43","date_gmt":"2025-12-22T05:20:43","guid":{"rendered":"https:\/\/bynature.vn\/product\/gel-duong-the-nha-dam-lam-diu-phuc-hoi-200ml\/"},"modified":"2025-12-22T12:20:43","modified_gmt":"2025-12-22T05:20:43","slug":"gel-duong-the-nha-dam-lam-diu-phuc-hoi-200ml","status":"publish","type":"product","link":"https:\/\/bynature.vn\/vi\/product\/gel-duong-the-nha-dam-lam-diu-phuc-hoi-200ml\/","title":{"rendered":"Gel D\u01b0\u1ee1ng Th\u1ec3 Nha \u0110am (L\u00e0m D\u1ecbu &amp; Ph\u1ee5c H\u1ed3i) 200ml"},"content":{"rendered":"<h2 data-path-to-node=\"0\"><b>Gel D\u01b0\u1ee1ng Th\u1ec3 Nha \u0110am (L\u00e0m D\u1ecbu &amp; Ph\u1ee5c H\u1ed3i) <\/b><b>| <\/b><b>Natur Boutique <\/b> <\/h2>\n<p data-path-to-node=\"1\"><b>C\u00e1i ch\u1ea1m m\u00e1t l\u00e0nh t\u1eeb thi\u00ean nhi\u00ean cho l\u00e0n da c\u0103ng th\u1eb3ng.<\/b><\/p>\n<p data-path-to-node=\"2\">C\u1ea3m nh\u1eadn s\u1ef1 d\u1ecbu m\u00e1t t\u1ee9c th\u00ec t\u1eeb Nha \u0110am c\u00f3 \u0111\u1ed9 tinh khi\u1ebft cao. Gel d\u01b0\u1ee1ng th\u1ec3 \u0111a n\u0103ng n\u00e0y l\u00e0 v\u1eadt d\u1ee5ng thi\u1ebft y\u1ebfu cho m\u1ecdi gia \u0111\u00ecnh, \u0111\u01b0\u1ee3c thi\u1ebft k\u1ebf \u0111\u1ec3 l\u00e0m d\u1ecbu, c\u1ea5p \u1ea9m v\u00e0 ph\u1ee5c h\u1ed3i l\u00e0n da b\u1ecb t\u00e1c \u0111\u1ed9ng b\u1edfi m\u00f4i tr\u01b0\u1eddng ho\u1eb7c \u0111ang k\u00edch \u1ee9ng. K\u1ebft c\u1ea5u nh\u1eb9, th\u1ea5m nhanh, cung c\u1ea5p \u0111\u1ed9 \u1ea9m m\u00e0 kh\u00f4ng g\u00e2y b\u1ebft d\u00ednh, gi\u00fap da nhanh ch\u00f3ng \u00eam d\u1ecbu v\u00e0 h\u1ed3i ph\u1ee5c.  <\/p>\n<h3 data-path-to-node=\"4\"><b>T\u1ea1i sao s\u1ea3n ph\u1ea9m n\u00e0y \u0111\u1eb7c bi\u1ec7t:<\/b><\/h3>\n<ul data-path-to-node=\"5\">\n<li>\n<p data-path-to-node=\"5,0,0\"><b>L\u00e0m M\u00e1t T\u1ee9c Th\u00ec: <\/b><span class=\"citation-316 citation-end-316\">Gi\u1ea3m nhanh c\u1ea3m gi\u00e1c r\u00e1t cho da sau n\u1eafng, b\u1ecfng nh\u1eb9 ho\u1eb7c r\u00f4m s\u1ea3y do n\u00f3ng.<\/span><\/p>\n<\/li>\n<li>\n<p data-path-to-node=\"5,1,0\"><b>Ph\u1ee5c H\u1ed3i S\u00e2u:<\/b> Th\u00fac \u0111\u1ea9y t\u00e1i t\u1ea1o da, h\u1ed7 tr\u1ee3 c\u1ea3i thi\u1ec7n kh\u00f4 r\u00e1p v\u00e0 k\u00edch \u1ee9ng.<\/p>\n<\/li>\n<li>\n<p data-path-to-node=\"5,2,0\"><b>C\u00f4ng Th\u1ee9c Kh\u00f4ng Nh\u1eddn R\u00edt:<\/b> Gel trong su\u1ed1t, th\u1ea5m trong v\u00e0i gi\u00e2y, l\u00fd t\u01b0\u1edfng d\u00f9ng h\u1eb1ng ng\u00e0y \u1edf m\u1ecdi \u0111i\u1ec1u ki\u1ec7n th\u1eddi ti\u1ebft.<\/p>\n<\/li>\n<li>\n<p data-path-to-node=\"5,3,0\">An To\u00e0n Cho C\u1ea3 Gia \u0110\u00ecnh: D\u1ecbu nh\u1eb9 cho m\u1ecdi lo\u1ea1i da, k\u1ec3 c\u1ea3 da nh\u1ea1y c\u1ea3m v\u00e0 tr\u1ebb em.<\/p>\n<\/li>\n<\/ul>\n<h3 data-path-to-node=\"7\"><\/h3>\n<h3 data-path-to-node=\"7\"><b>C\u00e1c l\u1ee3i \u00edch ch\u00ednh:<\/b><\/h3>\n<ul data-path-to-node=\"8\">\n<li>\n<p data-path-to-node=\"8,0,0\"><b>Nha \u0110am Tinh Khi\u1ebft:<\/b> <span class=\"citation-315 citation-end-315\">\u201cC\u00e2y s\u01a1 c\u1ee9u\u201d c\u1ee7a thi\u00ean nhi\u00ean, n\u1ed5i ti\u1ebfng v\u1edbi \u0111\u1eb7c t\u00ednh ch\u1ed1ng vi\u00eam v\u00e0 c\u1ea5p \u1ea9m hi\u1ec7u qu\u1ea3.<\/span><\/p>\n<\/li>\n<li>\n<p data-path-to-node=\"8,1,0\"><b>Kh\u00f3a \u1ea8m:<\/b> <span class=\"citation-314 citation-end-314\">T\u1ea1o l\u1edbp b\u1ea3o v\u1ec7 th\u00f4ng tho\u00e1ng gi\u00fap da gi\u1eef l\u1ea1i l\u01b0\u1ee3ng n\u01b0\u1edbc t\u1ef1 nhi\u00ean.<\/span><\/p>\n<\/li>\n<li>\n<p data-path-to-node=\"8,2,0\"><b>Ch\u0103m S\u00f3c \u0110a N\u0103ng:<\/b> L\u00fd t\u01b0\u1edfng d\u00f9ng sau khi \u0111i n\u1eafng, m\u1ed9t lo\u1ea1i d\u1ea7u d\u01b0\u1ee1ng sau khi c\u1ea1o r\u00e2u, ho\u1eb7c nh\u01b0 kem d\u01b0\u1ee1ng nh\u1eb9 h\u1eb1ng ng\u00e0y cho da d\u1ea7u.<\/p>\n<\/li>\n<\/ul>\n<h3 data-path-to-node=\"10\"><b>C\u00e1ch s\u1eed d\u1ee5ng:<\/b><\/h3>\n<p data-path-to-node=\"11\">Thoa m\u1ed9t l\u01b0\u1ee3ng v\u1eeba \u0111\u1ee7 l\u00ean da s\u1ea1ch, kh\u00f4. Massage nh\u1eb9 nh\u00e0ng \u0111\u1ebfn khi th\u1ea9m th\u1ea5u ho\u00e0n to\u00e0n. \u0110\u1ec3 t\u0103ng c\u1ea3m gi\u00e1c m\u00e1t l\u1ea1nh v\u00e0o nh\u1eefng ng\u00e0y n\u00f3ng ho\u1eb7c sau khi ph\u01a1i n\u1eafng, c\u00f3 th\u1ec3 b\u1ea3o qu\u1ea3n chai trong ng\u0103n m\u00e1t t\u1ee7 l\u1ea1nh tr\u01b0\u1edbc khi s\u1eed d\u1ee5ng.  <\/p>\n<table data-path-to-node=\"1\">\n<thead>\n<tr>\n<td><strong>T\u00ednh N\u0103ng<\/strong><\/td>\n<td><strong>S\u1eefa T\u1eafm Th\u1ea3o M\u1ed9c (250ml)<\/strong><\/td>\n<td><strong>Gel D\u01b0\u1ee1ng Th\u1ec3 Nha \u0110am (200ml)<\/strong><\/td>\n<\/tr>\n<\/thead>\n<tbody>\n<tr>\n<td><span data-path-to-node=\"1,1,0,0\"><b>M\u1ee5c Ti\u00eau Ch\u00ednh<\/b><\/span><\/td>\n<td><span data-path-to-node=\"1,1,1,0\"><b>L\u00e0m s\u1ea1ch &amp; T\u01b0\u01a1i m\u1edbi:<\/b> Lo\u1ea1i b\u1ecf b\u1ee5i b\u1ea9n h\u1eb1ng ng\u00e0y, gi\u1eef c\u00e2n b\u1eb1ng da.<\/span><\/td>\n<td><span data-path-to-node=\"1,1,2,0\"><b>L\u00e0m d\u1ecbu &amp; Ph\u1ee5c h\u1ed3i:<\/b> Gi\u1ea3m k\u00edch \u1ee9ng, m\u1ea9n \u0111\u1ecf v\u00e0 ch\u0103m s\u00f3c da sau khi \u0111i n\u1eafng.<\/span><\/td>\n<\/tr>\n<tr>\n<td><span data-path-to-node=\"1,2,0,0\"><b>K\u1ebft C\u1ea5u<\/b><\/span><\/td>\n<td><span data-path-to-node=\"1,2,1,0\">Gel th\u1ef1c v\u1eadt m\u01b0\u1ee3t, d\u1ecbu nh\u1eb9.<\/span><\/td>\n<td><span data-path-to-node=\"1,2,2,0\">Gel trong su\u1ed1t, th\u1ea5m nhanh.<\/span><\/td>\n<\/tr>\n<tr>\n<td><span data-path-to-node=\"1,3,0,0\"><b>T\u00e1c \u0110\u1ed9ng Ch\u00ednh<\/b><\/span><\/td>\n<td><span data-path-to-node=\"1,3,1,0\">L\u00e0m s\u1ea1ch hi\u1ec7u qu\u1ea3 m\u00e0 kh\u00f4ng d\u00f9ng sulfate g\u00e2y kh\u00f4 da.<\/span><\/td>\n<td><span data-path-to-node=\"1,3,2,0\">L\u00e0m m\u00e1t t\u1ee9c th\u00ec, c\u1ea5p \u1ea9m s\u00e2u, th\u00f4ng tho\u00e1ng.<\/span><\/td>\n<\/tr>\n<tr>\n<td><span data-path-to-node=\"1,4,0,0\"><b>Th\u1eddi \u0110i\u1ec3m \u0111\u1ec3 S\u1eed D\u1ee5ng<\/b><\/span><\/td>\n<td><span data-path-to-node=\"1,4,1,0\"><b>B\u01b0\u1edbc 1:<\/b> D\u00f9ng h\u1eb1ng ng\u00e0y khi t\u1eafm ho\u1eb7c ng\u00e2m b\u1ed3n.<\/span><\/td>\n<td><span data-path-to-node=\"1,4,2,0\"><b>B\u01b0\u1edbc 2:<\/b> Thoa l\u00ean da s\u1ea1ch ngay sau khi lau kh\u00f4.<\/span><\/td>\n<\/tr>\n<tr>\n<td><span data-path-to-node=\"1,5,0,0\"><b>K\u1ebft Qu\u1ea3<\/b><\/span><\/td>\n<td><span data-path-to-node=\"1,5,1,0\">Da s\u1ea1ch ho\u00e0n h\u1ea3o, m\u1ec1m m\u1ea1i v\u00e0 d\u1ec5 ch\u1ecbu.<\/span><\/td>\n<td><span data-path-to-node=\"1,5,2,0\">Da d\u1ecbu m\u00e1t, \u0111\u1ee7 \u1ea9m v\u00e0 \u0111\u01b0\u1ee3c ph\u1ee5c h\u1ed3i r\u00f5 r\u1ec7t.<\/span><\/td>\n<\/tr>\n<\/tbody>\n<\/table>\n","protected":false},"excerpt":{"rendered":"<h3 data-path-to-node=\"0\"><b>Gel D\u01b0\u1ee1ng Th\u1ec3 Nha \u0110am (200ml)<\/b><\/h3>\n<p data-path-to-node=\"1\"><b>M\u1ee5c Ti\u00eau Ch\u00ednh:<\/b> <b>L\u00e0m D\u1ecbu &amp; Ph\u1ee5c H\u1ed3i:<\/b> <span class=\"citation-321 citation-end-321\">D\u00f9ng h\u1eb1ng ng\u00e0y v\u00e0 h\u1ed7 tr\u1ee3 ch\u0103m s\u00f3c da k\u00edch \u1ee9ng, \u1eedng \u0111\u1ecf, da sau n\u1eafng.<\/span><\/p>\n<ul data-path-to-node=\"2\">\n<li>\n<p data-path-to-node=\"2,0,0\"><b>K\u1ebft C\u1ea5u:<\/b> Gel trong su\u1ed1t, th\u1ea5m nhanh.<\/p>\n<\/li>\n<li>\n<p data-path-to-node=\"2,1,0\"><b>T\u00e1c \u0110\u1ed9ng Ch\u00ednh:<\/b> L\u00e0m m\u00e1t t\u1ee9c th\u00ec, c\u1ea5p \u1ea9m s\u00e2u, tho\u00e1ng kh\u00ed.<\/p>\n<\/li>\n<li>\n<p data-path-to-node=\"2,2,0\"><b>C\u00e1ch D\u00f9ng:<\/b> Thoa l\u00ean da s\u1ea1ch ngay sau khi lau kh\u00f4 nh\u01b0 b\u01b0\u1edbc 2 trong chu tr\u00ecnh ch\u0103m s\u00f3c c\u01a1 th\u1ec3.<\/p>\n<\/li>\n<li>\n<p data-path-to-node=\"2,3,0\"><b>K\u1ebft qu\u1ea3:<\/b> Da d\u1ecbu \u00eam, \u0111\u1ee7 \u1ea9m v\u00e0 \u0111\u01b0\u1ee3c ph\u1ee5c h\u1ed3i r\u00f5 r\u1ec7t.<\/p>\n<\/li>\n<\/ul>\n","protected":false},"featured_media":12694,"template":"","meta":[],"pwb-brand":[301],"product_cat":[397,401,185],"product_tag":[],"class_list":{"0":"post-12834","1":"product","2":"type-product","3":"status-publish","4":"has-post-thumbnail","6":"pwb-brand-daquyn-the-queen-vi","7":"product_cat-cham-soc-co-the","8":"product_cat-duong-am","9":"product_cat-suc-khoe-lam-dep","11":"first","12":"instock","13":"shipping-taxable","14":"purchasable","15":"product-type-simple"},"acf":[],"brands":[{"id":301,"name":"Daquyn - The Queen","slug":"daquyn-the-queen-vi"}],"_links":{"self":[{"href":"https:\/\/bynature.vn\/vi\/wp-json\/wp\/v2\/product\/12834","targetHints":{"allow":["GET"]}}],"collection":[{"href":"https:\/\/bynature.vn\/vi\/wp-json\/wp\/v2\/product"}],"about":[{"href":"https:\/\/bynature.vn\/vi\/wp-json\/wp\/v2\/types\/product"}],"wp:featuredmedia":[{"embeddable":true,"href":"https:\/\/bynature.vn\/vi\/wp-json\/wp\/v2\/media\/12694"}],"wp:attachment":[{"href":"https:\/\/bynature.vn\/vi\/wp-json\/wp\/v2\/media?parent=12834"}],"wp:term":[{"taxonomy":"pwb-brand","embeddable":true,"href":"https:\/\/bynature.vn\/vi\/wp-json\/wp\/v2\/pwb-brand?post=12834"},{"taxonomy":"product_cat","embeddable":true,"href":"https:\/\/bynature.vn\/vi\/wp-json\/wp\/v2\/product_cat?post=12834"},{"taxonomy":"product_tag","embeddable":true,"href":"https:\/\/bynature.vn\/vi\/wp-json\/wp\/v2\/product_tag?post=12834"}],"curies":[{"name":"wp","href":"https:\/\/api.w.org\/{rel}","templated":true}]}}