{"id":12833,"date":"2025-12-22T12:30:25","date_gmt":"2025-12-22T05:30:25","guid":{"rendered":"https:\/\/bynature.vn\/product\/sua-tam-spa-thu-gian-sa-hoa-cuc-la-ma-300ml\/"},"modified":"2025-12-22T12:30:25","modified_gmt":"2025-12-22T05:30:25","slug":"sua-tam-spa-thu-gian-sa-hoa-cuc-la-ma-300ml","status":"publish","type":"product","link":"https:\/\/bynature.vn\/vi\/product\/sua-tam-spa-thu-gian-sa-hoa-cuc-la-ma-300ml\/","title":{"rendered":"S\u1eefa T\u1eafm (Spa Th\u01b0 Gi\u00e3n) S\u1ea3 &amp; Hoa C\u00fac La M\u00e3 300ml"},"content":{"rendered":"<h2 data-path-to-node=\"0\"><b>S\u1eefa T\u1eafm (Spa Th\u01b0 Gi\u00e3n) \u2013 S\u1ea3 &amp; Hoa C\u00fac La M\u00e3 (300ml) <\/b><b>| <\/b><b>Natur Boutique <\/b> <\/h2>\n<p data-path-to-node=\"1\"><b>Tr\u1ea3i nghi\u1ec7m th\u01b0 gi\u00e3n th\u1ea3o m\u1ed9c tr\u1ecdn v\u1eb9n.<\/b><\/p>\n<p data-path-to-node=\"2\">Bi\u1ebfn m\u1ed7i l\u1ea7n t\u1eafm h\u1eb1ng ng\u00e0y th\u00e0nh m\u1ed9t nghi th\u1ee9c th\u01b0 gi\u00e3n d\u1ecbu \u00eam. \u0110\u01b0\u1ee3c chi\u1ebft xu\u1ea5t t\u1eeb <b>S\u1ea3<\/b> t\u01b0\u01a1i m\u00e1t v\u00e0 <b>Hoa C\u00fac La M\u00e3<\/b> l\u00e0m d\u1ecbu, s\u1eefa t\u1eafm nh\u1eb9 nh\u00e0ng n\u00e0y gi\u00fap r\u1eeda tr\u00f4i m\u1ec7t m\u1ecfi c\u1ee7a c\u1ea3 ng\u00e0y \u0111\u1ed3ng th\u1eddi xoa d\u1ecbu tinh th\u1ea7n. C\u00f4ng th\u1ee9c ngu\u1ed3n g\u1ed1c th\u1ef1c v\u1eadt, n\u00f3 t\u00f4n tr\u1ecdng s\u1ef1 c\u00e2n b\u1eb1ng t\u1ef1 nhi\u00ean c\u1ee7a l\u00e0n da, \u0111\u1ec3 l\u1ea1i c\u1ea3m gi\u00e1c m\u1ec1m m\u1ea1i, \u0111\u1ee7 \u1ea9m v\u00e0 h\u01b0\u01a1ng th\u01a1m tinh t\u1ebf.  <\/p>\n<h3 data-path-to-node=\"4\"><b>H\u01b0\u1edbng D\u1eabn Spa Th\u01b0 Gi\u00e3n:<\/b><\/h3>\n<ul data-path-to-node=\"5\">\n<li>\n<p data-path-to-node=\"5,0,0\"><b>M\u1ee5c Ti\u00eau Ch\u00ednh: <\/b><b>Th\u01b0 gi\u00e3n &amp; T\u01b0\u01a1i m\u1edbi:<\/b> L\u00e0m s\u1ea1ch d\u1ecbu nh\u1eb9 cho c\u01a1 th\u1ec3, \u0111\u1ed3ng th\u1eddi mang \u0111\u1ebfn tr\u1ea3i nghi\u1ec7m h\u01b0\u01a1ng li\u1ec7u th\u01b0 gi\u00e3n.<\/p>\n<\/li>\n<li>\n<p data-path-to-node=\"5,1,0\"><b>K\u1ebft C\u1ea5u:<\/b> Gel nh\u1eb9, m\u01b0\u1ee3t, t\u1ea1o b\u1ecdt m\u1ecfng d\u1ecbu d\u00e0ng.<\/p>\n<\/li>\n<li>\n<p data-path-to-node=\"5,2,0\"><b>T\u00e1c \u0110\u1ed9ng Ch\u00ednh: L\u00e0m s\u1ea1ch l\u00e0n<\/b> da m\u00e0 kh\u00f4ng d\u00f9ng sulfate m\u1ea1nh; chi\u1ebft xu\u1ea5t th\u1ea3o m\u1ed9c gi\u00fap l\u00e0m d\u1ecbu v\u00e0 l\u00e0m m\u1ec1m da.<\/p>\n<\/li>\n<li>\n<p data-path-to-node=\"5,3,0\"><b>Th\u1eddi \u0110i\u1ec3m S\u1eed D\u1ee5ng:<\/b> <b>B\u01b0\u1edbc 1:<\/b> D\u00f9ng h\u1eb1ng ng\u00e0y khi t\u1eafm ho\u1eb7c ng\u00e2m b\u1ed3n. N\u00ean k\u1ebft h\u1ee3p Gel D\u01b0\u1ee1ng Th\u1ec3 Nha \u0110am sau \u0111\u00f3 \u0111\u1ec3 ph\u1ee5c h\u1ed3i da to\u00e0n di\u1ec7n. <\/p>\n<\/li>\n<li>\n<p data-path-to-node=\"5,4,0\"><b>K\u1ebft qu\u1ea3: <\/b>L\u00e0n da s\u1ea1ch s\u1ebd, d\u1ec5 ch\u1ecbu c\u00f9ng c\u1ea3m gi\u00e1c an y\u00ean, th\u01b0 th\u00e1i nh\u01b0 \u0111ang \u1edf spa.<\/p>\n<\/li>\n<\/ul>\n<table data-path-to-node=\"1\">\n<thead>\n<tr>\n<td><strong>T\u00ednh N\u0103ng<\/strong><\/td>\n<td><strong>S\u1eefa T\u1eafm Th\u1ea3o M\u1ed9c (250ml)<\/strong><\/td>\n<td><strong>Gel D\u01b0\u1ee1ng Th\u1ec3 Nha \u0110am (200ml)<\/strong><\/td>\n<\/tr>\n<\/thead>\n<tbody>\n<tr>\n<td><span data-path-to-node=\"1,1,0,0\"><b>M\u1ee5c Ti\u00eau Ch\u00ednh<\/b><\/span><\/td>\n<td><span data-path-to-node=\"1,1,1,0\"><b>L\u00e0m s\u1ea1ch &amp; T\u01b0\u01a1i m\u1edbi:<\/b> Lo\u1ea1i b\u1ecf b\u1ee5i b\u1ea9n h\u1eb1ng ng\u00e0y, gi\u1eef c\u00e2n b\u1eb1ng da.<\/span><\/td>\n<td><span data-path-to-node=\"1,1,2,0\"><b>L\u00e0m d\u1ecbu &amp; Ph\u1ee5c h\u1ed3i:<\/b> Gi\u1ea3m k\u00edch \u1ee9ng, m\u1ea9n \u0111\u1ecf v\u00e0 ch\u0103m s\u00f3c da sau khi \u0111i n\u1eafng.<\/span><\/td>\n<\/tr>\n<tr>\n<td><span data-path-to-node=\"1,2,0,0\"><b>K\u1ebft C\u1ea5u<\/b><\/span><\/td>\n<td><span data-path-to-node=\"1,2,1,0\">Gel th\u1ef1c v\u1eadt m\u01b0\u1ee3t, d\u1ecbu nh\u1eb9.<\/span><\/td>\n<td><span data-path-to-node=\"1,2,2,0\">Gel trong su\u1ed1t, th\u1ea5m nhanh.<\/span><\/td>\n<\/tr>\n<tr>\n<td><span data-path-to-node=\"1,3,0,0\"><b>T\u00e1c \u0110\u1ed9ng Ch\u00ednh<\/b><\/span><\/td>\n<td><span data-path-to-node=\"1,3,1,0\">L\u00e0m s\u1ea1ch hi\u1ec7u qu\u1ea3 m\u00e0 kh\u00f4ng d\u00f9ng sulfate g\u00e2y kh\u00f4 da.<\/span><\/td>\n<td><span data-path-to-node=\"1,3,2,0\">L\u00e0m m\u00e1t t\u1ee9c th\u00ec, c\u1ea5p \u1ea9m s\u00e2u, th\u00f4ng tho\u00e1ng.<\/span><\/td>\n<\/tr>\n<tr>\n<td><span data-path-to-node=\"1,4,0,0\"><b>Th\u1eddi \u0110i\u1ec3m \u0111\u1ec3 S\u1eed D\u1ee5ng<\/b><\/span><\/td>\n<td><span data-path-to-node=\"1,4,1,0\"><b>B\u01b0\u1edbc 1:<\/b> D\u00f9ng h\u1eb1ng ng\u00e0y khi t\u1eafm ho\u1eb7c ng\u00e2m b\u1ed3n.<\/span><\/td>\n<td><span data-path-to-node=\"1,4,2,0\"><b>B\u01b0\u1edbc 2:<\/b> Thoa l\u00ean da s\u1ea1ch ngay sau khi lau kh\u00f4.<\/span><\/td>\n<\/tr>\n<tr>\n<td><span data-path-to-node=\"1,5,0,0\"><b>K\u1ebft Qu\u1ea3<\/b><\/span><\/td>\n<td><span data-path-to-node=\"1,5,1,0\">Da s\u1ea1ch ho\u00e0n h\u1ea3o, m\u1ec1m m\u1ea1i v\u00e0 d\u1ec5 ch\u1ecbu.<\/span><\/td>\n<td><span data-path-to-node=\"1,5,2,0\">Da d\u1ecbu m\u00e1t, \u0111\u1ee7 \u1ea9m v\u00e0 \u0111\u01b0\u1ee3c ph\u1ee5c h\u1ed3i r\u00f5 r\u1ec7t.<\/span><\/td>\n<\/tr>\n<\/tbody>\n<\/table>\n","protected":false},"excerpt":{"rendered":"<h3 data-path-to-node=\"0\"><b>S\u1eefa T\u1eafm (Spa Th\u01b0 Gi\u00e3n) S\u1ea3 &amp; Hoa C\u00fac La M\u00e3 (300ml)<\/b><\/h3>\n<ul data-path-to-node=\"1\">\n<li>\n<p data-path-to-node=\"1,0,0\"><b>M\u1ee5c Ti\u00eau Ch\u00ednh:<\/b> <b>Th\u01b0 Gi\u00e3n &amp; T\u01b0\u01a1i M\u1edbi:<\/b> L\u00e0m s\u1ea1ch v\u00e0 mang l\u1ea1i tr\u1ea3i nghi\u1ec7m h\u01b0\u01a1ng li\u1ec7u \u00eam d\u1ecbu.<\/p>\n<\/li>\n<li>\n<p data-path-to-node=\"1,1,0\"><b>K\u1ebft C\u1ea5u: <\/b>Gel m\u01b0\u1ee3t, nh\u1eb9.<\/p>\n<\/li>\n<li>\n<p data-path-to-node=\"1,2,0\"><b>T\u00e1c \u0110\u1ed9ng Ch\u00ednh: <\/b>L\u00e0m s\u1ea1ch da kh\u00f4ng sulfate m\u1ea1nh, s\u1eed d\u1ee5ng chi\u1ebft xu\u1ea5t th\u1ea3o m\u1ed9c l\u00e0m d\u1ecbu.<\/p>\n<\/li>\n<li>\n<p data-path-to-node=\"1,3,0\"><b>Th\u1eddi \u0110i\u1ec3m S\u1eed D\u1ee5ng:<\/b> <b>B\u01b0\u1edbc 1: <\/b>D\u00f9ng h\u1eb1ng ng\u00e0y khi t\u1eafm ho\u1eb7c ng\u00e2m b\u1ed3n.<\/p>\n<\/li>\n<li>\n<p data-path-to-node=\"1,4,0\"><b>K\u1ebft Qu\u1ea3:<\/b> Da s\u1ea1ch, m\u1ec1m m\u1ea1i c\u00f9ng c\u1ea3m gi\u00e1c th\u01b0 th\u00e1i, an y\u00ean nh\u01b0 \u1edf spa.<\/p>\n<\/li>\n<\/ul>\n","protected":false},"featured_media":12686,"template":"","meta":[],"pwb-brand":[301],"product_cat":[401,399,185],"product_tag":[],"class_list":{"0":"post-12833","1":"product","2":"type-product","3":"status-publish","4":"has-post-thumbnail","6":"pwb-brand-daquyn-the-queen-vi","7":"product_cat-duong-am","8":"product_cat-sua-tam","9":"product_cat-suc-khoe-lam-dep","11":"first","12":"instock","13":"shipping-taxable","14":"purchasable","15":"product-type-simple"},"acf":[],"brands":[{"id":301,"name":"Daquyn - The Queen","slug":"daquyn-the-queen-vi"}],"_links":{"self":[{"href":"https:\/\/bynature.vn\/vi\/wp-json\/wp\/v2\/product\/12833","targetHints":{"allow":["GET"]}}],"collection":[{"href":"https:\/\/bynature.vn\/vi\/wp-json\/wp\/v2\/product"}],"about":[{"href":"https:\/\/bynature.vn\/vi\/wp-json\/wp\/v2\/types\/product"}],"wp:featuredmedia":[{"embeddable":true,"href":"https:\/\/bynature.vn\/vi\/wp-json\/wp\/v2\/media\/12686"}],"wp:attachment":[{"href":"https:\/\/bynature.vn\/vi\/wp-json\/wp\/v2\/media?parent=12833"}],"wp:term":[{"taxonomy":"pwb-brand","embeddable":true,"href":"https:\/\/bynature.vn\/vi\/wp-json\/wp\/v2\/pwb-brand?post=12833"},{"taxonomy":"product_cat","embeddable":true,"href":"https:\/\/bynature.vn\/vi\/wp-json\/wp\/v2\/product_cat?post=12833"},{"taxonomy":"product_tag","embeddable":true,"href":"https:\/\/bynature.vn\/vi\/wp-json\/wp\/v2\/product_tag?post=12833"}],"curies":[{"name":"wp","href":"https:\/\/api.w.org\/{rel}","templated":true}]}}