{"id":12832,"date":"2025-12-22T12:46:58","date_gmt":"2025-12-22T05:46:58","guid":{"rendered":"https:\/\/bynature.vn\/product\/dau-goi-cho-toc-thuong-toc-dau-sa-tra-xanh-300ml\/"},"modified":"2025-12-22T12:46:58","modified_gmt":"2025-12-22T05:46:58","slug":"dau-goi-cho-toc-thuong-toc-dau-sa-tra-xanh-300ml","status":"publish","type":"product","link":"https:\/\/bynature.vn\/vi\/product\/dau-goi-cho-toc-thuong-toc-dau-sa-tra-xanh-300ml\/","title":{"rendered":"D\u1ea7u G\u1ed9i cho T\u00f3c Th\u01b0\u1eddng &amp; T\u00f3c D\u1ea7u S\u1ea3 &amp; Tr\u00e0 Xanh 300ml"},"content":{"rendered":"<h2 data-path-to-node=\"0\"><b>D\u1ea7u G\u1ed9i cho T\u00f3c Th\u01b0\u1eddng &amp; T\u00f3c D\u1ea7u (S\u1ea3 &amp; Tr\u00e0 Xanh) 300ml <\/b><b>| <\/b><b>Natur Boutique <\/b> <\/h2>\n<p data-path-to-node=\"1\"><b>M\u1ed9t lu\u1ed3ng gi\u00f3 m\u1edbi t\u01b0\u01a1i m\u00e1t cho da \u0111\u1ea7u c\u1ee7a b\u1ea1n.<\/b><\/p>\n<p data-path-to-node=\"2\">T\u1ea1m bi\u1ec7t m\u00e1i t\u00f3c n\u1eb7ng b\u1ebft, nhi\u1ec1u d\u1ea7u v\u00e0 nh\u1eefng h\u00f3a ch\u1ea5t m\u1ea1nh g\u00e2y h\u1ea1i. D\u1ea7u g\u1ed9i th\u1ea3o m\u1ed9c n\u00e0y \u0111\u01b0\u1ee3c t\u1ea1o th\u00e0nh m\u1ed9t c\u00e1ch chuy\u00ean bi\u1ec7t \u0111\u1ec3 c\u00e2n b\u1eb1ng l\u01b0\u1ee3ng d\u1ea7u \u0111\u1ed3ng th\u1eddi l\u00e0m s\u1ea1ch s\u00e2u m\u1ed9t c\u00e1ch t\u1ef1 nhi\u00ean. B\u1eb1ng vi\u1ec7c thay th\u1ebf ch\u1ea5t t\u1ea9y r\u1eeda t\u1ed5ng h\u1ee3p b\u1eb1ng ch\u1ea5t l\u00e0m s\u1ea1ch ngu\u1ed3n g\u1ed1c th\u1ef1c v\u1eadt, <b>Natur Boutique<\/b> gi\u00fap m\u00e1i t\u00f3c lu\u00f4n nh\u1eb9, b\u1ed3ng b\u1ec1nh v\u00e0 tr\u00e0n \u0111\u1ea7y s\u1ee9c s\u1ed1ng m\u00e0 kh\u00f4ng l\u00e0m m\u1ea5t \u0111i s\u1ef1 kh\u1ecfe m\u1ea1nh t\u1ef1 nhi\u00ean.  <\/p>\n<h3 data-path-to-node=\"4\"><b>H\u01b0\u1edbng D\u1eabn Ch\u0103m S\u00f3c T\u00f3c:<\/b><\/h3>\n<ul data-path-to-node=\"5\">\n<li>\n<p data-path-to-node=\"5,0,0\"><b>M\u1ee5c Ti\u00eau Ch\u00ednh: <\/b><b>L\u00e0m S\u1ea1ch &amp; C\u00e2n B\u1eb1ng:<\/b> Lo\u1ea1i b\u1ecf hi\u1ec7u qu\u1ea3 b\u00e3 nh\u1eddn d\u01b0 th\u1eeba v\u00e0 t\u00edch t\u1ee5, \u0111\u1ed3ng th\u1eddi duy tr\u00ec m\u00f4i tr\u01b0\u1eddng da \u0111\u1ea7u kh\u1ecfe m\u1ea1nh.<\/p>\n<\/li>\n<li>\n<p data-path-to-node=\"5,1,0\"><b>K\u1ebft C\u1ea5u: <\/b>Gel trong su\u1ed1t, t\u01b0\u01a1i m\u00e1t, t\u1ea1o b\u1ecdt nh\u1eb9 s\u1ea3ng kho\u00e1i.<\/p>\n<\/li>\n<li>\n<p data-path-to-node=\"5,2,0\"><b>T\u00e1c \u0110\u1ed9ng Ch\u00ednh: <\/b>Khai th\u00e1c t\u00ednh ch\u1ea5t l\u00e0m se t\u1ef1 nhi\u00ean c\u1ee7a <b>S\u1ea3<\/b> k\u1ebft h\u1ee3p v\u1edbi s\u1ee9c m\u1ea1nh ch\u1ed1ng oxy h\u00f3a c\u1ee7a <b>Tr\u00e0 Xanh<\/b> \u0111\u1ec3 thanh l\u1ecdc v\u00e0 b\u1ea3o v\u1ec7.<\/p>\n<\/li>\n<li>\n<p data-path-to-node=\"5,3,0\"><b>C\u00e1ch D\u00f9ng:<\/b> D\u00f9ng nh\u01b0 s\u1ea3n ph\u1ea9m l\u00e0m s\u1ea1ch ch\u00ednh khi t\u1eafm. \u0110\u1ee7 d\u1ecbu nh\u1eb9 \u0111\u1ec3 s\u1eed d\u1ee5ng h\u1eb1ng ng\u00e0y ho\u1eb7c nh\u01b0 li\u1ec7u ph\u00e1p l\u00e0m s\u1ea1ch s\u00e2u cho t\u00f3c d\u1ec5 ti\u1ebft d\u1ea7u. <\/p>\n<\/li>\n<li>\n<p data-path-to-node=\"5,4,0\"><b>K\u1ebft qu\u1ea3: <\/b>T\u00f3c b\u1ed3ng b\u1ec1nh, t\u01b0\u01a1i m\u1edbi v\u00e0 gi\u1eef s\u1ea1ch l\u00e2u h\u01a1n.<\/p>\n<\/li>\n<\/ul>\n<h3 data-path-to-node=\"7\"><b>S\u1ef1 Kh\u00e1c Bi\u1ec7t C\u1ee7a &#8220;V\u1ebb \u0110\u1eb9p S\u1ea1ch S\u00e2u&#8221;:<\/b><\/h3>\n<ul data-path-to-node=\"8\">\n<li>\n<p data-path-to-node=\"8,0,0\"><b>Kh\u00f4ng Sulfate (SLS\/SLES):<\/b> Ch\u00fang t\u00f4i s\u1eed d\u1ee5ng ch\u1ea5t ho\u1ea1t \u0111\u1ed9ng b\u1ec1 m\u1eb7t d\u1ecbu nh\u1eb9 t\u1eeb th\u1ef1c v\u1eadt, kh\u00f4ng g\u00e2y k\u00edch \u1ee9ng da \u0111\u1ea7u hay g\u00e2y ra t\u00ecnh tr\u1ea1ng nh\u1eddn &#8220;h\u1ed3i ph\u1ee5c&#8221;.<\/p>\n<\/li>\n<li>\n<p data-path-to-node=\"8,1,0\"><b>Kh\u00f4ng Paraben hay Silicone: <\/b>T\u00f3c lu\u00f4n th\u00f4ng tho\u00e1ng v\u00e0 kh\u00f4ng b\u1ecb ph\u1ee7 l\u1edbp n\u1eb7ng g\u00e2y x\u1eb9p v\u00e0 x\u1ec9n m\u00e0u.<\/p>\n<\/li>\n<li>\n<p data-path-to-node=\"8,2,0\"><b>Thu\u1ea7n Th\u1ea3o M\u1ed9c:<\/b> H\u01b0\u01a1ng th\u01a1m s\u1ea3ng kho\u00e1i v\u00e0 kh\u1ea3 n\u0103ng thanh l\u1ecdc \u0111\u1ebfn tr\u1ef1c ti\u1ebfp t\u1eeb chi\u1ebft xu\u1ea5t S\u1ea3 v\u00e0 Tr\u00e0 Xanh th\u1eadt.<\/p>\n<\/li>\n<\/ul>\n<table data-path-to-node=\"2\">\n<thead>\n<tr>\n<td><strong>T\u00ednh N\u0103ng<\/strong><\/td>\n<td><strong>D\u1ea7u G\u1ed9i S\u1ea3 &amp; Tr\u00e0 Xanh (300ml)<\/strong><\/td>\n<td><strong>D\u1ea7u G\u1ed9i B\u01b0\u1edfi H\u1ed3ng &amp; B\u1ea1ch Qu\u1ea3 (300ml)<\/strong><\/td>\n<td><strong>D\u1ea7u X\u1ea3 \u1ed4i &amp; G\u1ea1o (300ml)<\/strong><\/td>\n<\/tr>\n<\/thead>\n<tbody>\n<tr>\n<td><span data-path-to-node=\"2,1,0,0\"><b data-path-to-node=\"2,1,0,0\" data-index-in-node=\"0\">M\u1ee5c Ti\u00eau Ch\u00ednh<\/b><\/span><\/td>\n<td><span data-path-to-node=\"2,1,1,0\"><b data-path-to-node=\"2,1,1,0\" data-index-in-node=\"0\">L\u00e0m S\u1ea1ch &amp; C\u00e2n B\u1eb1ng:<\/b> Lo\u1ea1i b\u1ecf d\u1ea7u nh\u1eddn, duy tr\u00ec da \u0111\u1ea7u kh\u1ecfe m\u1ea1nh.<\/span><\/td>\n<td><span data-path-to-node=\"2,1,2,0\"><b data-path-to-node=\"2,1,2,0\" data-index-in-node=\"0\">C\u1ea5p \u1ea9m &amp; Ph\u1ee5c h\u1ed3i:<\/b> Replenishes moisture to dull, thirsty strands.<\/span><\/td>\n<td><span data-path-to-node=\"2,1,3,0\"><b data-path-to-node=\"2,1,3,0\" data-index-in-node=\"0\">Ph\u1ee5c H\u1ed3i &amp; Kh\u00f3a \u1ea8m:<\/b> T\u1eadp trung v\u00e0o h\u01b0 t\u1ed5n, x\u00f9 r\u1ed1i v\u00e0 m\u1ea5t n\u01b0\u1edbc.<\/span><\/td>\n<\/tr>\n<tr>\n<td><span data-path-to-node=\"2,2,0,0\"><b data-path-to-node=\"2,2,0,0\" data-index-in-node=\"0\">K\u1ebft C\u1ea5u<\/b><\/span><\/td>\n<td><span data-path-to-node=\"2,2,1,0\">Gel th\u1ea3o m\u1ed9c nh\u1eb9 nh\u00e0ng, t\u01b0\u01a1i m\u00e1t.<\/span><\/td>\n<td><span data-path-to-node=\"2,2,2,0\">Gel th\u1ea3o m\u1ed9c gi\u00e0u \u1ea9m, gi\u00e0u n\u0103ng l\u01b0\u1ee3ng.<\/span><\/td>\n<td><span data-path-to-node=\"2,2,3,0\">Kem \u0111\u1eadm m\u1ecbn, \u0111\u1ed9 tr\u01b0\u1ee3t cao, d\u1ec5 g\u1ee1 r\u1ed1i.<\/span><\/td>\n<\/tr>\n<tr>\n<td><b data-path-to-node=\"2,3,0,0\" data-index-in-node=\"0\">T\u00e1c \u0110\u1ed9ng Ch\u00ednh<\/b> <\/td>\n<td><span data-path-to-node=\"2,3,1,0\">L\u00e0m s\u1ea1ch hi\u1ec7u qu\u1ea3 m\u00e0 kh\u00f4ng g\u00e2y ra hi\u1ec7n t\u01b0\u1ee3ng d\u1ea7u &#8220;h\u1ed3i ph\u1ee5c&#8221; c\u1ee7a sunfat.<\/span><\/td>\n<td><span data-path-to-node=\"2,3,2,0\"><br \/>\nH\u1ed3i sinh t\u00f3c v\u00e0 da \u0111\u1ea7u v\u1edbi chi\u1ebft xu\u1ea5t gi\u00e0u ch\u1ea5t ch\u1ed1ng oxy h\u00f3a. <\/span><\/td>\n<td><span data-path-to-node=\"2,3,3,0\"><b data-path-to-node=\"2,3,3,0\" data-index-in-node=\"0\">Protein G\u1ea1o<\/b> kh\u00e9p bi\u1ec3u b\u00ec t\u00f3c, kh\u00f3a \u1ea9m s\u00e2u.<\/span><\/td>\n<\/tr>\n<tr>\n<td><span data-path-to-node=\"2,4,0,0\"><b data-path-to-node=\"2,4,0,0\" data-index-in-node=\"0\">Th\u1eddi \u0110i\u1ec3m \u0111\u1ec3 D\u00f9ng<\/b><\/span><\/td>\n<td><span data-path-to-node=\"2,4,1,0\"><b data-path-to-node=\"2,4,1,0\" data-index-in-node=\"0\">B\u01b0\u1edbc 1:<\/b> D\u00f9ng khi t\u1eafm, t\u1eadp trung da \u0111\u1ea7u v\u00e0 ch\u00e2n t\u00f3c.<\/span><\/td>\n<td><span data-path-to-node=\"2,4,2,0\"><b data-path-to-node=\"2,4,2,0\" data-index-in-node=\"0\">B\u01b0\u1edbc 1:<\/b> D\u00f9ng khi t\u1eafm, massage t\u1eeb ch\u00e2n \u0111\u1ebfn ng\u1ecdn.<\/span><\/td>\n<td><span data-path-to-node=\"2,4,3,0\"><b data-path-to-node=\"2,4,3,0\" data-index-in-node=\"0\">B\u01b0\u1edbc 2:<\/b> Thoa t\u1eeb th\u00e2n \u0111\u1ebfn ng\u1ecdn sau khi x\u1ea3 d\u1ea7u g\u1ed9i.<\/span><\/td>\n<\/tr>\n<tr>\n<td><span data-path-to-node=\"2,5,0,0\"><b data-path-to-node=\"2,5,0,0\" data-index-in-node=\"0\">K\u1ebft Qu\u1ea3<\/b><\/span><\/td>\n<td><span data-path-to-node=\"2,5,1,0\">T\u00f3c b\u1ed3ng b\u1ec1nh, t\u01b0\u01a1i m\u1edbi v\u00e0 s\u1ea1ch l\u00e2u h\u01a1n.<\/span><\/td>\n<td><span data-path-to-node=\"2,5,2,0\">T\u00f3c m\u1ec1m m\u1ea1i, d\u1ec5 v\u00e0o n\u1ebfp v\u1edbi \u0111\u1ed9 b\u00f3ng t\u1ef1 nhi\u00ean.<\/span><\/td>\n<td><span data-path-to-node=\"2,5,3,0\">T\u00f3c su\u00f4n m\u01b0\u1ee3t, \u0111\u1ee7 \u1ea9m v\u00e0 \u0111\u01b0\u1ee3c ph\u1ee5c h\u1ed3i r\u00f5 r\u1ec7t.<\/span><\/td>\n<\/tr>\n<\/tbody>\n<\/table>\n<p>&nbsp;<\/p>\n","protected":false},"excerpt":{"rendered":"<h3 data-path-to-node=\"0\"><b>D\u1ea7u G\u1ed9i cho T\u00f3c Th\u01b0\u1eddng &amp; T\u00f3c D\u1ea7u (300ml)<\/b><\/h3>\n<ul data-path-to-node=\"1\">\n<li>\n<p data-path-to-node=\"1,0,0\"><b>M\u1ee5c Ti\u00eau: <\/b><b>L\u00e0m s\u1ea1ch &amp; C\u00e2n b\u1eb1ng:<\/b> Lo\u1ea1i b\u1ecf hi\u1ec7u qu\u1ea3 l\u01b0\u1ee3ng d\u1ea7u d\u01b0 th\u1eeba v\u00e0 s\u1ef1 t\u00edch t\u1ee5 s\u1ea3n ph\u1ea9m, duy tr\u00ec da \u0111\u1ea7u kh\u1ecfe m\u1ea1nh.<\/p>\n<\/li>\n<li>\n<p data-path-to-node=\"1,1,0\"><b>K\u1ebft C\u1ea5u:<\/b> Gel trong su\u1ed1t, m\u00e1t, t\u1ea1o b\u1ecdt nh\u1eb9 d\u1ec5 ch\u1ecbu.<\/p>\n<\/li>\n<li>\n<p data-path-to-node=\"1,2,0\"><b>T\u00e1c \u0110\u1ed9ng Ch\u00ednh:<\/b> S\u1eed d\u1ee5ng t\u00ednh ch\u1ea5t l\u00e0m se t\u1ef1 nhi\u00ean c\u1ee7a <b>S\u1ea3 <\/b>v\u00e0 <b>Tr\u00e0 Xanh<\/b> \u0111\u1ec3 thanh l\u1ecdc m\u00e0 kh\u00f4ng g\u00e2y ra t\u00ecnh tr\u1ea1ng d\u1ea7u \u201ch\u1ed3i ph\u1ee5c\u201d do sunfat m\u1ea1nh g\u00e2y ra.<\/p>\n<\/li>\n<li>\n<p data-path-to-node=\"1,3,0\"><b>C\u00e1ch D\u00f9ng: <\/b>Thoa l\u00ean t\u00f3c \u01b0\u1edbt, massage da \u0111\u1ea7u r\u1ed3i x\u1ea3 s\u1ea1ch. D\u1ecbu nh\u1eb9, ph\u00f9 h\u1ee3p d\u00f9ng h\u1eb1ng ng\u00e0y. <\/p>\n<\/li>\n<li>\n<p data-path-to-node=\"1,4,0\"><b>K\u1ebft Qu\u1ea3: <\/b>T\u00f3c b\u1ed3ng b\u1ec1nh, t\u01b0\u01a1i m\u1edbi v\u00e0 s\u1ea1ch l\u00e2u h\u01a1n.<\/p>\n<\/li>\n<\/ul>\n","protected":false},"featured_media":12688,"template":"","meta":[],"pwb-brand":[301],"product_cat":[278,200,185],"product_tag":[],"class_list":{"0":"post-12832","1":"product","2":"type-product","3":"status-publish","4":"has-post-thumbnail","6":"pwb-brand-daquyn-the-queen-vi","7":"product_cat-cham-soc-toc-vi","8":"product_cat-dau-goi","9":"product_cat-suc-khoe-lam-dep","11":"first","12":"instock","13":"shipping-taxable","14":"purchasable","15":"product-type-simple"},"acf":[],"brands":[{"id":301,"name":"Daquyn - The Queen","slug":"daquyn-the-queen-vi"}],"_links":{"self":[{"href":"https:\/\/bynature.vn\/vi\/wp-json\/wp\/v2\/product\/12832","targetHints":{"allow":["GET"]}}],"collection":[{"href":"https:\/\/bynature.vn\/vi\/wp-json\/wp\/v2\/product"}],"about":[{"href":"https:\/\/bynature.vn\/vi\/wp-json\/wp\/v2\/types\/product"}],"wp:featuredmedia":[{"embeddable":true,"href":"https:\/\/bynature.vn\/vi\/wp-json\/wp\/v2\/media\/12688"}],"wp:attachment":[{"href":"https:\/\/bynature.vn\/vi\/wp-json\/wp\/v2\/media?parent=12832"}],"wp:term":[{"taxonomy":"pwb-brand","embeddable":true,"href":"https:\/\/bynature.vn\/vi\/wp-json\/wp\/v2\/pwb-brand?post=12832"},{"taxonomy":"product_cat","embeddable":true,"href":"https:\/\/bynature.vn\/vi\/wp-json\/wp\/v2\/product_cat?post=12832"},{"taxonomy":"product_tag","embeddable":true,"href":"https:\/\/bynature.vn\/vi\/wp-json\/wp\/v2\/product_tag?post=12832"}],"curies":[{"name":"wp","href":"https:\/\/api.w.org\/{rel}","templated":true}]}}