{"id":12831,"date":"2025-12-22T13:16:26","date_gmt":"2025-12-22T06:16:26","guid":{"rendered":"https:\/\/bynature.vn\/product\/dau-goi-cho-toc-thuong-toc-kho-buoi-hong-bach-qua-300ml\/"},"modified":"2025-12-22T13:16:26","modified_gmt":"2025-12-22T06:16:26","slug":"dau-goi-cho-toc-thuong-toc-kho-buoi-hong-bach-qua-300ml","status":"publish","type":"product","link":"https:\/\/bynature.vn\/vi\/product\/dau-goi-cho-toc-thuong-toc-kho-buoi-hong-bach-qua-300ml\/","title":{"rendered":"D\u1ea7u G\u1ed9i cho T\u00f3c Th\u01b0\u1eddng &amp; T\u00f3c Kh\u00f4 B\u01b0\u1edfi H\u1ed3ng &amp; B\u1ea1ch Qu\u1ea3 300ml"},"content":{"rendered":"<h3 data-path-to-node=\"0\"><b>D\u1ea7u G\u1ed9i cho T\u00f3c Th\u01b0\u1eddng &amp; T\u00f3c Kh\u00f4 (300ml) <\/b><b>| <\/b><b>Natur Boutique<\/b><\/h3>\n<p data-path-to-node=\"1\"><b>Ph\u1ee5c H\u1ed3i, C\u1ea5p \u1ea8m, v\u00e0 S\u00e1ng B\u00f3ng<\/b><\/p>\n<p data-path-to-node=\"2\">Mang \u0111\u1ebfn cho m\u00e1i t\u00f3c kh\u00f4, thi\u1ebfu s\u1ee9c s\u1ed1ng ngu\u1ed3n d\u01b0\u1ee1ng ch\u1ea5t th\u1ea3o m\u1ed9c m\u00e0 t\u00f3c \u0111ang c\u1ea7n. D\u1ea7u g\u1ed9i d\u1ecbu nh\u1eb9 n\u00e0y \u0111\u01b0\u1ee3c thi\u1ebft k\u1ebf \u0111\u1ec3 h\u1ed3i sinh nh\u1eefng s\u1ee3i t\u00f3c x\u1ec9n m\u00e0u b\u1eb1ng c\u00e1ch c\u1ea5p \u1ea9m s\u00e2u m\u00e0 kh\u00f4ng g\u00e2y n\u1eb7ng t\u00f3c do silicone t\u1ed5ng h\u1ee3p. V\u1edbi s\u1ee9c s\u1ed1ng t\u01b0\u01a1i m\u00e1t t\u1eeb <b>B\u01b0\u1edfi H\u1ed3ng <\/b>v\u00e0 \u0111\u1eb7c t\u00ednh ph\u1ee5c h\u1ed3i c\u1ee7a <b>B\u1ea1ch Qu\u1ea3<\/b>, <b>Natur Boutique<\/b> t\u1ea1o n\u00ean c\u00f4ng th\u1ee9c l\u00e0m s\u1ea1ch hi\u1ec7u qu\u1ea3 \u0111\u1ed3ng th\u1eddi b\u1ea3o v\u1ec7 l\u1edbp d\u1ea7u t\u1ef1 nhi\u00ean c\u1ee7a t\u00f3c.  <\/p>\n<h3 data-path-to-node=\"4\"><b>H\u01b0\u1edbng D\u1eabn Ch\u0103m S\u00f3c T\u00f3c:<\/b><\/h3>\n<ul data-path-to-node=\"5\">\n<li>\n<p data-path-to-node=\"5,0,0\">M\u1ee5c Ti\u00eau Ch\u00ednh: C\u1ea5p \u1ea8m &amp; Ph\u1ee5c H\u1ed3i: Nh\u1eafm v\u00e0o t\u00ecnh tr\u1ea1ng kh\u00f4 v\u00e0 x\u1ec9n m\u00e0u, gi\u00fap t\u00f3c l\u1ea5y l\u1ea1i \u0111\u1ed9 m\u1ec1m m\u1ea1i v\u00e0 b\u00f3ng t\u1ef1 nhi\u00ean.<\/p>\n<\/li>\n<li>\n<p data-path-to-node=\"5,1,0\"><b>K\u1ebft C\u1ea5u:<\/b> D\u1ea1ng l\u1ecfng \u0111\u1eadm \u0111\u1eb7c, m\u01b0\u1ee3t m\u00e0, t\u1ea1o b\u1ecdt nh\u1eb9 gi\u00e0u \u1ea9m.<\/p>\n<\/li>\n<li>\n<p data-path-to-node=\"5,2,0\"><b>T\u00e1c \u0110\u1ed9ng Ch\u00ednh:<\/b> S\u1eed d\u1ee5ng <b>B\u01b0\u1edfi H\u1ed3ng<\/b> gi\u00fap l\u00e0m m\u1edbi da \u0111\u1ea7u v\u00e0 <b>B\u1ea1ch Qu\u1ea3<\/b> h\u1ed7 tr\u1ee3 t\u0103ng c\u01b0\u1eddng \u0111\u1ed9 ch\u1eafc kh\u1ecfe v\u00e0 kh\u1ea3 n\u0103ng gi\u1eef \u1ea9m c\u1ee7a t\u00f3c.<\/p>\n<\/li>\n<li>\n<p data-path-to-node=\"5,3,0\"><b>C\u00e1ch D\u00f9ng:<\/b> Thoa l\u00ean t\u00f3c \u01b0\u1edbt, t\u1eadp trung v\u00e0o th\u00e2n v\u00e0 ng\u1ecdn t\u00f3c. Ph\u00f9 h\u1ee3p d\u00f9ng h\u1eb1ng ng\u00e0y ho\u1eb7c khi t\u00f3c c\u1ea3m th\u1ea5y kh\u00f4. <\/p>\n<\/li>\n<li>\n<p data-path-to-node=\"5,4,0\"><b>K\u1ebft Qu\u1ea3: <\/b>T\u00f3c m\u1ec1m m\u1ea1i, d\u1ec5 v\u00e0o n\u1ebfp v\u1edbi v\u1ebb b\u00f3ng kh\u1ecfe, r\u1ea1ng r\u1ee1.<\/p>\n<\/li>\n<\/ul>\n<h3 data-path-to-node=\"7\"><b>Ti\u00eau Chu\u1ea9n ByNature:<\/b><\/h3>\n<ul data-path-to-node=\"8\">\n<li>\n<p data-path-to-node=\"8,0,0\"><b>Kh\u00f4ng Sulfate (kh\u00f4ng SLS\/SLES): <\/b>L\u00e0m s\u1ea1ch m\u00e0 kh\u00f4ng l\u00e0m m\u1ea5t \u0111i \u0111\u1ed9 \u1ea9m c\u1ea7n thi\u1ebft m\u00e0 t\u00f3c kh\u00f4 c\u1ea7n \u0111\u1ec3 lu\u00f4n kh\u1ecfe m\u1ea1nh.<\/p>\n<\/li>\n<li>\n<p data-path-to-node=\"8,1,0\"><b>Kh\u00f4ng Paraben: <\/b>M\u1ed9t c\u00f4ng th\u1ee9c s\u1ea1ch \u01b0u ti\u00ean s\u1ee9c kh\u1ecfe da \u0111\u1ea7u l\u00e2u d\u00e0i c\u1ee7a b\u1ea1n.<\/p>\n<\/li>\n<li>\n<p data-path-to-node=\"8,2,0\"><b>Kh\u00f4ng Silicone: <\/b>Kh\u00f4ng gi\u1ed1ng nh\u01b0 c\u00e1c lo\u1ea1i d\u1ea7u g\u1ed9i th\u00f4ng th\u01b0\u1eddng \u201cche gi\u1ea5u\u201d kh\u00f4 x\u01a1 b\u1eb1ng l\u1edbp ph\u1ee7 nh\u1ef1a; c\u00f4ng th\u1ee9c n\u00e0y cho ph\u00e9p t\u00f3c b\u1ea1n th\u1edf v\u00e0 th\u1ef1c s\u1ef1 h\u1ea5p th\u1ee5 \u0111\u1ed9 \u1ea9m.<\/p>\n<\/li>\n<li>\n<p data-path-to-node=\"8,3,0\"><b>\u0110\u1ea1o \u0111\u1ee9c &amp; T\u1ef1 nhi\u00ean: <\/b>S\u1eed d\u1ee5ng chi\u1ebft xu\u1ea5t th\u1ef1c v\u1eadt th\u1eadt, mang h\u01b0\u01a1ng th\u01a1m v\u00e0 hi\u1ec7u qu\u1ea3 \u0111\u1ebfn tr\u1ef1c ti\u1ebfp t\u1eeb thi\u00ean nhi\u00ean.<\/p>\n<\/li>\n<\/ul>\n<table data-path-to-node=\"2\">\n<thead>\n<tr>\n<td><strong>T\u00ednh N\u0103ng<\/strong><\/td>\n<td><strong>D\u1ea7u G\u1ed9i S\u1ea3 &amp; Tr\u00e0 Xanh (300ml)<\/strong><\/td>\n<td><strong>D\u1ea7u G\u1ed9i B\u01b0\u1edfi H\u1ed3ng &amp; B\u1ea1ch Qu\u1ea3 (300ml)<\/strong><\/td>\n<td><strong>D\u1ea7u X\u1ea3 \u1ed4i &amp; G\u1ea1o (300ml)<\/strong><\/td>\n<\/tr>\n<\/thead>\n<tbody>\n<tr>\n<td><span data-path-to-node=\"2,1,0,0\"><b data-path-to-node=\"2,1,0,0\" data-index-in-node=\"0\">M\u1ee5c Ti\u00eau Ch\u00ednh<\/b><\/span><\/td>\n<td><span data-path-to-node=\"2,1,1,0\"><b data-path-to-node=\"2,1,1,0\" data-index-in-node=\"0\">L\u00e0m S\u1ea1ch &amp; C\u00e2n B\u1eb1ng:<\/b> Lo\u1ea1i b\u1ecf d\u1ea7u nh\u1eddn, duy tr\u00ec da \u0111\u1ea7u kh\u1ecfe m\u1ea1nh.<\/span><\/td>\n<td><span data-path-to-node=\"2,1,2,0\"><b data-path-to-node=\"2,1,2,0\" data-index-in-node=\"0\">C\u1ea5p \u1ea9m &amp; Ph\u1ee5c h\u1ed3i:<\/b> Replenishes moisture to dull, thirsty strands.<\/span><\/td>\n<td><span data-path-to-node=\"2,1,3,0\"><b data-path-to-node=\"2,1,3,0\" data-index-in-node=\"0\">Ph\u1ee5c H\u1ed3i &amp; Kh\u00f3a \u1ea8m:<\/b> T\u1eadp trung v\u00e0o h\u01b0 t\u1ed5n, x\u00f9 r\u1ed1i v\u00e0 m\u1ea5t n\u01b0\u1edbc.<\/span><\/td>\n<\/tr>\n<tr>\n<td><span data-path-to-node=\"2,2,0,0\"><b data-path-to-node=\"2,2,0,0\" data-index-in-node=\"0\">K\u1ebft C\u1ea5u<\/b><\/span><\/td>\n<td><span data-path-to-node=\"2,2,1,0\">Gel th\u1ea3o m\u1ed9c nh\u1eb9 nh\u00e0ng, t\u01b0\u01a1i m\u00e1t.<\/span><\/td>\n<td><span data-path-to-node=\"2,2,2,0\">Gel th\u1ea3o m\u1ed9c gi\u00e0u \u1ea9m, gi\u00e0u n\u0103ng l\u01b0\u1ee3ng.<\/span><\/td>\n<td><span data-path-to-node=\"2,2,3,0\">Kem \u0111\u1eadm m\u1ecbn, \u0111\u1ed9 tr\u01b0\u1ee3t cao, d\u1ec5 g\u1ee1 r\u1ed1i.<\/span><\/td>\n<\/tr>\n<tr>\n<td><b data-path-to-node=\"2,3,0,0\" data-index-in-node=\"0\">T\u00e1c \u0110\u1ed9ng Ch\u00ednh<\/b> <\/td>\n<td><span data-path-to-node=\"2,3,1,0\">L\u00e0m s\u1ea1ch hi\u1ec7u qu\u1ea3 m\u00e0 kh\u00f4ng g\u00e2y ra hi\u1ec7n t\u01b0\u1ee3ng d\u1ea7u &#8220;h\u1ed3i ph\u1ee5c&#8221; c\u1ee7a sunfat.<\/span><\/td>\n<td><span data-path-to-node=\"2,3,2,0\"><br \/>\nH\u1ed3i sinh t\u00f3c v\u00e0 da \u0111\u1ea7u v\u1edbi chi\u1ebft xu\u1ea5t gi\u00e0u ch\u1ea5t ch\u1ed1ng oxy h\u00f3a. <\/span><\/td>\n<td><span data-path-to-node=\"2,3,3,0\"><b data-path-to-node=\"2,3,3,0\" data-index-in-node=\"0\">Protein G\u1ea1o<\/b> kh\u00e9p bi\u1ec3u b\u00ec t\u00f3c, kh\u00f3a \u1ea9m s\u00e2u.<\/span><\/td>\n<\/tr>\n<tr>\n<td><span data-path-to-node=\"2,4,0,0\"><b data-path-to-node=\"2,4,0,0\" data-index-in-node=\"0\">Th\u1eddi \u0110i\u1ec3m \u0111\u1ec3 D\u00f9ng<\/b><\/span><\/td>\n<td><span data-path-to-node=\"2,4,1,0\"><b data-path-to-node=\"2,4,1,0\" data-index-in-node=\"0\">B\u01b0\u1edbc 1:<\/b> D\u00f9ng khi t\u1eafm, t\u1eadp trung da \u0111\u1ea7u v\u00e0 ch\u00e2n t\u00f3c.<\/span><\/td>\n<td><span data-path-to-node=\"2,4,2,0\"><b data-path-to-node=\"2,4,2,0\" data-index-in-node=\"0\">B\u01b0\u1edbc 1:<\/b> D\u00f9ng khi t\u1eafm, massage t\u1eeb ch\u00e2n \u0111\u1ebfn ng\u1ecdn.<\/span><\/td>\n<td><span data-path-to-node=\"2,4,3,0\"><b data-path-to-node=\"2,4,3,0\" data-index-in-node=\"0\">B\u01b0\u1edbc 2:<\/b> Thoa t\u1eeb th\u00e2n \u0111\u1ebfn ng\u1ecdn sau khi x\u1ea3 d\u1ea7u g\u1ed9i.<\/span><\/td>\n<\/tr>\n<tr>\n<td><span data-path-to-node=\"2,5,0,0\"><b data-path-to-node=\"2,5,0,0\" data-index-in-node=\"0\">K\u1ebft Qu\u1ea3<\/b><\/span><\/td>\n<td><span data-path-to-node=\"2,5,1,0\">T\u00f3c b\u1ed3ng b\u1ec1nh, t\u01b0\u01a1i m\u1edbi v\u00e0 s\u1ea1ch l\u00e2u h\u01a1n.<\/span><\/td>\n<td><span data-path-to-node=\"2,5,2,0\">T\u00f3c m\u1ec1m m\u1ea1i, d\u1ec5 v\u00e0o n\u1ebfp v\u1edbi \u0111\u1ed9 b\u00f3ng t\u1ef1 nhi\u00ean.<\/span><\/td>\n<td><span data-path-to-node=\"2,5,3,0\">T\u00f3c su\u00f4n m\u01b0\u1ee3t, \u0111\u1ee7 \u1ea9m v\u00e0 \u0111\u01b0\u1ee3c ph\u1ee5c h\u1ed3i r\u00f5 r\u1ec7t.<\/span><\/td>\n<\/tr>\n<\/tbody>\n<\/table>\n","protected":false},"excerpt":{"rendered":"<h3 data-path-to-node=\"0\"><b>D\u1ea7u G\u1ed9i cho T\u00f3c Th\u01b0\u1eddng &amp; T\u00f3c Kh\u00f4 (300ml)<\/b><\/h3>\n<ul data-path-to-node=\"1\">\n<li>\n<p data-path-to-node=\"1,0,0\"><b>M\u1ee5c Ti\u00eau: <\/b><b>C\u1ea5p \u1ea8m &amp; Ph\u1ee5c H\u1ed3i: <\/b>Kh\u1eafc ph\u1ee5c t\u00ecnh tr\u1ea1ng kh\u00f4 v\u00e0 x\u1ec9n m\u00e0u \u0111\u1ec3 b\u1ed5 sung \u0111\u1ed9 \u1ea9m v\u00e0 mang l\u1ea1i \u0111\u1ed9 b\u00f3ng t\u1ef1 nhi\u00ean.<\/p>\n<\/li>\n<li>\n<p data-path-to-node=\"1,1,0\"><b>K\u1ebft C\u1ea5u:<\/b> D\u1ea1ng l\u1ecfng m\u01b0\u1ee3t, gi\u00e0u \u1ea9m, l\u00e0m s\u1ea1ch nh\u1eb9 nh\u00e0ng kh\u00f4ng g\u00e2y n\u1eb7ng t\u00f3c.<\/p>\n<\/li>\n<li>\n<p data-path-to-node=\"1,2,0\"><b>T\u00e1c \u0110\u1ed9ng Ch\u00ednh:<\/b> K\u1ebft h\u1ee3p <b>B\u01b0\u1edfi H\u1ed3ng<\/b> ti\u1ebfp th\u00eam sinh l\u1ef1c v\u1edbi <b>B\u1ea1ch Qu\u1ea3<\/b> ph\u1ee5c h\u1ed3i \u0111\u1ec3 nu\u00f4i d\u01b0\u1ee1ng th\u00e2n t\u00f3c v\u00e0 l\u00e0m d\u1ecbu da \u0111\u1ea7u.<\/p>\n<\/li>\n<li>\n<p data-path-to-node=\"1,3,0\"><b>C\u00e1ch D\u00f9ng: <\/b>Thoa l\u00ean t\u00f3c \u01b0\u1edbt, t\u1eadp trung v\u00e0o ph\u1ea7n ng\u1ecdn. L\u00fd t\u01b0\u1edfng cho m\u00e1i t\u00f3c thi\u1ebfu \u1ea9m ho\u1eb7c k\u00e9m s\u1ee9c s\u1ed1ng. <\/p>\n<\/li>\n<li>\n<p data-path-to-node=\"1,4,0\"><b>K\u1ebft Qu\u1ea3: <\/b>T\u00f3c m\u1ec1m m\u01b0\u1ee3t, d\u1ec5 v\u00e0o n\u1ebfp v\u1edbi \u0111\u1ed9 b\u00f3ng kh\u1ecfe t\u1ef1 nhi\u00ean.<\/p>\n<\/li>\n<\/ul>\n","protected":false},"featured_media":12690,"template":"","meta":[],"pwb-brand":[301],"product_cat":[278,200,185],"product_tag":[],"class_list":{"0":"post-12831","1":"product","2":"type-product","3":"status-publish","4":"has-post-thumbnail","6":"pwb-brand-daquyn-the-queen-vi","7":"product_cat-cham-soc-toc-vi","8":"product_cat-dau-goi","9":"product_cat-suc-khoe-lam-dep","11":"first","12":"instock","13":"shipping-taxable","14":"purchasable","15":"product-type-simple"},"acf":[],"brands":[{"id":301,"name":"Daquyn - The Queen","slug":"daquyn-the-queen-vi"}],"_links":{"self":[{"href":"https:\/\/bynature.vn\/vi\/wp-json\/wp\/v2\/product\/12831","targetHints":{"allow":["GET"]}}],"collection":[{"href":"https:\/\/bynature.vn\/vi\/wp-json\/wp\/v2\/product"}],"about":[{"href":"https:\/\/bynature.vn\/vi\/wp-json\/wp\/v2\/types\/product"}],"wp:featuredmedia":[{"embeddable":true,"href":"https:\/\/bynature.vn\/vi\/wp-json\/wp\/v2\/media\/12690"}],"wp:attachment":[{"href":"https:\/\/bynature.vn\/vi\/wp-json\/wp\/v2\/media?parent=12831"}],"wp:term":[{"taxonomy":"pwb-brand","embeddable":true,"href":"https:\/\/bynature.vn\/vi\/wp-json\/wp\/v2\/pwb-brand?post=12831"},{"taxonomy":"product_cat","embeddable":true,"href":"https:\/\/bynature.vn\/vi\/wp-json\/wp\/v2\/product_cat?post=12831"},{"taxonomy":"product_tag","embeddable":true,"href":"https:\/\/bynature.vn\/vi\/wp-json\/wp\/v2\/product_tag?post=12831"}],"curies":[{"name":"wp","href":"https:\/\/api.w.org\/{rel}","templated":true}]}}