{"id":12830,"date":"2025-12-22T14:50:10","date_gmt":"2025-12-22T07:50:10","guid":{"rendered":"https:\/\/bynature.vn\/product\/dau-xa-oi-gao-phuc-hoi-khoa-am-300ml\/"},"modified":"2025-12-22T14:50:10","modified_gmt":"2025-12-22T07:50:10","slug":"dau-xa-oi-gao-phuc-hoi-khoa-am-300ml","status":"publish","type":"product","link":"https:\/\/bynature.vn\/vi\/product\/dau-xa-oi-gao-phuc-hoi-khoa-am-300ml\/","title":{"rendered":"D\u1ea7u X\u1ea3 \u1ed4i &amp; G\u1ea1o Ph\u1ee5c h\u1ed3i &amp; Kh\u00f3a \u1ea8m 300ml"},"content":{"rendered":"<h3 data-path-to-node=\"0\"><b>D\u1ea7u X\u1ea3: \u1ed4i &amp; G\u1ea1o (Ph\u1ee5c h\u1ed3i &amp; Kh\u00f3a \u1ea8m) 300ml <\/b><b>| <\/b><b>Natur Boutique <\/b> <\/h3>\n<p data-path-to-node=\"1\"><b>L\u1edbp Kh\u00f3a \u1ea8m T\u1ed1i \u01afu Cho M\u00e1i T\u00f3c.<\/b><\/p>\n<p data-path-to-node=\"2\">Gi\u1ea3i c\u1ee9u m\u00e1i t\u00f3c kh\u1ecfi v\u00f2ng lu\u1ea9n qu\u1ea9n c\u1ee7a kh\u00f4 x\u01a1 v\u00e0 h\u01b0 t\u1ed5n. D\u1ea7u x\u1ea3 th\u1ea3o m\u1ed9c chuy\u00ean s\u00e2u n\u00e0y kh\u00f4ng ch\u1ec9 ph\u1ee7 tr\u00ean b\u1ec1 m\u1eb7t t\u00f3c; v\u1edbi s\u1ee9c m\u1ea1nh c\u1ea5u tr\u00fac t\u1eeb <b>Protein G\u1ea1o<\/b> v\u00e0 tinh ch\u1ea5t <b>\u1ed4i <\/b>gi\u00e0u vitamin, s\u1ea3n ph\u1ea9m gi\u00fap ph\u1ee5c h\u1ed3i s\u1ee3i t\u00f3c t\u1eeb b\u00ean trong v\u00e0 kh\u00f3a ch\u1eb7t \u0111\u1ed9 \u1ea9m. \u0110\u01b0\u1ee3c thi\u1ebft k\u1ebf \u0111\u1ec3 s\u1eed d\u1ee5ng sau c\u00e1c d\u00f2ng d\u1ea7u g\u1ed9i kh\u00f4ng sulfate c\u1ee7a ch\u00fang t\u00f4i, d\u1ea7u x\u1ea3 \u0111\u00f3ng vai tr\u00f2 \u201ckh\u00e9p\u201d bi\u1ec3u b\u00ec t\u00f3c, mang l\u1ea1i m\u00e1i t\u00f3c su\u00f4n m\u01b0\u1ee3t, ch\u1eafc kh\u1ecfe v\u00e0 \u0111\u01b0\u1ee3c d\u01b0\u1ee1ng \u1ea9m s\u00e2u.  <\/p>\n<h3 data-path-to-node=\"4\"><b>H\u01b0\u1edbng D\u1eabn Ch\u0103m S\u00f3c T\u00f3c:<\/b><\/h3>\n<ul data-path-to-node=\"5\">\n<li>\n<p data-path-to-node=\"5,0,0\"><b>M\u1ee5c ti\u00eau ch\u00ednh:<\/b> <b>Ph\u1ee5c h\u1ed3i &amp; Kh\u00f3a \u1ea9m:<\/b> C\u1ee7ng c\u1ed1 s\u1ee3i t\u00f3c h\u01b0 t\u1ed5n v\u00e0 t\u1ea1o l\u1edbp b\u1ea3o v\u1ec7 ng\u0103n ng\u1eeba m\u1ea5t \u0111\u1ed9 \u1ea9m.<\/p>\n<\/li>\n<li>\n<p data-path-to-node=\"5,1,0\"><b>K\u1ebft c\u1ea5u: <\/b>D\u1ea1ng kem \u0111\u1eadm m\u1ecbn, d\u1ec5 g\u1ee1 r\u1ed1i.<\/p>\n<\/li>\n<li>\n<p data-path-to-node=\"5,2,0\"><b>T\u00e1c \u0111\u1ed9ng ch\u00ednh:<\/b> <b>Protein G\u1ea1o<\/b> l\u1ea5p \u0111\u1ea7y c\u00e1c kho\u1ea3ng tr\u1ed1ng c\u1ea5u tr\u00fac trong s\u1ee3i t\u00f3c; trong khi \u0111\u00f3 <b>\u1ed4i<\/b> cung c\u1ea5p ch\u1ea5t ch\u1ed1ng oxy h\u00f3a gi\u00fap t\u00f3c b\u00f3ng kh\u1ecfe.<\/p>\n<\/li>\n<li>\n<p data-path-to-node=\"5,3,0\"><b>Th\u1eddi \u0110i\u1ec3m S\u1eed D\u1ee5ng:<\/b> <b>B\u01b0\u1edbc 2:<\/b> Thoa t\u1eeb th\u00e2n t\u00f3c \u0111\u1ebfn ng\u1ecdn sau khi g\u1ed9i. \u0110\u1ec3 2\u20133 ph\u00fat cho d\u01b0\u1ee1ng ch\u1ea5t th\u1ea9m th\u1ea5u s\u00e2u r\u1ed3i x\u1ea3 s\u1ea1ch. <\/p>\n<\/li>\n<li>\n<p data-path-to-node=\"5,4,0\"><b>K\u1ebft qu\u1ea3: <\/b>T\u00f3c su\u00f4n m\u01b0\u1ee3t, d\u1ec5 v\u00e0o n\u1ebfp, gi\u1ea3m r\u00f5 r\u1ec7t x\u00f9 r\u1ed1i v\u00e0 g\u00e3y r\u1ee5ng.<\/p>\n<\/li>\n<\/ul>\n<h3 data-path-to-node=\"7\"><b>Ti\u00eau Chu\u1ea9n ByNature:<\/b><\/h3>\n<ul data-path-to-node=\"8\">\n<li>\n<p data-path-to-node=\"8,0,0\"><b>Kh\u00f4ng Silicone:<\/b> Kh\u00f4ng l\u1edbp ph\u1ee7 t\u1ed5ng h\u1ee3p g\u00e2y t\u00edch t\u1ee5 l\u00e2u d\u00e0i hay t\u1ea1o \u0111\u1ed9 b\u00f3ng \u201cgi\u1ea3\u201d.<\/p>\n<\/li>\n<li>\n<p data-path-to-node=\"8,1,0\"><b>Kh\u00f4ng Paraben &amp; Sulfate:<\/b> An to\u00e0n cho t\u00f3c nhu\u1ed9m v\u00e0 da \u0111\u1ea7u nh\u1ea1y c\u1ea3m.<\/p>\n<\/li>\n<li>\n<p data-path-to-node=\"8,2,0\">C\u00f4ng Ngh\u1ec7 Kh\u00f3a \u1ea8m: S\u1eed d\u1ee5ng lipid ngu\u1ed3n g\u1ed1c th\u1ef1c v\u1eadt gi\u00fap gi\u1eef \u1ea9m b\u00ean trong s\u1ee3i t\u00f3c su\u1ed1t c\u1ea3 ng\u00e0y.<\/p>\n<\/li>\n<\/ul>\n<table data-path-to-node=\"2\">\n<thead>\n<tr>\n<td><strong>T\u00ednh N\u0103ng<\/strong><\/td>\n<td><strong>D\u1ea7u G\u1ed9i S\u1ea3 &amp; Tr\u00e0 Xanh (300ml)<\/strong><\/td>\n<td><strong>D\u1ea7u G\u1ed9i B\u01b0\u1edfi H\u1ed3ng &amp; B\u1ea1ch Qu\u1ea3 (300ml)<\/strong><\/td>\n<td><strong>D\u1ea7u X\u1ea3 \u1ed4i &amp; G\u1ea1o (300ml)<\/strong><\/td>\n<\/tr>\n<\/thead>\n<tbody>\n<tr>\n<td><span data-path-to-node=\"2,1,0,0\"><b data-path-to-node=\"2,1,0,0\" data-index-in-node=\"0\">M\u1ee5c Ti\u00eau Ch\u00ednh<\/b><\/span><\/td>\n<td><span data-path-to-node=\"2,1,1,0\"><b data-path-to-node=\"2,1,1,0\" data-index-in-node=\"0\">L\u00e0m S\u1ea1ch &amp; C\u00e2n B\u1eb1ng:<\/b> Lo\u1ea1i b\u1ecf d\u1ea7u nh\u1eddn, duy tr\u00ec da \u0111\u1ea7u kh\u1ecfe m\u1ea1nh.<\/span><\/td>\n<td><span data-path-to-node=\"2,1,2,0\"><b data-path-to-node=\"2,1,2,0\" data-index-in-node=\"0\">C\u1ea5p \u1ea9m &amp; Ph\u1ee5c h\u1ed3i:<\/b> Replenishes moisture to dull, thirsty strands.<\/span><\/td>\n<td><span data-path-to-node=\"2,1,3,0\"><b data-path-to-node=\"2,1,3,0\" data-index-in-node=\"0\">Ph\u1ee5c H\u1ed3i &amp; Kh\u00f3a \u1ea8m:<\/b> T\u1eadp trung v\u00e0o h\u01b0 t\u1ed5n, x\u00f9 r\u1ed1i v\u00e0 m\u1ea5t n\u01b0\u1edbc.<\/span><\/td>\n<\/tr>\n<tr>\n<td><span data-path-to-node=\"2,2,0,0\"><b data-path-to-node=\"2,2,0,0\" data-index-in-node=\"0\">K\u1ebft C\u1ea5u<\/b><\/span><\/td>\n<td><span data-path-to-node=\"2,2,1,0\">Gel th\u1ea3o m\u1ed9c nh\u1eb9 nh\u00e0ng, t\u01b0\u01a1i m\u00e1t.<\/span><\/td>\n<td><span data-path-to-node=\"2,2,2,0\">Gel th\u1ea3o m\u1ed9c gi\u00e0u \u1ea9m, gi\u00e0u n\u0103ng l\u01b0\u1ee3ng.<\/span><\/td>\n<td><span data-path-to-node=\"2,2,3,0\">Kem \u0111\u1eadm m\u1ecbn, \u0111\u1ed9 tr\u01b0\u1ee3t cao, d\u1ec5 g\u1ee1 r\u1ed1i.<\/span><\/td>\n<\/tr>\n<tr>\n<td><b data-path-to-node=\"2,3,0,0\" data-index-in-node=\"0\">T\u00e1c \u0110\u1ed9ng Ch\u00ednh<\/b> <\/td>\n<td><span data-path-to-node=\"2,3,1,0\">L\u00e0m s\u1ea1ch hi\u1ec7u qu\u1ea3 m\u00e0 kh\u00f4ng g\u00e2y ra hi\u1ec7n t\u01b0\u1ee3ng d\u1ea7u &#8220;h\u1ed3i ph\u1ee5c&#8221; c\u1ee7a sunfat.<\/span><\/td>\n<td><span data-path-to-node=\"2,3,2,0\"><br \/>\nH\u1ed3i sinh t\u00f3c v\u00e0 da \u0111\u1ea7u v\u1edbi chi\u1ebft xu\u1ea5t gi\u00e0u ch\u1ea5t ch\u1ed1ng oxy h\u00f3a. <\/span><\/td>\n<td><span data-path-to-node=\"2,3,3,0\"><b data-path-to-node=\"2,3,3,0\" data-index-in-node=\"0\">Protein G\u1ea1o<\/b> kh\u00e9p bi\u1ec3u b\u00ec t\u00f3c, kh\u00f3a \u1ea9m s\u00e2u.<\/span><\/td>\n<\/tr>\n<tr>\n<td><span data-path-to-node=\"2,4,0,0\"><b data-path-to-node=\"2,4,0,0\" data-index-in-node=\"0\">Th\u1eddi \u0110i\u1ec3m \u0111\u1ec3 D\u00f9ng<\/b><\/span><\/td>\n<td><span data-path-to-node=\"2,4,1,0\"><b data-path-to-node=\"2,4,1,0\" data-index-in-node=\"0\">B\u01b0\u1edbc 1:<\/b> D\u00f9ng khi t\u1eafm, t\u1eadp trung da \u0111\u1ea7u v\u00e0 ch\u00e2n t\u00f3c.<\/span><\/td>\n<td><span data-path-to-node=\"2,4,2,0\"><b data-path-to-node=\"2,4,2,0\" data-index-in-node=\"0\">B\u01b0\u1edbc 1:<\/b> D\u00f9ng khi t\u1eafm, massage t\u1eeb ch\u00e2n \u0111\u1ebfn ng\u1ecdn.<\/span><\/td>\n<td><span data-path-to-node=\"2,4,3,0\"><b data-path-to-node=\"2,4,3,0\" data-index-in-node=\"0\">B\u01b0\u1edbc 2:<\/b> Thoa t\u1eeb th\u00e2n \u0111\u1ebfn ng\u1ecdn sau khi x\u1ea3 d\u1ea7u g\u1ed9i.<\/span><\/td>\n<\/tr>\n<tr>\n<td><span data-path-to-node=\"2,5,0,0\"><b data-path-to-node=\"2,5,0,0\" data-index-in-node=\"0\">K\u1ebft Qu\u1ea3<\/b><\/span><\/td>\n<td><span data-path-to-node=\"2,5,1,0\">T\u00f3c b\u1ed3ng b\u1ec1nh, t\u01b0\u01a1i m\u1edbi v\u00e0 s\u1ea1ch l\u00e2u h\u01a1n.<\/span><\/td>\n<td><span data-path-to-node=\"2,5,2,0\">T\u00f3c m\u1ec1m m\u1ea1i, d\u1ec5 v\u00e0o n\u1ebfp v\u1edbi \u0111\u1ed9 b\u00f3ng t\u1ef1 nhi\u00ean.<\/span><\/td>\n<td><span data-path-to-node=\"2,5,3,0\">T\u00f3c su\u00f4n m\u01b0\u1ee3t, \u0111\u1ee7 \u1ea9m v\u00e0 \u0111\u01b0\u1ee3c ph\u1ee5c h\u1ed3i r\u00f5 r\u1ec7t.<\/span><\/td>\n<\/tr>\n<\/tbody>\n<\/table>\n","protected":false},"excerpt":{"rendered":"<h3 data-path-to-node=\"0\"><b>D\u1ea7u X\u1ea3: \u1ed4i &amp; G\u1ea1o (300ml)<\/b><\/h3>\n<ul data-path-to-node=\"1\">\n<li>\n<p data-path-to-node=\"1,0,0\"><b>M\u1ee5c ti\u00eau: <\/b><b>Ph\u1ee5c h\u1ed3i &amp; Kh\u00f3a \u1ea9m: <\/b>d\u01b0\u1ee1ng \u1ea9m s\u00e2u v\u00e0 kh\u00e9p bi\u1ec3u b\u00ec t\u00f3c, h\u1ea1n ch\u1ebf g\u00e3y r\u1ee5ng v\u00e0 x\u00f9 r\u1ed1i.<\/p>\n<\/li>\n<li>\n<p data-path-to-node=\"1,1,0\"><b>K\u1ebft c\u1ea5u: <\/b>Kem \u0111\u1eadm m\u1ecbn, \u0111\u1ed9 tr\u01b0\u1ee3t cao gi\u00fap g\u1ee1 r\u1ed1i d\u1ec5 d\u00e0ng.<\/p>\n<\/li>\n<li>\n<p data-path-to-node=\"1,2,0\"><b>T\u00e1c \u0111\u1ed9ng ch\u00ednh:<\/b> <b>Protein G\u1ea1o<\/b> t\u0103ng c\u01b0\u1eddng c\u1ea5u tr\u00fac s\u1ee3i t\u00f3c; <b>\u1ed4i<\/b> b\u1ed5 sung vitamin cho b\u1ec1 m\u1eb7t t\u00f3c m\u01b0\u1ee3t v\u00e0 b\u00f3ng cao.<\/p>\n<\/li>\n<li>\n<p data-path-to-node=\"1,3,0\"><b>Th\u1eddi \u0110i\u1ec3m \u0111\u1ec3 S\u1eed D\u1ee5ng:<\/b> <b>B\u01b0\u1edbc 2:<\/b> Thoa t\u1eeb th\u00e2n \u0111\u1ebfn ng\u1ecdn sau khi g\u1ed9i. \u0110\u1ec3 2 ph\u00fat \u0111\u1ec3 h\u1ea5p th\u1ee5 t\u1ed1i \u0111a. <\/p>\n<\/li>\n<li>\n<p data-path-to-node=\"1,4,0\"><b>K\u1ebft qu\u1ea3: <\/b>T\u00f3c ch\u1eafc kh\u1ecfe h\u01a1n, su\u00f4n m\u01b0\u1ee3t, gi\u1eef \u1ea9m t\u1ed1t v\u00e0 d\u1ec5 v\u00e0o n\u1ebfp su\u1ed1t c\u1ea3 ng\u00e0y.<\/p>\n<\/li>\n<\/ul>\n","protected":false},"featured_media":12692,"template":"","meta":[],"pwb-brand":[301],"product_cat":[278,198,185],"product_tag":[],"class_list":{"0":"post-12830","1":"product","2":"type-product","3":"status-publish","4":"has-post-thumbnail","6":"pwb-brand-daquyn-the-queen-vi","7":"product_cat-cham-soc-toc-vi","8":"product_cat-dau-xa","9":"product_cat-suc-khoe-lam-dep","11":"first","12":"instock","13":"shipping-taxable","14":"purchasable","15":"product-type-simple"},"acf":[],"brands":[{"id":301,"name":"Daquyn - The Queen","slug":"daquyn-the-queen-vi"}],"_links":{"self":[{"href":"https:\/\/bynature.vn\/vi\/wp-json\/wp\/v2\/product\/12830","targetHints":{"allow":["GET"]}}],"collection":[{"href":"https:\/\/bynature.vn\/vi\/wp-json\/wp\/v2\/product"}],"about":[{"href":"https:\/\/bynature.vn\/vi\/wp-json\/wp\/v2\/types\/product"}],"wp:featuredmedia":[{"embeddable":true,"href":"https:\/\/bynature.vn\/vi\/wp-json\/wp\/v2\/media\/12692"}],"wp:attachment":[{"href":"https:\/\/bynature.vn\/vi\/wp-json\/wp\/v2\/media?parent=12830"}],"wp:term":[{"taxonomy":"pwb-brand","embeddable":true,"href":"https:\/\/bynature.vn\/vi\/wp-json\/wp\/v2\/pwb-brand?post=12830"},{"taxonomy":"product_cat","embeddable":true,"href":"https:\/\/bynature.vn\/vi\/wp-json\/wp\/v2\/product_cat?post=12830"},{"taxonomy":"product_tag","embeddable":true,"href":"https:\/\/bynature.vn\/vi\/wp-json\/wp\/v2\/product_tag?post=12830"}],"curies":[{"name":"wp","href":"https:\/\/api.w.org\/{rel}","templated":true}]}}