{"id":12829,"date":"2025-12-28T15:33:17","date_gmt":"2025-12-28T08:33:17","guid":{"rendered":"https:\/\/bynature.vn\/product\/6-banh-phong-gao-lut-huu-co-vi-dau-tay-4g\/"},"modified":"2025-12-28T15:33:17","modified_gmt":"2025-12-28T08:33:17","slug":"6-banh-phong-gao-lut-huu-co-vi-dau-tay-4g","status":"publish","type":"product","link":"https:\/\/bynature.vn\/vi\/product\/6-banh-phong-gao-lut-huu-co-vi-dau-tay-4g\/","title":{"rendered":"6 B\u00e1nh Ph\u1ed3ng G\u1ea1o L\u1ee9t H\u1eefu C\u01a1 V\u1ecb D\u00e2u T\u00e2y 4g"},"content":{"rendered":"<h2 data-path-to-node=\"2\"><b data-path-to-node=\"2\" data-index-in-node=\"0\">B\u00e1nh Ph\u1ed3ng G\u1ea1o L\u1ee9t H\u1eefu C\u01a1 &#8211; D\u00e2u T\u00e2y (4g)<\/b><\/h2>\n<p data-path-to-node=\"3\"><b data-path-to-node=\"3\" data-index-in-node=\"0\">M\u00f3n \u0102n Nh\u1eb9 \u0110\u1ea7u Ti\u00ean Ho\u00e0n H\u1ea3o Cho Con B\u1ea1n<\/b><\/p>\n<p data-path-to-node=\"4\">Bi\u1ebfn gi\u1edd \u0103n v\u1eb7t tr\u1edf n\u00ean v\u1eeba l\u00e0nh m\u1ea1nh v\u1eeba ngon mi\u1ec7ng v\u1edbi B\u00e1nh Ph\u1ed3ng G\u1ea1o L\u1ee9t H\u1eefu C\u01a1 Little Blossom. <span class=\"citation-43 citation-end-43\">\u0110\u01b0\u1ee3c thi\u1ebft k\u1ebf ri\u00eang cho \u0111\u00f4i tay nh\u1ecf xinh v\u00e0 v\u1ecb gi\u00e1c \u0111ang ph\u00e1t tri\u1ec3n, b\u00e1nh ph\u1ed3ng v\u1ecb D\u00e2u T\u00e2y c\u1ee7a ch\u00fang t\u00f4i l\u00e0m t\u1eeb nh\u1eefng nguy\u00ean li\u1ec7u h\u1eefu c\u01a1 ch\u1ecdn l\u1ecdc, \u0111\u1ea3m b\u1ea3o b\u00e9 s\u1ebd nh\u1eadn \u0111\u01b0\u1ee3c nh\u1eefng \u0111i\u1ec1u t\u1ed1t nh\u1ea5t trong t\u1eebng l\u1ea7n \u0103n.<\/span><\/p>\n<h3 data-path-to-node=\"5\"><b data-path-to-node=\"5\" data-index-in-node=\"0\">V\u00ec Sao B\u1ea1n S\u1ebd Y\u00eau Th\u00edch S\u1ea3n Ph\u1ea9m N\u00e0y:<\/b><\/h3>\n<ul data-path-to-node=\"6\">\n<li>\n<p data-path-to-node=\"6,0,0\"><b data-path-to-node=\"6,0,0\" data-index-in-node=\"0\">100% H\u1eefu C\u01a1 &amp; T\u1ef1 Nhi\u00ean: <\/b>L\u00e0m t\u1eeb g\u1ea1o l\u1ee9t h\u1eefu c\u01a1 v\u00e0 nh\u1eefng qu\u1ea3 d\u00e2u t\u00e2y th\u1eadt. Kh\u00f4ng h\u01b0\u01a1ng li\u1ec7u, m\u00e0u hay ch\u1ea5t b\u1ea3o qu\u1ea3n nh\u00e2n t\u1ea1o &#8211; ch\u1ec9 nh\u1eefng th\u00e0nh ph\u1ea7n thu\u1ea7n khi\u1ebft, minh b\u1ea1ch. <\/p>\n<\/li>\n<li>\n<p data-path-to-node=\"6,1,0\"><b data-path-to-node=\"6,1,0\" data-index-in-node=\"0\">Tan Ngay trong Mi\u1ec7ng:<\/b> K\u1ebft c\u1ea5u ph\u1ed3ng \u0111\u1ed9c \u0111\u00e1o c\u1ee7a ch\u00fang t\u00f4i \u0111\u01b0\u1ee3c thi\u1ebft k\u1ebf \u0111\u1ec3 d\u1ec5 d\u00e0ng h\u00f2a tan, gi\u00fap b\u00e9 an to\u00e0n v\u00e0 tho\u1ea3i m\u00e1i khi t\u1eadp nhai.<\/p>\n<\/li>\n<li>\n<p data-path-to-node=\"6,2,0\"><b data-path-to-node=\"6,2,0\" data-index-in-node=\"0\">H\u1ed7 Tr\u1ee3 Ph\u00e1t Tri\u1ec3n:<\/b> K\u00edch th\u01b0\u1edbc v\u00e0 h\u00ecnh d\u00e1ng l\u00fd t\u01b0\u1edfng \u0111\u1ec3 b\u00e9 luy\u1ec7n \u0111\u1ed9ng t\u00e1c &#8220;n\u1eafm g\u1ecdng k\u00ecm&#8221; v\u00e0 ph\u00e1t tri\u1ec3n v\u1eadn \u0111\u1ed9ng.<\/p>\n<\/li>\n<li>\n<p data-path-to-node=\"6,3,0\"><b data-path-to-node=\"6,3,0\" data-index-in-node=\"0\">Kh\u00f4ng Ch\u1ee9a Ch\u1ea5t \u0110\u1ed9c H\u1ea1i:<\/b> <span class=\"citation-42 citation-end-42\">Kh\u00f4ng th\u00eam \u0111\u01b0\u1eddng m\u00eda hay mu\u1ed1i.<\/span> Ch\u00fang t\u00f4i d\u1ef1a v\u00e0o v\u1ecb ng\u1ecdt t\u1ef1 nhi\u00ean c\u1ee7a tr\u00e1i c\u00e2y h\u1eefu c\u01a1 \u0111\u1ec3 l\u00e0m th\u1ecfa m\u00e3n v\u1ecb gi\u00e1c c\u1ee7a b\u00e9.<\/p>\n<\/li>\n<li>\n<p data-path-to-node=\"6,4,0\"><b data-path-to-node=\"6,4,0\" data-index-in-node=\"0\">Kh\u00f4ng Gluten &amp; Thu\u1ea7n Chay:<\/b> <span class=\"citation-41 citation-end-41\">L\u1ef1a ch\u1ecdn d\u1ecbu nh\u1eb9, \u00edt g\u00e2y d\u1ecb \u1ee9ng cho h\u1ec7 ti\u00eau h\u00f3a nh\u1ea1y c\u1ea3m.<\/span><\/p>\n<div class=\"source-inline-chip-container ng-star-inserted\"><\/div>\n<\/li>\n<\/ul>\n<h3 data-path-to-node=\"7\"><b data-path-to-node=\"7\" data-index-in-node=\"0\">Th\u00e0nh ph\u1ea7n:<\/b><\/h3>\n<p data-path-to-node=\"8\">G\u1ea1o L\u1ee9t H\u1eefu C\u01a1, \u0110\u01b0\u1eddng M\u00eda H\u1eefu C\u01a1 (l\u01b0\u1ee3ng t\u1ed1i thi\u1ec3u \u0111\u1ec3 t\u1ea1o k\u1ebft c\u1ea5u), D\u00e2u T\u00e2y H\u1eefu C\u01a1 Xay Nhuy\u1ec5n, Canxi Cacbonat, D\u1ea7u C\u00e1m G\u1ea1o.<\/p>\n<h3 data-path-to-node=\"9\"><b data-path-to-node=\"9\" data-index-in-node=\"0\">Th\u00f4ng Tin S\u1ea3n Ph\u1ea9m:<\/b><\/h3>\n<ul data-path-to-node=\"10\">\n<li>\n<p data-path-to-node=\"10,0,0\"><b data-path-to-node=\"10,0,0\" data-index-in-node=\"0\">Kh\u1ed1i L\u01b0\u1ee3ng:<\/b> 4g<\/p>\n<\/li>\n<li>\n<p data-path-to-node=\"10,1,0\"><b data-path-to-node=\"10,1,0\" data-index-in-node=\"0\">\u0110\u1ed9 Tu\u1ed5i Ph\u00f9 H\u1ee3p: <\/b><span class=\"citation-40 citation-end-40\">Khuy\u1ebfn ngh\u1ecb cho b\u00e9 t\u1eeb 9 th\u00e1ng tu\u1ed5i tr\u1edf l\u00ean (ho\u1eb7c khi b\u00e9 \u0111\u00e3 s\u1eb5n s\u00e0ng \u0103n th\u1ee9c \u0103n c\u1ea7m tay).<\/span><\/p>\n<\/li>\n<li>\n<p data-path-to-node=\"10,2,0\"><b data-path-to-node=\"10,2,0\" data-index-in-node=\"0\">B\u1ea3o qu\u1ea3n:<\/b> \u0110\u1ec3 n\u01a1i kh\u00f4 r\u00e1o, tho\u00e1ng m\u00e1t. \u0110\u00f3ng k\u00edn sau khi m\u1edf \u0111\u1ec3 gi\u1eef \u0111\u1ed9 gi\u00f2n ho\u00e0n h\u1ea3o. <\/p>\n<\/li>\n<\/ul>\n<p data-path-to-node=\"11\"><b data-path-to-node=\"11\" data-index-in-node=\"0\">H\u00e3y mang \u0111\u1ebfn cho b\u00e9 m\u1ed9t b\u00f4ng hoa c\u1ee7a h\u01b0\u01a1ng v\u1ecb v\u1edbi m\u00f3n \u0103n v\u1eb7t \u0111\u00e1ng tin c\u1eady.<\/b><\/p>\n<table data-path-to-node=\"10\">\n<thead>\n<tr>\n<td><strong>H\u01b0\u01a1ng V\u1ecb<\/strong><\/td>\n<td><strong>C\u1ea3m Nh\u1eadn H\u01b0\u01a1ng V\u1ecb<\/strong><\/td>\n<td><strong>T\u1ed1t Nh\u1ea5t D\u00e0nh Cho&#8230;<\/strong><\/td>\n<\/tr>\n<\/thead>\n<tbody>\n<tr>\n<td><span data-path-to-node=\"10,1,0,0\"><b data-path-to-node=\"10,1,0,0\" data-index-in-node=\"0\">\ud83c\udf53 D\u00e2y T\u00e2y<\/b><\/span><\/td>\n<td><span data-path-to-node=\"10,1,1,0\">T\u01b0\u01a1i s\u00e1ng, tr\u00e1i c\u00e2y, v\u00e0 ng\u1ecdt t\u1ef1 nhi\u00ean.<\/span><\/td>\n<td><span data-path-to-node=\"10,1,2,0\">H\u01b0\u01a1ng v\u1ecb c\u1ed5 \u0111i\u1ec3n cho b\u00e9 th\u00edch \u0111\u1ed3 ng\u1ecdt.<\/span><\/td>\n<\/tr>\n<tr>\n<td><span data-path-to-node=\"10,2,0,0\"><b data-path-to-node=\"10,2,0,0\" data-index-in-node=\"0\">\ud83c\udf4e T\u00e1o &amp; B\u00f4ng C\u1ea3i<\/b><\/span><\/td>\n<td><span data-path-to-node=\"10,2,1,0\">S\u1ef1 ho\u00e0 quy\u1ec7n c\u00e2n b\u1eb1ng gi\u1eefa rau xanh trong v\u01b0\u1eddn v\u00e0 tr\u00e1i c\u00e2y gi\u00f2n ng\u1ecdt.<\/span><\/td>\n<td><span data-path-to-node=\"10,2,2,0\">L\u1ef1a ch\u1ecdn \u201cRau C\u1ee7 B\u00ed M\u1eadt\u201d cho b\u00e9 l\u00e0m quen s\u1edbm.<\/span><\/td>\n<\/tr>\n<tr>\n<td><span data-path-to-node=\"10,3,0,0\"><b data-path-to-node=\"10,3,0,0\" data-index-in-node=\"0\">\ud83c\udf83 B\u00ed \u0110\u1ecf<\/b><\/span><\/td>\n<td><span data-path-to-node=\"10,3,1,0\">Nh\u1eb9 nh\u00e0ng, t\u1ef1 nhi\u00ean v\u00e0 \u1ea5m \u00e1p.<\/span><\/td>\n<td><span data-path-to-node=\"10,3,2,0\">M\u1ed9t h\u01b0\u01a1ng v\u1ecb nh\u1eb9 nh\u00e0ng, d\u1ec5 ch\u1ecbu, r\u1ea5t d\u1ec5 \u0103n cho kh\u1ea9u v\u1ecb tr\u1ebb nh\u1ecf.<\/span><\/td>\n<\/tr>\n<tr>\n<td><span data-path-to-node=\"10,4,0,0\"><b data-path-to-node=\"10,4,0,0\" data-index-in-node=\"0\">\ud83c\udf60 Khoai Lang<\/b><\/span><\/td>\n<td><span data-path-to-node=\"10,4,1,0\">B\u00e9o m\u1ecbn v\u00e0 \u0111\u1eadm \u0111\u00e0 t\u1ef1 nhi\u00ean.<\/span><\/td>\n<td><span data-path-to-node=\"10,4,2,0\">M\u00f3n \u0103n nh\u1eb9 gi\u00e0u dinh d\u01b0\u1ee1ng, nh\u01b0 m\u1ed9t b\u1eefa \u0103n nh\u1ecf th\u1ef1c th\u1ee5.<\/span><\/td>\n<\/tr>\n<\/tbody>\n<\/table>\n","protected":false},"excerpt":{"rendered":"<p data-path-to-node=\"1\"><b data-path-to-node=\"1\" data-index-in-node=\"0\">\u0102n v\u1eb7t l\u00e0nh m\u1ea1nh th\u1eadt \u0111\u01a1n gi\u1ea3n.<\/b> <span class=\"citation-53 citation-end-53\">B\u00e1nh Ph\u1ed3ng D\u00e2u T\u00e2y Little Blossom 100% h\u1eefu c\u01a1, tan ngay trong mi\u1ec7ng, \u0111\u01b0\u1ee3c l\u00e0m t\u1eeb g\u1ea1o l\u1ee9t v\u00e0 tr\u00e1i c\u00e2y th\u1eadt.<\/span> <span class=\"citation-52 citation-end-52\">Kh\u00f4ng ph\u1ee5 gia nh\u00e2n t\u1ea1o hay mu\u1ed1i, l\u00e0 m\u00f3n \u0103n v\u1eb7t g\u1ecdn g\u00e0ng ho\u00e0n h\u1ea3o, gi\u00fap b\u00e9 ph\u00e1t tri\u1ec3n k\u1ef9 n\u0103ng v\u1eadn \u0111\u1ed9ng.<\/span><\/p>\n<ul data-path-to-node=\"4\">\n<li>\n<p data-path-to-node=\"4,0,0\"><b data-path-to-node=\"4,0,0\" data-index-in-node=\"0\">H\u1eefu C\u01a1 &amp; Kh\u00f4ng Bi\u1ebfn \u0110\u1ed5i Gen<\/b><\/p>\n<\/li>\n<li>\n<p data-path-to-node=\"4,1,0\"><b data-path-to-node=\"4,1,0\" data-index-in-node=\"0\">Kh\u00f4ng Gluten &amp; Thu\u1ea7n Chay<\/b><\/p>\n<\/li>\n<li>\n<p data-path-to-node=\"4,2,0\"><b data-path-to-node=\"4,2,0\" data-index-in-node=\"0\">D\u1ec5 d\u00e0ng h\u00f2a tan \u0111\u1ec3 \u0103n nh\u1eb9 an to\u00e0n<\/b><\/p>\n<\/li>\n<li>\n<p data-path-to-node=\"4,3,0\"><b data-path-to-node=\"4,3,0\" data-index-in-node=\"0\"><span class=\"citation-51 citation-end-51\">Kh\u00f4ng h\u01b0\u01a1ng li\u1ec7u hay ch\u1ea5t b\u1ea3o qu\u1ea3n nh\u00e2n t\u1ea1o<\/span><\/b><\/p>\n<\/li>\n<\/ul>\n","protected":false},"featured_media":12787,"template":"","meta":[],"pwb-brand":[],"product_cat":[252,256,257],"product_tag":[],"class_list":{"0":"post-12829","1":"product","2":"type-product","3":"status-publish","4":"has-post-thumbnail","6":"product_cat-do-kho","7":"product_cat-snacks-vi","8":"product_cat-thanh-dinh-duong-ngu-coc-banh-snack","10":"first","11":"instock","12":"shipping-taxable","13":"purchasable","14":"product-type-simple"},"acf":[],"brands":[],"_links":{"self":[{"href":"https:\/\/bynature.vn\/vi\/wp-json\/wp\/v2\/product\/12829","targetHints":{"allow":["GET"]}}],"collection":[{"href":"https:\/\/bynature.vn\/vi\/wp-json\/wp\/v2\/product"}],"about":[{"href":"https:\/\/bynature.vn\/vi\/wp-json\/wp\/v2\/types\/product"}],"wp:featuredmedia":[{"embeddable":true,"href":"https:\/\/bynature.vn\/vi\/wp-json\/wp\/v2\/media\/12787"}],"wp:attachment":[{"href":"https:\/\/bynature.vn\/vi\/wp-json\/wp\/v2\/media?parent=12829"}],"wp:term":[{"taxonomy":"pwb-brand","embeddable":true,"href":"https:\/\/bynature.vn\/vi\/wp-json\/wp\/v2\/pwb-brand?post=12829"},{"taxonomy":"product_cat","embeddable":true,"href":"https:\/\/bynature.vn\/vi\/wp-json\/wp\/v2\/product_cat?post=12829"},{"taxonomy":"product_tag","embeddable":true,"href":"https:\/\/bynature.vn\/vi\/wp-json\/wp\/v2\/product_tag?post=12829"}],"curies":[{"name":"wp","href":"https:\/\/api.w.org\/{rel}","templated":true}]}}