{"id":12827,"date":"2025-12-28T16:00:53","date_gmt":"2025-12-28T09:00:53","guid":{"rendered":"https:\/\/bynature.vn\/product\/banh-phong-gao-lut-huu-co-vi-tao-va-bong-cai-40g\/"},"modified":"2025-12-28T16:00:53","modified_gmt":"2025-12-28T09:00:53","slug":"banh-phong-gao-lut-huu-co-vi-tao-va-bong-cai-40g","status":"publish","type":"product","link":"https:\/\/bynature.vn\/vi\/product\/banh-phong-gao-lut-huu-co-vi-tao-va-bong-cai-40g\/","title":{"rendered":"B\u00e1nh Ph\u1ed3ng G\u1ea1o L\u1ee9t H\u1eefu C\u01a1 V\u1ecb T\u00e1o v\u00e0 B\u00f4ng C\u1ea3i 40g"},"content":{"rendered":"<h2 data-path-to-node=\"0\"><b data-path-to-node=\"0\" data-index-in-node=\"0\">B\u00e1nh Ph\u1ed3ng G\u1ea1o L\u1ee9t H\u1eefu C\u01a1 Little Blossom &#8211; T\u00e1o v\u00e0 B\u00f4ng C\u1ea3i (40g)<\/b><\/h2>\n<p data-path-to-node=\"1\"><b data-path-to-node=\"1\" data-index-in-node=\"0\">Ngu\u1ed3n n\u0103ng l\u01b0\u1ee3ng xanh cho nh\u1eefng t\u00edn \u0111\u1ed3 \u1ea9m th\u1ef1c nh\u00ed<\/b><\/p>\n<p data-path-to-node=\"2\">Gi\u00fap b\u00e9 l\u00e0m quen v\u1edbi v\u1ecb rau xanh b\u1eb1ng m\u1ed9t m\u00f3n \u0103n nh\u1eb9 m\u00e0 b\u00e9 s\u1ebd th\u1eadt s\u1ef1 y\u00eau th\u00edch! B\u00e1nh Ph\u1ed3ng v\u1ecb T\u00e1o &amp; B\u00f4ng c\u1ea3i Little Blossom k\u1ebft h\u1ee3p v\u1ecb ng\u1ecdt d\u1ecbu c\u1ee7a t\u00e1o h\u1eefu c\u01a1 v\u1edbi gi\u00e1 tr\u1ecb dinh d\u01b0\u1ee1ng c\u1ee7a b\u00f4ng c\u1ea3i xanh h\u1eefu c\u01a1. \u0110\u00e2y l\u00e0 c\u00e1ch l\u00fd t\u01b0\u1edfng \u0111\u1ec3 m\u1edf r\u1ed9ng kh\u1ea9u v\u1ecb c\u1ee7a b\u00e9 v\u1edbi nh\u1eefng nguy\u00ean li\u1ec7u s\u1ea1ch v\u00e0 h\u1eefu c\u01a1.  <\/p>\n<h3 data-path-to-node=\"3\"><b data-path-to-node=\"3\" data-index-in-node=\"0\">T\u1ea1i Sao \u0110\u00e2y L\u00e0 L\u1ef1a Ch\u1ecdn C\u1ee7a Ba M\u1eb9:<\/b><\/h3>\n<ul data-path-to-node=\"4\">\n<li>\n<p data-path-to-node=\"4,0,0\"><b data-path-to-node=\"4,0,0\" data-index-in-node=\"0\">K\u1ebft H\u1ee3p Rau C\u1ee7 L\u00e0nh M\u1ea1nh:<\/b> T\u00e1o v\u00e0 b\u00f4ng c\u1ea3i xanh h\u1eefu c\u01a1 th\u1eadt \u2013 kh\u00f4ng h\u01b0\u01a1ng li\u1ec7u hay b\u1ed9t \u201ct\u1ef1 nhi\u00ean\u201d, ch\u1ec9 l\u00e0 th\u1ef1c ph\u1ea9m nguy\u00ean b\u1ea3n.<\/p>\n<\/li>\n<li>\n<p data-path-to-node=\"4,1,0\"><b data-path-to-node=\"4,1,0\" data-index-in-node=\"0\">An To\u00e0n Cho B\u00e9 M\u1edbi T\u1eadp \u0102n:<\/b> K\u1ebft c\u1ea5u nh\u1eb9, x\u1ed1p, tan nhanh trong mi\u1ec7ng, gi\u00fap h\u1ea1n ch\u1ebf nguy c\u01a1 h\u00f3c ngh\u1eb9n.<\/p>\n<\/li>\n<li>\n<p data-path-to-node=\"4,2,0\"><b data-path-to-node=\"4,2,0\" data-index-in-node=\"0\">\u0102n D\u1eb7m G\u1ecdn G\u00e0ng: <\/b>K\u00edch th\u01b0\u1edbc v\u1eeba tay cho b\u00e9 c\u1ea7m n\u1eafm, h\u1ed7 tr\u1ee3 ph\u00e1t tri\u1ec3n kh\u1ea3 n\u0103ng ph\u1ed1i h\u1ee3p m\u00e0 kh\u00f4ng g\u00e2y b\u1eeba b\u1ed9n.<\/p>\n<\/li>\n<li>\n<p data-path-to-node=\"4,3,0\"><b data-path-to-node=\"4,3,0\" data-index-in-node=\"0\">Th\u01b0\u01a1ng Hi\u1ec7u S\u1ea1ch:<\/b> 100% H\u1eefu C\u01a1, kh\u00f4ng bi\u1ebfn \u0111\u1ed5i gen, v\u00e0 kh\u00f4ng gluten, s\u1eefa, v\u00e0 ch\u1ea5t b\u1ea3o qu\u1ea3n nh\u00e2n t\u1ea1o.<\/p>\n<\/li>\n<li>\n<p data-path-to-node=\"4,4,0\"><b data-path-to-node=\"4,4,0\" data-index-in-node=\"0\">D\u1ecbu Nh\u1eb9 v\u1edbi H\u1ec7 Ti\u00eau H\u00f3a:<\/b> \u0110\u01b0\u1ee3c l\u00e0m b\u1edfi g\u1ea1o l\u1ee9t h\u1eefu c\u01a1 gi\u00fap d\u1ec5 ti\u00eau h\u00f3a.<\/p>\n<\/li>\n<\/ul>\n<h3 data-path-to-node=\"5\"><b data-path-to-node=\"5\" data-index-in-node=\"0\">Th\u00f4ng Tin S\u1ea3n Ph\u1ea9m:<\/b><\/h3>\n<ul data-path-to-node=\"6\">\n<li>\n<p data-path-to-node=\"6,0,0\"><b data-path-to-node=\"6,0,0\" data-index-in-node=\"0\">Kh\u1ed1i L\u01b0\u1ee3ng:<\/b> 40g<\/p>\n<\/li>\n<li>\n<p data-path-to-node=\"6,1,0\"><b data-path-to-node=\"6,1,0\" data-index-in-node=\"0\">L\u00fd T\u01b0\u1edfng Cho:<\/b> B\u00e9 t\u1eeb 9 th\u00e1ng tu\u1ed5i tr\u1edf l\u00ean (ho\u1eb7c khi b\u00e9 b\u1eaft \u0111\u1ea7u t\u1eadp t\u1ef1 \u0103n).<\/p>\n<\/li>\n<li>\n<p data-path-to-node=\"6,2,0\"><b data-path-to-node=\"6,2,0\" data-index-in-node=\"0\">Th\u00f4ng Tin Ch\u1ebf \u0110\u1ed9 \u0102n:<\/b> Thu\u1ea7n chay, kh\u00f4ng gluten, v\u00e0 \u0111\u01b0\u1ee3c ch\u1ee9ng nh\u1eadn Halal..<\/p>\n<\/li>\n<\/ul>\n<p data-path-to-node=\"7\"><b data-path-to-node=\"7\" data-index-in-node=\"0\">Th\u00f3i quen l\u00e0nh m\u1ea1nh b\u1eaft \u0111\u1ea7u t\u1eeb mi\u1ebfng c\u1eafn \u0111\u1ea7u ti\u00ean.<\/b><\/p>\n<table data-path-to-node=\"10\">\n<thead>\n<tr>\n<td><strong>H\u01b0\u01a1ng V\u1ecb<\/strong><\/td>\n<td><strong>C\u1ea3m Nh\u1eadn H\u01b0\u01a1ng V\u1ecb<\/strong><\/td>\n<td><strong>T\u1ed1t Nh\u1ea5t D\u00e0nh Cho&#8230;<\/strong><\/td>\n<\/tr>\n<\/thead>\n<tbody>\n<tr>\n<td><span data-path-to-node=\"10,1,0,0\"><b data-path-to-node=\"10,1,0,0\" data-index-in-node=\"0\">\ud83c\udf53 D\u00e2y T\u00e2y<\/b><\/span><\/td>\n<td><span data-path-to-node=\"10,1,1,0\">T\u01b0\u01a1i s\u00e1ng, tr\u00e1i c\u00e2y, v\u00e0 ng\u1ecdt t\u1ef1 nhi\u00ean.<\/span><\/td>\n<td><span data-path-to-node=\"10,1,2,0\">H\u01b0\u01a1ng v\u1ecb c\u1ed5 \u0111i\u1ec3n cho b\u00e9 th\u00edch \u0111\u1ed3 ng\u1ecdt.<\/span><\/td>\n<\/tr>\n<tr>\n<td><span data-path-to-node=\"10,2,0,0\"><b data-path-to-node=\"10,2,0,0\" data-index-in-node=\"0\">\ud83c\udf4e T\u00e1o &amp; B\u00f4ng C\u1ea3i<\/b><\/span><\/td>\n<td><span data-path-to-node=\"10,2,1,0\">S\u1ef1 ho\u00e0 quy\u1ec7n c\u00e2n b\u1eb1ng gi\u1eefa rau xanh trong v\u01b0\u1eddn v\u00e0 tr\u00e1i c\u00e2y gi\u00f2n ng\u1ecdt.<\/span><\/td>\n<td><span data-path-to-node=\"10,2,2,0\">L\u1ef1a ch\u1ecdn \u201cRau C\u1ee7 B\u00ed M\u1eadt\u201d cho b\u00e9 l\u00e0m quen s\u1edbm.<\/span><\/td>\n<\/tr>\n<tr>\n<td><span data-path-to-node=\"10,3,0,0\"><b data-path-to-node=\"10,3,0,0\" data-index-in-node=\"0\">\ud83c\udf83 B\u00ed \u0110\u1ecf<\/b><\/span><\/td>\n<td><span data-path-to-node=\"10,3,1,0\">Nh\u1eb9 nh\u00e0ng, t\u1ef1 nhi\u00ean v\u00e0 \u1ea5m \u00e1p.<\/span><\/td>\n<td><span data-path-to-node=\"10,3,2,0\">M\u1ed9t h\u01b0\u01a1ng v\u1ecb nh\u1eb9 nh\u00e0ng, d\u1ec5 ch\u1ecbu, r\u1ea5t d\u1ec5 \u0103n cho kh\u1ea9u v\u1ecb tr\u1ebb nh\u1ecf.<\/span><\/td>\n<\/tr>\n<tr>\n<td><span data-path-to-node=\"10,4,0,0\"><b data-path-to-node=\"10,4,0,0\" data-index-in-node=\"0\">\ud83c\udf60 Khoai Lang<\/b><\/span><\/td>\n<td><span data-path-to-node=\"10,4,1,0\">B\u00e9o m\u1ecbn v\u00e0 \u0111\u1eadm \u0111\u00e0 t\u1ef1 nhi\u00ean.<\/span><\/td>\n<td><span data-path-to-node=\"10,4,2,0\">M\u00f3n \u0103n nh\u1eb9 gi\u00e0u dinh d\u01b0\u1ee1ng, nh\u01b0 m\u1ed9t b\u1eefa \u0103n nh\u1ecf th\u1ef1c th\u1ee5.<\/span><\/td>\n<\/tr>\n<\/tbody>\n<\/table>\n","protected":false},"excerpt":{"rendered":"<p>Nu\u00f4i d\u01b0\u1ee1ng b\u00e9 v\u1edbi s\u1ef1 k\u1ebft h\u1ee3p ho\u00e0n h\u1ea3o gi\u1eefa tr\u00e1i c\u00e2y v\u00e0 rau c\u1ee7. <span class=\"citation-58 citation-end-58\">B\u00e1nh ph\u1ed3ng T\u00e1o &amp; B\u00f4ng c\u1ea3i xanh c\u1ee7a ch\u00fang t\u00f4i 100% h\u1eefu c\u01a1, kh\u00f4ng gluten, tan nhanh trong mi\u1ec7ng \u0111\u1ec3 b\u00e9 \u0103n v\u1eb7t an to\u00e0n v\u00e0 d\u1ec5 d\u00e0ng.<\/span> Kh\u00f4ng th\u00eam mu\u1ed1i, kh\u00f4ng ch\u1ea5t b\u1ea3o qu\u1ea3n \u2013 ch\u1ec9 c\u00f3 dinh d\u01b0\u1ee1ng thu\u1ea7n th\u1ef1c v\u1eadt t\u1ef1 nhi\u00ean, \u0111\u1ed3ng h\u00e0nh c\u00f9ng s\u1ef1 ph\u00e1t tri\u1ec3n c\u1ee7a b\u00e9.<\/p>\n","protected":false},"featured_media":12791,"template":"","meta":[],"pwb-brand":[],"product_cat":[252,256,257],"product_tag":[],"class_list":{"0":"post-12827","1":"product","2":"type-product","3":"status-publish","4":"has-post-thumbnail","6":"product_cat-do-kho","7":"product_cat-snacks-vi","8":"product_cat-thanh-dinh-duong-ngu-coc-banh-snack","10":"first","11":"instock","12":"shipping-taxable","13":"purchasable","14":"product-type-simple"},"acf":[],"brands":[],"_links":{"self":[{"href":"https:\/\/bynature.vn\/vi\/wp-json\/wp\/v2\/product\/12827","targetHints":{"allow":["GET"]}}],"collection":[{"href":"https:\/\/bynature.vn\/vi\/wp-json\/wp\/v2\/product"}],"about":[{"href":"https:\/\/bynature.vn\/vi\/wp-json\/wp\/v2\/types\/product"}],"wp:featuredmedia":[{"embeddable":true,"href":"https:\/\/bynature.vn\/vi\/wp-json\/wp\/v2\/media\/12791"}],"wp:attachment":[{"href":"https:\/\/bynature.vn\/vi\/wp-json\/wp\/v2\/media?parent=12827"}],"wp:term":[{"taxonomy":"pwb-brand","embeddable":true,"href":"https:\/\/bynature.vn\/vi\/wp-json\/wp\/v2\/pwb-brand?post=12827"},{"taxonomy":"product_cat","embeddable":true,"href":"https:\/\/bynature.vn\/vi\/wp-json\/wp\/v2\/product_cat?post=12827"},{"taxonomy":"product_tag","embeddable":true,"href":"https:\/\/bynature.vn\/vi\/wp-json\/wp\/v2\/product_tag?post=12827"}],"curies":[{"name":"wp","href":"https:\/\/api.w.org\/{rel}","templated":true}]}}