{"id":12826,"date":"2025-12-29T11:56:03","date_gmt":"2025-12-29T04:56:03","guid":{"rendered":"https:\/\/bynature.vn\/product\/banh-phong-gao-lut-huu-co-vi-khoai-lang-40g\/"},"modified":"2025-12-29T11:56:03","modified_gmt":"2025-12-29T04:56:03","slug":"banh-phong-gao-lut-huu-co-vi-khoai-lang-40g","status":"publish","type":"product","link":"https:\/\/bynature.vn\/vi\/product\/banh-phong-gao-lut-huu-co-vi-khoai-lang-40g\/","title":{"rendered":"B\u00e1nh Ph\u1ed3ng G\u1ea1o L\u1ee9t H\u1eefu C\u01a1 V\u1ecb Khoai Lang 40g"},"content":{"rendered":"<h2 data-path-to-node=\"0\"><b data-path-to-node=\"0\" data-index-in-node=\"0\">B\u00e1nh Ph\u1ed3ng G\u1ea1o L\u1ee9t H\u1eefu C\u01a1 Little Blossom &#8211; Khoai Lang (40g)<\/b><\/h2>\n<p data-path-to-node=\"1\"><b data-path-to-node=\"1\" data-index-in-node=\"0\">Si\u00eau Th\u1ef1c Ph\u1ea9m Ng\u1ecdt T\u1ef1 Nhi\u00ean cho Nh\u1eefng Nh\u00e0 Th\u00e1m Hi\u1ec3m Nh\u00ed<\/b><\/p>\n<p data-path-to-node=\"2\">Cho b\u00e9 l\u00e0m quen v\u1edbi h\u01b0\u01a1ng v\u1ecb khoai lang h\u1eefu c\u01a1 d\u1ecbu nh\u1eb9, b\u00e9o m\u1ecbn v\u00e0 ng\u1ecdt t\u1ef1 nhi\u00ean. Nh\u1eefng chi\u1ebfc b\u00e1nh ph\u1ed3ng n\u00e0y kh\u00f4ng ch\u1ec9 l\u00e0 m\u00f3n \u0103n v\u1eb7t-ch\u00fang c\u00f2n l\u00e0 ngu\u1ed3n dinh d\u01b0\u1ee1ng h\u1ed7 tr\u1ee3 s\u1ef1 ph\u00e1t tri\u1ec3n, \u0111\u1ed3ng th\u1eddi l\u00e0m h\u00e0i l\u00f2ng v\u1ecb gi\u00e1c \u0111ang l\u1edbn d\u1ea7n c\u1ee7a b\u00e9. <\/p>\n<h3 data-path-to-node=\"3\"><b data-path-to-node=\"3\" data-index-in-node=\"0\">V\u00ec sao \u0111\u00e2y l\u00e0 m\u00f3n kh\u00f4ng th\u1ec3 thi\u1ebfu trong gian b\u1ebfp:<\/b><\/h3>\n<ul data-path-to-node=\"4\">\n<li>\n<p data-path-to-node=\"4,0,0\"><b data-path-to-node=\"4,0,0\" data-index-in-node=\"0\">Rau C\u1ee7 Th\u1eadt: <\/b>\u0110\u01b0\u1ee3c l\u00e0m t\u1eeb 100% khoai lang xay nhuy\u1ec5n h\u1eefu c\u01a1. Ch\u00fang t\u00f4i kh\u00f4ng d\u00f9ng b\u1ed9t hay tinh ch\u1ea5t nh\u00e2n t\u1ea1o, \u0111\u1ea3m b\u1ea3o b\u00e9 c\u1ea3m nh\u1eadn tr\u1ecdn v\u1eb9n v\u1ecb rau c\u1ee7 th\u1eadt. <\/p>\n<\/li>\n<li>\n<p data-path-to-node=\"4,1,0\"><b data-path-to-node=\"4,1,0\" data-index-in-node=\"0\">Cam K\u1ebft \u201cTan Trong Mi\u1ec7ng\u201d:<\/b> An to\u00e0n l\u00e0 \u01b0u ti\u00ean h\u00e0ng \u0111\u1ea7u c\u1ee7a ch\u00fang t\u00f4i. B\u00e1nh c\u00f3 c\u1ea5u tr\u00fac nh\u1eb9, x\u1ed1p, tan nhanh khi ti\u1ebfp x\u00fac v\u1edbi n\u01b0\u1edbc b\u1ecdt, gi\u00fap ch\u00fang tr\u1edf th\u00e0nh l\u1ef1a ch\u1ecdn an t\u00e2m cho b\u00e9 t\u1eadp nhai. <\/p>\n<\/li>\n<li>\n<p data-path-to-node=\"4,2,0\"><b data-path-to-node=\"4,2,0\" data-index-in-node=\"0\">H\u1ed7 Tr\u1ee3 Ph\u00e1t Tri\u1ec3n V\u1eadn \u0110\u1ed9ng:<\/b> M\u1ed7i chi\u1ebfc b\u00e1nh ph\u1ed3ng c\u00f3 k\u00edch th\u01b0\u1edbc l\u00fd t\u01b0\u1edfng cho \u0111\u1ed9ng t\u00e1c &#8220;n\u1eafm g\u1ecdng k\u00ecm&#8221; (s\u1eed d\u1ee5ng ng\u00f3n c\u00e1i v\u00e0 ng\u00f3n tr\u1ecf), gi\u00fap b\u00e9 r\u00e8n luy\u1ec7n kh\u1ea3 n\u0103ng ph\u1ed1i h\u1ee3p khi \u0103n nh\u1eb9.<\/p>\n<\/li>\n<li>\n<p data-path-to-node=\"4,3,0\"><b data-path-to-node=\"4,3,0\" data-index-in-node=\"0\">Th\u00e0nh Ph\u1ea7n S\u1ea1ch &amp; Minh B\u1ea1ch:<\/b> <span class=\"citation-80 citation-end-80\">Kh\u00f4ng th\u00eam \u0111\u01b0\u1eddng m\u00eda, kh\u00f4ng mu\u1ed1i, kh\u00f4ng ch\u1ea5t b\u1ea3o qu\u1ea3n.<\/span> \u0110\u00e2y l\u00e0 m\u1ed9t m\u00f3n \u0103n nh\u1eb9 l\u00e0m t\u1eeb th\u1ef1c v\u1eadt m\u00e0 b\u1ea1n c\u00f3 th\u1ec3 c\u1ea3m th\u1ea5y t\u1ef1 tin 100%.<\/p>\n<\/li>\n<li>\n<p data-path-to-node=\"4,4,0\"><b data-path-to-node=\"4,4,0\" data-index-in-node=\"0\">D\u1ec5 Ti\u00eau H\u00f3a:<\/b> <span class=\"citation-79 citation-end-79\">L\u00e0m t\u1eeb g\u1ea1o l\u1ee9t h\u1eefu c\u01a1, kh\u00f4ng ch\u1ee9a gluten t\u1ef1 nhi\u00ean v\u00e0 d\u1ec5 d\u00e0ng cho nh\u1eefng b\u1ee5ng nh\u1ecf nh\u1ea1y c\u1ea3m.<\/span><\/p>\n<div class=\"source-inline-chip-container ng-star-inserted\"><\/div>\n<\/li>\n<\/ul>\n<h3 data-path-to-node=\"5\"><b data-path-to-node=\"5\" data-index-in-node=\"0\">Th\u00f4ng Tin S\u1ea3n Ph\u1ea9m:<\/b><\/h3>\n<ul data-path-to-node=\"6\">\n<li>\n<p data-path-to-node=\"6,0,0\"><b data-path-to-node=\"6,0,0\" data-index-in-node=\"0\">Kh\u1ed1i L\u01b0\u1ee3ng:<\/b> 40g<\/p>\n<\/li>\n<li>\n<p data-path-to-node=\"6,1,0\"><b data-path-to-node=\"6,1,0\" data-index-in-node=\"0\">\u0110\u1ed9 tu\u1ed5i ph\u00f9 h\u1ee3p:<\/b> <span class=\"citation-78 citation-end-78\">9 th\u00e1ng tu\u1ed5i tr\u1edf l\u00ean (ho\u1eb7c khi b\u00e9 \u0111\u00e3 s\u1eb5n s\u00e0ng t\u1ef1 \u0103n).<\/span><\/p>\n<\/li>\n<li>\n<p data-path-to-node=\"6,2,0\"><b data-path-to-node=\"6,2,0\" data-index-in-node=\"0\">Th\u00f4ng tin ch\u1ebf \u0111\u1ed9 \u0103n:<\/b> 100% H\u1eefu C\u01a1, Thu\u1ea7n Chay, Kh\u00f4ng Gluten, v\u00e0 Kh\u00f4ng Bi\u1ebfn \u0110\u1ed5i Gen.<\/p>\n<\/li>\n<li>\n<p data-path-to-node=\"6,3,0\"><b data-path-to-node=\"6,3,0\" data-index-in-node=\"0\">B\u1ea3o qu\u1ea3n:<\/b> B\u1ea3o qu\u1ea3n n\u01a1i kh\u00f4 r\u00e1o, tho\u00e1ng m\u00e1t. T\u00fai c\u00f3 th\u1ec3 kh\u00f3a l\u1ea1i c\u1ee7a ch\u00fang t\u00f4i \u0111\u1ea3m b\u1ea3o b\u00e1nh ph\u1ed3ng lu\u00f4n gi\u00f2n cho m\u1ecdi cu\u1ed9c phi\u00eau l\u01b0u. <\/p>\n<\/li>\n<\/ul>\n<p>&nbsp;<\/p>\n<table data-path-to-node=\"10\">\n<thead>\n<tr>\n<td><strong>H\u01b0\u01a1ng V\u1ecb<\/strong><\/td>\n<td><strong>C\u1ea3m Nh\u1eadn H\u01b0\u01a1ng V\u1ecb<\/strong><\/td>\n<td><strong>T\u1ed1t Nh\u1ea5t D\u00e0nh Cho&#8230;<\/strong><\/td>\n<\/tr>\n<\/thead>\n<tbody>\n<tr>\n<td><b data-path-to-node=\"10,1,0,0\" data-index-in-node=\"0\">\ud83c\udf53 D\u00e2y T\u00e2y<\/b><\/td>\n<td><span data-path-to-node=\"10,1,1,0\">T\u01b0\u01a1i s\u00e1ng, tr\u00e1i c\u00e2y, v\u00e0 ng\u1ecdt t\u1ef1 nhi\u00ean.<\/span><\/td>\n<td><span data-path-to-node=\"10,1,2,0\">H\u01b0\u01a1ng v\u1ecb c\u1ed5 \u0111i\u1ec3n cho b\u00e9 th\u00edch \u0111\u1ed3 ng\u1ecdt.<\/span><\/td>\n<\/tr>\n<tr>\n<td><span data-path-to-node=\"10,2,0,0\"><b data-path-to-node=\"10,2,0,0\" data-index-in-node=\"0\">\ud83c\udf4e T\u00e1o &amp; B\u00f4ng C\u1ea3i<\/b><\/span><\/td>\n<td><span data-path-to-node=\"10,2,1,0\">S\u1ef1 ho\u00e0 quy\u1ec7n c\u00e2n b\u1eb1ng gi\u1eefa rau xanh trong v\u01b0\u1eddn v\u00e0 tr\u00e1i c\u00e2y gi\u00f2n ng\u1ecdt.<\/span><\/td>\n<td><span data-path-to-node=\"10,2,2,0\">L\u1ef1a ch\u1ecdn \u201cRau C\u1ee7 B\u00ed M\u1eadt\u201d cho b\u00e9 l\u00e0m quen s\u1edbm.<\/span><\/td>\n<\/tr>\n<tr>\n<td><span data-path-to-node=\"10,3,0,0\"><b data-path-to-node=\"10,3,0,0\" data-index-in-node=\"0\">\ud83c\udf83 B\u00ed \u0110\u1ecf<\/b><br \/>\n<\/span><\/td>\n<td><span data-path-to-node=\"10,3,1,0\">Nh\u1eb9 nh\u00e0ng, t\u1ef1 nhi\u00ean v\u00e0 \u1ea5m \u00e1p.<\/span><\/td>\n<td><span data-path-to-node=\"10,3,2,0\">M\u1ed9t h\u01b0\u01a1ng v\u1ecb nh\u1eb9 nh\u00e0ng, d\u1ec5 ch\u1ecbu, r\u1ea5t d\u1ec5 \u0103n cho kh\u1ea9u v\u1ecb tr\u1ebb nh\u1ecf.<\/span><\/td>\n<\/tr>\n<tr>\n<td><span data-path-to-node=\"10,4,0,0\"><b data-path-to-node=\"10,4,0,0\" data-index-in-node=\"0\">\ud83c\udf60 Khoai Lang<\/b><\/span><\/td>\n<td><span data-path-to-node=\"10,4,1,0\">B\u00e9o m\u1ecbn v\u00e0 \u0111\u1eadm \u0111\u00e0 t\u1ef1 nhi\u00ean.<\/span><\/td>\n<td><span data-path-to-node=\"10,4,2,0\">M\u00f3n \u0103n nh\u1eb9 gi\u00e0u dinh d\u01b0\u1ee1ng, nh\u01b0 m\u1ed9t b\u1eefa \u0103n nh\u1ecf th\u1ef1c th\u1ee5.<\/span><\/td>\n<\/tr>\n<\/tbody>\n<\/table>\n","protected":false},"excerpt":{"rendered":"<p>H\u00e3y \u0111\u1ec3 b\u00e9 th\u01b0\u1edfng th\u1ee9c v\u1ecb ng\u1ecdt m\u1ed9c m\u1ea1c c\u1ee7a khoai lang h\u1eefu c\u01a1! Nh\u1eefng chi\u1ebfc b\u00e1nh ph\u1ed3ng g\u1ea1o l\u1ee9t tan ngay trong mi\u1ec7ng n\u00e0y l\u00e0 m\u00f3n \u0103n nh\u1eb9 ho\u00e0n h\u1ea3o \u0111\u1ec3 ph\u00e1t tri\u1ec3n k\u1ef9 n\u0103ng v\u1eadn \u0111\u1ed9ng. Kh\u00f4ng th\u00eam \u0111\u01b0\u1eddng, mu\u1ed1i hay ch\u1ea5t \u0111\u1ed9c h\u1ea1i nh\u00e2n t\u1ea1o, \u0111\u00e2y l\u00e0 l\u1ef1a ch\u1ecdn r\u00f5 r\u00e0ng cho m\u1ed9t kh\u1edfi \u0111\u1ea7u l\u00e0nh m\u1ea1nh cho c\u00e1c th\u00e0nh vi\u00ean nh\u1ecf nh\u1ea5t trong gia \u0111\u00ecnh b\u1ea1n.  <\/p>\n","protected":false},"featured_media":12808,"template":"","meta":[],"pwb-brand":[],"product_cat":[252,256,258],"product_tag":[],"class_list":{"0":"post-12826","1":"product","2":"type-product","3":"status-publish","4":"has-post-thumbnail","6":"product_cat-do-kho","7":"product_cat-snacks-vi","8":"product_cat-thanh-dinh-duong-ngu-coc-banh-snack-vi","10":"first","11":"instock","12":"shipping-taxable","13":"purchasable","14":"product-type-simple"},"acf":[],"brands":[],"_links":{"self":[{"href":"https:\/\/bynature.vn\/vi\/wp-json\/wp\/v2\/product\/12826","targetHints":{"allow":["GET"]}}],"collection":[{"href":"https:\/\/bynature.vn\/vi\/wp-json\/wp\/v2\/product"}],"about":[{"href":"https:\/\/bynature.vn\/vi\/wp-json\/wp\/v2\/types\/product"}],"wp:featuredmedia":[{"embeddable":true,"href":"https:\/\/bynature.vn\/vi\/wp-json\/wp\/v2\/media\/12808"}],"wp:attachment":[{"href":"https:\/\/bynature.vn\/vi\/wp-json\/wp\/v2\/media?parent=12826"}],"wp:term":[{"taxonomy":"pwb-brand","embeddable":true,"href":"https:\/\/bynature.vn\/vi\/wp-json\/wp\/v2\/pwb-brand?post=12826"},{"taxonomy":"product_cat","embeddable":true,"href":"https:\/\/bynature.vn\/vi\/wp-json\/wp\/v2\/product_cat?post=12826"},{"taxonomy":"product_tag","embeddable":true,"href":"https:\/\/bynature.vn\/vi\/wp-json\/wp\/v2\/product_tag?post=12826"}],"curies":[{"name":"wp","href":"https:\/\/api.w.org\/{rel}","templated":true}]}}