{"id":12805,"date":"2025-12-28T16:12:23","date_gmt":"2025-12-28T09:12:23","guid":{"rendered":"https:\/\/bynature.vn\/product\/banh-phong-gao-lut-huu-co-vi-bi-do-40g\/"},"modified":"2026-01-02T03:01:58","modified_gmt":"2026-01-01T20:01:58","slug":"banh-phong-gao-lut-huu-co-vi-bi-do-40g","status":"publish","type":"product","link":"https:\/\/bynature.vn\/vi\/product\/banh-phong-gao-lut-huu-co-vi-bi-do-40g\/","title":{"rendered":"B\u00e1nh Ph\u1ed3ng G\u1ea1o L\u1ee9t H\u1eefu C\u01a1 V\u1ecb B\u00ed \u0110\u1ecf 40g"},"content":{"rendered":"<h2 data-path-to-node=\"0\"><b data-path-to-node=\"0\" data-index-in-node=\"0\">B\u00e1nh Ph\u1ed3ng G\u1ea1o L\u1ee9t H\u1eefu C\u01a1 V\u1ecb B\u00ed \u0110\u1ecf Little Blossom (40g)<\/b><\/h2>\n<p data-path-to-node=\"1\"><b data-path-to-node=\"1\" data-index-in-node=\"0\">Dinh D\u01b0\u1ee1ng V\u00e0ng trong T\u1eebng Mi\u1ebfng B\u00e1nh<\/b><\/p>\n<p data-path-to-node=\"2\">Mang h\u01b0\u01a1ng v\u1ecb d\u1ecbu nh\u1eb9, \u1ea5m \u00e1p c\u1ee7a b\u00ed \u0111\u1ecf h\u1eefu c\u01a1 \u0111\u1ebfn gi\u1edd \u0103n v\u1eb7t c\u1ee7a b\u00e9. <span class=\"citation-69 citation-end-69\">B\u00e1nh Ph\u1ed3ng G\u1ea1o L\u1ee9t V\u1ecb b\u00ed \u0110\u1ecf Little Blossom l\u00e0 m\u00f3n \u0103n nh\u1eb9 gi\u00e0u dinh d\u01b0\u1ee1ng, th\u01a1m ngon, \u0111\u01b0\u1ee3c l\u00e0m t\u1eeb m\u1ed9t v\u00e0i nguy\u00ean li\u1ec7u h\u1eefu c\u01a1 \u0111\u01a1n gi\u1ea3n.<\/span> \u0110\u1eadm \u0111\u00e0 h\u01b0\u01a1ng v\u1ecb nh\u01b0ng k\u1ebft c\u1ea5u nh\u1eb9, b\u00e1nh ph\u1ed3ng l\u00e0 c\u00e1ch tuy\u1ec7t v\u1eddi \u0111\u1ec3 gi\u00fap b\u00e9 l\u00e0m quen v\u1edbi v\u1ecb ng\u1ecdt t\u1ef1 nhi\u00ean c\u1ee7a c\u00e1c lo\u1ea1i rau c\u1ee7 m\u00f9a thu.<\/p>\n<h3 data-path-to-node=\"3\"><b data-path-to-node=\"3\" data-index-in-node=\"0\">V\u00ec Sao Ba M\u1eb9 (v\u00e0 c\u00e1c b\u00e9) Y\u00eau Th\u00edch:<\/b><\/h3>\n<ul data-path-to-node=\"4\">\n<li>\n<p data-path-to-node=\"4,0,0\"><b data-path-to-node=\"4,0,0\" data-index-in-node=\"0\">T\u1ef1 nhi\u00ean &amp; H\u1eefu C\u01a1:<\/b> L\u00e0m t\u1eeb g\u1ea1o l\u1ee9t h\u1eefu c\u01a1 v\u00e0 b\u00ed \u0111\u1ecf xay nhuy\u1ec5n th\u1eadt. Kh\u00f4ng ph\u1ee5 gia \u1ea9n, kh\u00f4ng m\u00e0u nh\u00e2n t\u1ea1o, kh\u00f4ng ch\u1ea5t b\u1ea3o qu\u1ea3n. <\/p>\n<\/li>\n<li>\n<p data-path-to-node=\"4,1,0\"><b data-path-to-node=\"4,1,0\" data-index-in-node=\"0\">Ng\u1ecdt D\u1ecbu T\u1ef1 Nhi\u00ean:<\/b><span class=\"citation-68 citation-end-68\"> V\u1ecb ng\u1ecdt \u0111\u1ebfn t\u1eeb b\u00ed \u0111\u1ecf, kh\u00f4ng th\u00eam mu\u1ed1i hay \u0111\u01b0\u1eddng m\u00eda, gi\u00fap b\u00e9 ph\u00e1t tri\u1ec3n v\u1ecb gi\u00e1c l\u00e0nh m\u1ea1nh.<\/span><\/p>\n<\/li>\n<li>\n<p data-path-to-node=\"4,2,0\"><b data-path-to-node=\"4,2,0\" data-index-in-node=\"0\">K\u1ebft C\u1ea5u Tan Nhanh:<\/b> Thi\u1ebft k\u1ebf d\u00e0nh ri\u00eang cho b\u00e9 m\u1edbi t\u1eadp \u0103n, b\u00e1nh tan nhanh trong mi\u1ec7ng cho b\u00e9 tr\u1ea3i nghi\u1ec7m an to\u00e0n v\u00e0 d\u1ec5 \u0103n.<\/p>\n<\/li>\n<li>\n<p data-path-to-node=\"4,3,0\"><b data-path-to-node=\"4,3,0\" data-index-in-node=\"0\">Ph\u00e1t Tri\u1ec3n K\u1ef9 N\u0103ng:<\/b> K\u00edch th\u01b0\u1edbc nh\u1ecf v\u1eeba tay gi\u00fap b\u00e9 t\u1eadp t\u1ef1 \u0103n v\u00e0 c\u1ea3i thi\u1ec7n ph\u1ed1i h\u1ee3p tay &#8211; m\u1eaft.<\/p>\n<\/li>\n<li>\n<p data-path-to-node=\"4,4,0\"><b data-path-to-node=\"4,4,0\" data-index-in-node=\"0\">Ch\u1ebf \u0110\u1ed9 \u0102n Th\u00e2n Thi\u1ec7n:<\/b> 100% thu\u1ea7n chay, kh\u00f4ng gluten, kh\u00f4ng bi\u1ebfn \u0111\u1ed5i gen-l\u00fd t\u01b0\u1edfng cho h\u1ec7 ti\u00eau h\u00f3a nh\u1ea1y c\u1ea3m c\u1ee7a b\u00e9.<\/p>\n<\/li>\n<\/ul>\n<h3 data-path-to-node=\"5\"><b data-path-to-node=\"5\" data-index-in-node=\"0\">Th\u00f4ng Tin S\u1ea3n Ph\u1ea9m:<\/b><\/h3>\n<ul data-path-to-node=\"6\">\n<li>\n<p data-path-to-node=\"6,0,0\"><span class=\"citation-67\"><b data-path-to-node=\"6,0,0\" data-index-in-node=\"0\">Kh\u1ed1i L\u01b0\u1ee3ng:<\/b><\/span><span class=\"citation-67 citation-end-67\"> 40g<\/span><\/p>\n<\/li>\n<li>\n<p data-path-to-node=\"6,1,0\"><span class=\"citation-66\"><b data-path-to-node=\"6,1,0\" data-index-in-node=\"0\">\u0110\u1ed9 Tu\u1ed5i Ph\u00f9 H\u1ee3p:<\/b><\/span><span class=\"citation-66 citation-end-66\"> T\u1eeb 9 th\u00e1ng tu\u1ed5i (ho\u1eb7c khi b\u00e9 s\u1eb5n s\u00e0ng \u0103n th\u1ee9c \u0103n c\u1ea7m tay).<\/span><\/p>\n<\/li>\n<li>\n<p data-path-to-node=\"6,2,0\"><span class=\"citation-65\"><b data-path-to-node=\"6,2,0\" data-index-in-node=\"0\">Nh\u1eefng L\u1ee3i \u00cdch Ch\u00ednh:<\/b><\/span><span class=\"citation-65 citation-end-65\"> B\u00ed \u0110\u1ecf th\u1eadt ch\u1ee9a nhi\u1ec1u Vitamin A, d\u1ec5 ti\u00eau ho\u00e1.<\/span><\/p>\n<\/li>\n<\/ul>\n","protected":false},"excerpt":{"rendered":"<p>H\u00e3y cho b\u00e9 nh\u1eefng l\u1ee3i \u00edch v\u00e0ng t\u1eeb b\u00ed \u0111\u1ecf th\u1eadt! Nh\u1eefng chi\u1ebfc b\u00e1nh ph\u1ed3ng g\u1ea1o l\u1ee9t h\u1eefu c\u01a1 100% n\u00e0y l\u00e0 m\u1ed9t s\u1ea3n ph\u1ea9m an to\u00e0n, tan ngay trong mi\u1ec7ng, v\u1eeba v\u1eb7n cho nh\u1eefng ng\u00f3n tay nh\u1ecf xinh. Thu\u1ea7n th\u1ef1c v\u1eadt, s\u1ea1ch, kh\u00f4ng ch\u1ea5t g\u00e2y h\u1ea1i &#8211; l\u1ef1a ch\u1ecdn l\u00e0nh m\u1ea1nh, g\u1ecdn g\u00e0ng cho b\u00e9 \u0103n v\u1eb7t m\u1ecdi l\u00fac m\u1ecdi n\u01a1i.  <\/p>\n<table data-path-to-node=\"10\">\n<thead>\n<tr>\n<td><strong>H\u01b0\u01a1ng V\u1ecb<\/strong><\/td>\n<td><strong>C\u1ea3m Nh\u1eadn H\u01b0\u01a1ng V\u1ecb<\/strong><\/td>\n<td><strong>T\u1ed1t Nh\u1ea5t D\u00e0nh Cho<\/strong><\/td>\n<\/tr>\n<\/thead>\n<tbody>\n<tr>\n<td><span data-path-to-node=\"10,1,0,0\"><b data-path-to-node=\"10,1,0,0\" data-index-in-node=\"0\">\ud83c\udf53 D\u00e2y T\u00e2y<\/b><\/span><\/td>\n<td><span data-path-to-node=\"10,1,1,0\">T\u01b0\u01a1i s\u00e1ng, tr\u00e1i c\u00e2y, v\u00e0 ng\u1ecdt t\u1ef1 nhi\u00ean.<\/span><\/td>\n<td><span data-path-to-node=\"10,1,2,0\">H\u01b0\u01a1ng v\u1ecb c\u1ed5 \u0111i\u1ec3n cho b\u00e9 th\u00edch \u0111\u1ed3 ng\u1ecdt.<\/span><\/td>\n<\/tr>\n<tr>\n<td><span data-path-to-node=\"10,2,0,0\"><b data-path-to-node=\"10,2,0,0\" data-index-in-node=\"0\">\ud83c\udf4e T\u00e1o &amp; B\u00f4ng C\u1ea3i<\/b><\/span><\/td>\n<td><span data-path-to-node=\"10,2,1,0\">S\u1ef1 ho\u00e0 quy\u1ec7n c\u00e2n b\u1eb1ng gi\u1eefa rau xanh trong v\u01b0\u1eddn v\u00e0 tr\u00e1i c\u00e2y gi\u00f2n ng\u1ecdt.<\/span><\/td>\n<td><span data-path-to-node=\"10,2,2,0\">L\u1ef1a ch\u1ecdn \u201cRau C\u1ee7 B\u00ed M\u1eadt\u201d cho b\u00e9 l\u00e0m quen s\u1edbm.<\/span><\/td>\n<\/tr>\n<tr>\n<td><span data-path-to-node=\"10,3,0,0\"><b data-path-to-node=\"10,3,0,0\" data-index-in-node=\"0\">\ud83c\udf83 B\u00ed \u0110\u1ecf<\/b><\/span><\/td>\n<td><span data-path-to-node=\"10,3,1,0\">Nh\u1eb9 nh\u00e0ng, t\u1ef1 nhi\u00ean v\u00e0 \u1ea5m \u00e1p.<\/span><\/td>\n<td><span data-path-to-node=\"10,3,2,0\">M\u1ed9t h\u01b0\u01a1ng v\u1ecb nh\u1eb9 nh\u00e0ng, d\u1ec5 ch\u1ecbu, r\u1ea5t d\u1ec5 \u0103n cho kh\u1ea9u v\u1ecb tr\u1ebb nh\u1ecf.<\/span><\/td>\n<\/tr>\n<tr>\n<td><span data-path-to-node=\"10,4,0,0\"><b data-path-to-node=\"10,4,0,0\" data-index-in-node=\"0\">\ud83c\udf60 Khoai Lang<\/b><\/span><\/td>\n<td><span data-path-to-node=\"10,4,1,0\">B\u00e9o m\u1ecbn v\u00e0 \u0111\u1eadm \u0111\u00e0 t\u1ef1 nhi\u00ean.<\/span><\/td>\n<td><span data-path-to-node=\"10,4,2,0\">M\u00f3n \u0103n nh\u1eb9 gi\u00e0u dinh d\u01b0\u1ee1ng, nh\u01b0 m\u1ed9t b\u1eefa \u0103n nh\u1ecf th\u1ef1c th\u1ee5.<\/span><\/td>\n<\/tr>\n<\/tbody>\n<\/table>\n","protected":false},"featured_media":12794,"template":"","meta":[],"pwb-brand":[],"product_cat":[252,256,257],"product_tag":[],"class_list":{"0":"post-12805","1":"product","2":"type-product","3":"status-publish","4":"has-post-thumbnail","6":"product_cat-do-kho","7":"product_cat-snacks-vi","8":"product_cat-thanh-dinh-duong-ngu-coc-banh-snack","10":"first","11":"instock","12":"shipping-taxable","13":"purchasable","14":"product-type-simple"},"acf":[],"brands":[],"_links":{"self":[{"href":"https:\/\/bynature.vn\/vi\/wp-json\/wp\/v2\/product\/12805","targetHints":{"allow":["GET"]}}],"collection":[{"href":"https:\/\/bynature.vn\/vi\/wp-json\/wp\/v2\/product"}],"about":[{"href":"https:\/\/bynature.vn\/vi\/wp-json\/wp\/v2\/types\/product"}],"wp:featuredmedia":[{"embeddable":true,"href":"https:\/\/bynature.vn\/vi\/wp-json\/wp\/v2\/media\/12794"}],"wp:attachment":[{"href":"https:\/\/bynature.vn\/vi\/wp-json\/wp\/v2\/media?parent=12805"}],"wp:term":[{"taxonomy":"pwb-brand","embeddable":true,"href":"https:\/\/bynature.vn\/vi\/wp-json\/wp\/v2\/pwb-brand?post=12805"},{"taxonomy":"product_cat","embeddable":true,"href":"https:\/\/bynature.vn\/vi\/wp-json\/wp\/v2\/product_cat?post=12805"},{"taxonomy":"product_tag","embeddable":true,"href":"https:\/\/bynature.vn\/vi\/wp-json\/wp\/v2\/product_tag?post=12805"}],"curies":[{"name":"wp","href":"https:\/\/api.w.org\/{rel}","templated":true}]}}