{"id":12804,"date":"2025-12-21T14:29:48","date_gmt":"2025-12-21T07:29:48","guid":{"rendered":"https:\/\/bynature.vn\/product\/kem-duong-mat-tre-hoa-tu-nhien-20ml\/"},"modified":"2025-12-21T14:29:48","modified_gmt":"2025-12-21T07:29:48","slug":"kem-duong-mat-tre-hoa-tu-nhien-20ml","status":"publish","type":"product","link":"https:\/\/bynature.vn\/vi\/product\/kem-duong-mat-tre-hoa-tu-nhien-20ml\/","title":{"rendered":"Kem D\u01b0\u1ee1ng M\u1eaft Tr\u1ebb Ho\u00e1 T\u1ef1 Nhi\u00ean 20ml"},"content":{"rendered":"<h2 data-path-to-node=\"0\"><b>Kem D\u01b0\u1ee1ng M\u1eaft Tr\u1ebb Ho\u00e1 T\u1ef1 Nhi\u00ean (20ml) <\/b><b>| <\/b><b>Natur Boutique<\/b><\/h2>\n<p data-path-to-node=\"1\"><b>\u0110\u00e1nh th\u1ee9c \u0111\u00f4i m\u1eaft c\u1ee7a b\u1ea1n m\u1ed9t c\u00e1ch t\u1ef1 nhi\u00ean.<\/b><\/p>\n<p data-path-to-node=\"2\">L\u00e0m s\u00e1ng, s\u0103n ch\u1eafc v\u00e0 l\u00e0m m\u1edbi v\u00f9ng da m\u1ecfng manh nh\u1ea5t tr\u00ean khu\u00f4n m\u1eb7t.<span class=\"citation-307\"> <b>Kem D\u01b0\u1ee1ng M\u1eaft Tr\u1ebb Ho\u00e1 T\u1ef1 Nhi\u00ean<\/b><\/span> <span class=\"citation-307 citation-end-307\">c\u00f3 k\u1ebft c\u1ea5u nh\u1eb9, gi\u00e0u d\u01b0\u1ee1ng ch\u1ea5t, \u0111\u01b0\u1ee3c thi\u1ebft k\u1ebf \u0111\u1ec3 gi\u1ea3m qu\u1ea7ng th\u00e2m, b\u1ecdng m\u1eaft v\u00e0 n\u1ebfp nh\u0103n li ti.<\/span> V\u1edbi s\u1ee9c m\u1ea1nh t\u1eeb <b>Collagen Bi\u1ec3n<\/b> v\u00e0 <b>Niacinamide<\/b>, s\u1ea3n ph\u1ea9m mang l\u1ea1i v\u1ebb ngo\u00e0i t\u01b0\u01a1i t\u1ec9nh, tr\u1ebb trung, \u0111\u1ed3ng th\u1eddi gi\u1eef cho l\u00e0n da \u1ea9m m\u01b0\u1ee3t s\u00e2u.<\/p>\n<h3 data-path-to-node=\"4\"><b>Nh\u1eefng \u0111i\u1ec3m n\u1ed5i b\u1eadt:<\/b><\/h3>\n<ul data-path-to-node=\"5\">\n<li>\n<p data-path-to-node=\"5,0,0\"><b>L\u00e0m S\u00e1ng &amp; Gi\u1ea3m B\u1ecdng M\u1eaft:<\/b> Niacinamide v\u00e0 T\u1ea3o Chlorella ph\u1ed1i h\u1ee3p gi\u00fap gi\u1ea3m d\u1ea5u hi\u1ec7u m\u1ec7t m\u1ecfi quanh m\u1eaft.<\/p>\n<\/li>\n<li>\n<p data-path-to-node=\"5,1,0\"><b>L\u00e0m M\u1edd N\u1ebfp Nh\u0103n:<\/b> Collagen Bi\u1ec3n h\u1ed7 tr\u1ee3 s\u0103n ch\u1eafc da v\u00e0 l\u00e0m m\u1ec1m c\u00e1c n\u1ebfp nh\u0103n \u201cch\u00e2n chim\u201d.<\/p>\n<\/li>\n<li>\n<p data-path-to-node=\"5,2,0\"><b>D\u1ecbu Nh\u1eb9 &amp; An To\u00e0n:<\/b> C\u00f4ng th\u1ee9c kh\u00f4ng g\u00e2y k\u00edch \u1ee9ng, c\u00e2n b\u1eb1ng ri\u00eang cho v\u00f9ng da nh\u1ea1y c\u1ea3m quanh m\u1eaft.<\/p>\n<\/li>\n<\/ul>\n<h3 data-path-to-node=\"7\"><b>Nh\u1eefng th\u00e0nh ph\u1ea7n ch\u00ednh:<\/b><\/h3>\n<ul data-path-to-node=\"8\">\n<li>\n<p data-path-to-node=\"8,0,0\"><span class=\"citation-306\"><b>Collagen Bi\u1ec3n:<\/b><\/span> Cung c\u1ea5p n\u00e2ng \u0111\u1ee1 c\u1ea5u tr\u00fac, gi\u00fap da tr\u00f4ng s\u0103n ch\u1eafc h\u01a1n.<\/p>\n<\/li>\n<li>\n<p data-path-to-node=\"8,1,0\"><b>Chi\u1ebft Xu\u1ea5t T\u1ea3o Chlorella:<\/b> T\u1ea3o m\u00e1t l\u1ea1nh gi\u00fap gi\u1ea3m b\u1ecdng v\u00e0 c\u1ea5p \u1ea9m.<\/p>\n<\/li>\n<li>\n<p data-path-to-node=\"8,2,0\"><b>Niacinamide (B3):<\/b> L\u00e0m c\u0103ng s\u00e1ng v\u00e0 \u0111\u1ec1u m\u00e0u da.<\/p>\n<\/li>\n<\/ul>\n<h3 data-path-to-node=\"4\"><b>C\u00e1ch s\u1eed d\u1ee5ng:<\/b><\/h3>\n<p data-path-to-node=\"11\">D\u00f9ng ng\u00f3n \u00e1p \u00fat, l\u1ea5y m\u1ed9t l\u01b0\u1ee3ng b\u1eb1ng h\u1ea1t \u0111\u1eadu, nh\u1eb9 nh\u00e0ng v\u1ed7 quanh x\u01b0\u01a1ng h\u1ed1c m\u1eaft (v\u00f9ng quanh m\u1eaft) sau khi thoa <b>Tinh Ch\u1ea5t T\u0103ng C\u01b0\u1eddng Collagen<\/b>. S\u1eed d\u1ee5ng s\u00e1ng v\u00e0 t\u1ed1i \u0111\u1ec3 \u0111\u00f4i m\u1eaft tr\u00f4ng s\u00e1ng kh\u1ecfe, t\u1ec9nh t\u00e1o. <\/p>\n","protected":false},"excerpt":{"rendered":"<p data-path-to-node=\"1\"><b>\u0110\u00e1nh th\u1ee9c \u0111\u00f4i m\u1eaft c\u1ee7a b\u1ea1n.<\/b><\/p>\n<p data-path-to-node=\"2\">L\u00e0m s\u00e1ng v\u00e0 s\u0103n ch\u1eafc v\u00f9ng da m\u1ecfng manh nh\u1ea5t v\u1edbi li\u1ec7u ph\u00e1p d\u01b0\u1ee1ng m\u1eaft gi\u00e0u d\u01b0\u1ee1ng ch\u1ea5t n\u00e0y. \u0110\u01b0\u1ee3c \u0111i\u1ec1u ch\u1ebf v\u1edbi <b>Collagen Bi\u1ec3n<\/b> v\u00e0 <b>Niacinamide<\/b>, s\u1ea3n ph\u1ea9m nh\u1eafm \u0111\u1ebfn qu\u1ea7ng th\u00e2m, b\u1ecdng m\u1eaft v\u00e0 n\u1ebfp nh\u0103n, mang l\u1ea1i v\u1ebb ngo\u00e0i t\u01b0\u01a1i m\u1edbi, \u0111\u01b0\u1ee3c ngh\u1ec9 ng\u01a1i \u0111\u1ea7y \u0111\u1ee7 \u2013 m\u1ed9t c\u00e1ch t\u1ef1 nhi\u00ean. <\/p>\n<h3 data-path-to-node=\"4\"><b>M\u1ed9t V\u00e0i Th\u00f4ng Tin Nhanh:<\/b><\/h3>\n<ul data-path-to-node=\"5\">\n<li>\n<p data-path-to-node=\"5,0,0\"><b>M\u1ee5c Ti\u00eau:<\/b> Qu\u1ea7ng th\u00e2m, b\u1ecdng m\u1eaft, v\u00e0 n\u1ebfp nh\u0103n.<\/p>\n<\/li>\n<li>\n<p data-path-to-node=\"5,1,0\"><b>Ho\u1ea1t Ch\u1ea5t Ch\u00ednh:<\/b> Collagen Bi\u1ec3n (l\u00e0m s\u0103n ch\u1eafc) &amp; T\u1ea3o Chlorella (gi\u1ea3m b\u1ecdng).<\/p>\n<\/li>\n<li>\n<p data-path-to-node=\"5,2,0\"><b>K\u1ebft c\u1ea5u:<\/b> Nh\u1eb9, th\u1ea5m nhanh, v\u00e0 kh\u00f4ng nh\u1eddn r\u00edt.<\/p>\n<\/li>\n<li>\n<p data-path-to-node=\"5,3,0\"><b>K\u1ebft qu\u1ea3:<\/b> V\u00f9ng da quanh m\u1eaft s\u00e1ng h\u01a1n, m\u1ecbn h\u01a1n v\u00e0 tr\u1ebb trung h\u01a1n.<\/p>\n<\/li>\n<\/ul>\n","protected":false},"featured_media":12696,"template":"","meta":[],"pwb-brand":[301],"product_cat":[205,211,185],"product_tag":[],"class_list":{"0":"post-12804","1":"product","2":"type-product","3":"status-publish","4":"has-post-thumbnail","6":"pwb-brand-daquyn-the-queen-vi","7":"product_cat-cham-soc-da","8":"product_cat-duong-am-cho-da","9":"product_cat-suc-khoe-lam-dep","11":"first","12":"instock","13":"shipping-taxable","14":"purchasable","15":"product-type-simple"},"acf":[],"brands":[{"id":301,"name":"Daquyn - The Queen","slug":"daquyn-the-queen-vi"}],"_links":{"self":[{"href":"https:\/\/bynature.vn\/vi\/wp-json\/wp\/v2\/product\/12804","targetHints":{"allow":["GET"]}}],"collection":[{"href":"https:\/\/bynature.vn\/vi\/wp-json\/wp\/v2\/product"}],"about":[{"href":"https:\/\/bynature.vn\/vi\/wp-json\/wp\/v2\/types\/product"}],"wp:featuredmedia":[{"embeddable":true,"href":"https:\/\/bynature.vn\/vi\/wp-json\/wp\/v2\/media\/12696"}],"wp:attachment":[{"href":"https:\/\/bynature.vn\/vi\/wp-json\/wp\/v2\/media?parent=12804"}],"wp:term":[{"taxonomy":"pwb-brand","embeddable":true,"href":"https:\/\/bynature.vn\/vi\/wp-json\/wp\/v2\/pwb-brand?post=12804"},{"taxonomy":"product_cat","embeddable":true,"href":"https:\/\/bynature.vn\/vi\/wp-json\/wp\/v2\/product_cat?post=12804"},{"taxonomy":"product_tag","embeddable":true,"href":"https:\/\/bynature.vn\/vi\/wp-json\/wp\/v2\/product_tag?post=12804"}],"curies":[{"name":"wp","href":"https:\/\/api.w.org\/{rel}","templated":true}]}}