{"id":12776,"date":"2024-11-28T09:06:28","date_gmt":"2024-11-28T02:06:28","guid":{"rendered":"https:\/\/bynature.vn\/product\/banh-brownie-khong-gluten-goi-5-banh\/"},"modified":"2024-11-28T09:06:28","modified_gmt":"2024-11-28T02:06:28","slug":"banh-brownie-khong-gluten-goi-5-banh","status":"publish","type":"product","link":"https:\/\/bynature.vn\/vi\/product\/banh-brownie-khong-gluten-goi-5-banh\/","title":{"rendered":"B\u00e1nh Brownie Kh\u00f4ng Gluten (g\u00f3i 5 b\u00e1nh)"},"content":{"rendered":"<p>Th\u1ecfa m\u00e3n v\u1ecb gi\u00e1c ng\u1ecdt ng\u00e0o c\u1ee7a b\u1ea1n v\u1edbi b\u00e1nh brownie kh\u00f4ng ch\u1ee9a gluten t\u1eeb Sharon Bakery. \u0110\u1eadm \u0111\u00e0, b\u00e9o ng\u1eady v\u00e0 th\u01a1m ngon kh\u00f3 c\u01b0\u1ee1ng, nh\u1eefng chi\u1ebfc brownie n\u00e0y \u0111\u01b0\u1ee3c ch\u1ebf bi\u1ebfn m\u1ed9t c\u00e1ch tinh t\u1ebf \u0111\u1ec3 mang \u0111\u1ebfn m\u00f3n tr\u00e1ng mi\u1ec7ng ho\u00e0n h\u1ea3o m\u00e0 kh\u00f4ng c\u1ea7n gluten. H\u00e3y t\u1eadn h\u01b0\u1edfng tr\u1ea3i nghi\u1ec7m tr\u00e1ng mi\u1ec7ng \u0111\u1ea7y h\u1ea5p d\u1eabn m\u00e0 ai c\u0169ng c\u00f3 th\u1ec3 th\u01b0\u1edfng th\u1ee9c! S\u1ea3n ph\u1ea9m \u0111\u01b0\u1ee3c s\u1ea3n xu\u1ea5t t\u1ea1i c\u01a1 s\u1edf x\u1eed l\u00fd b\u1ed9t m\u00ec, v\u00ec v\u1eady kh\u00f4ng ph\u00f9 h\u1ee3p v\u1edbi ng\u01b0\u1eddi d\u1ecb \u1ee9ng gluten nghi\u00eam tr\u1ecdng ho\u1eb7c m\u1eafc b\u1ec7nh celiac.<\/p>\n","protected":false},"excerpt":{"rendered":"<p>Th\u01b0\u1edfng th\u1ee9c v\u1ecb ngon \u0111\u1eadm \u0111\u00e0, m\u1ec1m m\u1ecbn c\u1ee7a brownie kh\u00f4ng gluten t\u1eeb Sharon Artisan Bakery. \u0110\u01b0\u1ee3c l\u00e0m th\u1ee7 c\u00f4ng m\u1ed9t c\u00e1ch chuy\u00ean nghi\u1ec7p \u0111\u1ec3 mang \u0111\u1ebfn h\u01b0\u01a1ng v\u1ecb v\u00e0 k\u1ebft c\u1ea5u tuy\u1ec7t v\u1eddi, nh\u1eefng chi\u1ebfc b\u00e1nh brownie n\u00e0y mang \u0111\u1ebfn m\u1ed9t m\u00f3n ng\u1ecdt ngon l\u00e0nh kh\u00f4ng ch\u1ee9a gluten. Ho\u00e0n h\u1ea3o cho m\u1ecdi d\u1ecbp!<\/p>\n","protected":false},"featured_media":10633,"template":"","meta":[],"pwb-brand":[],"product_cat":[559,180],"product_tag":[],"class_list":{"0":"post-12776","1":"product","2":"type-product","3":"status-publish","4":"has-post-thumbnail","6":"product_cat-banh-mi-khong-glutent","7":"product_cat-banh-mi-banh-ngot","9":"first","10":"instock","11":"shipping-taxable","12":"purchasable","13":"product-type-simple"},"acf":[],"brands":[],"_links":{"self":[{"href":"https:\/\/bynature.vn\/vi\/wp-json\/wp\/v2\/product\/12776","targetHints":{"allow":["GET"]}}],"collection":[{"href":"https:\/\/bynature.vn\/vi\/wp-json\/wp\/v2\/product"}],"about":[{"href":"https:\/\/bynature.vn\/vi\/wp-json\/wp\/v2\/types\/product"}],"wp:featuredmedia":[{"embeddable":true,"href":"https:\/\/bynature.vn\/vi\/wp-json\/wp\/v2\/media\/10633"}],"wp:attachment":[{"href":"https:\/\/bynature.vn\/vi\/wp-json\/wp\/v2\/media?parent=12776"}],"wp:term":[{"taxonomy":"pwb-brand","embeddable":true,"href":"https:\/\/bynature.vn\/vi\/wp-json\/wp\/v2\/pwb-brand?post=12776"},{"taxonomy":"product_cat","embeddable":true,"href":"https:\/\/bynature.vn\/vi\/wp-json\/wp\/v2\/product_cat?post=12776"},{"taxonomy":"product_tag","embeddable":true,"href":"https:\/\/bynature.vn\/vi\/wp-json\/wp\/v2\/product_tag?post=12776"}],"curies":[{"name":"wp","href":"https:\/\/api.w.org\/{rel}","templated":true}]}}