{"id":12775,"date":"2024-11-28T08:22:59","date_gmt":"2024-11-28T01:22:59","guid":{"rendered":"https:\/\/bynature.vn\/product\/banh-mi-vong-khong-gluten-goi-5-banh\/"},"modified":"2024-11-28T08:22:59","modified_gmt":"2024-11-28T01:22:59","slug":"banh-mi-vong-khong-gluten-goi-5-banh","status":"publish","type":"product","link":"https:\/\/bynature.vn\/vi\/product\/banh-mi-vong-khong-gluten-goi-5-banh\/","title":{"rendered":"B\u00e1nh M\u00ec V\u00f2ng Kh\u00f4ng Gluten (g\u00f3i 5 b\u00e1nh)"},"content":{"rendered":"<p>Th\u01b0\u1edfng th\u1ee9c nh\u1eefng chi\u1ebfc b\u00e1nh m\u00ec v\u00f2ng \u0111\u01b0\u1ee3c l\u00e0m th\u1ee7 c\u00f4ng kh\u00f4ng ch\u1ee9a gluten th\u01a1m ngon c\u1ee7a ch\u00fang t\u00f4i, n\u01a1i h\u01b0\u01a1ng v\u1ecb truy\u1ec1n th\u1ed1ng h\u00f2a quy\u1ec7n c\u00f9ng nhu c\u1ea7u dinh d\u01b0\u1ee1ng hi\u1ec7n \u0111\u1ea1i. Nh\u1eefng chi\u1ebfc b\u00e1nh m\u00ec v\u00f2ng n\u00e0y c\u00f3 \u0111\u1ed9 dai v\u1eeba ph\u1ea3i v\u00e0 h\u01b0\u01a1ng v\u1ecb phong ph\u00fa, ho\u00e0n h\u1ea3o khi d\u00f9ng k\u00e8m v\u1edbi c\u00e1c lo\u1ea1i topping y\u00eau th\u00edch. Th\u01b0\u1edfng th\u1ee9c b\u1eefa s\u00e1ng ho\u1eb7c b\u1eefa \u0103n nh\u1eb9 \u0111\u1ea7y \u0111\u1ee7 v\u00e0 ngon mi\u1ec7ng. S\u1ea3n ph\u1ea9m b\u00e1nh m\u00ec v\u00f2ng n\u00e0y \u0111\u01b0\u1ee3c s\u1ea3n xu\u1ea5t t\u1ea1i c\u01a1 s\u1edf x\u1eed l\u00fd b\u1ed9t m\u00ec, v\u00ec v\u1eady kh\u00f4ng ph\u00f9 h\u1ee3p v\u1edbi ng\u01b0\u1eddi d\u1ecb \u1ee9ng gluten nghi\u00eam tr\u1ecdng ho\u1eb7c m\u1eafc b\u1ec7nh celiac.<\/p>\n","protected":false},"excerpt":{"rendered":"<p>H\u00e3y t\u1eadn h\u01b0\u1edfng h\u01b0\u01a1ng v\u1ecb h\u1ea5p d\u1eabn c\u1ee7a b\u00e1nh m\u00ec v\u00f2ng kh\u00f4ng gluten t\u1eeb Sharon v\u1edbi g\u00f3i 5 b\u00e1nh ti\u1ec7n l\u1ee3i. \u0110\u01b0\u1ee3c ch\u1ebf bi\u1ebfn t\u1ec9 m\u1ec9, b\u00e1nh mang l\u1ea1i k\u1ebft c\u1ea5u v\u00e0 h\u01b0\u01a1ng v\u1ecb tr\u1ecdn v\u1eb9n, l\u00e0 l\u1ef1a ch\u1ecdn l\u00fd t\u01b0\u1edfng cho ch\u1ebf \u0111\u1ed9 \u0103n kh\u00f4ng gluten. L\u00fd t\u01b0\u1edfng cho b\u1eefa \u0103n s\u00e1ng ho\u1eb7c b\u1eefa \u0103n nh\u1eb9 ngon mi\u1ec7ng b\u1ea5t c\u1ee9 l\u00fac n\u00e0o!<\/p>\n","protected":false},"featured_media":10629,"template":"","meta":[],"pwb-brand":[],"product_cat":[559,180],"product_tag":[],"class_list":{"0":"post-12775","1":"product","2":"type-product","3":"status-publish","4":"has-post-thumbnail","6":"product_cat-banh-mi-khong-glutent","7":"product_cat-banh-mi-banh-ngot","9":"first","10":"instock","11":"shipping-taxable","12":"purchasable","13":"product-type-simple"},"acf":[],"brands":[],"_links":{"self":[{"href":"https:\/\/bynature.vn\/vi\/wp-json\/wp\/v2\/product\/12775","targetHints":{"allow":["GET"]}}],"collection":[{"href":"https:\/\/bynature.vn\/vi\/wp-json\/wp\/v2\/product"}],"about":[{"href":"https:\/\/bynature.vn\/vi\/wp-json\/wp\/v2\/types\/product"}],"wp:featuredmedia":[{"embeddable":true,"href":"https:\/\/bynature.vn\/vi\/wp-json\/wp\/v2\/media\/10629"}],"wp:attachment":[{"href":"https:\/\/bynature.vn\/vi\/wp-json\/wp\/v2\/media?parent=12775"}],"wp:term":[{"taxonomy":"pwb-brand","embeddable":true,"href":"https:\/\/bynature.vn\/vi\/wp-json\/wp\/v2\/pwb-brand?post=12775"},{"taxonomy":"product_cat","embeddable":true,"href":"https:\/\/bynature.vn\/vi\/wp-json\/wp\/v2\/product_cat?post=12775"},{"taxonomy":"product_tag","embeddable":true,"href":"https:\/\/bynature.vn\/vi\/wp-json\/wp\/v2\/product_tag?post=12775"}],"curies":[{"name":"wp","href":"https:\/\/api.w.org\/{rel}","templated":true}]}}