{"id":12774,"date":"2024-11-25T14:40:24","date_gmt":"2024-11-25T07:40:24","guid":{"rendered":"https:\/\/bynature.vn\/product\/dua-luoi-mat-vang-huu-co-ruot-cam-gia-theo-kg\/"},"modified":"2024-11-25T14:40:24","modified_gmt":"2024-11-25T07:40:24","slug":"dua-luoi-mat-vang-huu-co-ruot-cam-gia-theo-kg","status":"publish","type":"product","link":"https:\/\/bynature.vn\/vi\/product\/dua-luoi-mat-vang-huu-co-ruot-cam-gia-theo-kg\/","title":{"rendered":"D\u01b0a L\u01b0\u1edbi M\u1eadt V\u00e0ng H\u1eefu C\u01a1 (ru\u1ed9t cam) \u2013 gi\u00e1 theo kg"},"content":{"rendered":"<p>Tr\u1ea3i nghi\u1ec7m s\u1ef1 h\u00f2a quy\u1ec7n tinh t\u1ebf c\u1ee7a h\u01b0\u01a1ng v\u1ecb v\u1edbi d\u01b0a l\u01b0\u1edbi m\u1eadt v\u00e0ng h\u1eefu c\u01a1 c\u1ee7a ch\u00fang t\u00f4i. Lo\u1ea1i d\u01b0a \u0111\u1eb7c bi\u1ec7t n\u00e0y c\u00f3 v\u1ecb ng\u1ecdt thanh, m\u1ecdng n\u01b0\u1edbc c\u00f9ng thoang tho\u1ea3ng h\u01b0\u01a1ng cam qu\u00fdt, mang l\u1ea1i c\u1ea3m gi\u00e1c t\u01b0\u01a1i m\u00e1t, s\u1ea3ng kho\u00e1i d\u1ec5 ch\u1ecbu. Ph\u1ea7n ru\u1ed9t cam r\u1ef1c r\u1ee1 kh\u00f4ng ch\u1ec9 \u0111\u1eb9p m\u1eaft m\u00e0 c\u00f2n l\u00e0m n\u1ed5i b\u1eadt m\u1ecdi m\u00f3n \u0103n, ho\u00e0n h\u1ea3o t\u1eeb \u0103n v\u1eb7t, salad \u0111\u1ebfn sinh t\u1ed1. H\u00e3y t\u1eadn h\u01b0\u1edfng v\u1ecb ng\u1ecdt t\u1ef1 nhi\u00ean v\u00e0 \u0111i\u1ec3m nh\u1ea5n \u0111\u1ed9c \u0111\u00e1o c\u1ee7a s\u1ea3n ph\u1ea9m h\u1eefu c\u01a1 cao c\u1ea5p n\u00e0y.   <\/p>\n","protected":false},"excerpt":{"rendered":"<p>Th\u01b0\u1edfng th\u1ee9c D\u01b0a L\u01b0\u1edbi M\u1eadt V\u00e0ng H\u1eefu C\u01a1 c\u1ee7a ch\u00fang t\u00f4i, m\u1ed9t l\u1ef1a ch\u1ecdn t\u01b0\u01a1i m\u00e1t v\u00e0 ng\u1ecdt l\u00e0nh t\u1ef1 nhi\u00ean, ph\u00f9 h\u1ee3p cho m\u1ecdi d\u1ecbp. \u0110\u01b0\u1ee3c tr\u1ed3ng c\u1ea9n th\u1eadn, kh\u00f4ng s\u1eed d\u1ee5ng thu\u1ed1c tr\u1eeb s\u00e2u t\u1ed5ng h\u1ee3p, lo\u1ea1i d\u01b0a n\u00e0y mang \u0111\u1ebfn tr\u1ea3i nghi\u1ec7m thu\u1ea7n khi\u1ebft v\u00e0 \u0111\u1eadm \u0111\u00e0 h\u01b0\u01a1ng v\u1ecb. L\u00fd t\u01b0\u1edfng \u0111\u1ec3 \u0103n nh\u01b0 m\u1ed9t m\u00f3n \u0103n v\u1eb7t, xay sinh t\u1ed1 ho\u1eb7c t\u1ea1o \u0111i\u1ec3m ng\u1ecdt nh\u1eb9 cho c\u00e1c m\u00f3n salad, d\u01b0a l\u01b0\u1edbi m\u1eadt v\u00e0ng h\u1eefu c\u01a1 l\u00e0 l\u1ef1a ch\u1ecdn \u0111a n\u0103ng v\u00e0 l\u00e0nh m\u1ea1nh cho nh\u1eefng ng\u01b0\u1eddi ti\u00eau d\u00f9ng quan t\u00e2m \u0111\u1ebfn s\u1ee9c kh\u1ecfe.  <\/p>\n","protected":false},"featured_media":10608,"template":"","meta":[],"pwb-brand":[],"product_cat":[233,239],"product_tag":[],"class_list":{"0":"post-12774","1":"product","2":"type-product","3":"status-publish","4":"has-post-thumbnail","6":"product_cat-rau-cu-qua-trai-cay","7":"product_cat-trai-cay","9":"first","10":"out_of_season","11":"shipping-taxable","12":"product-type-simple"},"acf":[],"brands":[],"_links":{"self":[{"href":"https:\/\/bynature.vn\/vi\/wp-json\/wp\/v2\/product\/12774","targetHints":{"allow":["GET"]}}],"collection":[{"href":"https:\/\/bynature.vn\/vi\/wp-json\/wp\/v2\/product"}],"about":[{"href":"https:\/\/bynature.vn\/vi\/wp-json\/wp\/v2\/types\/product"}],"wp:featuredmedia":[{"embeddable":true,"href":"https:\/\/bynature.vn\/vi\/wp-json\/wp\/v2\/media\/10608"}],"wp:attachment":[{"href":"https:\/\/bynature.vn\/vi\/wp-json\/wp\/v2\/media?parent=12774"}],"wp:term":[{"taxonomy":"pwb-brand","embeddable":true,"href":"https:\/\/bynature.vn\/vi\/wp-json\/wp\/v2\/pwb-brand?post=12774"},{"taxonomy":"product_cat","embeddable":true,"href":"https:\/\/bynature.vn\/vi\/wp-json\/wp\/v2\/product_cat?post=12774"},{"taxonomy":"product_tag","embeddable":true,"href":"https:\/\/bynature.vn\/vi\/wp-json\/wp\/v2\/product_tag?post=12774"}],"curies":[{"name":"wp","href":"https:\/\/api.w.org\/{rel}","templated":true}]}}