{"id":12773,"date":"2024-11-19T16:20:22","date_gmt":"2024-11-19T09:20:22","guid":{"rendered":"https:\/\/bynature.vn\/product\/cao-xoa-bop-thao-duoc-va-hoa-50g\/"},"modified":"2024-11-19T16:20:22","modified_gmt":"2024-11-19T09:20:22","slug":"cao-xoa-bop-thao-duoc-va-hoa-50g","status":"publish","type":"product","link":"https:\/\/bynature.vn\/vi\/product\/cao-xoa-bop-thao-duoc-va-hoa-50g\/","title":{"rendered":"Cao Xoa B\u00f3p &#8211; Th\u1ea3o D\u01b0\u1ee3c v\u00e0 Hoa 50g"},"content":{"rendered":"<p>Li\u1ec7u ph\u00e1p t\u00e1c \u0111\u1ed9ng s\u00e2u cho c\u01a1 b\u1eafp. Gi\u00fap gi\u1ea3m \u0111au hi\u1ec7u qu\u1ea3 cho c\u01a1 b\u1eafp m\u1ecfi v\u00e0 kh\u1edbp \u0111au nh\u1ee9c. L\u1ea5y m\u1ed9t l\u01b0\u1ee3ng nh\u1ecf, thoa \u0111\u1ec1u l\u00ean v\u00f9ng c\u01a1 th\u1ec3 c\u1ea7n massage &#8211; xoa b\u00f3p nh\u1eb9 nh\u00e0ng theo chuy\u1ec3n \u0111\u1ed9ng tr\u00f2n \u0111\u1ec3 t\u0103ng c\u01b0\u1eddng l\u01b0u th\u00f4ng m\u00e1u.  <\/p>\n<p>Th\u00e0nh ph\u1ea7n: d\u1ea7u h\u1ea1nh nh\u00e2n ng\u1ecdt, d\u1ea7u jojoba, d\u1ea7u d\u1eeba nguy\u00ean ch\u1ea5t, d\u1ea7u h\u1ea1t nho, s\u00e1p ong nguy\u00ean ch\u1ea5t, tinh d\u1ea7u b\u1ea1c h\u00e0, vitamin E v\u00e0 tinh d\u1ea7u nguy\u00ean ch\u1ea5t.<\/p>\n","protected":false},"excerpt":{"rendered":"<p>L\u00e0m d\u1ecbu v\u00e0 ph\u1ee5c h\u1ed3i c\u01a1 b\u1eafp m\u1ec7t m\u1ecfi v\u1edbi cao xoa b\u00f3p ho\u00e0n to\u00e0n thi\u00ean nhi\u00ean c\u1ee7a ch\u00fang t\u00f4i, \u0111\u01b0\u1ee3c h\u00f2a quy\u1ec7n c\u00f9ng c\u00e1c tinh d\u1ea7u nguy\u00ean ch\u1ea5t. M\u1ed7i l\u1ea7n s\u1eed d\u1ee5ng mang l\u1ea1i c\u1ea3m gi\u00e1c th\u01b0 gi\u00e3n v\u00e0 d\u1ec5 ch\u1ecbu. L\u1ef1a ch\u1ecdn ho\u00e0n h\u1ea3o \u0111\u1ec3 gi\u1ea3m \u0111au nh\u1ee9c v\u00e0 n\u00e2ng cao s\u1ee9c kh\u1ecfe t\u1ed5ng th\u1ec3.  <\/p>\n","protected":false},"featured_media":10575,"template":"","meta":[],"pwb-brand":[297],"product_cat":[397,401,185],"product_tag":[],"class_list":{"0":"post-12773","1":"product","2":"type-product","3":"status-publish","4":"has-post-thumbnail","6":"pwb-brand-coconam-vi","7":"product_cat-cham-soc-co-the","8":"product_cat-duong-am","9":"product_cat-suc-khoe-lam-dep","11":"first","12":"instock","13":"shipping-taxable","14":"purchasable","15":"product-type-simple"},"acf":[],"brands":[{"id":297,"name":"Coconam","slug":"coconam-vi"}],"_links":{"self":[{"href":"https:\/\/bynature.vn\/vi\/wp-json\/wp\/v2\/product\/12773","targetHints":{"allow":["GET"]}}],"collection":[{"href":"https:\/\/bynature.vn\/vi\/wp-json\/wp\/v2\/product"}],"about":[{"href":"https:\/\/bynature.vn\/vi\/wp-json\/wp\/v2\/types\/product"}],"wp:featuredmedia":[{"embeddable":true,"href":"https:\/\/bynature.vn\/vi\/wp-json\/wp\/v2\/media\/10575"}],"wp:attachment":[{"href":"https:\/\/bynature.vn\/vi\/wp-json\/wp\/v2\/media?parent=12773"}],"wp:term":[{"taxonomy":"pwb-brand","embeddable":true,"href":"https:\/\/bynature.vn\/vi\/wp-json\/wp\/v2\/pwb-brand?post=12773"},{"taxonomy":"product_cat","embeddable":true,"href":"https:\/\/bynature.vn\/vi\/wp-json\/wp\/v2\/product_cat?post=12773"},{"taxonomy":"product_tag","embeddable":true,"href":"https:\/\/bynature.vn\/vi\/wp-json\/wp\/v2\/product_tag?post=12773"}],"curies":[{"name":"wp","href":"https:\/\/api.w.org\/{rel}","templated":true}]}}