{"id":12772,"date":"2024-11-16T11:54:28","date_gmt":"2024-11-16T04:54:28","guid":{"rendered":"https:\/\/bynature.vn\/product\/banh-sung-bo-hanh-nhan-goi-2-banh\/"},"modified":"2024-11-16T11:54:28","modified_gmt":"2024-11-16T04:54:28","slug":"banh-sung-bo-hanh-nhan-goi-2-banh","status":"publish","type":"product","link":"https:\/\/bynature.vn\/vi\/product\/banh-sung-bo-hanh-nhan-goi-2-banh\/","title":{"rendered":"B\u00e1nh S\u1eebng B\u00f2 H\u1ea1nh Nh\u00e2n (G\u00f3i 2 b\u00e1nh)"},"content":{"rendered":"<p>Tr\u1ea3i nghi\u1ec7m s\u1ef1 h\u00f2a quy\u1ec7n ho\u00e0n h\u1ea3o gi\u1eefa l\u1edbp b\u00e1nh b\u01a1 gi\u00f2n x\u1ed1p v\u00e0 v\u1ecb ng\u1ecdt b\u00f9i c\u1ee7a h\u1ea1nh nh\u00e2n v\u1edbi B\u00e1nh S\u1eebng B\u00f2 H\u1ea1nh Nh\u00e2n t\u1eeb Sharon Artisan Bakery. M\u1ed7i chi\u1ebfc b\u00e1nh s\u1eebng b\u00f2 \u0111\u01b0\u1ee3c ch\u1ebf t\u00e1c t\u1ec9 m\u1ec9, s\u1edf h\u1eefu l\u1edbp v\u1ecf v\u00e0ng gi\u00f2n c\u00f9ng nh\u00e2n h\u1ea1nh nh\u00e2n b\u00e9o th\u01a1m, tan ch\u1ea3y nh\u1eb9 nh\u00e0ng trong mi\u1ec7ng. Ph\u00f9 h\u1ee3p cho b\u1eefa s\u00e1ng ho\u1eb7c m\u00f3n \u0103n nh\u1eb9 sang tr\u1ecdng, s\u1ea3n ph\u1ea9m b\u00e1nh s\u1eebng b\u00f2 n\u00e0y l\u00e0 minh ch\u1ee9ng cho cam k\u1ebft v\u1ec1 ch\u1ea5t l\u01b0\u1ee3ng v\u00e0 ngh\u1ec7 thu\u1eadt l\u00e0m b\u00e1nh th\u1ee7 c\u00f4ng c\u1ee7a ch\u00fang t\u00f4i.<\/p>\n","protected":false},"excerpt":{"rendered":"<p>H\u00e3y th\u01b0\u1edfng th\u1ee9c g\u00f3i 2 b\u00e1nh s\u1eebng b\u00f2 h\u1ea1nh nh\u00e2n t\u1eeb Sharon Artisan Bakery. Nh\u1eefng chi\u1ebfc b\u00e1nh ng\u1ecdt x\u1ed1p, nhi\u1ec1u l\u1edbp, th\u01a1m b\u01a1 n\u00e0y \u0111\u01b0\u1ee3c nh\u1ed3i nh\u00e2n h\u1ea1nh nh\u00e2n b\u00e9o m\u1ecbn, mang \u0111\u1ebfn s\u1ef1 c\u00e2n b\u1eb1ng ho\u00e0n h\u1ea3o gi\u1eefa k\u1ebft c\u1ea5u v\u00e0 h\u01b0\u01a1ng v\u1ecb. L\u00fd t\u01b0\u1edfng cho b\u1eefa s\u00e1ng chu\u1ea9n ng\u01b0\u1eddi s\u00e0nh \u0103n ho\u1eb7c m\u1ed9t m\u00f3n ng\u1ecdt cho b\u1ea5t c\u1ee9 l\u00fac n\u00e0o!<\/p>\n","protected":false},"featured_media":10553,"template":"","meta":[],"pwb-brand":[],"product_cat":[183,180],"product_tag":[],"class_list":{"0":"post-12772","1":"product","2":"type-product","3":"status-publish","4":"has-post-thumbnail","6":"product_cat-banh-kem-banh-quy","7":"product_cat-banh-mi-banh-ngot","9":"first","10":"instock","11":"shipping-taxable","12":"purchasable","13":"product-type-simple"},"acf":[],"brands":[],"_links":{"self":[{"href":"https:\/\/bynature.vn\/vi\/wp-json\/wp\/v2\/product\/12772","targetHints":{"allow":["GET"]}}],"collection":[{"href":"https:\/\/bynature.vn\/vi\/wp-json\/wp\/v2\/product"}],"about":[{"href":"https:\/\/bynature.vn\/vi\/wp-json\/wp\/v2\/types\/product"}],"wp:featuredmedia":[{"embeddable":true,"href":"https:\/\/bynature.vn\/vi\/wp-json\/wp\/v2\/media\/10553"}],"wp:attachment":[{"href":"https:\/\/bynature.vn\/vi\/wp-json\/wp\/v2\/media?parent=12772"}],"wp:term":[{"taxonomy":"pwb-brand","embeddable":true,"href":"https:\/\/bynature.vn\/vi\/wp-json\/wp\/v2\/pwb-brand?post=12772"},{"taxonomy":"product_cat","embeddable":true,"href":"https:\/\/bynature.vn\/vi\/wp-json\/wp\/v2\/product_cat?post=12772"},{"taxonomy":"product_tag","embeddable":true,"href":"https:\/\/bynature.vn\/vi\/wp-json\/wp\/v2\/product_tag?post=12772"}],"curies":[{"name":"wp","href":"https:\/\/api.w.org\/{rel}","templated":true}]}}