{"id":12771,"date":"2024-11-16T11:48:09","date_gmt":"2024-11-16T04:48:09","guid":{"rendered":"https:\/\/bynature.vn\/product\/banh-nuong-xop-socola-chuoi-2-banh\/"},"modified":"2024-11-16T11:48:09","modified_gmt":"2024-11-16T04:48:09","slug":"banh-nuong-xop-socola-chuoi-2-banh","status":"publish","type":"product","link":"https:\/\/bynature.vn\/vi\/product\/banh-nuong-xop-socola-chuoi-2-banh\/","title":{"rendered":"B\u00e1nh N\u01b0\u1edbng X\u1ed1p Socola Chu\u1ed1i (2 b\u00e1nh)"},"content":{"rendered":"<p>H\u00e3y t\u1eadn h\u01b0\u1edfng s\u1ef1 h\u00f2a quy\u1ec7n \u0111\u1ea7y cu\u1ed1n h\u00fat c\u1ee7a h\u01b0\u01a1ng v\u1ecb v\u1edbi b\u00e1nh n\u01b0\u1edbng x\u1ed1p socola chu\u1ed1i t\u1eeb Sharon Artisan Bakery. Chi\u1ebfc b\u00e1nh n\u01b0\u1edbng x\u1ed1p m\u1ec1m \u1ea9m, m\u1ecbn m\u00e0ng n\u00e0y k\u1ebft h\u1ee3p v\u1ecb ng\u1ecdt t\u1ef1 nhi\u00ean c\u1ee7a chu\u1ed1i ch\u00edn c\u00f9ng nh\u1eefng mi\u1ebfng chocolate \u0111\u1eadm \u0111\u00e0, t\u1ea1o n\u00ean s\u1ef1 c\u00e2n b\u1eb1ng ho\u00e0n h\u1ea3o v\u1ec1 h\u01b0\u01a1ng v\u1ecb. M\u1ed7i mi\u1ebfng b\u00e1nh mang \u0111\u1ebfn c\u1ea3m gi\u00e1c d\u1ec5 ch\u1ecbu t\u1eeb c\u00e1c nguy\u00ean li\u1ec7u l\u00e0nh m\u1ea1nh ch\u1ea5t l\u01b0\u1ee3ng cao, l\u00e0 l\u1ef1a ch\u1ecdn l\u00fd t\u01b0\u1edfng cho b\u1eefa s\u00e1ng ho\u1eb7c m\u00f3n \u0103n nh\u1eb9 v\u00e0o b\u1ea5t k\u1ef3 th\u1eddi \u0111i\u1ec3m n\u00e0o trong ng\u00e0y. H\u00e3y c\u1ea3m nh\u1eadn ch\u1ea5t l\u01b0\u1ee3ng th\u1ee7 c\u00f4ng v\u00e0 h\u01b0\u01a1ng v\u1ecb nh\u00e0 l\u00e0m trong t\u1eebng mi\u1ebfng b\u00e1nh th\u01a1m ngon.<\/p>\n","protected":false},"excerpt":{"rendered":"<p>Th\u01b0\u1edfng th\u1ee9c s\u1ef1 k\u1ebft h\u1ee3p ho\u00e0n h\u1ea3o gi\u1eefa socola b\u00e9o ng\u1eady v\u00e0 chu\u1ed1i ch\u00edn trong B\u00e1nh N\u01b0\u1edbng X\u1ed1p Socola Chu\u1ed1i c\u1ee7a Sharon Artisan Bakery. M\u1ed7i chi\u1ebfc b\u00e1nh \u0111\u01b0\u1ee3c ch\u1ebf bi\u1ebfn t\u1eeb nh\u1eefng nguy\u00ean li\u1ec7u tuy\u1ec7t v\u1eddi nh\u1ea5t, \u0111\u1ea3m b\u1ea3o \u0111\u1ed9 \u1ea9m m\u1ecbn v\u00e0 h\u01b0\u01a1ng v\u1ecb tr\u00f2n \u0111\u1ea7y trong t\u1eebng l\u1ea7n th\u01b0\u1edfng th\u1ee9c.<\/p>\n","protected":false},"featured_media":10537,"template":"","meta":[],"pwb-brand":[],"product_cat":[183,180],"product_tag":[],"class_list":{"0":"post-12771","1":"product","2":"type-product","3":"status-publish","4":"has-post-thumbnail","6":"product_cat-banh-kem-banh-quy","7":"product_cat-banh-mi-banh-ngot","9":"first","10":"instock","11":"shipping-taxable","12":"purchasable","13":"product-type-simple"},"acf":[],"brands":[],"_links":{"self":[{"href":"https:\/\/bynature.vn\/vi\/wp-json\/wp\/v2\/product\/12771","targetHints":{"allow":["GET"]}}],"collection":[{"href":"https:\/\/bynature.vn\/vi\/wp-json\/wp\/v2\/product"}],"about":[{"href":"https:\/\/bynature.vn\/vi\/wp-json\/wp\/v2\/types\/product"}],"wp:featuredmedia":[{"embeddable":true,"href":"https:\/\/bynature.vn\/vi\/wp-json\/wp\/v2\/media\/10537"}],"wp:attachment":[{"href":"https:\/\/bynature.vn\/vi\/wp-json\/wp\/v2\/media?parent=12771"}],"wp:term":[{"taxonomy":"pwb-brand","embeddable":true,"href":"https:\/\/bynature.vn\/vi\/wp-json\/wp\/v2\/pwb-brand?post=12771"},{"taxonomy":"product_cat","embeddable":true,"href":"https:\/\/bynature.vn\/vi\/wp-json\/wp\/v2\/product_cat?post=12771"},{"taxonomy":"product_tag","embeddable":true,"href":"https:\/\/bynature.vn\/vi\/wp-json\/wp\/v2\/product_tag?post=12771"}],"curies":[{"name":"wp","href":"https:\/\/api.w.org\/{rel}","templated":true}]}}