{"id":12770,"date":"2024-11-16T11:40:20","date_gmt":"2024-11-16T04:40:20","guid":{"rendered":"https:\/\/bynature.vn\/product\/banh-quy-socola-goi-3-banh\/"},"modified":"2024-11-16T11:40:20","modified_gmt":"2024-11-16T04:40:20","slug":"banh-quy-socola-goi-3-banh","status":"publish","type":"product","link":"https:\/\/bynature.vn\/vi\/product\/banh-quy-socola-goi-3-banh\/","title":{"rendered":"B\u00e1nh Quy Socola (G\u00f3i 3 b\u00e1nh)"},"content":{"rendered":"<p>H\u00e3y t\u1eadn h\u01b0\u1edfng h\u01b0\u01a1ng v\u1ecb socola \u0111\u1eadm \u0111\u00e0, quy\u1ebfn r\u0169 t\u1eeb b\u00e1nh quy socola c\u1ee7a Sharon Artisan Bakery. M\u1ed7i chi\u1ebfc b\u00e1nh \u0111\u01b0\u1ee3c l\u00e0m th\u1ee7 c\u00f4ng t\u1eeb nh\u1eefng nguy\u00ean li\u1ec7u h\u1ea3o h\u1ea1ng, k\u1ebft h\u1ee3p b\u1ed9t ca cao cao c\u1ea5p, nh\u1eefng l\u00e1t socola b\u00e9o ng\u1eady c\u00f9ng h\u01b0\u01a1ng vani nh\u1eb9, mang \u0111\u1ebfn tr\u1ea3i nghi\u1ec7m tan ch\u1ea3y trong mi\u1ec7ng. B\u00e1nh \u0111\u01b0\u1ee3c n\u01b0\u1edbng ho\u00e0n h\u1ea3o \u0111\u1ec3 \u0111\u1ea1t \u0111\u01b0\u1ee3c s\u1ef1 c\u00e2n b\u1eb1ng l\u00fd t\u01b0\u1edfng gi\u1eefa vi\u1ec1n ngo\u00e0i gi\u00f2n nh\u1eb9 v\u00e0 ph\u1ea7n l\u00f5i m\u1ec1m d\u1ebbo, m\u00f3n \u0103n n\u00e0y ch\u1eafc ch\u1eafn s\u1ebd l\u00e0m h\u00e0i l\u00f2ng m\u1ecdi t\u00edn \u0111\u1ed3 h\u1ea3o ng\u1ecdt. D\u00f9 th\u01b0\u1edfng th\u1ee9c c\u00f9ng m\u1ed9t t\u00e1ch c\u00e0 ph\u00ea, chia s\u1ebb v\u1edbi b\u1ea1n b\u00e8 hay t\u1ef1 m\u00ecnh th\u01b0\u1edfng th\u1ee9c, b\u00e1nh quy socola lu\u00f4n mang l\u1ea1i kho\u1ea3nh kh\u1eafc ng\u1ecdt ng\u00e0o, tr\u1ecdn v\u1eb9n trong t\u1eebng mi\u1ebfng b\u00e1nh.<\/p>\n","protected":false},"excerpt":{"rendered":"<p>Th\u01b0\u1edfng th\u1ee9c h\u01b0\u01a1ng v\u1ecb th\u01a1m ngon kh\u00f4ng th\u1ec3 c\u01b0\u1ee1ng l\u1ea1i c\u1ee7a g\u00f3i 3 b\u00e1nh quy socola t\u1eeb Sharon Artisan Bakery. \u0110\u01b0\u1ee3c ch\u1ebf bi\u1ebfn t\u1eeb nh\u1eefng nguy\u00ean li\u1ec7u cao c\u1ea5p, ng\u1eadp tr\u00e0n nh\u1eefng l\u00e1t socola \u0111\u1eadm v\u1ecb, nh\u1eefng chi\u1ebfc b\u00e1nh quy n\u00e0y l\u00e0 m\u1ed9t m\u00f3n \u0103n th\u00fa v\u1ecb cho b\u1ea5t k\u00ec d\u1ecbp n\u00e0o. H\u00e3y th\u01b0\u1edfng th\u1ee9c s\u1ef1 h\u00f2a quy\u1ec7n ho\u00e0n h\u1ea3o gi\u1eefa v\u1ecb ng\u1ecdt ng\u00e0o v\u00e0 k\u1ebft c\u1ea5u trong t\u1eebng mi\u1ebfng b\u00e1nh!<\/p>\n","protected":false},"featured_media":10549,"template":"","meta":[],"pwb-brand":[],"product_cat":[183,180],"product_tag":[],"class_list":{"0":"post-12770","1":"product","2":"type-product","3":"status-publish","4":"has-post-thumbnail","6":"product_cat-banh-kem-banh-quy","7":"product_cat-banh-mi-banh-ngot","9":"first","10":"instock","11":"shipping-taxable","12":"purchasable","13":"product-type-simple"},"acf":[],"brands":[],"_links":{"self":[{"href":"https:\/\/bynature.vn\/vi\/wp-json\/wp\/v2\/product\/12770","targetHints":{"allow":["GET"]}}],"collection":[{"href":"https:\/\/bynature.vn\/vi\/wp-json\/wp\/v2\/product"}],"about":[{"href":"https:\/\/bynature.vn\/vi\/wp-json\/wp\/v2\/types\/product"}],"wp:featuredmedia":[{"embeddable":true,"href":"https:\/\/bynature.vn\/vi\/wp-json\/wp\/v2\/media\/10549"}],"wp:attachment":[{"href":"https:\/\/bynature.vn\/vi\/wp-json\/wp\/v2\/media?parent=12770"}],"wp:term":[{"taxonomy":"pwb-brand","embeddable":true,"href":"https:\/\/bynature.vn\/vi\/wp-json\/wp\/v2\/pwb-brand?post=12770"},{"taxonomy":"product_cat","embeddable":true,"href":"https:\/\/bynature.vn\/vi\/wp-json\/wp\/v2\/product_cat?post=12770"},{"taxonomy":"product_tag","embeddable":true,"href":"https:\/\/bynature.vn\/vi\/wp-json\/wp\/v2\/product_tag?post=12770"}],"curies":[{"name":"wp","href":"https:\/\/api.w.org\/{rel}","templated":true}]}}