{"id":12769,"date":"2024-11-15T18:26:02","date_gmt":"2024-11-15T11:26:02","guid":{"rendered":"https:\/\/bynature.vn\/product\/banh-mi-pita-goi-5-banh\/"},"modified":"2024-11-15T18:26:02","modified_gmt":"2024-11-15T11:26:02","slug":"banh-mi-pita-goi-5-banh","status":"publish","type":"product","link":"https:\/\/bynature.vn\/vi\/product\/banh-mi-pita-goi-5-banh\/","title":{"rendered":"B\u00e1nh M\u00ec Pita (G\u00f3i 5 b\u00e1nh)"},"content":{"rendered":"<p>Tr\u1ea3i nghi\u1ec7m h\u01b0\u01a1ng v\u1ecb \u0110\u1ecba Trung H\u1ea3i ch\u00ednh th\u1ed1ng v\u1edbi b\u00e1nh Pita t\u01b0\u01a1i m\u1edbi t\u1eeb Sharon Artisan Bakery. M\u1ed9t g\u00f3i g\u1ed3m 5 chi\u1ebfc b\u00e1nh pita m\u1ec1m x\u1ed1p, m\u1ecbn m\u00e0ng v\u00e0 \u0111\u01b0\u1ee3c n\u01b0\u1edbng v\u1eeba chu\u1ea9n, s\u1eb5n s\u00e0ng k\u1ebft h\u1ee3p ho\u00e0n h\u1ea3o v\u1edbi m\u1ecdi b\u1eefa \u0103n. L\u00fd t\u01b0\u1edfng \u0111\u1ec3 l\u00e0m b\u00e1nh sandwich, ch\u1ea5m s\u1ed1t ho\u1eb7c d\u00f9ng \u0103n k\u00e8m, b\u00e1nh m\u00ec pita c\u1ee7a ch\u00fang t\u00f4i mang \u0111\u1ebfn k\u1ebft c\u1ea5u th\u00fa v\u1ecb c\u00f9ng h\u01b0\u01a1ng v\u1ecb phong ph\u00fa, gi\u00fap n\u00e2ng t\u1ea7m kh\u1ea3 n\u0103ng s\u00e1ng t\u1ea1o \u1ea9m th\u1ef1c c\u1ee7a b\u1ea1n. \u0110\u01b0\u1ee3c l\u00e0m t\u1eeb nh\u1eefng nguy\u00ean li\u1ec7u tuy\u1ec3n ch\u1ecdn, m\u1ed7i chi\u1ebfc b\u00e1nh l\u00e0 minh ch\u1ee9ng cho cam k\u1ebft v\u1ec1 ch\u1ea5t l\u01b0\u1ee3ng v\u00e0 \u0111\u1ed9 t\u01b0\u01a1i ngon c\u1ee7a ch\u00fang t\u00f4i. H\u00e3y t\u1eadn h\u01b0\u1edfng v\u1ecb ngon chu\u1ea9n nh\u00e0 l\u00e0m c\u1ee7a b\u00e1nh pita ngay h\u00f4m nay.<\/p>\n","protected":false},"excerpt":{"rendered":"<p>Th\u01b0\u1edfng th\u1ee9c h\u01b0\u01a1ng v\u1ecb \u0111\u00edch th\u1ef1c c\u1ee7a b\u00e1nh m\u00ec pita m\u1edbi ra l\u00f2 t\u1eeb Sharon Bakery. M\u1ed7i chi\u1ebfc b\u00e1nh \u0111\u01b0\u1ee3c t\u1ea1o n\u00ean \u0111\u1ec3 \u0111\u1ea1t \u0111\u1ed9 m\u1ec1m m\u1ecbn v\u00e0 ph\u1ed3ng \u0111\u1eb9p, l\u00e0 n\u1ec1n t\u1ea3ng ho\u00e0n h\u1ea3o cho nh\u00e2n b\u00e1nh y\u00eau th\u00edch ho\u1eb7c d\u00f9ng k\u00e8m v\u1edbi b\u1ea5t k\u1ef3 b\u1eefa \u0103n n\u00e0o. \u0110\u01b0\u1ee3c l\u00e0m t\u1eeb nh\u1eefng nguy\u00ean li\u1ec7u h\u1ea3o h\u1ea1ng, b\u00e1nh m\u00ec pita c\u1ee7a ch\u00fang t\u00f4i mang \u0111\u1ebfn tr\u1ea3i nghi\u1ec7m h\u01b0\u01a1ng v\u1ecb truy\u1ec1n th\u1ed1ng v\u00e0 ch\u1ea5t l\u01b0\u1ee3ng trong t\u1eebng mi\u1ebfng b\u00e1nh. Th\u01b0\u1edfng th\u1ee9c h\u01b0\u01a1ng v\u1ecb t\u01b0\u01a1i ngon v\u00e0 \u0111a d\u1ea1ng c\u1ee7a lo\u1ea1i b\u00e1nh m\u00ec truy\u1ec1n th\u1ed1ng n\u00e0y, l\u1ef1a ch\u1ecdn l\u00fd t\u01b0\u1edfng cho m\u1ecdi d\u1ecbp s\u1eed d\u1ee5ng.<\/p>\n","protected":false},"featured_media":10543,"template":"","meta":[],"pwb-brand":[],"product_cat":[180,182,184],"product_tag":[],"class_list":{"0":"post-12769","1":"product","2":"type-product","3":"status-publish","4":"has-post-thumbnail","6":"product_cat-banh-mi-banh-ngot","7":"product_cat-banh-mi-banh-nuong","8":"product_cat-banh-mi-sandwich","10":"first","11":"instock","12":"shipping-taxable","13":"purchasable","14":"product-type-simple"},"acf":[],"brands":[],"_links":{"self":[{"href":"https:\/\/bynature.vn\/vi\/wp-json\/wp\/v2\/product\/12769","targetHints":{"allow":["GET"]}}],"collection":[{"href":"https:\/\/bynature.vn\/vi\/wp-json\/wp\/v2\/product"}],"about":[{"href":"https:\/\/bynature.vn\/vi\/wp-json\/wp\/v2\/types\/product"}],"wp:featuredmedia":[{"embeddable":true,"href":"https:\/\/bynature.vn\/vi\/wp-json\/wp\/v2\/media\/10543"}],"wp:attachment":[{"href":"https:\/\/bynature.vn\/vi\/wp-json\/wp\/v2\/media?parent=12769"}],"wp:term":[{"taxonomy":"pwb-brand","embeddable":true,"href":"https:\/\/bynature.vn\/vi\/wp-json\/wp\/v2\/pwb-brand?post=12769"},{"taxonomy":"product_cat","embeddable":true,"href":"https:\/\/bynature.vn\/vi\/wp-json\/wp\/v2\/product_cat?post=12769"},{"taxonomy":"product_tag","embeddable":true,"href":"https:\/\/bynature.vn\/vi\/wp-json\/wp\/v2\/product_tag?post=12769"}],"curies":[{"name":"wp","href":"https:\/\/api.w.org\/{rel}","templated":true}]}}