{"id":12768,"date":"2024-11-15T18:21:12","date_gmt":"2024-11-15T11:21:12","guid":{"rendered":"https:\/\/bynature.vn\/product\/banh-nuong-xop-kieu-anh-4-goi\/"},"modified":"2025-12-27T21:49:38","modified_gmt":"2025-12-27T14:49:38","slug":"banh-nuong-xop-kieu-anh-4-goi","status":"publish","type":"product","link":"https:\/\/bynature.vn\/vi\/product\/banh-nuong-xop-kieu-anh-4-goi\/","title":{"rendered":"B\u00e1nh N\u01b0\u1edbng X\u1ed1p Ki\u1ec3u Anh (g\u00f3i 4 b\u00e1nh)"},"content":{"rendered":"<p>Tr\u1ea3i nghi\u1ec7m h\u01b0\u01a1ng v\u1ecb kinh \u0111i\u1ec3n c\u1ee7a B\u00e1nh N\u01b0\u1edbng X\u1ed1p Ki\u1ec3u Anh t\u1eeb Sharon Artisan Bakery. \u0110\u01b0\u1ee3c n\u01b0\u1edbng ho\u00e0n h\u1ea3o, b\u00e1nh c\u00f3 ru\u1ed9t m\u1ec1m dai, b\u00ean ngo\u00e0i v\u00e0ng gi\u00f2n nh\u1eb9, l\u00fd t\u01b0\u1edfng \u0111\u1ec3 n\u01b0\u1edbng. Ph\u00f9 h\u1ee3p cho b\u1eefa s\u00e1ng ho\u1eb7c brunch, b\u00e1nh l\u00e0 n\u1ec1n t\u1ea3ng linh ho\u1ea1t \u0111\u1ec3 k\u1ebft h\u1ee3p v\u1edbi nhi\u1ec1u lo\u1ea1i topping y\u00eau th\u00edch nh\u01b0 b\u01a1, m\u1ee9t, tr\u1ee9ng, ph\u00f4 mai v\u00e0 nhi\u1ec1u m\u00f3n kh\u00e1c.  <\/p>\n","protected":false},"excerpt":{"rendered":"<p>Kh\u00e1m ph\u00e1 h\u01b0\u01a1ng v\u1ecb truy\u1ec1n th\u1ed1ng c\u1ee7a nh\u1eefng chi\u1ebfc b\u00e1nh n\u01b0\u1edbng x\u1ed1p ki\u1ec3u Anh t\u1eeb Sharon Artisan Bakery, \u0111\u01b0\u1ee3c l\u00e0m th\u1ee7 c\u00f4ng t\u1ec9 m\u1ec9 cho m\u1ed9t kh\u1edfi \u0111\u1ea7u ng\u00e0y m\u1edbi tr\u1ecdn v\u1eb9n. B\u00e1nh s\u1edf h\u1eefu k\u1ebft c\u1ea5u m\u1ec1m x\u1ed1p, tho\u00e1ng nh\u1eb9 c\u00f9ng l\u1edbp v\u1ecf v\u00e0ng h\u1ea5p d\u1eabn, ho\u00e0n h\u1ea3o khi n\u01b0\u1edbng l\u00ean \u0111\u1ec3 \u0111\u1ea1t \u0111\u1ed9 th\u01a1m ngon t\u1ed1i \u01b0u. <\/p>\n","protected":false},"featured_media":10540,"template":"","meta":[],"pwb-brand":[],"product_cat":[180,182],"product_tag":[],"class_list":{"0":"post-12768","1":"product","2":"type-product","3":"status-publish","4":"has-post-thumbnail","6":"product_cat-banh-mi-banh-ngot","7":"product_cat-banh-mi-banh-nuong","9":"first","10":"instock","11":"shipping-taxable","12":"purchasable","13":"product-type-simple"},"acf":[],"brands":[],"_links":{"self":[{"href":"https:\/\/bynature.vn\/vi\/wp-json\/wp\/v2\/product\/12768","targetHints":{"allow":["GET"]}}],"collection":[{"href":"https:\/\/bynature.vn\/vi\/wp-json\/wp\/v2\/product"}],"about":[{"href":"https:\/\/bynature.vn\/vi\/wp-json\/wp\/v2\/types\/product"}],"wp:featuredmedia":[{"embeddable":true,"href":"https:\/\/bynature.vn\/vi\/wp-json\/wp\/v2\/media\/10540"}],"wp:attachment":[{"href":"https:\/\/bynature.vn\/vi\/wp-json\/wp\/v2\/media?parent=12768"}],"wp:term":[{"taxonomy":"pwb-brand","embeddable":true,"href":"https:\/\/bynature.vn\/vi\/wp-json\/wp\/v2\/pwb-brand?post=12768"},{"taxonomy":"product_cat","embeddable":true,"href":"https:\/\/bynature.vn\/vi\/wp-json\/wp\/v2\/product_cat?post=12768"},{"taxonomy":"product_tag","embeddable":true,"href":"https:\/\/bynature.vn\/vi\/wp-json\/wp\/v2\/product_tag?post=12768"}],"curies":[{"name":"wp","href":"https:\/\/api.w.org\/{rel}","templated":true}]}}