{"id":12765,"date":"2024-10-21T17:51:45","date_gmt":"2024-10-21T10:51:45","guid":{"rendered":"https:\/\/bynature.vn\/product\/keo-sua-de-muoi-100g\/"},"modified":"2024-10-21T17:51:45","modified_gmt":"2024-10-21T10:51:45","slug":"keo-sua-de-muoi-100g","status":"publish","type":"product","link":"https:\/\/bynature.vn\/vi\/product\/keo-sua-de-muoi-100g\/","title":{"rendered":"K\u1eb9o S\u1eefa D\u00ea Mu\u1ed1i 100g"},"content":{"rendered":"<p>Th\u01b0\u1edfng th\u1ee9c h\u01b0\u01a1ng v\u1ecb b\u00e9o m\u1ecbn quy\u1ebfn r\u0169 c\u1ee7a k\u1eb9o s\u1eefa d\u00ea cao c\u1ea5p t\u1eeb Trang Tr\u1ea1i N\u00fai Xanh, m\u1ecdt m\u00f3n ng\u1ecdt tinh t\u1ebf l\u00e0m m\u1ecdi gi\u00e1c quan say \u0111\u1eafm. \u0110\u01b0\u1ee3c ch\u1ebf bi\u1ebfn c\u00f4ng phu t\u1eeb s\u1eefa d\u00ea th\u01b0\u1ee3ng h\u1ea1ng l\u1ea5y t\u1eeb v\u00f9ng cao nguy\u00ean Vi\u1ec7t Nam, nh\u1eefng vi\u00ean k\u1eb9o n\u00e0y mang \u0111\u1ebfn tr\u1ea3i nghi\u1ec7m h\u01b0\u01a1ng v\u1ecb \u0111\u1ed9c \u0111\u00e1o v\u00e0 sang tr\u1ecdng. <\/p>\n<p>M\u1ed7i vi\u00ean k\u1eb9o S\u1eefa D\u00ea l\u00e0 s\u1ef1 k\u1ebft tinh c\u1ee7a ch\u1ea5t l\u01b0\u1ee3ng v\u00e0 truy\u1ec1n th\u1ed1ng, \u0111\u01b0a b\u1ea1n v\u00e0o kho\u1ea3nh kh\u1eafc ng\u1ecdt ng\u00e0o thu\u1ea7n khi\u1ebft. D\u00f9 d\u00f9ng \u0111\u1ec3 n\u1ea1p n\u0103ng l\u01b0\u1ee3ng nhanh hay l\u00e0m m\u00f3n qu\u00e0 cao c\u1ea5p, s\u1ea3n ph\u1ea9m \u0111\u1ec1u th\u1ec3 hi\u1ec7n cam k\u1ebft c\u1ee7a ch\u00fang t\u00f4i \u0111\u1ed1i v\u1edbi tay ngh\u1ec1 th\u1ee7 c\u00f4ng v\u00e0 ch\u1ea5t l\u01b0\u1ee3ng v\u01b0\u1ee3t tr\u1ed9i. <\/p>\n<p>H\u00e3y d\u00e0nh t\u1eb7ng b\u1ea3n th\u00e2n v\u00e0 nh\u1eefng ng\u01b0\u1eddi th\u00e2n y\u00eau K\u1eb9o S\u1eefa D\u00ea t\u1eeb Trang Tr\u1ea1i N\u00fai Xanh, n\u01a1i m\u1ed7i vi\u00ean k\u1eb9o l\u00e0 m\u1ed9t tr\u1ea3i nghi\u1ec7m th\u01b0\u1edfng th\u1ee9c tr\u1ecdn v\u1eb9n, t\u00f4n vinh nh\u1eefng nguy\u00ean li\u1ec7u tinh t\u00fay nh\u1ea5t t\u1eeb thi\u00ean nhi\u00ean.<\/p>\n","protected":false},"excerpt":{"rendered":"<p class=\"p1\">K\u1eb9o caramel s\u1eefa d\u00ea t\u1eeb Trang Tr\u1ea1i N\u00fai Xanh \u0110\u00e0 L\u1ea1t l\u00e0 nh\u1eefng vi\u00ean k\u1eb9o m\u1ec1m m\u1ecbn, b\u00e9o ng\u1eady, ng\u1ecdt ng\u00e0o, trong \u0111\u00f3 c\u00f3 v\u1ecb chua nh\u1eb9 \u0111\u1eb7c tr\u01b0ng c\u1ee7a s\u1eefa d\u00ea mang \u0111\u1ebfn chi\u1ec1u s\u00e2u h\u01b0\u01a1ng v\u1ecb m\u1ed9c m\u1ea1c, tinh t\u1ebf v\u00e0 g\u00e2y \u201cnghi\u1ec7n\u201d ngay t\u1eeb l\u1ea7n \u0111\u1ea7u th\u01b0\u1edfng th\u1ee9c.<\/p>\n","protected":false},"featured_media":10395,"template":"","meta":[],"pwb-brand":[],"product_cat":[557,252,256,259,221,220],"product_tag":[],"class_list":{"0":"post-12765","1":"product","2":"type-product","3":"status-publish","4":"has-post-thumbnail","6":"product_cat-san-pham-sua-de","7":"product_cat-do-kho","8":"product_cat-snacks-vi","9":"product_cat-socola-banh-keo","10":"product_cat-sua-sua-chua-bo-pho-mai","11":"product_cat-bo-trung-sua","13":"first","14":"instock","15":"shipping-taxable","16":"purchasable","17":"product-type-simple"},"acf":[],"brands":[],"_links":{"self":[{"href":"https:\/\/bynature.vn\/vi\/wp-json\/wp\/v2\/product\/12765","targetHints":{"allow":["GET"]}}],"collection":[{"href":"https:\/\/bynature.vn\/vi\/wp-json\/wp\/v2\/product"}],"about":[{"href":"https:\/\/bynature.vn\/vi\/wp-json\/wp\/v2\/types\/product"}],"wp:featuredmedia":[{"embeddable":true,"href":"https:\/\/bynature.vn\/vi\/wp-json\/wp\/v2\/media\/10395"}],"wp:attachment":[{"href":"https:\/\/bynature.vn\/vi\/wp-json\/wp\/v2\/media?parent=12765"}],"wp:term":[{"taxonomy":"pwb-brand","embeddable":true,"href":"https:\/\/bynature.vn\/vi\/wp-json\/wp\/v2\/pwb-brand?post=12765"},{"taxonomy":"product_cat","embeddable":true,"href":"https:\/\/bynature.vn\/vi\/wp-json\/wp\/v2\/product_cat?post=12765"},{"taxonomy":"product_tag","embeddable":true,"href":"https:\/\/bynature.vn\/vi\/wp-json\/wp\/v2\/product_tag?post=12765"}],"curies":[{"name":"wp","href":"https:\/\/api.w.org\/{rel}","templated":true}]}}