{"id":12764,"date":"2024-10-21T17:14:30","date_gmt":"2024-10-21T10:14:30","guid":{"rendered":"https:\/\/bynature.vn\/product\/sot-caramel-sua-de-220g\/"},"modified":"2024-10-21T17:14:30","modified_gmt":"2024-10-21T10:14:30","slug":"sot-caramel-sua-de-220g","status":"publish","type":"product","link":"https:\/\/bynature.vn\/vi\/product\/sot-caramel-sua-de-220g\/","title":{"rendered":"S\u1ed1t Caramel S\u1eefa D\u00ea 220g"},"content":{"rendered":"<p>Trang Tr\u1ea1i N\u00fai Xanh \u0110\u00e0 L\u1ea1t gi\u1edbi thi\u1ec7u S\u1ed1t Caramel S\u1eefa D\u00ea h\u1ea3o h\u1ea1ng, m\u1ed9t l\u1ef1a ch\u1ecdn ho\u00e0n h\u1ea3o \u0111\u1ec3 d\u00f9ng cho c\u00e1c m\u00f3n tr\u00e1ng mi\u1ec7ng v\u00e0 ph\u1ee7 s\u1ed1t cho c\u00e1c m\u00f3n \u0103n. \u0110\u01b0\u1ee3c ch\u1ebf bi\u1ebfn ch\u1ec9n chu v\u00e0 c\u00f4ng phu t\u1eeb s\u1eefa d\u00ea ch\u1ea5t l\u01b0\u1ee3ng cao, lo\u1ea1i s\u1ed1t caramel s\u00e1nh m\u1ecbn n\u00e0y mang tr\u1ecdn h\u01b0\u01a1ng v\u1ecb \u0111\u1eadm \u0111\u00e0, \u0111\u1eb7c tr\u01b0ng c\u1ee7a trang tr\u1ea1i ch\u00fang t\u00f4i t\u1ecda l\u1ea1c gi\u1eefa v\u00f9ng cao nguy\u00ean Vi\u1ec7t Nam th\u01a1 m\u1ed9ng.<\/p>\n<p>H\u00e3y tr\u1ea3i nghi\u1ec7m k\u1ebft c\u1ea5u m\u01b0\u1ee3t nh\u01b0 nhung c\u00f9ng v\u1ecb ng\u1ecdt tinh t\u1ebf c\u1ee7a s\u1ed1t caramel s\u1eefa d\u00ea, l\u00fd t\u01b0\u1edfng \u0111\u1ec3 r\u01b0\u1edbi l\u00ean kem, b\u00e1nh ng\u1ecdt ho\u1eb7c tr\u00e1i c\u00e2y. N\u00e2ng t\u1ea7m m\u00f3n tr\u00e1ng mi\u1ec7ng c\u1ee7a b\u1ea1n v\u1edbi lo\u1ea1i s\u1ed1t \u0111a n\u0103ng n\u00e0y, mang \u0111\u1ebfn v\u1ebb tinh t\u1ebf cho b\u1ea5t k\u00ec m\u00f3n ng\u1ecdt n\u00e0o.<\/p>\n<p>H\u00e3y \u0111\u1eafm m\u00ecnh trong s\u1ef1 tinh khi\u1ebft c\u1ee7a thi\u00ean nhi\u00ean v\u1edbi S\u1ed1t Caramel S\u1eefa D\u00ea c\u1ee7a Trang Tr\u1ea1i N\u00fai Xanh \u0110\u00e0 L\u1ea1t, s\u1ea3n ph\u1ea9m c\u1ee7a tay ngh\u1ec1 th\u1ee7 c\u00f4ng truy\u1ec1n th\u1ed1ng v\u00e0 s\u1ef1 t\u1eadn t\u00e2m v\u1edbi ch\u1ea5t l\u01b0\u1ee3ng, \u0111\u1ea3m b\u1ea3o mang \u0111\u1ebfn tr\u1ea3i nghi\u1ec7m \u1ea9m th\u1ef1c \u0111\u1eb3ng c\u1ea5p v\u00e0 kh\u00f3 qu\u00ean. Th\u00eam ch\u00fat sang tr\u1ecdng cho m\u00f3n tr\u00e1ng mi\u1ec7ng c\u1ee7a b\u1ea1n v\u1edbi s\u1ed1t caramel cao c\u1ea5p c\u1ee7a ch\u00fang t\u00f4i t\u1eeb Trang Tr\u1ea1i N\u00fai Xanh \u0110\u00e0 L\u1ea1t.<\/p>\n","protected":false},"excerpt":{"rendered":"<p class=\"p1\">S\u1ed1t caramel s\u1eefa d\u00ea (cajeta) c\u1ee7a Trang Tr\u1ea1i N\u00fai Xanh \u0110\u00e0 L\u1ea1t l\u00e0 s\u1ef1 th\u1ec3 hi\u1ec7n thu\u1ea7n khi\u1ebft nh\u1ea5t c\u1ee7a ch\u1ea5t l\u01b0\u1ee3ng s\u1eefa d\u00ea. Th\u1eadt kh\u00f3 tin r\u1eb1ng lo\u1ea1i s\u1ed1t caramel \u0111\u1eadm v\u1ecb n\u00e0y ch\u1ec9 \u0111\u01b0\u1ee3c t\u1ea1o n\u00ean t\u1eeb 3 nguy\u00ean li\u1ec7u \u0111\u01a1n gi\u1ea3n: s\u1eefa d\u00ea, \u0111\u01b0\u1eddng v\u00e0 m\u1ed9t thanh qu\u1ebf. Ch\u00fang t\u00f4i tin b\u1ea1n s\u1ebd \u0111\u1ed3ng \u00fd r\u1eb1ng s\u1eefa d\u00ea t\u1ea1o n\u00ean h\u01b0\u01a1ng v\u1ecb caramel \u0111\u1eadm \u0111\u00e0, s\u00e2u s\u1eafc v\u00e0 tinh t\u1ebf h\u01a1n h\u1eb3n b\u1ea5t k\u1ef3 lo\u1ea1i caramel n\u00e0o b\u1ea1n t\u1eebng th\u01b0\u1edfng th\u1ee9c.<\/p>\n","protected":false},"featured_media":10392,"template":"","meta":[],"pwb-brand":[],"product_cat":[557,221,220],"product_tag":[],"class_list":{"0":"post-12764","1":"product","2":"type-product","3":"status-publish","4":"has-post-thumbnail","6":"product_cat-san-pham-sua-de","7":"product_cat-sua-sua-chua-bo-pho-mai","8":"product_cat-bo-trung-sua","10":"first","11":"instock","12":"shipping-taxable","13":"purchasable","14":"product-type-simple"},"acf":[],"brands":[],"_links":{"self":[{"href":"https:\/\/bynature.vn\/vi\/wp-json\/wp\/v2\/product\/12764","targetHints":{"allow":["GET"]}}],"collection":[{"href":"https:\/\/bynature.vn\/vi\/wp-json\/wp\/v2\/product"}],"about":[{"href":"https:\/\/bynature.vn\/vi\/wp-json\/wp\/v2\/types\/product"}],"wp:featuredmedia":[{"embeddable":true,"href":"https:\/\/bynature.vn\/vi\/wp-json\/wp\/v2\/media\/10392"}],"wp:attachment":[{"href":"https:\/\/bynature.vn\/vi\/wp-json\/wp\/v2\/media?parent=12764"}],"wp:term":[{"taxonomy":"pwb-brand","embeddable":true,"href":"https:\/\/bynature.vn\/vi\/wp-json\/wp\/v2\/pwb-brand?post=12764"},{"taxonomy":"product_cat","embeddable":true,"href":"https:\/\/bynature.vn\/vi\/wp-json\/wp\/v2\/product_cat?post=12764"},{"taxonomy":"product_tag","embeddable":true,"href":"https:\/\/bynature.vn\/vi\/wp-json\/wp\/v2\/product_tag?post=12764"}],"curies":[{"name":"wp","href":"https:\/\/api.w.org\/{rel}","templated":true}]}}