{"id":12763,"date":"2024-10-21T16:46:46","date_gmt":"2024-10-21T09:46:46","guid":{"rendered":"https:\/\/bynature.vn\/product\/sua-de-tiet-trung-450ml\/"},"modified":"2024-10-21T16:46:46","modified_gmt":"2024-10-21T09:46:46","slug":"sua-de-tiet-trung-450ml","status":"publish","type":"product","link":"https:\/\/bynature.vn\/vi\/product\/sua-de-tiet-trung-450ml\/","title":{"rendered":"S\u1eefa D\u00ea Ti\u1ec7t Tr\u00f9ng 450ml"},"content":{"rendered":"<p>Trang Tr\u1ea1i N\u00fai Xanh \u0110\u00e0 L\u1ea1t gi\u1edbi thi\u1ec7u d\u00f2ng s\u1eefa d\u00ea cao c\u1ea5p, m\u1ed9t s\u1ea3n ph\u1ea9m c\u1ee7a ch\u1ea5t l\u01b0\u1ee3ng v\u01b0\u1ee3t tr\u1ed9i v\u00e0 \u0111\u1ed9 t\u01b0\u01a1i ngon t\u1ef1 nhi\u00ean. S\u1eefa \u0111\u01b0\u1ee3c l\u1ea5y t\u1eeb Trang Tr\u1ea1i N\u00fai Xanh \u0110\u00e0 L\u1ea1t n\u00e9p m\u00ecnh trong v\u00f9ng cao nguy\u00ean th\u01a1 m\u1ed9ng c\u1ee7a Vi\u1ec7t Nam, l\u01b0u gi\u1eef tr\u1ecdn v\u1eb9n s\u1ef1 tinh khi\u1ebft c\u1ee7a thi\u00ean nhi\u00ean. D\u1eafm ch\u00ecm trong h\u01b0\u01a1ng v\u1ecb \u0111\u1eadm \u0111\u00e0 c\u00f9ng gi\u00e1 tr\u1ecb dinh d\u01b0\u1ee1ng cao c\u1ee7a s\u1ea3n ph\u1ea9m s\u1eefa nguy\u00ean ch\u1ea5t n\u00e0y, \u0111\u01b0\u1ee3c t\u1ea1o n\u00ean t\u1eeb s\u1ef1 t\u1ec9 m\u1ec9 v\u00e0 kinh nghi\u1ec7m chuy\u00ean m\u00f4n.<\/p>\n<p>Th\u01b0\u1edfng th\u1ee9c h\u01b0\u01a1ng v\u1ecb th\u01a1m ngon t\u1ef1 nhi\u00ean c\u1ee7a s\u1eefa d\u00ea t\u1eeb Trang Tr\u1ea1i N\u00fai Xanh \u0110\u00e0 L\u1ea1t, ho\u00e0n h\u1ea3o khi d\u00f9ng tr\u1ef1c ti\u1ebfp ho\u1eb7c s\u1eed d\u1ee5ng trong c\u00e1c c\u00f4ng th\u1ee9c n\u1ea5u \u0103n y\u00eau th\u00edch. D\u00f9 d\u00f9ng v\u1edbi ng\u0169 c\u1ed1c bu\u1ed5i s\u00e1ng, xay sinh t\u1ed1 hay l\u00e0m b\u00e1nh, s\u1eefa d\u00ea \u0111\u1ec1u mang \u0111\u1ebfn tr\u1ea3i nghi\u1ec7m b\u00e9o m\u1ecbn, th\u01a1m ngon kh\u00e1c bi\u1ec7t.<\/p>\n","protected":false},"excerpt":{"rendered":"<p class=\"p1\">V\u1edbi m\u1ed9t s\u1ed1 s\u1eefa d\u00ea c\u00f3 nhi\u1ec1u l\u1ee3i \u00edch s\u1ee9c kh\u1ecfe h\u01a1n s\u1eefa b\u00f2, ch\u00fang d\u1ec5 ti\u00eau h\u00f3a h\u01a1n v\u00e0 gi\u1ea3m nguy c\u01a1 d\u1ecb \u1ee9ng s\u1eefa. Nguy\u00ean ch\u1ea5t v\u00e0 t\u01b0\u01a1i ngon \u0111\u01b0\u1ee3c l\u1ea5y tr\u1ef1c ti\u1ebfp t\u1eeb trang tr\u1ea1i, s\u1eefa d\u00ea kh\u00f4ng ch\u1ec9 b\u00e9o, th\u01a1m, s\u00e1nh m\u1ecbn m\u00e0 c\u00f2n \u0111\u1eadm v\u1ecb v\u00e0 v\u00f4 c\u00f9ng h\u1ea5p d\u1eabn.<\/p>\n","protected":false},"featured_media":10389,"template":"","meta":[],"pwb-brand":[],"product_cat":[557,223,221,220],"product_tag":[558],"class_list":{"0":"post-12763","1":"product","2":"type-product","3":"status-publish","4":"has-post-thumbnail","6":"product_cat-san-pham-sua-de","7":"product_cat-sua","8":"product_cat-sua-sua-chua-bo-pho-mai","9":"product_cat-bo-trung-sua","10":"product_tag-sua-de","12":"first","13":"instock","14":"shipping-taxable","15":"purchasable","16":"product-type-simple"},"acf":[],"brands":[],"_links":{"self":[{"href":"https:\/\/bynature.vn\/vi\/wp-json\/wp\/v2\/product\/12763","targetHints":{"allow":["GET"]}}],"collection":[{"href":"https:\/\/bynature.vn\/vi\/wp-json\/wp\/v2\/product"}],"about":[{"href":"https:\/\/bynature.vn\/vi\/wp-json\/wp\/v2\/types\/product"}],"wp:featuredmedia":[{"embeddable":true,"href":"https:\/\/bynature.vn\/vi\/wp-json\/wp\/v2\/media\/10389"}],"wp:attachment":[{"href":"https:\/\/bynature.vn\/vi\/wp-json\/wp\/v2\/media?parent=12763"}],"wp:term":[{"taxonomy":"pwb-brand","embeddable":true,"href":"https:\/\/bynature.vn\/vi\/wp-json\/wp\/v2\/pwb-brand?post=12763"},{"taxonomy":"product_cat","embeddable":true,"href":"https:\/\/bynature.vn\/vi\/wp-json\/wp\/v2\/product_cat?post=12763"},{"taxonomy":"product_tag","embeddable":true,"href":"https:\/\/bynature.vn\/vi\/wp-json\/wp\/v2\/product_tag?post=12763"}],"curies":[{"name":"wp","href":"https:\/\/api.w.org\/{rel}","templated":true}]}}