{"id":12762,"date":"2024-10-21T16:25:17","date_gmt":"2024-10-21T09:25:17","guid":{"rendered":"https:\/\/bynature.vn\/product\/pho-mai-de-tuoi-120g\/"},"modified":"2024-10-21T16:25:17","modified_gmt":"2024-10-21T09:25:17","slug":"pho-mai-de-tuoi-120g","status":"publish","type":"product","link":"https:\/\/bynature.vn\/vi\/product\/pho-mai-de-tuoi-120g\/","title":{"rendered":"Ph\u00f4 Mai D\u00ea T\u01b0\u01a1i 120g"},"content":{"rendered":"<p>Ph\u00f4 Mai D\u00ea T\u01b0\u01a1i t\u1eeb Trang Tr\u1ea1i N\u00fai Xanh \u0110\u00e0 L\u1ea1t l\u00e0 d\u00f2ng ph\u00f4 mai th\u1ee7 c\u00f4ng tinh t\u1ebf, \u0111\u01b0\u1ee3c ch\u1ebf bi\u1ebfn v\u1edbi s\u1ef1 ch\u0103m ch\u00fat v\u00e0 chuy\u00ean nghi\u1ec7p. S\u1ea3n ph\u1ea9m \u0111\u01b0\u1ee3c l\u00e0m t\u1eeb s\u1eefa d\u00ea ch\u1ea5t l\u01b0\u1ee3ng cao nh\u1ea5t, mang tr\u1ecdn tinh th\u1ea7n c\u1ee7a Trang Tr\u1ea1i N\u00fai Xanh \u0110\u00e0 L\u1ea1t, t\u1ecda l\u1ea1c gi\u1eefa v\u00f9ng cao nguy\u00ean th\u01a1 m\u1ed9ng c\u1ee7a Vi\u1ec7t Nam. M\u1ed7i m\u1ebb ph\u00f4 mai \u0111\u1ec1u \u0111\u01b0\u1ee3c l\u00e0m th\u1ee7 c\u00f4ng c\u1ea9n th\u1eadn, \u0111\u1ea3m b\u1ea3o k\u1ebft c\u1ea5u m\u1ec1m m\u1ecbn, b\u00e9o ng\u1eady c\u00f9ng h\u01b0\u01a1ng v\u1ecb chua nh\u1eb9, \u0111\u1eadm \u0111\u00e0, ph\u00f9 h\u1ee3p v\u1edbi m\u1ecdi t\u00edn \u0111\u1ed3 ph\u00f4 mai.<\/p>\n<p>D\u00f9 d\u00f9ng r\u1eafc l\u00ean salad t\u01b0\u01a1i, ph\u1ebft l\u00ean b\u00e1nh m\u00ec \u1ea5m, hay k\u1ebft h\u1ee3p c\u00f9ng tr\u00e1i c\u00e2y v\u00e0 c\u00e1c lo\u1ea1i h\u1ea1t, ph\u00f4 mai \u0111\u1ec1u mang l\u1ea1i \u0111i\u1ec3m nh\u1ea5n \u1ea9m th\u1ef1c tinh t\u1ebf cho b\u1eefa \u0103n c\u1ee7a b\u1ea1n. V\u1edbi h\u01b0\u01a1ng v\u1ecb \u0111\u1eb7c tr\u01b0ng v\u00e0 \u0111\u1ed9 m\u1ecbn ho\u00e0n h\u1ea3o.<\/p>\n","protected":false},"excerpt":{"rendered":"<p>Trang Tr\u1ea1i N\u00fai Xanh \u0110\u00e0 L\u1ea1t mang \u0111\u1ebfn d\u00f2ng ph\u00f4 mai d\u00ea t\u01b0\u01a1i th\u1ee7 c\u00f4ng \u0111\u01b0\u1ee3c l\u00e0m t\u1eeb s\u1eefa d\u00ea ch\u1ea5t l\u01b0\u1ee3ng h\u00e0ng \u0111\u1ea7u. H\u00e3y t\u1eadn h\u01b0\u1edfng k\u1ebft c\u1ea5u b\u00e9o m\u1ecbn c\u00f9ng v\u1ecb chua thanh quy\u1ebfn r\u0169 c\u1ee7a ph\u00f4 mai, \u0111\u01b0\u1ee3c l\u00e0m th\u1ee7 c\u00f4ng t\u1ea1i v\u00f9ng cao nguy\u00ean Vi\u1ec7t Nam xinh \u0111\u1eb9p.<\/p>\n","protected":false},"featured_media":10374,"template":"","meta":[],"pwb-brand":[],"product_cat":[557,222,221,220],"product_tag":[],"class_list":{"0":"post-12762","1":"product","2":"type-product","3":"status-publish","4":"has-post-thumbnail","6":"product_cat-san-pham-sua-de","7":"product_cat-pho-mai","8":"product_cat-sua-sua-chua-bo-pho-mai","9":"product_cat-bo-trung-sua","11":"first","12":"instock","13":"shipping-taxable","14":"purchasable","15":"product-type-simple"},"acf":[],"brands":[],"_links":{"self":[{"href":"https:\/\/bynature.vn\/vi\/wp-json\/wp\/v2\/product\/12762","targetHints":{"allow":["GET"]}}],"collection":[{"href":"https:\/\/bynature.vn\/vi\/wp-json\/wp\/v2\/product"}],"about":[{"href":"https:\/\/bynature.vn\/vi\/wp-json\/wp\/v2\/types\/product"}],"wp:featuredmedia":[{"embeddable":true,"href":"https:\/\/bynature.vn\/vi\/wp-json\/wp\/v2\/media\/10374"}],"wp:attachment":[{"href":"https:\/\/bynature.vn\/vi\/wp-json\/wp\/v2\/media?parent=12762"}],"wp:term":[{"taxonomy":"pwb-brand","embeddable":true,"href":"https:\/\/bynature.vn\/vi\/wp-json\/wp\/v2\/pwb-brand?post=12762"},{"taxonomy":"product_cat","embeddable":true,"href":"https:\/\/bynature.vn\/vi\/wp-json\/wp\/v2\/product_cat?post=12762"},{"taxonomy":"product_tag","embeddable":true,"href":"https:\/\/bynature.vn\/vi\/wp-json\/wp\/v2\/product_tag?post=12762"}],"curies":[{"name":"wp","href":"https:\/\/api.w.org\/{rel}","templated":true}]}}