{"id":12760,"date":"2024-10-07T08:52:39","date_gmt":"2024-10-07T01:52:39","guid":{"rendered":"https:\/\/bynature.vn\/product\/1-kg-xuong-bo\/"},"modified":"2024-10-07T08:52:39","modified_gmt":"2024-10-07T01:52:39","slug":"1-kg-xuong-bo","status":"publish","type":"product","link":"https:\/\/bynature.vn\/vi\/product\/1-kg-xuong-bo\/","title":{"rendered":"1 kg X\u01b0\u01a1ng B\u00f2"},"content":{"rendered":"<p>X\u01b0\u01a1ng b\u00f2 100% t\u1ef1 nhi\u00ean &#8211; N\u00e2ng t\u1ea7m m\u00f3n \u0103n c\u1ee7a b\u1ea1n v\u1edbi x\u01b0\u01a1ng b\u00f2 cao c\u1ea5p, ho\u00e0n to\u00e0n t\u1ef1 nhi\u00ean, \u0111\u01b0\u1ee3c l\u1ea5y t\u1eeb nh\u1eefng con b\u00f2 kh\u1ecfe m\u1ea1nh, ch\u0103n th\u1ea3 t\u1ef1 nhi\u00ean tr\u00ean \u0111\u1ed3ng c\u1ecf. \u0110\u00e2y l\u00e0 s\u1ea3n ph\u1ea9m x\u01b0\u01a1ng b\u00f2 l\u00fd t\u01b0\u1edfng \u0111\u1ec3 n\u1ea5u n\u01b0\u1edbc h\u1ea7m x\u01b0\u01a1ng \u0111\u1eadm \u0111\u00e0, gi\u00e0u collagen v\u00e0 c\u00e1c d\u01b0\u1ee1ng ch\u1ea5t thi\u1ebft y\u1ebfu. <\/p>\n<p>Nh\u1eefng Ll\u1ee3i \u00edch n\u1ed5i b\u1eadt:<br \/>\n&#8211; Gi\u00e0u Collagen: X\u01b0\u01a1ng b\u00f2 c\u1ee7a ch\u00fang t\u00f4i l\u00e0 ngu\u1ed3n cung c\u1ea5p collagen d\u1ed3i d\u00e0o, r\u1ea5t c\u1ea7n thi\u1ebft cho l\u00e0n da kh\u1ecfe m\u1ea1nh, x\u01b0\u01a1ng kh\u1edbp linh ho\u1ea1t v\u00e0 s\u1ee9c kh\u1ecfe t\u1ed5ng th\u1ec3.<br \/>\n&#8211; Gi\u00e0u D\u01b0\u1ee1ng Ch\u1ea5t: Ch\u1ee9a nhi\u1ec1u kho\u00e1ng ch\u1ea5t v\u00e0 axit amin, x\u01b0\u01a1ng b\u00f2 t\u1ea1o n\u00ean n\u1ec1n dinh d\u01b0\u1ee1ng l\u00fd t\u01b0\u1edfng cho c\u00e1c m\u00f3n canh, s\u00fap, h\u1ea7m v\u00e0 nhi\u1ec1u m\u00f3n \u0103n kh\u00e1c.<br \/>\n&#8211; C\u00f3 Ngu\u1ed3n G\u1ed1c B\u1ec1n V\u1eefng: Ch\u00fang t\u00f4i \u01b0u ti\u00ean c\u00e1c ph\u01b0\u01a1ng th\u1ee9c ch\u0103n nu\u00f4i c\u00f3 \u0111\u1ea1o \u0111\u1ee9c, \u0111\u1ea3m b\u1ea3o x\u01b0\u01a1ng b\u00f2 \u0111\u1ebfn t\u1eeb nh\u1eefng con b\u00f2 \u0111\u01b0\u1ee3c nu\u00f4i d\u01b0\u1ee1ng nh\u00e2n \u0111\u1ea1o v\u00e0 kh\u1ecfe m\u1ea1nh.<\/p>\n<p>C\u00e1ch s\u1eed d\u1ee5ng:<br \/>L\u00fd t\u01b0\u1edfng \u0111\u1ec3 n\u1ea5u n\u01b0\u1edbc h\u1ea7m x\u01b0\u01a1ng th\u01a1m ngon, x\u01b0\u01a1ng b\u00f2 t\u1ef1 nhi\u00ean r\u1ea5t d\u1ec5 ch\u1ebf bi\u1ebfn. B\u1ea1n ch\u1ec9 c\u1ea7n n\u01b0\u1edbng x\u01b0\u01a1ng tr\u01b0\u1edbc \u0111\u1ec3 t\u0103ng h\u01b0\u01a1ng v\u1ecb, sau \u0111\u00f3 h\u1ea7m v\u1edbi n\u01b0\u1edbc, rau c\u1ee7 v\u00e0 th\u1ea3o m\u1ed9c trong 12\u201324 gi\u1edd \u0111\u1ec3 t\u1ea1o ra n\u01b0\u1edbc d\u00f9ng gi\u00e0u dinh d\u01b0\u1ee1ng. C\u00f3 th\u1ec3 th\u01b0\u1edfng th\u1ee9c tr\u1ef1c ti\u1ebfp ho\u1eb7c d\u00f9ng l\u00e0m n\u1ec1n cho c\u00e1c c\u00f4ng th\u1ee9c n\u1ea5u \u0103n y\u00eau th\u00edch. H\u00e3y xem qua <a href=\"https:\/\/bynature.vn\/benefits-of-bone-broth-from-free-range-all-natural-beef\/\">blog post.<\/a>  <\/p>\n","protected":false},"excerpt":{"rendered":"<p>X\u01b0\u01a1ng B\u00f2 Dinh D\u01b0\u1ee1ng Ho\u00e0n To\u00e0n T\u1ef1 Nhi\u00ean ByNature<\/p>\n<p>H\u00e3y n\u00e2ng t\u1ea7m kh\u1ea3 n\u0103ng n\u1ea5u n\u01b0\u1edbng c\u1ee7a b\u1ea1n v\u1edbi x\u01b0\u01a1ng b\u00f2 t\u1ef1 nhi\u00ean, l\u1ef1a ch\u1ecdn ho\u00e0n h\u1ea3o \u0111\u1ec3 t\u1ea1o n\u00ean n\u01b0\u1edbc h\u1ea7m x\u01b0\u01a1ng \u0111\u1eadm \u0111\u00e0, b\u1ed5 d\u01b0\u1ee1ng. Gi\u00e0u collagen v\u00e0 d\u01b0\u1ee1ng ch\u1ea5t thi\u1ebft y\u1ebfu, s\u1ea3n ph\u1ea9m \u0111\u01b0\u1ee3c l\u1ea5y t\u1eeb b\u00f2 ch\u0103n th\u1ea3 t\u1ef1 nhi\u00ean, \u0111\u1ea3m b\u1ea3o ch\u1ea5t l\u01b0\u1ee3ng cao v\u00e0 ti\u00eau chu\u1ea9n \u0111\u1ea1o \u0111\u1ee9c. Ph\u00f9 h\u1ee3p cho s\u00fap, m\u00f3n h\u1ea7m v\u00e0 t\u0103ng h\u01b0\u01a1ng v\u1ecb cho c\u00e1c m\u00f3n \u0103n quen thu\u1ed9c, x\u01b0\u01a1ng b\u00f2 c\u1ee7a ch\u00fang t\u00f4i mang \u0111\u1ebfn h\u01b0\u01a1ng v\u1ecb h\u1ea5p d\u1eabn cho b\u00e0n \u0103n c\u1ee7a b\u1ea1n. Nu\u00f4i d\u01b0\u1ee1ng c\u01a1 th\u1ec3 b\u1ea1n trong t\u1eebng ng\u1ee5m n\u01b0\u1edbc d\u00f9ng!   <\/p>\n","protected":false},"featured_media":10292,"template":"","meta":[],"pwb-brand":[],"product_cat":[247,248],"product_tag":[],"class_list":{"0":"post-12760","1":"product","2":"type-product","3":"status-publish","4":"has-post-thumbnail","6":"product_cat-cac-loai-thit","7":"product_cat-thit-bo","9":"first","10":"instock","11":"shipping-taxable","12":"purchasable","13":"product-type-simple"},"acf":[],"brands":[],"_links":{"self":[{"href":"https:\/\/bynature.vn\/vi\/wp-json\/wp\/v2\/product\/12760","targetHints":{"allow":["GET"]}}],"collection":[{"href":"https:\/\/bynature.vn\/vi\/wp-json\/wp\/v2\/product"}],"about":[{"href":"https:\/\/bynature.vn\/vi\/wp-json\/wp\/v2\/types\/product"}],"wp:featuredmedia":[{"embeddable":true,"href":"https:\/\/bynature.vn\/vi\/wp-json\/wp\/v2\/media\/10292"}],"wp:attachment":[{"href":"https:\/\/bynature.vn\/vi\/wp-json\/wp\/v2\/media?parent=12760"}],"wp:term":[{"taxonomy":"pwb-brand","embeddable":true,"href":"https:\/\/bynature.vn\/vi\/wp-json\/wp\/v2\/pwb-brand?post=12760"},{"taxonomy":"product_cat","embeddable":true,"href":"https:\/\/bynature.vn\/vi\/wp-json\/wp\/v2\/product_cat?post=12760"},{"taxonomy":"product_tag","embeddable":true,"href":"https:\/\/bynature.vn\/vi\/wp-json\/wp\/v2\/product_tag?post=12760"}],"curies":[{"name":"wp","href":"https:\/\/api.w.org\/{rel}","templated":true}]}}